{"id":43,"date":"2024-04-04T07:30:18","date_gmt":"2024-04-04T04:30:18","guid":{"rendered":"https:\/\/sisu.ut.ee\/huvitavkeemia\/53-mittemetallide-uldiseloomustus\/"},"modified":"2024-04-04T23:35:48","modified_gmt":"2024-04-04T20:35:48","slug":"53-mittemetallide-uldiseloomustus","status":"publish","type":"page","link":"https:\/\/sisu.ut.ee\/huvitavkeemia\/53-mittemetallide-uldiseloomustus\/","title":{"rendered":"5.3. Mittemetallide \u00fcldiseloomustus"},"content":{"rendered":"<p>\r\n\tMittemetallilised elemendid moodustavad ligikaudu 1\/3 perioodilisustabeli keemilistest elementidest, j\u00e4\u00e4des tabeli parempoolsesse \u00fclemisse nurka (vaata joonist 1).\r\n<\/p>\r\n\r\n<p style=\"text-align: center\">\r\n\t<img loading=\"lazy\" decoding=\"async\" width=\"1506\" height=\"700\" class=\"alignnone wp-image-296\" style=\"width: 700px;height: 325px\" src=\"https:\/\/sisu.ut.ee\/wp-content\/uploads\/sites\/524\/screenshot_2022-03-24_at_12.34.45.png\" title=\"screenshot_2022-03-24_at_12.34.45.png\" alt=\"pilt\" srcset=\"https:\/\/sisu.ut.ee\/wp-content\/uploads\/sites\/524\/screenshot_2022-03-24_at_12.34.45.png 1506w, https:\/\/sisu.ut.ee\/wp-content\/uploads\/sites\/524\/screenshot_2022-03-24_at_12.34.45-300x139.png 300w, https:\/\/sisu.ut.ee\/wp-content\/uploads\/sites\/524\/screenshot_2022-03-24_at_12.34.45-1024x476.png 1024w, https:\/\/sisu.ut.ee\/wp-content\/uploads\/sites\/524\/screenshot_2022-03-24_at_12.34.45-768x357.png 768w\" sizes=\"auto, (max-width: 1506px) 100vw, 1506px\">\r\n<\/p>\r\n\r\n<h6 style=\"text-align: center\">\r\n\t<span lang=\"ET\"><span style=\"line-height:107%\"><span style=\",serif\">Joonis 1. Aatomite raadiused pikomeetrites. Punase piirjoonega on m\u00e4rgitud mittemetallilised elemendid<\/span><\/span><\/span>\r\n<\/h6>\r\n\r\n<h2>\r\n\t<span lang=\"ET\"><span style=\"line-height:107%\"><span style=\",serif\">Mittemetallide struktuur ja f\u00fc\u00fcsikalised omadused<\/span><\/span><\/span>\r\n<\/h2>\r\n\r\n<p>\r\n\t<span lang=\"ET\"><span style=\"line-height:107%\"><span style=\",serif\">Mittemetallides on aatomid omavahel seotud kovalentsete sidemetega (v.a v\u00e4\u00e4risgaasid). V\u00f5rreldes metallidega on mittemetallide omadused m\u00e4rgatavalt varieeruvad. Nende seas on nii gaasilisi (H<sub>2<\/sub>, N<sub>2<\/sub>, O<sub>2<\/sub>, Cl<sub>2<\/sub>, F<sub>2<\/sub>) kui ka tahkeid aineid (B, Si, P<sub>4<\/sub>, S<sub>8<\/sub>, I<sub>2<\/sub> jt). Ainult \u00fcks neist \u2013\u00a0broom (Br<sub>2<\/sub>) \u2013\u00a0on tavatingimustes pruun vedelik. Perioodilisuse tabelis r\u00fchmas \u00fclevalt alla suurenevad aatomite m\u00f5\u00f5tmed, samuti suurenevad ainete molekulide m\u00f5\u00f5tmed. Seet\u00f5ttu muutub agregaatolek perioodilisuse tabelis r\u00fchmas \u00fclevalt alla gaasilisest tahkeks.<\/span><\/span><\/span>\r\n<\/p>\r\n\r\n<p style=\"text-align: center\">\r\n\t<img loading=\"lazy\" decoding=\"async\" width=\"964\" height=\"340\" class=\"alignnone wp-image-297\" style=\"width: 400px;height: 141px\" src=\"https:\/\/sisu.ut.ee\/wp-content\/uploads\/sites\/524\/screenshot_2022-03-24_at_12.35.47.png\" title=\"screenshot_2022-03-24_at_12.35.47.png\" alt=\"pilt\" srcset=\"https:\/\/sisu.ut.ee\/wp-content\/uploads\/sites\/524\/screenshot_2022-03-24_at_12.35.47.png 964w, https:\/\/sisu.ut.ee\/wp-content\/uploads\/sites\/524\/screenshot_2022-03-24_at_12.35.47-300x106.png 300w, https:\/\/sisu.ut.ee\/wp-content\/uploads\/sites\/524\/screenshot_2022-03-24_at_12.35.47-768x271.png 768w\" sizes=\"auto, (max-width: 964px) 100vw, 964px\">\r\n<\/p>\r\n\r\n<h6 style=\"text-align: center\">\r\n\t<span lang=\"ET\"><span style=\"line-height:107%\"><span style=\",serif\">Joonis 2. VII A r\u00fchmas on halogeenid, kus kloor on gaasiline, r\u00fchmas allpool leiame tahke joodi.\u00a0<\/span><\/span><\/span>Allikad:\u00a0 \u00a0<a data-url=\" https:\/\/www.chemistryworld.com\/podcasts\/chlorine\/3005734.article\" href=\"https:\/\/www.chemistryworld.com\/podcasts\/chlorine\/3005734.article\" target=\"_blank\" title=\"\" rel=\"noopener\">https:\/\/www.chemistryworld.com\/podcasts\/chlorine\/3005734.article<\/a>\u00a0ja\u00a0<a data-url=\"https:\/\/et.wikipedia.org\/wiki\/Jood#\/media\/Fail:Iod_kristall.jpg\" href=\"https:\/\/et.wikipedia.org\/wiki\/Jood#\/media\/Fail:Iod_kristall.jpg\" target=\"_blank\" title=\"\" rel=\"noopener\">https:\/\/et.wikipedia.org\/wiki\/Jood#\/media\/Fail:Iod_kristall.jpg<\/a>\r\n<\/h6>\r\n\r\n<p>\r\n\t<span lang=\"ET\"><span style=\"line-height:107%\"><span style=\",serif\">Agregaatoleku muutusega perioodilisuse tabelis muutub ka mittemetallide sulamistemperatuur. Molekulaarsed mittemetallid moodustavad tahkes olekus molekulv\u00f5re (joonis 3). Molekulidevahelised j\u00f5ud hoiavad molekulide kristalliv\u00f5re koos. Kristalliv\u00f5res on sidemed seda n\u00f5rgemad, mida v\u00e4iksemad on molekulid. Sellised mittemetallid on tavatingimustes gaasilises olekus, n\u00e4iteks H<sub>2<\/sub>, Cl<sub>2<\/sub>, O<sub>2<\/sub>. Suuremate molekulidega mittemetallid on tavatingimustest tahked, kuid kuna molekulidevahelised sidemed ei ole v\u00e4ga tugevad, siis on need ained haprad ja suhteliselt madala sulamistemperatuuriga (n\u00e4iteks v\u00e4\u00e4vel ja fosfor).<\/span><\/span><\/span>\r\n<\/p>\r\n\r\n<p>\r\n\t<span lang=\"ET\"><span style=\"line-height:107%\"><span style=\",serif\">Ained, millel on aatomv\u00f5re (joonis 3), on suhteliselt k\u00f5rge sulamistemperatuuriga (teemant T<sub>sul<\/sub>= 3642<sup> o<\/sup>C, grafeen) ning samas haprad (nt s\u00fcsiniku<\/span><\/span><\/span> allotroop teemant).<br>\u00a0\r\n<\/p>\r\n\r\n<p style=\"text-align: center\">\r\n\t<img loading=\"lazy\" decoding=\"async\" width=\"300\" height=\"226\" class=\"alignnone wp-image-298\" style=\"width: 199px;height: 150px\" src=\"https:\/\/sisu.ut.ee\/wp-content\/uploads\/sites\/524\/teemant.gif\" title=\"teemant.gif\" alt=\"pilt\">\u00a0\u00a0\u00a0<img loading=\"lazy\" decoding=\"async\" width=\"482\" height=\"340\" class=\"alignnone wp-image-299\" style=\"width: 213px;height: 150px\" src=\"https:\/\/sisu.ut.ee\/wp-content\/uploads\/sites\/524\/screenshot_2022-03-24_at_12.37.05.png\" title=\"screenshot_2022-03-24_at_12.37.05.png\" alt=\"pilt\" srcset=\"https:\/\/sisu.ut.ee\/wp-content\/uploads\/sites\/524\/screenshot_2022-03-24_at_12.37.05.png 482w, https:\/\/sisu.ut.ee\/wp-content\/uploads\/sites\/524\/screenshot_2022-03-24_at_12.37.05-300x212.png 300w\" sizes=\"auto, (max-width: 482px) 100vw, 482px\">\r\n<\/p>\r\n\r\n<h6 style=\"text-align: center\">\r\n\t<span lang=\"ET\"><span style=\"line-height:107%\"><span style=\",serif\">Joonis 3. Teemandil on aatomv\u00f5re ja ta on k\u00f5rge sulamistemperatuuriga. Paremal hapniku molekulv\u00f5re, kus on n\u00e4ha kristallv\u00f5re servades hapniku molekulid. Selline tahke hapnik saab eksisteerida v\u00e4ga madalal temperatuuril.<\/span><\/span><\/span>\r\n<\/h6>\r\n\r\n<p>\r\n\t<span lang=\"ET\"><span style=\"line-height:107%\"><span style=\",serif\">\u00a0\u00a0<\/span><\/span><\/span>\r\n<\/p>\r\n\r\n<h6 style=\"text-align: center\">\r\n\t<span lang=\"ET\"><span style=\"line-height:107%\"><span style=\",serif\">Tabel 1. Levinumate mittemetallide sulamis-ja keemistemperatuurid.<\/span><\/span><\/span>\r\n<\/h6>\r\n\r\n<p style=\"text-align: center\">\r\n\t<img loading=\"lazy\" decoding=\"async\" width=\"1532\" height=\"902\" class=\"alignnone wp-image-295\" style=\"width: 700px;height: 412px\" src=\"https:\/\/sisu.ut.ee\/wp-content\/uploads\/sites\/524\/screenshot_2022-03-24_at_12.26.40.png\" title=\"screenshot_2022-03-24_at_12.26.40.png\" alt=\"pilt\" srcset=\"https:\/\/sisu.ut.ee\/wp-content\/uploads\/sites\/524\/screenshot_2022-03-24_at_12.26.40.png 1532w, https:\/\/sisu.ut.ee\/wp-content\/uploads\/sites\/524\/screenshot_2022-03-24_at_12.26.40-300x177.png 300w, https:\/\/sisu.ut.ee\/wp-content\/uploads\/sites\/524\/screenshot_2022-03-24_at_12.26.40-1024x603.png 1024w, https:\/\/sisu.ut.ee\/wp-content\/uploads\/sites\/524\/screenshot_2022-03-24_at_12.26.40-768x452.png 768w\" sizes=\"auto, (max-width: 1532px) 100vw, 1532px\">\r\n<\/p>\r\n\r\n<p>\r\n\t\u00a0\r\n<\/p>\r\n\r\n<h2>\r\n\t<span lang=\"ET\"><span style=\"line-height:107%\"><span style=\",serif\">Allotroopia<\/span><\/span><\/span>\r\n<\/h2>\r\n\r\n<p>\r\n\t<span lang=\"ET\"><span style=\"line-height:107%\"><span style=\",serif\">Paljud mittemetallid moodustavad erineva ehituse ja omadusega lihtaineid. Sama elemendi erinevaid lihtaineid nimetatakse allotroopideks. Eristatakse kolme t\u00fc\u00fcpi allotrioopiat.<\/span><\/span><\/span>\r\n<\/p>\r\n\r\n<p>\r\n\t<span lang=\"ET\"><span style=\"line-height:107%\"><span style=\",serif\">1. Molekulis on erinev\u00a0arv sama elemendi aatomeid, n\u00e4iteks hapnik ja osoon:<\/span><\/span><\/span>\r\n<\/p>\r\n\r\n<p style=\"text-align: center\">\r\n\t<img loading=\"lazy\" decoding=\"async\" width=\"944\" height=\"340\" class=\"alignnone wp-image-300\" style=\"width: 350px;height: 126px\" src=\"https:\/\/sisu.ut.ee\/wp-content\/uploads\/sites\/524\/screenshot_2022-03-24_at_12.38.36.png\" title=\"screenshot_2022-03-24_at_12.38.36.png\" alt=\"pilt\" srcset=\"https:\/\/sisu.ut.ee\/wp-content\/uploads\/sites\/524\/screenshot_2022-03-24_at_12.38.36.png 944w, https:\/\/sisu.ut.ee\/wp-content\/uploads\/sites\/524\/screenshot_2022-03-24_at_12.38.36-300x108.png 300w, https:\/\/sisu.ut.ee\/wp-content\/uploads\/sites\/524\/screenshot_2022-03-24_at_12.38.36-768x277.png 768w\" sizes=\"auto, (max-width: 944px) 100vw, 944px\">\r\n<\/p>\r\n\r\n<p>\r\n\t<span lang=\"ET\"><span style=\"line-height:107%\"><span style=\",serif\">2. Molekulide erinev paigutus kristallis. N\u00e4iteks rombiline ja monokliinne v\u00e4\u00e4vel.<\/span><\/span><\/span>\r\n<\/p>\r\n\r\n<p style=\"text-align: center\">\r\n\t<img loading=\"lazy\" decoding=\"async\" width=\"1084\" height=\"476\" class=\"alignnone wp-image-301\" style=\"width: 350px;height: 154px\" src=\"https:\/\/sisu.ut.ee\/wp-content\/uploads\/sites\/524\/screenshot_2022-03-24_at_12.39.35.png\" title=\"screenshot_2022-03-24_at_12.39.35.png\" alt=\"pilt\" srcset=\"https:\/\/sisu.ut.ee\/wp-content\/uploads\/sites\/524\/screenshot_2022-03-24_at_12.39.35.png 1084w, https:\/\/sisu.ut.ee\/wp-content\/uploads\/sites\/524\/screenshot_2022-03-24_at_12.39.35-300x132.png 300w, https:\/\/sisu.ut.ee\/wp-content\/uploads\/sites\/524\/screenshot_2022-03-24_at_12.39.35-1024x450.png 1024w, https:\/\/sisu.ut.ee\/wp-content\/uploads\/sites\/524\/screenshot_2022-03-24_at_12.39.35-768x337.png 768w\" sizes=\"auto, (max-width: 1084px) 100vw, 1084px\">\r\n<\/p>\r\n\r\n<p>\r\n\t<span lang=\"ET\"><span style=\"line-height:107%\"><span style=\",serif\">3. Mittemolekulaarsed allotroobid, milles on aatomite paigutus\u00a0kristallv\u00f5res erinev, n\u00e4iteks teemant ja grafiit:<\/span><\/span><\/span>\r\n<\/p>\r\n\r\n<h6 style=\"text-align: center\">\r\n\t<img loading=\"lazy\" decoding=\"async\" width=\"816\" height=\"614\" class=\"alignnone wp-image-302\" style=\"width: 350px;height: 263px\" src=\"https:\/\/sisu.ut.ee\/wp-content\/uploads\/sites\/524\/screenshot_2022-03-24_at_12.40.45.png\" title=\"screenshot_2022-03-24_at_12.40.45.png\" alt=\"pilt\" srcset=\"https:\/\/sisu.ut.ee\/wp-content\/uploads\/sites\/524\/screenshot_2022-03-24_at_12.40.45.png 816w, https:\/\/sisu.ut.ee\/wp-content\/uploads\/sites\/524\/screenshot_2022-03-24_at_12.40.45-300x226.png 300w, https:\/\/sisu.ut.ee\/wp-content\/uploads\/sites\/524\/screenshot_2022-03-24_at_12.40.45-768x578.png 768w\" sizes=\"auto, (max-width: 816px) 100vw, 816px\"><br>Allikas: <a data-url=\"https:\/\/commons.wikimedia.org\/wiki\/File:Diamond_and_graphite2.jpg\" href=\"https:\/\/commons.wikimedia.org\/wiki\/File:Diamond_and_graphite2.jpg\" target=\"_blank\" title=\"\" rel=\"noopener\">https:\/\/commons.wikimedia.org\/wiki\/File:Diamond_and_graphite2.jpg<\/a>\r\n<\/h6>\r\n\r\n<p>\r\n\t<img loading=\"lazy\" decoding=\"async\" width=\"168\" height=\"130\" class=\"alignnone wp-image-96\" style=\"width: 50px;height: 39px;float: right\" src=\"https:\/\/sisu.ut.ee\/wp-content\/uploads\/sites\/524\/popup.png\" title=\"popup.png\" alt=\"popup\">\u00a0<a href=\"#\" data-bs-toggle=\"modal\" data-bs-target=\"#popup-modal\" data-title=\"Loe lisaks: Ainete levinumad allotroobid.\" data-content='\r\n&lt;\/p&gt;\r\n\r\n&lt;p&gt;\r\n\t&lt;span lang=\"ET\"&gt;&lt;span style=\"line-height:107%\"&gt;&lt;span style=\",serif\"&gt;Fosfori erinevaid vorme on 7, tuntumad neist on valge, punane ja must fosfor (joonis 4). Puhtal valgel fosforil on v\u00e4rvusetud l\u00e4bipaistvad kristallid, mis murravad valgust. Valguse k\u00e4es muutub valge fosfor \u00f5huhapniku toimel kiiresti kollaseks vahataoliseks massiks, muutudes osaliselt punaseks fosforiks. Punane fosfor on fosfori aatomitest koosnev pol\u00fcmeerne aine \u2013 P&lt;sub&gt;\ua74f, &lt;\/sub&gt;valge fosfor koosneb nelja-aatomilistest molekulidest \u2013&amp;nbsp;P&lt;sub&gt;4&lt;\/sub&gt;. Valge fosfor on m\u00fcrgine ja v\u00e4ga reaktsiooniv\u00f5imeline, mist\u00f5ttu teda hoitakse vee all pimedas, sest veega ta ei reageeri. Valge fosfor oks\u00fcdeerub \u00f5hu k\u00e4es kiiresti, helendab ning tekitab nahale sattudes raskesti paranevaid haavandeid. Teised fosfori allotroobid nii ohtlikud ja keemiliselt aktiivsed ei ole.&lt;\/span&gt;&lt;\/span&gt;&lt;\/span&gt;\r\n&lt;\/p&gt;\r\n\r\n&lt;p&gt;\r\n\t&lt;span lang=\"ET\"&gt;&lt;span style=\"line-height:107%\"&gt;&lt;span style=\",serif\"&gt;S\u00fcsinik v\u00f5ib moodustada mitmeid erineva ehituse ja erisuguste omadustega allotroopseid teisendeid, millest tuntumad on &lt;b&gt;grafiit, teemant, karb\u00fc\u00fcn&lt;\/b&gt; ja &lt;b&gt;fullereenid&lt;\/b&gt;. &amp;nbsp;Enamik s\u00fcsiniku allotroope on hallika v\u00e4rvusega v\u00f5i mustad.&lt;\/span&gt;&lt;\/span&gt;&lt;\/span&gt;\r\n&lt;\/p&gt;\r\n\r\n&lt;p&gt;\r\n\t&lt;img class=\"alignnone wp-image-303\" style=\"width: 500px;height: 405px\" src=\"https:\/\/sisu.ut.ee\/wp-content\/uploads\/sites\/524\/screenshot_2022-03-24_at_12.44.47.png\" title=\"screenshot_2022-03-24_at_12.44.47.png\" alt=\"pilt\"&gt;\r\n&lt;\/p&gt;\r\n\r\n&lt;p&gt;\r\n\t&lt;em&gt;&lt;span lang=\"ET\"&gt;&lt;span style=\"line-height:107%\"&gt;&lt;span style=\",serif\"&gt;Joonis 4. M\u00f5ningate mittemetallide v\u00e4rvused&lt;\/span&gt;&lt;\/span&gt;&lt;\/span&gt;&lt;\/em&gt;\r\n&lt;\/p&gt;\r\n\r\n&lt;p&gt;\r\n\t&lt;span lang=\"ET\"&gt;&lt;span style=\"line-height:107%\"&gt;&lt;span style=\",serif\"&gt;Grafiit on tumehall, metallile iseloomuliku l\u00e4ikega kristalne aine. Ta koosneb \u00fcksteisega n\u00f5rgalt seotud s\u00fcsinikuaatomite kihtidest ja on seet\u00f5ttu \u00fcsna pehme, l\u00f5henedes kergesti kihtideks. Selle omaduse t\u00f5ttu kasutatakse grafiiti pliiatsis\u00fcdamike ja m\u00e4\u00e4rdeainete valmistamisel. Grafiit juhib elektrit, sest v\u00e4liskihi elektronid saavad kihi piires liikuda \u2013 side grafiidis meenutab veidi metallilist sidet. Grafiidi struktuur on toodud joonisel 5.&lt;\/span&gt;&lt;\/span&gt;&lt;\/span&gt;\r\n&lt;\/p&gt;\r\n\r\n&lt;p&gt;\r\n\t&lt;img class=\"alignnone wp-image-304\" style=\"width: 200px;height: 208px\" src=\"https:\/\/sisu.ut.ee\/wp-content\/uploads\/sites\/524\/screenshot_2022-03-24_at_12.45.49.png\" title=\"screenshot_2022-03-24_at_12.45.49.png\" alt=\"pilt\"&gt;\r\n&lt;\/p&gt;\r\n\r\n&lt;p&gt;\r\n\t&lt;i&gt;&lt;span lang=\"ET\"&gt;&lt;span style=\"line-height:107%\"&gt;&lt;span style=\",serif\"&gt;Joonis 5. Grafiidi struktuur. Mustad pallid struktuuris on s\u00fcsinikuaatomid.&lt;\/span&gt;&lt;\/span&gt;&lt;\/span&gt;&lt;\/i&gt;\r\n&lt;\/p&gt;\r\n\r\n&lt;p&gt;\r\n\t&lt;span lang=\"ET\"&gt;&lt;span style=\"line-height:107%\"&gt;&lt;span style=\",serif\"&gt;Laboritingimustes on v\u00f5imalik grafiiti tekitada suhkrule (C&lt;sub&gt;11&lt;\/sub&gt;H&lt;sub&gt;22&lt;\/sub&gt;O&lt;sub&gt;11&lt;\/sub&gt;) kontsentreeritud v\u00e4\u00e4velhappe lahuse lisamise teel, mille tulemusena tekib s\u00fcsinik, vesi, s\u00fcsinikdioksiid ja v\u00e4\u00e4veldioksiid. S\u00f6estunud suhkru pilt on toodud joonisel 6.&lt;\/span&gt;&lt;\/span&gt;&lt;\/span&gt;\r\n&lt;\/p&gt;\r\n\r\n&lt;p&gt;\r\n\t&lt;img class=\"alignnone wp-image-305\" style=\"width: 200px;height: 265px\" src=\"https:\/\/sisu.ut.ee\/wp-content\/uploads\/sites\/524\/screenshot_2022-03-24_at_12.46.32.png\" title=\"screenshot_2022-03-24_at_12.46.32.png\" alt=\"pilt\"&gt;\r\n&lt;\/p&gt;\r\n\r\n&lt;p&gt;\r\n\t&lt;em&gt;&lt;span lang=\"ET\"&gt;&lt;span style=\"line-height:107%\"&gt;&lt;span style=\",serif\"&gt;Joonis 6. S\u00f6estunud suhkur&lt;\/span&gt;&lt;\/span&gt;&lt;\/span&gt;&lt;\/em&gt;\r\n&lt;\/p&gt;\r\n\r\n&lt;p&gt;\r\n\t&lt;span lang=\"ET\"&gt;&lt;span style=\"line-height:107%\"&gt;&lt;span style=\",serif\"&gt;Paljud gaasilised mittemetallid on v\u00e4rvusetud (l\u00e4mmastik, hapnik, v\u00e4\u00e4risgaasid jt). \u00dcksikutel esineb ka eriline v\u00e4rvus:&amp;nbsp;kloor on rohekaskollane, broomiaurud on punakaspruunid. Jood (I&lt;sub&gt;2&lt;\/sub&gt;) on toatemperatuuril tahke aine (vaata joonist 4) ja meenutab v\u00e4limuselt metalli, aga&amp;nbsp;joodiaurud on ka lillakad (vaata joonist 7).&lt;\/span&gt;&lt;\/span&gt;&lt;\/span&gt;\r\n&lt;\/p&gt;\r\n\r\n&lt;p&gt;\r\n\t&lt;img class=\"alignnone wp-image-306\" style=\"width: 200px;height: 288px\" src=\"https:\/\/sisu.ut.ee\/wp-content\/uploads\/sites\/524\/screenshot_2022-03-24_at_12.47.35.png\" title=\"screenshot_2022-03-24_at_12.47.35.png\" alt=\"pilt\"&gt;\r\n&lt;\/p&gt;\r\n\r\n&lt;p&gt;\r\n\t&lt;em&gt;&lt;span lang=\"ET\"&gt;&lt;span style=\"line-height:107%\"&gt;&lt;span style=\",serif\"&gt;Joonis 7. Joodiaurud&lt;\/span&gt;&lt;\/span&gt;&lt;\/span&gt;&lt;\/em&gt;\r\n&lt;\/p&gt;\r\n\r\n&lt;p&gt;\r\n\t&lt;span lang=\"ET\"&gt;&lt;span style=\"line-height:107%\"&gt;&lt;span style=\",serif\"&gt;Enamik mittemetalle ei juhi elektrit, kuid leidub erandeid \u2013 s\u00fcsiniku allotroop grafiit juhib h\u00e4sti elektrit.&lt;\/span&gt;&lt;\/span&gt;&lt;\/span&gt;\r\n&lt;\/p&gt;\r\n\r\n&lt;p&gt;\r\n\t'>Loe lisaks: Ainete levinumad allotroobid.<\/a>\u00a0\r\n<\/p>\r\n\r\n<p>\r\n\t\u00a0\r\n<\/p>\r\n<div class=\"accordion mb-3\">\n        <div class=\"accordion-item accordion-item--white\">\n        <h2 class=\"accordion-header\" id=\"accordion-69d587e136edc-heading\">\n            <button class=\"accordion-button collapsed\" type=\"button\" data-bs-toggle=\"collapse\" data-bs-target=\"#accordion-69d587e136edc-collapse\" aria-expanded=\"true\" aria-controls=\"accordion-69d587e136edc-collapse\">\u00dclesanne 1<\/button>\n        <\/h2>\n        <div id=\"accordion-69d587e136edc-collapse\" class=\"accordion-collapse collapse\" aria-labelledby=\"accordion-69d587e136edc-heading\">\n            <div class=\"accordion-body\"><div class=\"h5p-iframe-wrapper\"><div class=\"video-placeholder-wrapper video-placeholder-wrapper--fixed\" style=\"height: 366px;\">\n\t\t\t    <div class=\"video-placeholder d-flex justify-content-center align-items-center\">\n\t\t\t        <div class=\"overlay text-white p-2 w-100 text-center d-block justify-content-center align-items-center\">\n\t\t\t            <div>Kolmandate osapoolte sisu n\u00e4gemiseks palun n\u00f5ustu k\u00fcpsistega.<\/div>\n\t\t\t            <button class=\"btn btn-secondary btn-sm mt-1 consent-change\">Muuda n\u00f5usolekut<\/button>\n\t\t\t        <\/div>\n\t\t\t    <\/div>\n\t\t\t<\/div>\n<\/div><\/div>\n        <\/div>\n        <\/div>\n    <\/div>","protected":false},"excerpt":{"rendered":"<p>Mittemetallilised elemendid moodustavad ligikaudu 1\/3 perioodilisustabeli keemilistest elementidest, j\u00e4\u00e4des tabeli parempoolsesse \u00fclemisse nurka (vaata joonist 1). Joonis 1. Aatomite raadiused pikomeetrites. Punase piirjoonega on m\u00e4rgitud mittemetallilised elemendid Mittemetallide struktuur ja f\u00fc\u00fcsikalised omadused Mittemetallides on aatomid omavahel seotud kovalentsete sidemetega (v.a &#8230;<\/p>\n","protected":false},"author":269,"featured_media":0,"parent":0,"menu_order":0,"comment_status":"closed","ping_status":"closed","template":"","meta":{"_acf_changed":false,"inline_featured_image":false,"footnotes":""},"class_list":["post-43","page","type-page","status-publish","hentry"],"acf":[],"_links":{"self":[{"href":"https:\/\/sisu.ut.ee\/huvitavkeemia\/wp-json\/wp\/v2\/pages\/43","targetHints":{"allow":["GET"]}}],"collection":[{"href":"https:\/\/sisu.ut.ee\/huvitavkeemia\/wp-json\/wp\/v2\/pages"}],"about":[{"href":"https:\/\/sisu.ut.ee\/huvitavkeemia\/wp-json\/wp\/v2\/types\/page"}],"author":[{"embeddable":true,"href":"https:\/\/sisu.ut.ee\/huvitavkeemia\/wp-json\/wp\/v2\/users\/269"}],"replies":[{"embeddable":true,"href":"https:\/\/sisu.ut.ee\/huvitavkeemia\/wp-json\/wp\/v2\/comments?post=43"}],"version-history":[{"count":3,"href":"https:\/\/sisu.ut.ee\/huvitavkeemia\/wp-json\/wp\/v2\/pages\/43\/revisions"}],"predecessor-version":[{"id":647,"href":"https:\/\/sisu.ut.ee\/huvitavkeemia\/wp-json\/wp\/v2\/pages\/43\/revisions\/647"}],"wp:attachment":[{"href":"https:\/\/sisu.ut.ee\/huvitavkeemia\/wp-json\/wp\/v2\/media?parent=43"}],"curies":[{"name":"wp","href":"https:\/\/api.w.org\/{rel}","templated":true}]}}