{"id":3,"date":"2024-04-04T07:30:13","date_gmt":"2024-04-04T04:30:13","guid":{"rendered":"https:\/\/sisu.ut.ee\/huvitavkeemia\/1-aineklasside-abc\/"},"modified":"2024-04-04T07:32:55","modified_gmt":"2024-04-04T04:32:55","slug":"1-aineklasside-abc","status":"publish","type":"page","link":"https:\/\/sisu.ut.ee\/huvitavkeemia\/1-aineklasside-abc\/","title":{"rendered":"1. Aineklasside ABC"},"content":{"rendered":"<p>\n\t\u00dcsna t\u00f5en\u00e4oliselt oskad juba vastata k\u00fcsimustele, mis on\u00a0happed, alused, oksiidid ja soolad. Aga aineklasse \u00f5ppisid juba p\u00f5hikoolis ning nii m\u00f5ndagi v\u00f5ib olla meelest l\u00e4inud. Aineklasside ABC aitab p\u00f5hilise uuesti \u00fcle korrata. Selles peat\u00fckis tuletame meelde oksiidide, hapete, aluste ja soolade nimetamise ja valemite koostamise reeglid, aineklasside liigid, keemilised omadused ja saamise v\u00f5imalused ning vaatame seoseid anorgaaniliste ainete p\u00f5hiklasside vahel.<\/p>\n","protected":false},"excerpt":{"rendered":"<p>\u00dcsna t\u00f5en\u00e4oliselt oskad juba vastata k\u00fcsimustele, mis on\u00a0happed, alused, oksiidid ja soolad. Aga aineklasse \u00f5ppisid juba p\u00f5hikoolis ning nii m\u00f5ndagi v\u00f5ib olla meelest l\u00e4inud. Aineklasside ABC aitab p\u00f5hilise uuesti \u00fcle korrata. Selles peat\u00fckis tuletame meelde oksiidide, hapete, aluste ja soolade &#8230;<\/p>\n","protected":false},"author":269,"featured_media":0,"parent":0,"menu_order":0,"comment_status":"closed","ping_status":"closed","template":"","meta":{"_acf_changed":false,"inline_featured_image":false,"footnotes":""},"class_list":["post-3","page","type-page","status-publish","hentry"],"acf":[],"_links":{"self":[{"href":"https:\/\/sisu.ut.ee\/huvitavkeemia\/wp-json\/wp\/v2\/pages\/3","targetHints":{"allow":["GET"]}}],"collection":[{"href":"https:\/\/sisu.ut.ee\/huvitavkeemia\/wp-json\/wp\/v2\/pages"}],"about":[{"href":"https:\/\/sisu.ut.ee\/huvitavkeemia\/wp-json\/wp\/v2\/types\/page"}],"author":[{"embeddable":true,"href":"https:\/\/sisu.ut.ee\/huvitavkeemia\/wp-json\/wp\/v2\/users\/269"}],"replies":[{"embeddable":true,"href":"https:\/\/sisu.ut.ee\/huvitavkeemia\/wp-json\/wp\/v2\/comments?post=3"}],"version-history":[{"count":1,"href":"https:\/\/sisu.ut.ee\/huvitavkeemia\/wp-json\/wp\/v2\/pages\/3\/revisions"}],"predecessor-version":[{"id":488,"href":"https:\/\/sisu.ut.ee\/huvitavkeemia\/wp-json\/wp\/v2\/pages\/3\/revisions\/488"}],"wp:attachment":[{"href":"https:\/\/sisu.ut.ee\/huvitavkeemia\/wp-json\/wp\/v2\/media?parent=3"}],"curies":[{"name":"wp","href":"https:\/\/api.w.org\/{rel}","templated":true}]}}