{"id":9,"date":"2024-04-04T04:37:05","date_gmt":"2024-04-04T01:37:05","guid":{"rendered":"https:\/\/sisu.ut.ee\/hunoratsep\/ulevaated-juubelikirjutised\/"},"modified":"2024-04-29T15:51:12","modified_gmt":"2024-04-29T12:51:12","slug":"ulevaated-juubelikirjutised","status":"publish","type":"page","link":"https:\/\/sisu.ut.ee\/hunoratsep\/ulevaated-juubelikirjutised\/","title":{"rendered":"\u00dclevaated, juubelikirjutised"},"content":{"rendered":"<p>Mihkel Veske Tartu \u00dclikooli p\u00e4evil. 110. s\u00fcnniaastap\u00e4ev puhul. \u2013 Sirp ja Vasar 23. jaan 1953, nr 4, lk 6\u20137.<\/p>\n<p>Mihkel Veske keeleteadlasena. Tema 110. s\u00fcnniaastap\u00e4eva puhul. \u2013 Edasi 28. jaan, 1953, nr 20, lk 2.<\/p>\n<p>Kitsaskohti \u00fclikooli astujate m\u00f5tlemises ja keeles. T\u00e4helepanekuid t\u00e4navuste eksamikirjandite kohta. \u2013 Keel ja Kirjandus 1960, nr 11, lk 672\u2013682.<\/p>\n<p>Johannes Soll 75-aastane. \u2013 Emakeele Seltsi Aastaraamat VII, 1961. Tallinn 1961, lk 232\u2013233.<\/p>\n<p>Pidada sammu keeleteaduse arenguga. Eesti keel ja uuemad keeleteaduslikud meetodid ning teooriad. \u2013 Keel ja Kirjandus 1961, nr 11, lk 641\u2013647.<\/p>\n<p>S\u00f5na s\u00f5na k\u00f5rvale. Paul Ariste teaduslikust tegevusest. [Retsensioon.] \u2013 \u0421\u043e\u0432\u0435\u0442\u0441\u043a\u043e\u0435 \u0444\u0438\u043d\u043d\u043e-\u0443\u0433\u0440\u043e\u0432\u0435\u0434e\u043d\u0438\u0435 1965, \u2116 2, \u0441\u0442\u0440 157\u2013159.<\/p>\n<p>Zum 70. Geburtstag von Professor Arnold Kask. \u2013 C\u043e\u0432\u0435\u0442\u0441\u043a\u043e\u0435 \u0444\u0438\u043d\u043ey\u0433\u0440\u043ebe\u0434\u0435\u043d\u0438\u0435 1972 \u2116 3, \u0441\u0442\u0440 239\u2013242.<\/p>\n<p>J. V. Veski ja t\u00e4nap\u00e4ev. \u2013 Keel ja Kirjandus 1973, nr 6, lk 366\u2013368. [S\u00f5naloo raamat. Tartu 2002, 283\u2013289.]<\/p>\n<p>Sajand Johannes-Voldemar Veski s\u00fcnnist. \u2013 Tartu Riiklik \u00dclikool, 29. juuni 1973, nr 21, lk 3.<\/p>\n<p>Paul Ariste eesti s\u00f5nade p\u00e4ritolu uurijana. \u2013 S\u00f5nas\u00f5el 3. Uurimusi ja materjale eesti keele s\u00f5navara alalt. Tartu 1975, lk 17\u201370. \u2013 TR\u00dc rotaprint. [S\u00f5naloo raamat. Tartu 2002, 321\u2013329.]<\/p>\n<p>\u00d5igekeelsuss\u00f5naraamat 1976. (\u201eKeele ja Kirjanduse\u201c ringk\u00fcsitlus. [Arvamuseavaldus \u00d5S-i kohta.] \u2013 Keel ja Kirjandus 1977, nr 12, lk 739\u2013741.<\/p>\n<p>\u00d5nnitleme Ellen Uusp\u00f5ldu! \u2013 Tartu Riiklik \u00dclikool 22. apr 1977, nr 13, lk 2.<\/p>\n<p>Professor Arnold Kask. [A. Kase 75. s\u00fcnnip\u00e4eva puhul.] \u2013 Kodumaa 10. aug 1977, nr 32, lk 6\u20137.<\/p>\n<p>Eesti keele professori juubel. [A. Kase 75. s\u00fcnnip\u00e4eva puhul.] \u2013 [Alla kirjutanud: \u00d5pilased-kolleegid eesti keele kateedreist.] \u2013 Edasi 10. aug 1977, nr 186, lk 4.<\/p>\n<p>Auv\u00e4\u00e4rse \u00f5petaja ja \u00f5petlase t\u00e4htp\u00e4ev. [A. Kase 75. s\u00fcnnip\u00e4eva puhul.] \u2013 Sirp ja Vasar 12. aug 1977, nr 32, lk 5.<\/p>\n<p>Professor Juhan Pegels Jubil\u00e4um. \u2013 \u0421\u043e\u0432\u0435\u0442\u0441\u043a\u043e\u0435 \u0444\u0438\u043d\u043d\u043e-\u0443\u0433\u0440\u043e\u0432\u0435\u0434e\u043d\u0438\u0435 1979, \u2116 3, \u0441\u0442\u0440 207\u2013208.<\/p>\n<p>175 aastat eesti keele \u00f5petamist Tartu \u00fclikoolis. \u2013 Tartu \u00fclikooli ajaloo k\u00fcsimusi VII. (TR\u00dc ajaloo komisjoni materjalid.) Tartu 1979, lk 27\u201342.<\/p>\n<p>70th Birthday of Professor Paavo Siro. \u2013 \u0421\u043e\u0432\u0435\u0442\u0441\u043a\u043e\u0435 \u0444\u0438\u043d\u043d\u043e-\u0443\u0433\u0440\u043e\u0432\u0435\u0434e\u043d\u0438\u0435 1979, \u2116 4, \u0441\u0442\u0440 282\u2013284.<\/p>\n<p>Akadeemik Paul Ariste. Tallinn 1980.<\/p>\n<p>Zum 60. von Heino Ahven. \u2013 \u0421\u043e\u0432\u0435\u0442\u0441\u043a\u043e\u0435 \u0444\u0438\u043d\u043d\u043e-\u0443\u0433\u0440\u043e\u0432\u0435\u0434e\u043d\u0438\u0435 1980, \u2116 1, \u0441\u0442\u0440 58\u201360.<\/p>\n<p>Emakeele Seltsi t\u00e4nap\u00e4ev. \u2013 Keel ja Kirjandus 1980, nr 3, lk 135\u2013140.<\/p>\n<p>\u0410\u043a\u0430\u0434\u0435\u043c\u0438\u043a \u041f\u0430\u0443\u043b\u044c \u0410\u0440\u0438\u0441\u0442\u044d. [Kaanel autor m\u00e4rkimata.] \u0422\u0430\u043b\u043b\u0438\u043d\u043d 1980.<\/p>\n<p>Akateemikko Paul Ariste. [Kaanel autor m\u00e4rkimata.] Tallinn 1980.<\/p>\n<p>Akademiledamot Paul Ariste. [Kaanel autor m\u00e4rkimata.] Tallinn 1980.<\/p>\n<p>Paul Ariste akad\u00e8mikus. [Kaanel autor m\u00e4rkimata.] Tallinn 1981.<\/p>\n<p>Zum Jubil\u00e4um von Professor Arnold Kask. \u2013 \u0421\u043e\u0432\u0435\u0442\u0441\u043a\u043e\u0435 \u0444\u0438\u043d\u043d\u043e-\u0443\u0433\u0440\u043e\u0432\u0435\u0434e\u043d\u0438\u0435 1982, \u2116 3, \u0441\u0442\u0440 211\u2013213.<\/p>\n<p>Andrus Saareste Tartu \u00fclikoolis. \u2013 Keel ja Kirjandus 1982, nr 9, lk 464\u2013473.<\/p>\n<p>Eesti keele uurimine Tartu Riiklikus \u00dclikoolis 1944\u20131982. \u2013 Humanitaarteaduste arengust Tartu \u00dclikoolis. Tartu \u00fclikooli ajaloo k\u00fcsimusi XIII. Tartu 1983, lk 60\u201369.<\/p>\n<p>Zum Jubil\u00e4um von Eeva Ahven. \u2013 \u0421\u043e\u0432\u0435\u0442\u0441\u043a\u043e\u0435 \u0444\u0438\u043d\u043d\u043e-\u0443\u0433\u0440\u043e\u0432\u0435\u0434e\u043d\u0438\u0435 1984, \u2116 1, \u0441\u0442\u0440 58\u201360.<\/p>\n<p>Professor Arnold Kask \u00f5ppej\u00f5una ja teadlasena. [Professor A. Kase 80. s\u00fcnnip\u00e4eva t\u00e4histamise pidulikul koosolekul 4. septembril 1982 TR\u00dc aulas peetud ettekanne.] \u2013 Emakeele Seltsi Aastaraamat 28, 1982. Tallinn 1984, lk 5\u201312.<\/p>\n<p>\u00dche elut\u00f6\u00f6 tahkusid. [Uku Masingu surma puhul. Koos P. Ariste ja K. Muruga.] \u2013 Keel ja Kirjandus 1985, nr 8, lk 505\u2013506.<\/p>\n<p>Akateemikko Paul Ariste. \u2013 Punalippu 1986, nr 11, s 101\u2013108.<\/p>\n<p>Paul Ariste eesti keele uurijana. \u2013 Emakeele Seltsi Aastaraamat 30, 1984. Tallinn 1986, lk 7\u201316.<\/p>\n<p>Heinrich Stahli keele\u00f5petus oma aja peeglis. \u2013 Keel ja Kirjandus 1987, nr 12, lk 709\u2013715.<\/p>\n<p>Ellen Uusp\u00f5llu juubeli puhul \u2013 Keel ja Kirjandus 1997, nr 4, lk 282\u2013284<\/p>\n<p>Akadeemik Ferdinand Johann Wiedemannist ja eesti kirjakeele k\u00e4ek\u00e4igust [S\u00f5nav\u00f5tt 10. mai 1998 V\u00e4ike-Maarjas F. J. Wiedemanni keeleauhinna k\u00e4tteandmisel] \u2013 Keel ja Kirjandus 1998, nr 7, lk 497\u2013498.<\/p>\n<p>Tartu \u00fclikooli eesti keele arhiivi saamisloost ja saatusest. 200 aastat eesti keele \u00fclikooli\u00f5pet. 1803 Eesti ja soome keele lektoraat Tartu \u00fclikoolis. Juubelikogumik. \u2013 Tartu \u00dclikooli eesti keele \u00f5ppetooli toimetised, 25. Tartu 2003, lk 153\u2013170.<\/p>\n<p><a href=\"http:\/\/emakeeleselts.ee\/esa\/ESA_51_pdf\/ESA_51_R%27tsep.pdf\" target=\"_blank\" rel=\"noopener\">Ferdinand Johann Wiedemann ja Tartu \u00fclikool. \u2013 Emakeele Seltsi Aastaraamat 51, 2005. Tallinn 2006, lk 279\u2013287.<\/a><\/p>\n<p>Akadeemik Ferdinand Johann Wiedemann ja eesti keel \u2013 Emakeelne Eesti, emakeelne Euroopa. [Ettekanded F. J. Wiedemanni keeleauhinna asutamise 20. aastap\u00e4evale p\u00fchendatud konverentsil 16.\u201317. aprillil 2008 V\u00e4ike-Maarjas.] Koostanud Urmas Sutrop ja J\u00fcri Valge. Tallinn 2008, lk 27\u201334.<\/p>\n","protected":false},"excerpt":{"rendered":"<p>Mihkel Veske Tartu \u00dclikooli p\u00e4evil. 110. s\u00fcnniaastap\u00e4ev puhul. \u2013 Sirp ja Vasar 23. jaan 1953, nr 4, lk 6\u20137. Mihkel Veske keeleteadlasena. Tema 110. s\u00fcnniaastap\u00e4eva puhul. \u2013 Edasi 28. jaan, 1953, nr 20, lk 2. Kitsaskohti \u00fclikooli astujate m\u00f5tlemises ja &#8230;<\/p>\n","protected":false},"author":102,"featured_media":0,"parent":0,"menu_order":0,"comment_status":"closed","ping_status":"closed","template":"","meta":{"_acf_changed":false,"inline_featured_image":false,"footnotes":""},"class_list":["post-9","page","type-page","status-publish","hentry"],"acf":[],"_links":{"self":[{"href":"https:\/\/sisu.ut.ee\/hunoratsep\/wp-json\/wp\/v2\/pages\/9","targetHints":{"allow":["GET"]}}],"collection":[{"href":"https:\/\/sisu.ut.ee\/hunoratsep\/wp-json\/wp\/v2\/pages"}],"about":[{"href":"https:\/\/sisu.ut.ee\/hunoratsep\/wp-json\/wp\/v2\/types\/page"}],"author":[{"embeddable":true,"href":"https:\/\/sisu.ut.ee\/hunoratsep\/wp-json\/wp\/v2\/users\/102"}],"replies":[{"embeddable":true,"href":"https:\/\/sisu.ut.ee\/hunoratsep\/wp-json\/wp\/v2\/comments?post=9"}],"version-history":[{"count":2,"href":"https:\/\/sisu.ut.ee\/hunoratsep\/wp-json\/wp\/v2\/pages\/9\/revisions"}],"predecessor-version":[{"id":106,"href":"https:\/\/sisu.ut.ee\/hunoratsep\/wp-json\/wp\/v2\/pages\/9\/revisions\/106"}],"wp:attachment":[{"href":"https:\/\/sisu.ut.ee\/hunoratsep\/wp-json\/wp\/v2\/media?parent=9"}],"curies":[{"name":"wp","href":"https:\/\/api.w.org\/{rel}","templated":true}]}}