{"id":7,"date":"2024-04-04T04:37:05","date_gmt":"2024-04-04T01:37:05","guid":{"rendered":"https:\/\/sisu.ut.ee\/hunoratsep\/vaitekirjad\/"},"modified":"2024-04-29T15:50:34","modified_gmt":"2024-04-29T12:50:34","slug":"vaitekirjad","status":"publish","type":"page","link":"https:\/\/sisu.ut.ee\/hunoratsep\/vaitekirjad\/","title":{"rendered":"V\u00e4itekirjad"},"content":{"rendered":"<p style=\"text-align: justify;\"><strong>Diplomit\u00f6\u00f6<\/strong><\/p>\n<p>\u00dchisest fraseoloogiast l\u00e4\u00e4nemere keeltes. Diplomit\u00f6\u00f6. Tartu 1951. [H\u00e4vinud.]<\/p>\n<p><strong>Kandidaadit\u00f6\u00f6<\/strong><\/p>\n<p>Infiniitsed verbivormid soome-ugri keeltes. Kandidaadidissertatsioon. [Kaitstud 12. nov 1954, kinnitatud 26. nov 1954.] Tartu 1954.<\/p>\n<p>\u0418\u043d\u0444\u0438\u043d\u0438\u0442\u043d\u044b\u0435 \u0433\u043b\u0430\u0433\u043e\u043b\u044c\u043d\u044b\u0435 \u0444\u043e\u0440\u043c\u044b \u0432 \u0444\u0438\u043d\u043d\u043e-y\u0433\u043e\u0440\u0441\u043a\u0438\u0445 \u044f\u0437\u044b\u043a\u0430\u0445. \u0410\u0432\u0442\u043e\u0440\u0435\u0444\u0435\u0440\u0430\u0442 \u0434\u0438\u0441\u0441\u0435\u0440\u0442\u0430\u0446\u0438\u0438 \u043d\u0430 \u0441\u043e\u0438\u0441\u043a\u0430\u043d\u0438\u0435 \u0443\u0447\u0435\u043d\u043e\u0439 \u0441\u0442\u0435\u043f\u0435\u043d\u0438 \u043a\u0430\u043d\u0434\u0438\u0434\u0430\u0442\u0430 \u0444\u0438\u043b\u043e\u043b\u043e\u0433\u0438\u0447\u0435\u0441\u043a\u0438\u0445 \u043d\u0430\u0443\u043a \u0422\u0430\u0440\u0442\u0443 1954.<\/p>\n<p><strong>Doktorit\u00f6\u00f6<\/strong><\/p>\n<p>Eesti keele lihtlause struktuur. Verbikesksed lausemallid. Doktoriv\u00e4itekiri. Tartu 1974.<\/p>\n<p>\u0421\u0442\u0440\u0443\u043a\u0442\u0443\u0440\u0430 \u043f\u0440\u043e\u0441\u0442\u043e\u0433\u043e \u043f\u0440\u0435\u0434\u043b\u043e\u0436\u0435\u043d\u0438\u044f \u0432 \u044d\u0441\u0442\u043e\u043d\u0441\u043a\u043e\u043c \u044f\u0437\u044b\u043a\u0435. O\u0440\u0438\u0435\u043d\u0442\u0438\u0440\u043e\u0432\u0430\u043d\u043d\u044b\u0435 \u043d\u0430 \u0433\u043b\u0430\u0433\u043e\u043b \u043c\u043e\u0434\u0435\u043b\u0438 \u043f\u0440\u0435\u0434\u043b\u043e\u0436\u0435\u043d\u0438\u044f. A\u0432\u0442\u043e\u0440\u0435\u0444\u0435\u0440\u0430\u0442\u00a0 \u0434\u0438\u0441\u0441\u0435\u0440\u0442\u0430\u0446\u0438\u0438 \u043d\u0430 \u0441\u043e\u0438\u0441\u043a\u0430\u043d\u0438\u0435 \u0443\u0447\u0435\u043d\u043e\u0439 \u0441\u0442\u0435\u043f\u0435\u043d\u0438 \u0434\u043e\u043a\u0442\u043e\u0440\u0430 \u0444\u0438\u043b\u043e\u043b\u043e\u0433\u0438\u0447\u0435\u0441\u043a\u0438\u0445 \u043d\u0430\u0443\u043a. \u0422\u0430\u0440\u0442\u0443 1974.<\/p>\n","protected":false},"excerpt":{"rendered":"<p>Diplomit\u00f6\u00f6 \u00dchisest fraseoloogiast l\u00e4\u00e4nemere keeltes. Diplomit\u00f6\u00f6. Tartu 1951. [H\u00e4vinud.] Kandidaadit\u00f6\u00f6 Infiniitsed verbivormid soome-ugri keeltes. Kandidaadidissertatsioon. [Kaitstud 12. nov 1954, kinnitatud 26. nov 1954.] Tartu 1954. \u0418\u043d\u0444\u0438\u043d\u0438\u0442\u043d\u044b\u0435 \u0433\u043b\u0430\u0433\u043e\u043b\u044c\u043d\u044b\u0435 \u0444\u043e\u0440\u043c\u044b \u0432 \u0444\u0438\u043d\u043d\u043e-y\u0433\u043e\u0440\u0441\u043a\u0438\u0445 \u044f\u0437\u044b\u043a\u0430\u0445. \u0410\u0432\u0442\u043e\u0440\u0435\u0444\u0435\u0440\u0430\u0442 \u0434\u0438\u0441\u0441\u0435\u0440\u0442\u0430\u0446\u0438\u0438 \u043d\u0430 \u0441\u043e\u0438\u0441\u043a\u0430\u043d\u0438\u0435 \u0443\u0447\u0435\u043d\u043e\u0439 \u0441\u0442\u0435\u043f\u0435\u043d\u0438 \u043a\u0430\u043d\u0434\u0438\u0434\u0430\u0442\u0430 \u0444\u0438\u043b\u043e\u043b\u043e\u0433\u0438\u0447\u0435\u0441\u043a\u0438\u0445 \u043d\u0430\u0443\u043a &#8230;<\/p>\n","protected":false},"author":102,"featured_media":0,"parent":0,"menu_order":0,"comment_status":"closed","ping_status":"closed","template":"","meta":{"_acf_changed":false,"inline_featured_image":false,"footnotes":""},"class_list":["post-7","page","type-page","status-publish","hentry"],"acf":[],"_links":{"self":[{"href":"https:\/\/sisu.ut.ee\/hunoratsep\/wp-json\/wp\/v2\/pages\/7","targetHints":{"allow":["GET"]}}],"collection":[{"href":"https:\/\/sisu.ut.ee\/hunoratsep\/wp-json\/wp\/v2\/pages"}],"about":[{"href":"https:\/\/sisu.ut.ee\/hunoratsep\/wp-json\/wp\/v2\/types\/page"}],"author":[{"embeddable":true,"href":"https:\/\/sisu.ut.ee\/hunoratsep\/wp-json\/wp\/v2\/users\/102"}],"replies":[{"embeddable":true,"href":"https:\/\/sisu.ut.ee\/hunoratsep\/wp-json\/wp\/v2\/comments?post=7"}],"version-history":[{"count":2,"href":"https:\/\/sisu.ut.ee\/hunoratsep\/wp-json\/wp\/v2\/pages\/7\/revisions"}],"predecessor-version":[{"id":104,"href":"https:\/\/sisu.ut.ee\/hunoratsep\/wp-json\/wp\/v2\/pages\/7\/revisions\/104"}],"wp:attachment":[{"href":"https:\/\/sisu.ut.ee\/hunoratsep\/wp-json\/wp\/v2\/media?parent=7"}],"curies":[{"name":"wp","href":"https:\/\/api.w.org\/{rel}","templated":true}]}}