{"id":6,"date":"2024-04-04T04:37:05","date_gmt":"2024-04-04T01:37:05","guid":{"rendered":"https:\/\/sisu.ut.ee\/hunoratsep\/raamatud\/"},"modified":"2024-04-29T15:50:12","modified_gmt":"2024-04-29T12:50:12","slug":"raamatud","status":"publish","type":"page","link":"https:\/\/sisu.ut.ee\/hunoratsep\/raamatud\/","title":{"rendered":"Raamatud"},"content":{"rendered":"<p><a href=\"\/wp-content\/uploads\/sites\/302\/ratsep_morfolooogia_1_ocr.pdf\" target=\"_blank\" rel=\"noopener\">Eesti keele ajalooline morfoloogia I<\/a>. \u00d5pivahend eesti filoloogia osakonna \u00fcli\u00f5pilastele. Tartu 1977. \u2013 TR\u00dc rotaprint. [Teine tr\u00fckk 1982.]<\/p>\n<p><a href=\"\/wp-content\/uploads\/sites\/302\/eesti_keele_lihtlausete_pohityybid_kontensiivse.pdf\" target=\"_blank\" rel=\"noopener\">Eesti keele grammatika probleeme. T\u00f6id eesti filoloogia alalt VIII<\/a>. Tartu 1981. \u2013 TR\u00dc rotaprint.<\/p>\n<p><a href=\"\/wp-content\/uploads\/sites\/302\/ratsep_morfoloogia_2_ocr.pdf\" target=\"_blank\" rel=\"noopener\">Eesti keele ajalooline morfoloogia II<\/a>. \u00d5pivahend eesti filoloogia osakonna \u00fcli\u00f5pilastele. Tartu 1979. \u2013 TR\u00dc rotaprint.<\/p>\n<p><a href=\"\/wp-content\/uploads\/sites\/302\/ratsep_eesti_keele_ocr.pdf\" target=\"_blank\" rel=\"noopener\">Eesti keele lihtlausete t\u00fc\u00fcbid<\/a>. Eesti NSV TA Emakeele Seltsi Toimetised nr 12. Tallinn 1978.<\/p>\n<p>S\u00f5naloo raamat. Ilmamaa. Tartu 2002.<\/p>\n<p><strong>T\u00f5lgitud raamatud<\/strong><\/p>\n<p>E. Kolozsv\u00e1ri Grandpierre, Imefl\u00f6\u00f6t. [Ungari keelest t\u00f5lkinud V. Hallap, P. Kokla, T. Kokla, K. Kont, H. Niit, P. Palmeos, A. Pervik, H. R\u00e4tsep.] Tallinn 1959, lk 298\u2013378. [Teine tr\u00fckk 1981. Kolmas tr\u00fckk 2006.]<\/p>\n<p>G\u00e9za Molnar, M\u00e1rta. Romaan. Ungari keelest t\u00f5lkinud H. R\u00e4tsep, Tallinn 1964.<\/p>\n<p>M. Ivi\u010d, Keeleteaduse p\u00f5hisuunad. [Inglise keelest t\u00f5lkinud M. Erelt, M. Hint, J. Kaplinski, M. Remmel, H. R\u00e4tsep, E. Uusp\u00f5ld, T.-R. Viitso, H. \u00d5im.] Tartu 1969, lk 50\u201384. \u2013 TR\u00dc rotaprint.<\/p>\n","protected":false},"excerpt":{"rendered":"<p>Eesti keele ajalooline morfoloogia I. \u00d5pivahend eesti filoloogia osakonna \u00fcli\u00f5pilastele. Tartu 1977. \u2013 TR\u00dc rotaprint. [Teine tr\u00fckk 1982.] Eesti keele grammatika probleeme. T\u00f6id eesti filoloogia alalt VIII. Tartu 1981. \u2013 TR\u00dc rotaprint. Eesti keele ajalooline morfoloogia II. \u00d5pivahend eesti filoloogia &#8230;<\/p>\n","protected":false},"author":102,"featured_media":0,"parent":0,"menu_order":0,"comment_status":"closed","ping_status":"closed","template":"","meta":{"_acf_changed":false,"inline_featured_image":false,"footnotes":""},"class_list":["post-6","page","type-page","status-publish","hentry"],"acf":[],"_links":{"self":[{"href":"https:\/\/sisu.ut.ee\/hunoratsep\/wp-json\/wp\/v2\/pages\/6","targetHints":{"allow":["GET"]}}],"collection":[{"href":"https:\/\/sisu.ut.ee\/hunoratsep\/wp-json\/wp\/v2\/pages"}],"about":[{"href":"https:\/\/sisu.ut.ee\/hunoratsep\/wp-json\/wp\/v2\/types\/page"}],"author":[{"embeddable":true,"href":"https:\/\/sisu.ut.ee\/hunoratsep\/wp-json\/wp\/v2\/users\/102"}],"replies":[{"embeddable":true,"href":"https:\/\/sisu.ut.ee\/hunoratsep\/wp-json\/wp\/v2\/comments?post=6"}],"version-history":[{"count":2,"href":"https:\/\/sisu.ut.ee\/hunoratsep\/wp-json\/wp\/v2\/pages\/6\/revisions"}],"predecessor-version":[{"id":103,"href":"https:\/\/sisu.ut.ee\/hunoratsep\/wp-json\/wp\/v2\/pages\/6\/revisions\/103"}],"wp:attachment":[{"href":"https:\/\/sisu.ut.ee\/hunoratsep\/wp-json\/wp\/v2\/media?parent=6"}],"curies":[{"name":"wp","href":"https:\/\/api.w.org\/{rel}","templated":true}]}}