{"id":4,"date":"2024-04-04T04:37:05","date_gmt":"2024-04-04T01:37:05","guid":{"rendered":"https:\/\/sisu.ut.ee\/hunoratsep\/ajaleheartiklid\/"},"modified":"2024-04-29T15:51:29","modified_gmt":"2024-04-29T12:51:29","slug":"ajaleheartiklid","status":"publish","type":"page","link":"https:\/\/sisu.ut.ee\/hunoratsep\/ajaleheartiklid\/","title":{"rendered":"Ajaleheartiklid"},"content":{"rendered":"<p>Rohkem t\u00e4helepanu keelele. [Rubriigis \u201eKultuurielu p\u00e4evak\u00fcsimusi\u201c.] \u2013 Edasi 19. sept 1951, nr 221, lk 2.<\/p>\n<p>Rohkem luulet\u00f5lkeid. [Rubriigis \u201eKultuurielu p\u00e4evak\u00fcsimusi\u201c.] \u2013 Edasi 16. m\u00e4rts 1951, nr 63, lk 2.<\/p>\n<p>Keeltest ja nende \u00f5ppimisest. \u2013 S\u00e4de 9. veebr 1966, nr 12, lk 6.<\/p>\n<p>Matemaatika ja keeleteadus. [TR\u00dc-s tehtavat uurimist\u00f6\u00f6d strukturaalse lingvistika alal kommenteerib H. R\u00e4tsep.] \u2013 Kodumaa 26. jaan 1966, nr 4, lk 2\u20133.<\/p>\n<p>Strukturaalne lingvistika \u2013 uus keeleteaduse haru. Keel \u2013 k\u00fcberneetiline seade, generatiivsete protsesside s\u00fcsteem. On loomisel eesti keele generatiivne grammatika. [Osa artiklist \u201eSemiootika, lingvistika, kirjandusteadus\u201c koos J. Lotmani ja J. Kaplinskiga.] Noorte H\u00e4\u00e4l 16. veebr 1967, nr 40, lk 2.<\/p>\n<p>Paar lauseanal\u00fc\u00fcsi k\u00fcsimust. \u2013 N\u00f5ukogude \u00d5petaja 5. dets 1970, nr 49, lk 4.<\/p>\n<p>\u00dchhest rummalast prugist. Ka vanemaid eestikeelseid tekste tuleb raadios \u00f5igesti lugeda! \u2013 Sirp ja Vasar 18. dets 1970, nr 51, lk 6.<\/p>\n<p>Keelerahva suvest tagasivaateliselt. [Paul Ariste ja Huno R\u00e4tsepaga vestelnud H. Toomsalu.] \u2013 Kodumaa 3. nov 1976, nr 44, lk 4.<\/p>\n<p>Lingvistikak\u00fcsimused. [\u201eNoorte H\u00e4\u00e4le\u201c lingvistikaalase \u00f5pilasviktoriini k\u00fcsimused, allkiri puudub.] \u2013 Noorte H\u00e4\u00e4l 13. okt 1976, nr 241, lk 2.<\/p>\n<p>Lingvistikas parim Mart Riikoja (kolmandat aastat j\u00e4rjest). [\u201eNoorte H\u00e4\u00e4le\u201c lingvistikaalase \u00f5pilasviktoriini tulemustest.] \u2013 Noorte H\u00e4\u00e4l 15. dets 1976, nr 293, lk 2. [Autori nimi puudub.]<\/p>\n<p>Kuidas meie emakeel rikastub. \u2013 Kodumaa 9. m\u00e4rts 1977, nr 10, lk 5\u20136.<\/p>\n<p>175 aastat eesti keele \u00f5petamist Tartu \u00fclikoolis. \u2013 Edasi 24. sept. 1978, nr 221, lk 3.<\/p>\n<p>M\u00f5tteid \u00f5igekeelsuspoleemikast. \u2013 Edasi 25. nov 1978, nr 271, lk 2 ja 4.<\/p>\n<p>V\u00e4itekirjad, vaitekirjad\u2026 (Ajaloolise tagasivaatega.) \u2013 Kodumaa 6. juuni 1979, nr 23, lk 4\u20135.<\/p>\n<p>Vabameelne, ent mitte k\u00e4remeelne. Keele\u00f5petuse ja keelekorralduse n\u00f5upidamiselt. \u2013 Edasi 21. nov 1979, nr 268, lk 5 ja 8.<\/p>\n<p>Vabariiklikus \u00f5igekeelsuskomisjonis: verbivormide kokku- ja lahkukirjutamise uutest reeglitest. \u2013 N\u00f5ukogude \u00d5petaja 12. jaan 1980, nr 2, lk 4.<\/p>\n<p>Tartu nime p\u00e4ritolust. \u2013 Edasi 30. mai 1980, nr 123, lk 4.<\/p>\n<p>Eesti keele arengujooni. \u2013 Sirp ja Vasar 5. juuni 1981, nr 23, lk 6\u20137 ja 12.<\/p>\n<p>Eesti keel Tartu \u00fclikoolis. \u2013 Kodumaa 15. sept 1982, nr 37, lk 5.<\/p>\n<p>Ees seisab 1986. a emakeeleol\u00fcmpiaad. \u2013 N\u00f5ukogude \u00d5petaja 10. aug 1985, nr 32, lk 3.<\/p>\n","protected":false},"excerpt":{"rendered":"<p>Rohkem t\u00e4helepanu keelele. [Rubriigis \u201eKultuurielu p\u00e4evak\u00fcsimusi\u201c.] \u2013 Edasi 19. sept 1951, nr 221, lk 2. Rohkem luulet\u00f5lkeid. [Rubriigis \u201eKultuurielu p\u00e4evak\u00fcsimusi\u201c.] \u2013 Edasi 16. m\u00e4rts 1951, nr 63, lk 2. Keeltest ja nende \u00f5ppimisest. \u2013 S\u00e4de 9. veebr 1966, nr 12, &#8230;<\/p>\n","protected":false},"author":102,"featured_media":0,"parent":0,"menu_order":0,"comment_status":"closed","ping_status":"closed","template":"","meta":{"_acf_changed":false,"inline_featured_image":false,"footnotes":""},"class_list":["post-4","page","type-page","status-publish","hentry"],"acf":[],"_links":{"self":[{"href":"https:\/\/sisu.ut.ee\/hunoratsep\/wp-json\/wp\/v2\/pages\/4","targetHints":{"allow":["GET"]}}],"collection":[{"href":"https:\/\/sisu.ut.ee\/hunoratsep\/wp-json\/wp\/v2\/pages"}],"about":[{"href":"https:\/\/sisu.ut.ee\/hunoratsep\/wp-json\/wp\/v2\/types\/page"}],"author":[{"embeddable":true,"href":"https:\/\/sisu.ut.ee\/hunoratsep\/wp-json\/wp\/v2\/users\/102"}],"replies":[{"embeddable":true,"href":"https:\/\/sisu.ut.ee\/hunoratsep\/wp-json\/wp\/v2\/comments?post=4"}],"version-history":[{"count":2,"href":"https:\/\/sisu.ut.ee\/hunoratsep\/wp-json\/wp\/v2\/pages\/4\/revisions"}],"predecessor-version":[{"id":107,"href":"https:\/\/sisu.ut.ee\/hunoratsep\/wp-json\/wp\/v2\/pages\/4\/revisions\/107"}],"wp:attachment":[{"href":"https:\/\/sisu.ut.ee\/hunoratsep\/wp-json\/wp\/v2\/media?parent=4"}],"curies":[{"name":"wp","href":"https:\/\/api.w.org\/{rel}","templated":true}]}}