{"id":3,"date":"2024-04-04T04:37:04","date_gmt":"2024-04-04T01:37:04","guid":{"rendered":"https:\/\/sisu.ut.ee\/hunoratsep\/avaleht\/"},"modified":"2024-04-29T15:54:59","modified_gmt":"2024-04-29T12:54:59","slug":"avaleht","status":"publish","type":"page","link":"https:\/\/sisu.ut.ee\/hunoratsep\/","title":{"rendered":"Huno R\u00e4tsep"},"content":{"rendered":"<figure style=\"width: 159px\" class=\"wp-caption alignright\"><img loading=\"lazy\" decoding=\"async\" style=\"\" src=\"\/wp-content\/uploads\/sites\/302\/ekk_professorid_ratsep.jpg\" alt=\"\" width=\"159\" height=\"277\"><figcaption class=\"wp-caption-text\">Huno R\u00e4tsep<\/figcaption><\/figure>\n<p style=\"text-align: justify;\"><strong style=\"font-size: revert;\">Huno R\u00e4tsep<\/strong><span style=\"font-size: revert; font-weight: var(--bs-body-font-weight);\"> (s\u00fcnd. 28. detsembril 1927. aastal Tartus) on eesti keeleteadlane ja akadeemik, kes\u00a0on t\u00f6\u00f6tanud Tartu \u00dclikooli eesti keele kateedris \u00fcle nelja aastak\u00fcmne, sellest ligi kaksk\u00fcmmend aastat kateedri juhatajana\u00a0ning aastatel 1992\u20131993 korralise professorina. Alates 1994. aastast on Huno R\u00e4tsep Tartu \u00dclikooli emeriitprofessor. Ta kaitses kandidaadiv\u00e4itekirja \u201cInfiniitsed verbivormid soome-ugri keeltes\u201d 1954. aastal, 20 aastat hiljem, \u00a01974. aastal ka doktoriv\u00e4itekirja \u201eEesti keele lihtlausete struktuur. Verbikesksed lausemallid\u201c, mille laiendatud variant ilmus 1978. aastal monograafiana \u201cEesti keele lihtlausete t\u00fc\u00fcbid\u201d. 1980. aastal hinnati see t\u00f6\u00f6 riikliku preemia v\u00e4\u00e4riliseks.<\/span><\/p>\n<div>\n<p style=\"text-align: justify;\">Huno R\u00e4tsepa \u00f5ppej\u00f5ut\u00f6\u00f6 Tartu \u00dclikooli eesti keele kateedris algas 1954. a ja kestis \u00fcle nelja aastak\u00fcmne, sellest ligi kaksk\u00fcmmend aastat kateedri juhatajana ning aastatel 1992\u20131993 korralise professorina. Alates 1994. aastast on Huno R\u00e4tsep Tartu \u00dclikooli emeriitprofessor.<\/p>\n<p style=\"text-align: justify;\">Huno R\u00e4tsep paistab silma laiaulatuslike keeleteaduslike huvidega. \u00dchelt poolt on ta olnud uute keeleteaduslike suundade tutvustaja, pidades 1960. aastate algusest loenguid ja seminare strukturaallingvistikast ja uutest suundadest keeleteaduses, kuid teisalt on teda alati huvitanud keeleajalugu. Ta on kirjutanud nii eesti keele s\u00fcntaksist, morfoloogiast kui ka s\u00f5navarast, temalt on ilmunud nii diakroonilisi kui ka s\u00fcnkroonilisi k\u00e4sitlusi.<\/p>\n<p style=\"text-align: justify;\">1981. aastal valiti Huno R\u00e4tsep Eesti Teaduste Akadeemia liikmeks eesti keele alal, 1998. aastal sai ta F. J. Wiedemanni keeleauhinna ning 2001. aastal Valget\u00e4he IV klassi teenetem\u00e4rgi.<\/p>\n<\/div>\n","protected":false},"excerpt":{"rendered":"<p>Huno R\u00e4tsep (s\u00fcnd. 28. detsembril 1927. aastal Tartus) on eesti keeleteadlane ja akadeemik, kes\u00a0on t\u00f6\u00f6tanud Tartu \u00dclikooli eesti keele kateedris \u00fcle nelja aastak\u00fcmne, sellest ligi kaksk\u00fcmmend aastat kateedri juhatajana\u00a0ning aastatel 1992\u20131993 korralise professorina. Alates 1994. aastast on Huno R\u00e4tsep Tartu &#8230;<\/p>\n","protected":false},"author":102,"featured_media":0,"parent":0,"menu_order":0,"comment_status":"closed","ping_status":"closed","template":"","meta":{"_acf_changed":false,"inline_featured_image":false,"footnotes":""},"class_list":["post-3","page","type-page","status-publish","hentry"],"acf":[],"_links":{"self":[{"href":"https:\/\/sisu.ut.ee\/hunoratsep\/wp-json\/wp\/v2\/pages\/3","targetHints":{"allow":["GET"]}}],"collection":[{"href":"https:\/\/sisu.ut.ee\/hunoratsep\/wp-json\/wp\/v2\/pages"}],"about":[{"href":"https:\/\/sisu.ut.ee\/hunoratsep\/wp-json\/wp\/v2\/types\/page"}],"author":[{"embeddable":true,"href":"https:\/\/sisu.ut.ee\/hunoratsep\/wp-json\/wp\/v2\/users\/102"}],"replies":[{"embeddable":true,"href":"https:\/\/sisu.ut.ee\/hunoratsep\/wp-json\/wp\/v2\/comments?post=3"}],"version-history":[{"count":5,"href":"https:\/\/sisu.ut.ee\/hunoratsep\/wp-json\/wp\/v2\/pages\/3\/revisions"}],"predecessor-version":[{"id":115,"href":"https:\/\/sisu.ut.ee\/hunoratsep\/wp-json\/wp\/v2\/pages\/3\/revisions\/115"}],"wp:attachment":[{"href":"https:\/\/sisu.ut.ee\/hunoratsep\/wp-json\/wp\/v2\/media?parent=3"}],"curies":[{"name":"wp","href":"https:\/\/api.w.org\/{rel}","templated":true}]}}