{"id":14,"date":"2024-04-04T04:37:05","date_gmt":"2024-04-04T01:37:05","guid":{"rendered":"https:\/\/sisu.ut.ee\/hunoratsep\/personaalia\/"},"modified":"2024-04-29T15:49:04","modified_gmt":"2024-04-29T12:49:04","slug":"personaalia","status":"publish","type":"page","link":"https:\/\/sisu.ut.ee\/hunoratsep\/personaalia\/","title":{"rendered":"Personaalia"},"content":{"rendered":"<p>Ainus \u00fclikool\u2026 Intervjuu TR\u00dc filoloogiateaduskonna eesti keele kateedri juhataja professor Huno R\u00e4tsepaga. [TR\u00dc eesti keele kateedri uurimissuundadest.] [K\u00fcsitlenud T. Hennoste.] \u2013 Sirp ja Vasar 20. aug 1982, nr 34, lk 3.<\/p>\n<p>Doktoriv\u00e4itekiri eesti s\u00f5navara kvantitatiivsest s\u00fcsteemist. [J. Tuldava, v\u00e4itekirja tutvustus.] \u2013 Edasi 12. apr 1985, nr 85, lk 4.<\/p>\n<p>Elava keele t\u00e4iendamine ei l\u00f5pe kunagi. [H. R\u00e4tsepaga vestelnud K. Saar.] \u2013 Rahva H\u00e4\u00e4l 25. jaan 1986, nr 22, lk 3.<\/p>\n<p><em>R\u00e4tsep<\/em>, <em>Huno<\/em>. [Artikkel.] \u2013 Eesti NSV Teaduste Akadeemia 1980\u20131985. Tallinn 1986, lk 347.<\/p>\n<p><em>R\u00e4tsep<\/em>, <em>Huno<\/em>. [Artikkel.] \u2013 Tartu Riikliku \u00dclikooli \u00f5ppeteaduskoosseisu biobibliograafia nimestik 1944\u20131980. Tallinn 1987, lk 244.<\/p>\n<p>Suhonen, Seppo. Huno R\u00e4tsep 60-vuotias. \u2013 Viritt\u00e4j\u00e4 1987, nr 14, 538\u2013541.<\/p>\n<p>Uusp\u00f5ld, Ellen. Huno R\u00e4tsepa t\u00e4htp\u00e4evaks. \u2013 Keel ja Kirjandus 1987, nr 12, 875\u2013877.<\/p>\n<p>\u00d5im, Haldur. Huno R\u00e4tsep 60. Piirjooni \u00fchele arenguj\u00e4rgule eesti keeleteaduses. \u2013 Emakeele Seltsi Aastaraamat 33, 1987. Tallinn 1989, lk 5\u201313.<\/p>\n<p>Ariste, Paul. Huno R\u00e4tsepa isiksusest. \u2013 Emakeele Seltsi Aastaraamat 33, 1987. Tallinn 1989, lk 14\u201318.<\/p>\n<p>Pokk, K\u00fclli. Huno R\u00e4tsepa t\u00f6\u00f6de bibliograafia. \u2013 Emakeele Seltsi Aastaraamat 33, 1987. Tallinn 1989, lk 130\u2013139.<\/p>\n<p><em>R\u00e4tsep<\/em>, <em>Huno<\/em>. [Artikkel.] \u2013 Eesti Ents\u00fcklopeedia 8. RAI\u2013SUM. Tallinn 1995, lk 269.<\/p>\n<p>Akadeemik Huno R\u00e4tsep 70. \u2013 Eesti Teaduste Akadeemia Aastaraamat 1997, 3(30), Tallinn 1998, lk 106.<\/p>\n<p>P\u00fchendusteos Huno R\u00e4tsepale 28.12.1997. \u2013 Tartu \u00dclikooli eesti keele \u00f5ppetooli toimetised, 7. Tartu 1997.<\/p>\n<p>P\u00e4rismaa, Sirje. Painutame end liialt l\u00e4\u00e4ne poole [Intervjuu Huno R\u00e4tsepaga] \u2013 Maaleht 1998, 4. juuni, lk 27.<\/p>\n<p><em>R\u00e4tsep<\/em>, <em>Huno<\/em>. [Artikkel.] \u2013 Eesti Teaduste Akadeemia liikmeskond II, 1938\u20131998. Tallinn 1998, lk 110\u2013111.<\/p>\n<p><em>R\u00e4tsep<\/em>, <em>Huno<\/em>. [Artikkel.] \u2013 Album professorum Universitas Tartuensis. Tartu 1998, lk 163\u2013164.<\/p>\n<p><em>R\u00e4tsep<\/em>, <em>Huno<\/em>. [Artikkel.] \u2013 Eesti Ents\u00fcklopeedia 14. Eesti elulood. Tallinn 2000, lk 444.<\/p>\n<p>Kasik, Reet. Intervjuu [keeleteadlase, akadeemik Huno R\u00e4tsepa \u00f5pingutest ja t\u00f6\u00f6st Tartu \u00dclikoolis] \u2013 Oma Keel 2002, nr 1, lk 64\u201368.<\/p>\n<p>Viitso, Tiit-Rein. Huno R\u00e4tsep fennougristi ja keeleajaloolasena. \u2013 Emakeele Seltsi Aastaraamat 48, 2002. Tallinn 2003, lk 285\u2013292.<\/p>\n<p>Akadeemik Huno R\u00e4tsep 75. \u2013 Eesti Teaduste Akadeemia Aastaraamat 2002, 8(35), Tallinn 2003, lk 82.<\/p>\n<p>\u00d5im, Haldur. Huno R\u00e4tsep ja teoreetiline keeleteaduse Eestis. \u2013 Keel ja Kirjandus 2002, nr 12, lk 875\u2013877.<\/p>\n<p>Erelt, Tiiu. Huno R\u00e4tsep keelekorralduses. \u2013 Emakeele Seltsi Aastaraamat 53, 2007. Tallinn 2008, lk 222\u2013235.<\/p>\n<p>Akadeemik Huno R\u00e4tsep 80. \u2013 Eesti Teaduste Akadeemia Aastaraamat 2007, 13(40). Tallinn 2008, lk 86\u201387.<\/p>\n<p><a href=\"http:\/\/www.ajakiri.ut.ee\/322785\" target=\"_blank\" rel=\"noopener\">\u00d5nnitleme: Emeriitprofessor Huno R\u00e4tsep 80<\/a>. Universitas Tartuensis 2007, 20. dets.<\/p>\n<p><a href=\"http:\/\/www.epl.ee\/news\/kultuur\/huno-ratsep-80-sonarikkuse-mootja.d?id=51113398\" target=\"_blank\" rel=\"noopener\">Kaljuvee, Ardo. Huno R\u00e4tsep (80) \u2013 s\u00f5narikkuse m\u00f5\u00f5tja<\/a>. Eesti P\u00e4evaleht 2007, 22. dets.<\/p>\n<p><a href=\"http:\/\/tartu.postimees.ee\/301207\/tartu_postimees\/uudised\/303362.php\" target=\"_blank\" rel=\"noopener\">Hanson, Raimu. Huno R\u00e4tsep \u2013 80<\/a>. Tartu Postimees 2007, 28. dets.<\/p>\n<p><a href=\"http:\/\/www.kes-kus.ee\/index.php?kategooria=artiklid&amp;action=loe&amp;artikkel_id=2418\" target=\"_blank\" rel=\"noopener\">Maidla, Margus. Eesti keele jahimees Huno R\u00e4tsep<\/a>. KesKus 2010, nr 1.<\/p>\n<p>Lindstr\u00f6m, Liina. Huno R\u00e4tsep. \u2013 Oma Keel 26 (1), 100\u2212106.<\/p>\n","protected":false},"excerpt":{"rendered":"<p>Ainus \u00fclikool\u2026 Intervjuu TR\u00dc filoloogiateaduskonna eesti keele kateedri juhataja professor Huno R\u00e4tsepaga. [TR\u00dc eesti keele kateedri uurimissuundadest.] [K\u00fcsitlenud T. Hennoste.] \u2013 Sirp ja Vasar 20. aug 1982, nr 34, lk 3. Doktoriv\u00e4itekiri eesti s\u00f5navara kvantitatiivsest s\u00fcsteemist. [J. Tuldava, v\u00e4itekirja tutvustus.] &#8230;<\/p>\n","protected":false},"author":102,"featured_media":0,"parent":0,"menu_order":0,"comment_status":"closed","ping_status":"closed","template":"","meta":{"_acf_changed":false,"inline_featured_image":false,"footnotes":""},"class_list":["post-14","page","type-page","status-publish","hentry"],"acf":[],"_links":{"self":[{"href":"https:\/\/sisu.ut.ee\/hunoratsep\/wp-json\/wp\/v2\/pages\/14","targetHints":{"allow":["GET"]}}],"collection":[{"href":"https:\/\/sisu.ut.ee\/hunoratsep\/wp-json\/wp\/v2\/pages"}],"about":[{"href":"https:\/\/sisu.ut.ee\/hunoratsep\/wp-json\/wp\/v2\/types\/page"}],"author":[{"embeddable":true,"href":"https:\/\/sisu.ut.ee\/hunoratsep\/wp-json\/wp\/v2\/users\/102"}],"replies":[{"embeddable":true,"href":"https:\/\/sisu.ut.ee\/hunoratsep\/wp-json\/wp\/v2\/comments?post=14"}],"version-history":[{"count":2,"href":"https:\/\/sisu.ut.ee\/hunoratsep\/wp-json\/wp\/v2\/pages\/14\/revisions"}],"predecessor-version":[{"id":101,"href":"https:\/\/sisu.ut.ee\/hunoratsep\/wp-json\/wp\/v2\/pages\/14\/revisions\/101"}],"wp:attachment":[{"href":"https:\/\/sisu.ut.ee\/hunoratsep\/wp-json\/wp\/v2\/media?parent=14"}],"curies":[{"name":"wp","href":"https:\/\/api.w.org\/{rel}","templated":true}]}}