{"id":12,"date":"2024-04-04T04:37:05","date_gmt":"2024-04-04T01:37:05","guid":{"rendered":"https:\/\/sisu.ut.ee\/hunoratsep\/muu\/"},"modified":"2024-04-29T15:52:19","modified_gmt":"2024-04-29T12:52:19","slug":"muu","status":"publish","type":"page","link":"https:\/\/sisu.ut.ee\/hunoratsep\/muu\/","title":{"rendered":"Muu"},"content":{"rendered":"<p>Sissejuhatus strukturaallingvistikasse. \u041b. \u041d. \u0417\u0430\u0441\u043e\u0440\u0438\u043d\u0430, \u0412\u0432\u0435\u0434\u0435\u043d\u0438\u0435 \u0432 \u0441\u0442\u0440\u0443\u043a\u0442\u0443\u0440\u043d\u0443\u044e \u043b\u0438\u043d\u0433\u0432\u0438\u0441\u0442\u0438\u043a\u0443. \u0418\u0437\u0434-\u0432\u043e \u201eB\u044b\u0441\u0448\u0430\u044f \u0448\u043a\u043e\u043b\u0430\u201c. 1974. [Retsensioon.] \u2013 Keel ja Kirjandus 1975, nr 6, lk 375\u2013377.<\/p>\n<p>Keeleteaduse alged. XI klass (35 tundi). Seletuskiri. Programm. Kirjandus. Fakultatiivkursuste n\u00e4idisprogrammid. Tallinn 1976, lk 9\u201320.<\/p>\n<p>Eesti keele \u00f5petamisest ja uurimisest Tartu Riiklikus \u00dclikoolis. \u2013 Kauni emakeele l\u00e4tteil. Keele ja kirjanduse seminar v\u00e4liseestlastele Tallinnas 26. juuni\u20133. juuli 1977. Tallinn 1978, lk 75\u201377.<\/p>\n<p>Verbide kokku- ja lahkukirjutamine. V\u00d5Ki otsus 21.11.1979. Vabariikliku \u00f5igekeelsuskomisjoni otsused mai 1979 \u2013 august 1980. [Autori nimi m\u00e4rkimata.] Tallinn 1980, lk 4\u20137.<\/p>\n<p>Verbide kokku- ja lahkukirjutamise reeglite muutmise ettepanek. [TR\u00dc kserograafpaljundus.] Tartu 1979.<\/p>\n<p>Eesti keel ja kirjandus. [Koos K. Muruga.] \u2013 Tartu Riikliku \u00dclikooli erialad. Tallinn 1982, lk 83\u201390.<\/p>\n<p>Saates\u00f5na. \u2013 Kirjakeele teataja 1979\u20131983. [Kaanel ekslikult 1976.] \u00d5igekeelsuskomisjoni otsused. Tallinn 1985, lk 3\u20138.<\/p>\n<p>Verbide kokku- ja lahkukirjutamine. Kirjakeele teataja 1979\u20131983. [Kaanel ekslikult 1976.] \u00d5igekeelsuskomisjoni otsused. Tallinn 1985, lk 39\u201344.<\/p>\n<p>Johannes Aavik oma tuletistest. Kolm kirja. \u2013 S\u00f5naloo raamat. Tartu 2002, 260\u2013264.<\/p>\n<p>Sissejuhatuseks. \u2013 M\u00fcller, Georg. Jutluseraamat. Koostanud K\u00fclli Habicht, Valve-Liivi Kingisepp, Jaak Peebo, K\u00fclli Prillop. Eesti m\u00f5ttelugu 78. Tartu 2007. 7\u201313.<\/p>\n","protected":false},"excerpt":{"rendered":"<p>Sissejuhatus strukturaallingvistikasse. \u041b. \u041d. \u0417\u0430\u0441\u043e\u0440\u0438\u043d\u0430, \u0412\u0432\u0435\u0434\u0435\u043d\u0438\u0435 \u0432 \u0441\u0442\u0440\u0443\u043a\u0442\u0443\u0440\u043d\u0443\u044e \u043b\u0438\u043d\u0433\u0432\u0438\u0441\u0442\u0438\u043a\u0443. \u0418\u0437\u0434-\u0432\u043e \u201eB\u044b\u0441\u0448\u0430\u044f \u0448\u043a\u043e\u043b\u0430\u201c. 1974. [Retsensioon.] \u2013 Keel ja Kirjandus 1975, nr 6, lk 375\u2013377. Keeleteaduse alged. XI klass (35 tundi). Seletuskiri. Programm. Kirjandus. Fakultatiivkursuste n\u00e4idisprogrammid. Tallinn 1976, lk 9\u201320. Eesti keele &#8230;<\/p>\n","protected":false},"author":102,"featured_media":0,"parent":0,"menu_order":0,"comment_status":"closed","ping_status":"closed","template":"","meta":{"_acf_changed":false,"inline_featured_image":false,"footnotes":""},"class_list":["post-12","page","type-page","status-publish","hentry"],"acf":[],"_links":{"self":[{"href":"https:\/\/sisu.ut.ee\/hunoratsep\/wp-json\/wp\/v2\/pages\/12","targetHints":{"allow":["GET"]}}],"collection":[{"href":"https:\/\/sisu.ut.ee\/hunoratsep\/wp-json\/wp\/v2\/pages"}],"about":[{"href":"https:\/\/sisu.ut.ee\/hunoratsep\/wp-json\/wp\/v2\/types\/page"}],"author":[{"embeddable":true,"href":"https:\/\/sisu.ut.ee\/hunoratsep\/wp-json\/wp\/v2\/users\/102"}],"replies":[{"embeddable":true,"href":"https:\/\/sisu.ut.ee\/hunoratsep\/wp-json\/wp\/v2\/comments?post=12"}],"version-history":[{"count":2,"href":"https:\/\/sisu.ut.ee\/hunoratsep\/wp-json\/wp\/v2\/pages\/12\/revisions"}],"predecessor-version":[{"id":110,"href":"https:\/\/sisu.ut.ee\/hunoratsep\/wp-json\/wp\/v2\/pages\/12\/revisions\/110"}],"wp:attachment":[{"href":"https:\/\/sisu.ut.ee\/hunoratsep\/wp-json\/wp\/v2\/media?parent=12"}],"curies":[{"name":"wp","href":"https:\/\/api.w.org\/{rel}","templated":true}]}}