{"id":10,"date":"2024-04-04T04:37:05","date_gmt":"2024-04-04T01:37:05","guid":{"rendered":"https:\/\/sisu.ut.ee\/hunoratsep\/populaarteaduslik\/"},"modified":"2024-04-29T15:51:49","modified_gmt":"2024-04-29T12:51:49","slug":"populaarteaduslik","status":"publish","type":"page","link":"https:\/\/sisu.ut.ee\/hunoratsep\/populaarteaduslik\/","title":{"rendered":"Populaarteaduslik"},"content":{"rendered":"<p>V\u00f5\u00f5rsilt laenatud s\u00f5nadest eesti keeles. \u2013 Kodumurre 5. Eesti NSV TA Emakeele Selts. Tallinn 1962, lk 22\u201339.<\/p>\n<p>Maailma keeltest. \u2013 Kodumurre 7. Eesti NSV TA Emakeele Selts. Tallinn 1965, k 13\u201334.<\/p>\n<p>Ise niisugune ilus naine ja r\u00e4\u00e4gib sellist matsi keelt. \u2013 Noorus 1969, nr 6, lk 74\u201375.<\/p>\n<p>Mis sellest keeleteadusest kasu on?! \u2013 Noorus 1970, nr 12, lk 32\u201335.<\/p>\n<p>Lindu tuntakse laulust, inimest keelest. \u2013 Noorus 1970, nr 12, lk 32\u201335.<\/p>\n<p>Murretest keeleteoreetiku seisukohalt vaadatuna. \u2013 Kodumurre 10\/11. Eesti NSV TA Emakeele Selts. Tallinn 1972, lk 3\u201312.<\/p>\n<p>Kelle keelt me uurime? \u2013 Looming 1972, nr 11, lk 1919\u20131920.<\/p>\n<p>Lindu tuntakse laulust, inimest keelest. \u2013 Keel, mida me harime. Tallinn 1976, lk 116\u2013120.<\/p>\n<p>Murdekeel ja kirjakeel. \u2013 Keel, mida harime. Tallinn 1976, lk 121\u2013124.<\/p>\n<p>Reeglistus keelekorralduses ja kooligrammatikas. [Koos Henn Saari, Mati Hindi, Virgi Jalaka ja Rein Kulliga.] \u2013 N\u00f5ukogude Kool 1980, nr 1, lk 19\u201326.<\/p>\n<p>Estonian language. \u2013 Soviet Estonia. [Artikkel, autori nimi puudub.] Tallinn 1980, pp 263\u2013272.<\/p>\n<p>Turu kongressil. \u2013 Tartu Riiklik \u00dclikool 26. sept 1980, nr 26, lk 3.<\/p>\n<p>The Estonian Language. [Artikkel, autori nimi m\u00e4rkimata.] \u2013 A Thousand and One Facts about Soviet Estonia. Tallinn 1981, pp 27\u201331.<\/p>\n<p>Lindu tuntakse laulust, inimest keelest. \u2013 [Ilmunud raamatus: Toivo Kuldsepp, T\u00f5nu Seilenthal, Nykyviron lukemisto.] Tietolipas 82, Pieks\u00e4m\u00e4ki, s 260\u2013264.<\/p>\n<p>Laup\u00e4eval on koos eesti filoloogid. \u2013 Tartu Riiklik \u00dclikool 23. sept 1983, nr 24, lk 1.<\/p>\n<p><a href=\"http:\/\/www.emakeeleselts.ee\/omakeel\/2003_2\/Ratsep.pdf\" target=\"_blank\" rel=\"noopener\">Arvs\u00f5nade p\u00e4ritolust eesti keeles. \u2013 Oma Keel 2003, nr 2, lk 11\u201318.<\/a><\/p>\n<p><a href=\"http:\/\/www.emakeeleselts.ee\/omakeel\/2005_1\/02.pdf\" target=\"_blank\" rel=\"noopener\">Wiedemanni fenomen. \u2013\u00a0 Oma Keel 2005, nr 1, lk 14\u201320.<\/a><\/p>\n<p><a href=\"http:\/\/www.emakeeleselts.ee\/omakeel\/2005_2\/02.pdf\" target=\"_blank\" rel=\"noopener\">Kust need loomad nimed said? Koduloomade nimetused. \u2013 Oma Keel 2005, nr 2, lk 13\u201322.<\/a><\/p>\n<p>Kust need loomad nimed said? Metsloomade nimetused. \u2013 Oma Keel 2006, nr 2, lk 13\u201327.<\/p>\n<p>Kui kaua me oleme olnud <em>eestlased<\/em>? \u2013 Oma Keel 2007, nr 1, 5\u201315.<\/p>\n<p>Mul kogu k\u00fcla sugulasi t\u00e4is. Suguluss\u00f5nadest ja nende p\u00e4ritolust \u2013 Oma Keel 2009, nr 1, 21\u201333.<\/p>\n<p>TAL ON METALL SEES. Metallinimede p\u00e4ritolust \u2013 Oma Keel 2010, nr 2, lk 17\u201326.<\/p>\n<p>Kolumbus Krisostomus. Kolumbuse-aegsete eesti poisslaste meelisnimedest ja nende p\u00e4ritolust \u2013 Oma Keel 2011, nr 2, 17\u201326.<\/p>\n<p>Kolumbus Krisostomus. Kolumbuse-aegsete eesti poisslaste meelisnimedest ja nende p\u00e4ritolust II \u2013 Oma Keel 2012, nr 1, 5\u201318.<\/p>\n<p>Pahupidi kadakasaksad. Rahvaet\u00fcmoloogiaid eesti keelest. \u2013 Oma Keel 2012, nr 2, 11\u201322.<\/p>\n<p>\u201cMa ei v\u00f5i keele praegust seisukorda lihtsalt mitte rahuliku meelega pealt vaadata\u201d (Johannes Aavik 1912). Keeleuuenduse s\u00fcnd. \u2013 Oma Keel 2013, nr 1, 5\u201312.<\/p>\n","protected":false},"excerpt":{"rendered":"<p>V\u00f5\u00f5rsilt laenatud s\u00f5nadest eesti keeles. \u2013 Kodumurre 5. Eesti NSV TA Emakeele Selts. Tallinn 1962, lk 22\u201339. Maailma keeltest. \u2013 Kodumurre 7. Eesti NSV TA Emakeele Selts. Tallinn 1965, k 13\u201334. Ise niisugune ilus naine ja r\u00e4\u00e4gib sellist matsi keelt. &#8230;<\/p>\n","protected":false},"author":102,"featured_media":0,"parent":0,"menu_order":0,"comment_status":"closed","ping_status":"closed","template":"","meta":{"_acf_changed":false,"inline_featured_image":false,"footnotes":""},"class_list":["post-10","page","type-page","status-publish","hentry"],"acf":[],"_links":{"self":[{"href":"https:\/\/sisu.ut.ee\/hunoratsep\/wp-json\/wp\/v2\/pages\/10","targetHints":{"allow":["GET"]}}],"collection":[{"href":"https:\/\/sisu.ut.ee\/hunoratsep\/wp-json\/wp\/v2\/pages"}],"about":[{"href":"https:\/\/sisu.ut.ee\/hunoratsep\/wp-json\/wp\/v2\/types\/page"}],"author":[{"embeddable":true,"href":"https:\/\/sisu.ut.ee\/hunoratsep\/wp-json\/wp\/v2\/users\/102"}],"replies":[{"embeddable":true,"href":"https:\/\/sisu.ut.ee\/hunoratsep\/wp-json\/wp\/v2\/comments?post=10"}],"version-history":[{"count":2,"href":"https:\/\/sisu.ut.ee\/hunoratsep\/wp-json\/wp\/v2\/pages\/10\/revisions"}],"predecessor-version":[{"id":108,"href":"https:\/\/sisu.ut.ee\/hunoratsep\/wp-json\/wp\/v2\/pages\/10\/revisions\/108"}],"wp:attachment":[{"href":"https:\/\/sisu.ut.ee\/hunoratsep\/wp-json\/wp\/v2\/media?parent=10"}],"curies":[{"name":"wp","href":"https:\/\/api.w.org\/{rel}","templated":true}]}}