{"id":7,"date":"2024-04-04T07:27:56","date_gmt":"2024-04-04T04:27:56","guid":{"rendered":"https:\/\/sisu.ut.ee\/humasygiskool\/esineja\/"},"modified":"2025-11-20T14:13:19","modified_gmt":"2025-11-20T12:13:19","slug":"esineja","status":"publish","type":"page","link":"https:\/\/sisu.ut.ee\/humasygiskool\/esineja\/","title":{"rendered":"K\u00fclalisesineja ja vestluspaneel \/ Guest and panel discussion"},"content":{"rendered":"<p>Lisaks magistrantide ettekannetele toimub s\u00fcgiskoolis ka<strong> vestlus\u00f5htu k\u00fclalisesinejaga, kelleks on t\u00e4navu Grete Arro!<\/strong><\/p>\n<p>Grete Arro on Tallinna \u00dclikooli haridusps\u00fchholoogia vanemteadur. \u00dcritus toimub <strong>27. novembril Tartu \u00dclikooli T\u00f5stamaa seminariruumis<\/strong>.<\/p>\n<p><strong>28. novembril<\/strong> toimub vestluspaneel <strong>\u201cMissugune on HUMA ja humanitaaria tulevik?\u201d.<\/strong><\/p>\n<p>T\u00e4psem info tuleb peagi!<\/p>\n<p>***<\/p>\n<p><strong>Guests<\/strong><\/p>\n<p>In addition to master\u2019s students, the conference will also include <strong>a discussion with a special guest, Grete Arro!<\/strong><\/p>\n<p>Grete Arro is an Associate Professor in Educational Psychology. The event will take place <strong>on November 27 at<\/strong> <strong>Tartu University Library T\u00f5stamaa room<\/strong>.<\/p>\n<p><strong>On November 28<\/strong>, a panel discussion entitled <strong>\u201cWhat is the future of HUMA and the humanities?\u201d <\/strong>will take place.<\/p>\n<p>More detailed information coming soon!<\/p>\n\n\n<p><\/p>\n","protected":false},"excerpt":{"rendered":"<p>Lisaks magistrantide ettekannetele toimub s\u00fcgiskoolis ka vestlus\u00f5htu k\u00fclalisesinejaga, kelleks on t\u00e4navu Grete Arro! Grete Arro on Tallinna \u00dclikooli haridusps\u00fchholoogia vanemteadur. \u00dcritus toimub 27. novembril Tartu \u00dclikooli T\u00f5stamaa seminariruumis. 28. novembril toimub vestluspaneel \u201cMissugune on HUMA ja humanitaaria tulevik?\u201d. T\u00e4psem info &#8230;<\/p>\n","protected":false},"author":28,"featured_media":0,"parent":0,"menu_order":0,"comment_status":"closed","ping_status":"closed","template":"","meta":{"_acf_changed":false,"inline_featured_image":false,"footnotes":""},"class_list":["post-7","page","type-page","status-publish","hentry"],"acf":[],"_links":{"self":[{"href":"https:\/\/sisu.ut.ee\/humasygiskool\/wp-json\/wp\/v2\/pages\/7","targetHints":{"allow":["GET"]}}],"collection":[{"href":"https:\/\/sisu.ut.ee\/humasygiskool\/wp-json\/wp\/v2\/pages"}],"about":[{"href":"https:\/\/sisu.ut.ee\/humasygiskool\/wp-json\/wp\/v2\/types\/page"}],"author":[{"embeddable":true,"href":"https:\/\/sisu.ut.ee\/humasygiskool\/wp-json\/wp\/v2\/users\/28"}],"replies":[{"embeddable":true,"href":"https:\/\/sisu.ut.ee\/humasygiskool\/wp-json\/wp\/v2\/comments?post=7"}],"version-history":[{"count":9,"href":"https:\/\/sisu.ut.ee\/humasygiskool\/wp-json\/wp\/v2\/pages\/7\/revisions"}],"predecessor-version":[{"id":169,"href":"https:\/\/sisu.ut.ee\/humasygiskool\/wp-json\/wp\/v2\/pages\/7\/revisions\/169"}],"wp:attachment":[{"href":"https:\/\/sisu.ut.ee\/humasygiskool\/wp-json\/wp\/v2\/media?parent=7"}],"curies":[{"name":"wp","href":"https:\/\/api.w.org\/{rel}","templated":true}]}}