{"id":10,"date":"2024-04-04T07:27:56","date_gmt":"2024-04-04T04:27:56","guid":{"rendered":"https:\/\/sisu.ut.ee\/humasygiskool\/avaleht\/"},"modified":"2025-11-19T14:01:32","modified_gmt":"2025-11-19T12:01:32","slug":"avaleht","status":"publish","type":"page","link":"https:\/\/sisu.ut.ee\/humasygiskool\/","title":{"rendered":"Avaleht \/ Home page"},"content":{"rendered":"<p><strong>10. humanitaarteaduste magistrikooli (HUMA) s\u00fcgiskool toimub 27.\u201328. novembril 2025 Tartu \u00dclikooli Raamatukogus. Konverents toimub eesti ja inglise keeles. <\/strong><\/p>\n<p>S\u00fcgiskooli eesm\u00e4rgiks on anda humanitaarvaldkonna magistrantidele v\u00f5imalus pidada populaarteaduslik ettekanne oma magistrit\u00f6\u00f6 teemal ja saada tagasisidet erinevate erialade \u00f5ppej\u00f5ududelt ja \u00fcli\u00f5pilastelt. Ettekandega on oodatud osalema eesk\u00e4tt 2. aasta magistrandid, kuid 1. aasta magistrandid on kutsutud koostama posterettekande.<\/p>\n<p>Ettekandeks on aega 15 minutit, millele j\u00e4rgneb 15 minutit diskussiooni.<\/p>\n<p>S\u00fcgiskooli ettekanne ei ole m\u00f5eldud niiv\u00f5rd erialaspetsialistidele, kuiv\u00f5rd laiemale, interdistsiplinaarsele kuulajaskonnale. Oskus oma eriala populariseerida on t\u00e4nases akadeemilises maailmas v\u00e4ga oluline. S\u00fcgiskooli ettekannet ette valmistades tuleks m\u00f5elda sellele, kuidas selgitada oma uurimisprobleemi ja erialast l\u00e4henemist teise eriala inimestele ja miks antud uurimist\u00f6\u00f6 on \u00fchiskonnale oluline.<\/p>\n<p><strong>Ettekannete pealkirju ja teese (200 s\u00f5na) soovime saada 1. novembriks HUMA s\u00fcgiskooli meiliaadressile (humasygiskool@ut.ee) .\u00a0 Ettekannete slaide ootame 24. novembriks samuti HUMA s\u00fcgiskooli meiliaadressile.<\/strong><\/p>\n<p><strong>Posterettekande teemat v\u00f5i pealkirja ootame HUMA s\u00fcgiskooli meiliaadressile (humasygiskool@ut.ee) 1. novembriks, valmis poster saata palun samale meiliaadressile hiljemalt 17. novembriks.<\/strong><\/p>\n<p>K\u00f5ik k\u00fcsimused, probleemid ja m\u00f5tted on oodatud aadressil <strong>humasygiskool@ut.ee.<\/strong><\/p>\n<p>***<\/p>\n<p><strong>Dear master\u2019s students! The annual Graduate School of Humanities (HUMA) Autumn School is coming again! The 10th conference will take place on\u00a0the 27th\u201328th of November at the University of Tartu Library.\u00a0<\/strong><\/p>\n<p>The event brings together students and lecturers throughout the humanities field. The conference will be held in both English and Estonian. The Autumn school aims to allow master\u2019s students to give a presentation about their thesis and receive\u00a0feedback from both professors and students from different faculties. The presentations will be held by 2nd-year master\u2019s students, but 1st-year students can also try out a poster presentation.<\/p>\n<p>Presentations should last no longer than 15 minutes and are followed by 15 minutes of discussions and feedback.<\/p>\n<p>The Autumn School is not intended only for specialists in a certain field, but is rather meant for an interdisciplinary audience. The ability to popularise your field of study to a wider audience is a must in today\u2019s academic world. When preparing for a presentation, you should focus on how to explain your research question(s) and how to explain them to people from another field of study.<\/p>\n<p><strong>The deadline for presentation\u2019s title and a 200-word thesis is November 1st, please submit them to HUMA\u2019s email address (humasygiskool@ut.ee).\u00a0 Additionally, we expect to receive presentation slides by November 24, to the same email address.\u00a0<\/strong><\/p>\n<p><strong>Please send the topics or titles of your poster presentations to the HUMA Autumn School email address (humasygiskool@ut.ee) by November 1. Please send your finished posters to the same email address by November 17 at the latest.<\/strong><\/p>\n<p>All questions, problems and ideas are welcome and appreciated at <strong>humasygiskool@ut.ee.<\/strong><\/p>\n\n\n<div class=\"wp-block-group attached-files-group is-layout-constrained wp-block-group-is-layout-constrained\"><\/div>\n\n\n\n<p><\/p>\n","protected":false},"excerpt":{"rendered":"<p>10. humanitaarteaduste magistrikooli (HUMA) s\u00fcgiskool toimub 27.\u201328. novembril 2025 Tartu \u00dclikooli Raamatukogus. Konverents toimub eesti ja inglise keeles. S\u00fcgiskooli eesm\u00e4rgiks on anda humanitaarvaldkonna magistrantidele v\u00f5imalus pidada populaarteaduslik ettekanne oma magistrit\u00f6\u00f6 teemal ja saada tagasisidet erinevate erialade \u00f5ppej\u00f5ududelt ja \u00fcli\u00f5pilastelt. Ettekandega &#8230;<\/p>\n","protected":false},"author":28,"featured_media":0,"parent":0,"menu_order":0,"comment_status":"closed","ping_status":"closed","template":"","meta":{"_acf_changed":false,"inline_featured_image":false,"footnotes":""},"class_list":["post-10","page","type-page","status-publish","hentry"],"acf":[],"_links":{"self":[{"href":"https:\/\/sisu.ut.ee\/humasygiskool\/wp-json\/wp\/v2\/pages\/10","targetHints":{"allow":["GET"]}}],"collection":[{"href":"https:\/\/sisu.ut.ee\/humasygiskool\/wp-json\/wp\/v2\/pages"}],"about":[{"href":"https:\/\/sisu.ut.ee\/humasygiskool\/wp-json\/wp\/v2\/types\/page"}],"author":[{"embeddable":true,"href":"https:\/\/sisu.ut.ee\/humasygiskool\/wp-json\/wp\/v2\/users\/28"}],"replies":[{"embeddable":true,"href":"https:\/\/sisu.ut.ee\/humasygiskool\/wp-json\/wp\/v2\/comments?post=10"}],"version-history":[{"count":10,"href":"https:\/\/sisu.ut.ee\/humasygiskool\/wp-json\/wp\/v2\/pages\/10\/revisions"}],"predecessor-version":[{"id":151,"href":"https:\/\/sisu.ut.ee\/humasygiskool\/wp-json\/wp\/v2\/pages\/10\/revisions\/151"}],"wp:attachment":[{"href":"https:\/\/sisu.ut.ee\/humasygiskool\/wp-json\/wp\/v2\/media?parent=10"}],"curies":[{"name":"wp","href":"https:\/\/api.w.org\/{rel}","templated":true}]}}