{"id":9,"date":"2024-04-04T03:43:29","date_gmt":"2024-04-04T00:43:29","guid":{"rendered":"https:\/\/sisu.ut.ee\/hiv\/proovidejaandmetevaljastus\/"},"modified":"2024-04-12T14:13:34","modified_gmt":"2024-04-12T11:13:34","slug":"proovidejaandmetevaljastus","status":"publish","type":"page","link":"https:\/\/sisu.ut.ee\/hiv\/proovidejaandmetevaljastus\/","title":{"rendered":"Proovide ja andmete v\u00e4ljastus"},"content":{"rendered":"<p><span style=\"font-size: small\">E-HIV andmete ja\/v\u00f5i biomaterjali kasutamiseks esitab asjast huvitatud isik\u00a0\u00a0<a href=\"\/wp-content\/uploads\/sites\/251\/e-hiv_kasutuse_taotlus.pdf\" target=\"_blank\" rel=\"noopener\">taotluse<\/a><em>\u00a0<\/em>E-HIV noukogule (heli.rajasaar@ut.ee) koos t\u00f6\u00f6 eesm\u00e4rkide ja l\u00fchikirjeldusega. N\u00f5ukogul on \u00f5igus k\u00fcsida lisak\u00fcsimusi enne, kui ta loa v\u00e4ljastab.<\/span><\/p>\n<p><span style=\"font-size: small\">Eesti Infektsioonhaiguste Seltsi liikmetele ja teaduritele, kes on otseselt seotud andmete kogumisega, on andmete v\u00e4ljastus tasuta ja teistele asutustele\/ettev\u00f5tetele tasuline, vastavalt t\u00f6\u00f6 hulgale. E-HIV andmekogu m\u00e4\u00e4rab v\u00e4ljastuse hinna arvestades igat konkreetset taotlust, v\u00f5ttes aluseks k\u00fcsitud andmete k\u00e4itlemist ja v\u00e4ljastusformaati. Biomaterjalid ei ole tasulised. E-HIV andmete ja bioproovide pealt publitseeritud artiklitel on kaasautoriteks v\u00e4hemalt kaks E-HIV noukogu poolt nimetatud teadlast, kes on antud projektiga seotud.<\/span><\/p>\n<p><span style=\"color: #000000;font-size: small;font-family: Arial\">\u00a0<\/span><\/p>\n","protected":false},"excerpt":{"rendered":"<p>E-HIV andmete ja\/v\u00f5i biomaterjali kasutamiseks esitab asjast huvitatud isik\u00a0\u00a0taotluse\u00a0E-HIV noukogule (heli.rajasaar@ut.ee) koos t\u00f6\u00f6 eesm\u00e4rkide ja l\u00fchikirjeldusega. N\u00f5ukogul on \u00f5igus k\u00fcsida lisak\u00fcsimusi enne, kui ta loa v\u00e4ljastab. Eesti Infektsioonhaiguste Seltsi liikmetele ja teaduritele, kes on otseselt seotud andmete kogumisega, on andmete &#8230;<\/p>\n","protected":false},"author":128,"featured_media":0,"parent":0,"menu_order":0,"comment_status":"closed","ping_status":"closed","template":"","meta":{"_acf_changed":false,"inline_featured_image":false,"footnotes":""},"class_list":["post-9","page","type-page","status-publish","hentry"],"acf":[],"_links":{"self":[{"href":"https:\/\/sisu.ut.ee\/hiv\/wp-json\/wp\/v2\/pages\/9","targetHints":{"allow":["GET"]}}],"collection":[{"href":"https:\/\/sisu.ut.ee\/hiv\/wp-json\/wp\/v2\/pages"}],"about":[{"href":"https:\/\/sisu.ut.ee\/hiv\/wp-json\/wp\/v2\/types\/page"}],"author":[{"embeddable":true,"href":"https:\/\/sisu.ut.ee\/hiv\/wp-json\/wp\/v2\/users\/128"}],"replies":[{"embeddable":true,"href":"https:\/\/sisu.ut.ee\/hiv\/wp-json\/wp\/v2\/comments?post=9"}],"version-history":[{"count":1,"href":"https:\/\/sisu.ut.ee\/hiv\/wp-json\/wp\/v2\/pages\/9\/revisions"}],"predecessor-version":[{"id":180,"href":"https:\/\/sisu.ut.ee\/hiv\/wp-json\/wp\/v2\/pages\/9\/revisions\/180"}],"wp:attachment":[{"href":"https:\/\/sisu.ut.ee\/hiv\/wp-json\/wp\/v2\/media?parent=9"}],"curies":[{"name":"wp","href":"https:\/\/api.w.org\/{rel}","templated":true}]}}