{"id":8,"date":"2024-04-04T03:43:28","date_gmt":"2024-04-04T00:43:28","guid":{"rendered":"https:\/\/sisu.ut.ee\/hiv\/e-hiv\/"},"modified":"2024-04-12T14:12:59","modified_gmt":"2024-04-12T11:12:59","slug":"e-hiv","status":"publish","type":"page","link":"https:\/\/sisu.ut.ee\/hiv\/e-hiv\/","title":{"rendered":"EESTI HIV andmekogu (E-HIV)"},"content":{"rendered":"<h3><span style=\"font-size: small\"><strong><img loading=\"lazy\" decoding=\"async\" src=\"\/wp-content\/uploads\/sites\/251\/ehiv.png\" width=\"205\" height=\"77\"><\/strong><\/span><\/h3>\n<h3><span style=\"font-size: medium\"><strong>Asutamine<\/strong><\/span><\/h3>\n<h3><span style=\"font-size: small\">2009. aastal asutas Eesti Infektsioonhaiguste Selts koostoos T\u00dc mikrobioloogia instituudi HIV-grupiga Eesti HIV-positiivsete patsientide andmekogu (E-HIV). E-HIVi sisestatakse andmed HIV-positiivsete t\u00e4iskasvanud patsientide kohta informeeritud n\u00f5usoleku alusel. Haigetelt kogutakse demograafilisi ja HIV-infektsiooniga seotud kliinilisi andmeid. \u00a0Andmekogu oluline \u00fclesanne on ka bioproovide kogumine, korrastamine ja s\u00e4ilitamine nii teadust\u00f6\u00f6 kui ka kliinilistel eesm\u00e4rkidel. Bioproove (t\u00e4isveri) koguvad k\u00f5ik Eesti HIV-positiivsete patsientidega tegelevad asutused (haiglad ja vanglad) igalt haigelt v\u00e4hemalt \u00fcks kord aastas. T\u00e4isverest eraldatakse vereplasma ja perifeerse vere mononukleaarsed rakud ja s\u00e4ilitatakse T\u00dc mikrobioloogia instituudis. Andmete kogumine, t\u00f6\u00f6tlemine ja biomaterjali haldamine toimub andmekogule loodud spetsiifilise tarkvaraplatvormi abil.<\/span><\/h3>\n<h3><span style=\"font-size: small\">T\u00e4psem informatsioon andmekogu ja biopanga kohta on toodud andmekogu\u00a0<a href=\"https:\/\/sisu.ut.ee\/wp-content\/uploads\/sites\/251\/e-hiv_eeskirjad_est_06.09.16.pdf\" target=\"_blank\" rel=\"noopener\">eeskirjades.<\/a><\/span><\/h3>\n<p><span style=\"font-size: small\"><a href=\"https:\/\/sisu.ut.ee\/wp-content\/uploads\/sites\/251\/eis_otsus_hiv_andmekogu_loomisest.doc\" target=\"_blank\" rel=\"noopener\">Eesti Infektsioonhaiguste Seltsi otsus<\/a><\/span><\/p>\n<p><span style=\"font-size: small\"><a href=\"https:\/\/sisu.ut.ee\/wp-content\/uploads\/sites\/251\/andmekogu_kinnitatud_pohikiri_08.2014.pdf\" target=\"_blank\" rel=\"noopener\">E-HIV p\u00f5hikiri<\/a><\/span><\/p>\n<hr>\n<p><strong style=\"font-size: small;color: inherit;font-family: inherit\"><span style=\"font-size: medium\">Kogutavad andmed<\/span><br><\/strong><\/p>\n<h3><span style=\"font-size: small\">Patsiendi informeeritud n\u00f5usoleku alusel kogutakse retrospektiivselt ja prospektiivselt patsiendi demograafilised ja HIV haigestumist iseloomustavad kliinilised n\u00e4itajad ning biomaterjal.\u00a020.02.2017 seisuga on E-HIV-s 4822 patsienti (Eestis on nakkushaiguste arsti k\u00fclastanud kokku orienteeruvalt 5354 elusolevat HIV-positiivset isikut) ja bioproov kogutud 1653 haigelt kokku 3005 korral.<\/span><\/h3>\n<h3><span style=\"font-size: small\"><a href=\"https:\/\/sisu.ut.ee\/wp-content\/uploads\/sites\/251\/andmed_hiv_andmekogus_04.16.doc\" target=\"_blank\" rel=\"noopener\">Andmekoosseis 28.04.2016<\/a><\/span><\/h3>\n<h3><span style=\"font-size: small\">Slaidid andmekogu andmetest:<\/span><\/h3>\n<p><span style=\"font-size: small\"><a href=\"https:\/\/sisu.ut.ee\/wp-content\/uploads\/sites\/251\/e-hiv_31.12.14_eesti.pdf\" target=\"_blank\" rel=\"noopener\">Andmekogu andmed seisuga 31.12.2014<\/a><\/span><\/p>\n<p><span style=\"font-size: small\"><a href=\"https:\/\/sisu.ut.ee\/wp-content\/uploads\/sites\/251\/e-hiv_31.12.14_eesti.pdf\" target=\"_blank\" rel=\"noopener\"><\/a><\/span><a style=\"font-size: small;font-family: inherit;background-color: #ffffff\" href=\"https:\/\/sisu.ut.ee\/wp-content\/uploads\/sites\/251\/e-hiv_2015.pdf\">Andmekogu andmed seisuga 31.12.2015<\/a><\/p>\n<p><a style=\"font-family: inherit;font-size: small;background-color: #ffffff\" href=\"https:\/\/sisu.ut.ee\/wp-content\/uploads\/sites\/251\/e-hiv_koduleht_2016.pdf\">Andmekogu andmed seisuga 31.12.2016<\/a><\/p>\n<p><a href=\"\/wp-content\/uploads\/sites\/251\/e-hiv_31.12.2017_ingl-k_o.pdf\" target=\"_blank\" rel=\"noopener\"><span style=\"font-size: small\">Andmekogu andmed seisuga 31.12.2017<\/span><\/a><\/p>\n<p><span style=\"font-size: small\">\u00a0<\/span><\/p>\n","protected":false},"excerpt":{"rendered":"<p>Asutamine 2009. aastal asutas Eesti Infektsioonhaiguste Selts koostoos T\u00dc mikrobioloogia instituudi HIV-grupiga Eesti HIV-positiivsete patsientide andmekogu (E-HIV). E-HIVi sisestatakse andmed HIV-positiivsete t\u00e4iskasvanud patsientide kohta informeeritud n\u00f5usoleku alusel. Haigetelt kogutakse demograafilisi ja HIV-infektsiooniga seotud kliinilisi andmeid. \u00a0Andmekogu oluline \u00fclesanne on ka &#8230;<\/p>\n","protected":false},"author":128,"featured_media":0,"parent":0,"menu_order":0,"comment_status":"closed","ping_status":"closed","template":"","meta":{"_acf_changed":false,"inline_featured_image":false,"footnotes":""},"class_list":["post-8","page","type-page","status-publish","hentry"],"acf":[],"_links":{"self":[{"href":"https:\/\/sisu.ut.ee\/hiv\/wp-json\/wp\/v2\/pages\/8","targetHints":{"allow":["GET"]}}],"collection":[{"href":"https:\/\/sisu.ut.ee\/hiv\/wp-json\/wp\/v2\/pages"}],"about":[{"href":"https:\/\/sisu.ut.ee\/hiv\/wp-json\/wp\/v2\/types\/page"}],"author":[{"embeddable":true,"href":"https:\/\/sisu.ut.ee\/hiv\/wp-json\/wp\/v2\/users\/128"}],"replies":[{"embeddable":true,"href":"https:\/\/sisu.ut.ee\/hiv\/wp-json\/wp\/v2\/comments?post=8"}],"version-history":[{"count":1,"href":"https:\/\/sisu.ut.ee\/hiv\/wp-json\/wp\/v2\/pages\/8\/revisions"}],"predecessor-version":[{"id":198,"href":"https:\/\/sisu.ut.ee\/hiv\/wp-json\/wp\/v2\/pages\/8\/revisions\/198"}],"wp:attachment":[{"href":"https:\/\/sisu.ut.ee\/hiv\/wp-json\/wp\/v2\/media?parent=8"}],"curies":[{"name":"wp","href":"https:\/\/api.w.org\/{rel}","templated":true}]}}