{"id":6,"date":"2024-04-04T03:43:28","date_gmt":"2024-04-04T00:43:28","guid":{"rendered":"https:\/\/sisu.ut.ee\/hiv\/projektid\/"},"modified":"2024-04-12T14:08:02","modified_gmt":"2024-04-12T11:08:02","slug":"projektid","status":"publish","type":"page","link":"https:\/\/sisu.ut.ee\/hiv\/projektid\/","title":{"rendered":"Projektid"},"content":{"rendered":"<p><strong><span style=\"font-size: medium\">K\u00e4imasolevad projektid:<\/span><\/strong><\/p>\n<p><strong><a href=\"https:\/\/sisu.ut.ee\/wp-content\/uploads\/sites\/251\/infektsioonid_langenud_immuunsusega_isikutel.docx\" target=\"_blank\" rel=\"noopener\">Infektsioonid langenud immuunsusega isikutel \u2013 eksperimendist kliinilisse praktikasse (2015-2020)<\/a><\/strong><\/p>\n<p><a href=\"https:\/\/www.etis.ee\/portal\/portaal\/projektiAndmed.aspx?VID=bd0b1e06-7a93-4ad9-8081-d9d9fb2aba74&amp;TextBoxName=Kristi%20HUik&amp;PersonVID=52689&amp;lang=et&amp;FromUrl0=isikud.aspx&amp;FromUrl1=isikuProjektid.aspx\" target=\"_blank\" rel=\"noopener\">ETIS<\/a><\/p>\n<hr>\n<p><strong><span style=\"font-size: medium\">L\u00f5ppenud projektid:<\/span><\/strong><br><strong><a href=\"https:\/\/sisu.ut.ee\/wp-content\/uploads\/sites\/251\/siirdeuuringud_neuroimmunoloogiliste_haiguste_paremaks_diagnostikaks_ja_raviks.docx\" target=\"_blank\" rel=\"noopener\">Siirdeuuringud neuroimmunoloogiliste haiguste paremaks diagnostikaks ja raviks (2008 \u2013 2015)<\/a><\/strong><\/p>\n<p><a href=\"https:\/\/www.etis.ee\/portaal\/projektiAndmed.aspx?RadioButton3=False&amp;RadioButton2=False&amp;VID=c686ac41-d7bd-45a2-9814-29cbea225461&amp;RadioButton1=True&amp;TextBoxSearchByCategory=Siirdeuuringud%20neuroimmunoloogiliste&amp;lang=et&amp;FromUrl0=projektiInfo.aspx\" target=\"_blank\" rel=\"noopener\">ETIS<\/a><strong><br><\/strong><\/p>\n<p><strong><a href=\"https:\/\/sisu.ut.ee\/wp-content\/uploads\/sites\/251\/eurocoord.docx\" target=\"_blank\" rel=\"noopener\">EuroCoord -European Network of HIV\/AIDS cohort studies to coordinate at European and International level clinical research on HIV\/AIDS (2010 \u2013 2015)<\/a><br><\/strong><\/p>\n<p><a href=\"https:\/\/www.etis.ee\/portaal\/projektiAndmed.aspx?RadioButton3=False&amp;RadioButton2=False&amp;VID=32e7cc31-3af5-4368-a471-bb9c3ecdd874&amp;RadioButton1=True&amp;TextBoxSearchByCategory=Eurocoord&amp;lang=et&amp;FromUrl0=projektiInfo.aspx\" target=\"_blank\" rel=\"noopener\">ETIS<\/a><strong><br><\/strong><\/p>\n<p><strong><a style=\"font-size: small;background-color: #ffffff\" href=\"https:\/\/sisu.ut.ee\/wp-content\/uploads\/sites\/251\/lakakoha_epidemioloogia_ja_molekulaargeneetika.docx\" target=\"_blank\" rel=\"noopener\">L\u00e4kak\u00f6ha epidemioloogia ja molekulaargeneetika (2012-2015)<\/a><\/strong><\/p>\n<p><a href=\"https:\/\/www.etis.ee\/portal\/portaal\/projektiAndmed.aspx?VID=7bf725f1-6356-44dc-a3a4-8519b37402f2&amp;TextBoxName=Kristi%20HUik&amp;PersonVID=52689&amp;lang=et&amp;FromUrl0=isikud.aspx&amp;FromUrl1=isikuProjektid.aspx\" target=\"_blank\" rel=\"noopener\">ETIS<\/a><\/p>\n<p><strong>HIV-BRIDGE (2011-2015) Bridging the gap in knowledge and practice of prevention and care for HIV in Estonia (2011 \u2013 2015)<\/strong><\/p>\n<p>The overarching purpose of the proposed project is to foster research, utilizing a complex systems approach \u2500 to interrogate and integrate multiple sources in order to discover new and unanticipated paradigms at the interface of HIV\/AIDS prevention and care. The formed (for the project) inter-disciplinary collaboration promotes expertise sharing across different spheres of HIV\/AIDS \u2500 integrating systems biology studies with genetic and clinical studies (i.e. collecting new data and utilizing existing structural, social, behavioural, clinical, gene variant, epigenomic, and gene expression data). The set aim will be accomplished by collaboration of the clinical epidemiology and basic research teams to facilitate application of basic scientific discoveries in clinical and community settings (research translation). Work-package (WP) 1: Clinical epidemiology Work-package (WP) 2: Molecular epidemiology Work-package (WP) 3: Knowledge Translation and Dissemination<\/p>\n<p><a href=\"https:\/\/sisu.ut.ee\/wp-content\/uploads\/sites\/251\/e-hiv_annotatsioon.docx\" target=\"_blank\" rel=\"noopener\">E-HIV (2013-2015)<\/a><\/p>\n<p>Eesti HIV-positiivsete patsientide andmekogu infotehnoloogiline arendamine, HIV-positiivsete patsientide andmete ja biomaterjali kogumine<\/p>\n<p><a href=\"https:\/\/sisu.ut.ee\/wp-content\/uploads\/sites\/251\/ccl3l1_geneetiliste_polumorfismide_ning_nende_ekspressiooni_mojutavate_viiruste_moju_immuunaktivatsioonile_antiretroviirusliku_ravi_foonil_hiv.docx\" target=\"_blank\" rel=\"noopener\">CCL3L1 geneetiliste pol\u00fcmorfismide ning nende ekspressiooni m\u00f5jutavate viiruste m\u00f5ju immuunaktivatsioonile antiretroviirusliku ravi foonil HIV-positiivsetel isikutel (2010-2013)<\/a><\/p>\n<p><a href=\"https:\/\/www.etis.ee\/portal\/portaal\/projektiAndmed.aspx?VID=7440b5f9-d19e-4fcb-bfd4-e79f6719ad8f&amp;TextBoxName=Kristi%20HUik&amp;PersonVID=52689&amp;lang=et&amp;FromUrl0=isikud.aspx&amp;FromUrl1=isikuProjektid.aspx\" target=\"_blank\" rel=\"noopener\">ETIS<\/a><\/p>\n<p><a style=\"background-color: #ffffff\" href=\"https:\/\/sisu.ut.ee\/wp-content\/uploads\/sites\/251\/peremeesorganismi_geneetiliste_polumorfismide_moju_hi.docx\" target=\"_blank\" rel=\"noopener\">Peremeesorganismi geneetiliste pol\u00fcmorfismide m\u00f5ju HI-viiruse monof\u00fcleetilise populatsiooni evolutsioonile (2009-2012)<\/a><\/p>\n<p><a href=\"https:\/\/www.etis.ee\/portal\/portaal\/projektiAndmed.aspx?VID=2a541646-afcb-4f4b-a8bd-c54d816f83d1&amp;TextBoxName=Kristi%20HUik&amp;PersonVID=52689&amp;lang=et&amp;FromUrl0=isikud.aspx&amp;FromUrl1=isikuProjektid.aspx\" target=\"_blank\" rel=\"noopener\">ETIS<\/a><\/p>\n<p><a style=\"background-color: #ffffff\" href=\"https:\/\/sisu.ut.ee\/wp-content\/uploads\/sites\/251\/ccr5_ja_tema_signaalirajaga_seotud_geenide_regulatoorsete_regioonide_metulatsiooni_mustri_moju_hiv_seropositiivsusele_europiidsesse_rassi_kuuluvate_sustivate_narkomaanide_populatsioonis.docx\" target=\"_blank\" rel=\"noopener\">CCR5 ja tema signaalirajaga seotud geenide regulatoorsete regioonide met\u00fclatsiooni mustri m\u00f5ju HIV seropositiivsusele europiidsesse rassi kuuluvate s\u00fcstivate narkomaanide populatsioonis (2011-2013)<\/a><\/p>\n<p><a href=\"https:\/\/www.etis.ee\/portal\/portaal\/projektiAndmed.aspx?RadioButton3=False&amp;RadioButton2=False&amp;VID=c4e4b24e-38e8-4a4a-a139-117f0e2a0319&amp;RadioButton1=True&amp;TextBoxSearchByCategory=CCR5&amp;lang=et&amp;FromUrl0=projektiInfo.aspx\" target=\"_blank\" rel=\"noopener\">ETIS<\/a><\/p>\n<p><a style=\"background-color: #ffffff\" href=\"https:\/\/www.etis.ee\/portal\/portaal\/projektiAndmed.aspx?VID=6a1bc02c-a013-4652-af8e-c071f9707f6a&amp;TextBoxName=Kristi%20HUik&amp;PersonVID=52689&amp;lang=et&amp;FromUrl0=isikud.aspx&amp;FromUrl1=isikuProjektid.aspx\" target=\"_blank\" rel=\"noopener\">Clostridium difficile t\u00fcvede resistentsus antibiootikumide ja desinfektantide suhtes olenevalt nende feno- ja genot\u00fc\u00fcpilistest omadustest (2009-2010)<\/a><\/p>\n<p><a style=\"background-color: #ffffff\" href=\"https:\/\/www.etis.ee\/portal\/portaal\/projektiAndmed.aspx?VID=784e867d-1c09-48c1-86d4-715471194d98&amp;TextBoxName=Kristi%20HUik&amp;PersonVID=52689&amp;lang=et&amp;FromUrl0=isikud.aspx&amp;FromUrl1=isikuProjektid.aspx\" target=\"_blank\" rel=\"noopener\">HIV infektsioon Eestis: viiruse ja peremeesorganismi interaktsioonid molekulaarsel ja kliinilisel tasandil (2006-2011)<\/a><\/p>\n<p>Antud uuringu eesm\u00e4rgiks on hinnata kas ja kuidas viiruse genot\u00fc\u00fcbist s\u00f5ltub HIV infektsiooni levik, tema vastavus antiretroviiruslikule ravile ning haiguse kulg. Samuti uuritakse missugust osa etendavad haiguse levikuteed ning peremeesorganismi immuunmehhanismid (kemokiinretseptorite ja HLA s\u00fcsteem) \u00a0HIV infektsiooni progresserumisel as\u00fcmptomaatilisest viiruse kandlusest HIV t\u00f5veks. Viiruse divergentsi osat\u00e4htsust j\u00e4lgitakse ema-lapse infektsiooni mudelil. Taotletava uuringu k\u00e4igus moodustatakse Eesti HIV positiivsete isikute teaduslik kohort, kuhu prospektiivselt ja longitudinaalselt kogutakse andmeid demograafiliste, kliiniliste ja laboratoorsete n\u00e4itajate kohta. Samuti kogutakse regulaarselt koepanka vereseerum ning perifeerse vere monots\u00fc\u00fcdid. Kasutades molekulaarseid meetodeid hinnatakse viiruse geneetilist struktuuri ja selle divergentsi. Samaaegselt m\u00e4\u00e4ratakse peremeesorganismipoolseid markereid nagu kemokiinretseptorite ja HLA s\u00fcsteemi kodeerivate geenide pol\u00fcmorfismi ning nende retseptorite ekspressiooni. Hindamaks molekulaarsete markerite m\u00f5ju viiruse \u00fclekandele ning haiguse kulule v\u00f5rreldakse neid erinevatel haigete gruppidel. Antud uuringud tulemused lisavad olulisi teadmisi rekombinantsete viiruste genot\u00fc\u00fcbi muutlikkuse kohta ning selle osast HIV infektsiooni levikule ja haiguse kulule. See aga v\u00f5imaldab tulevikus leida uusi meetodeid viiruse leviku pidurdamiseks ning HIV-infektsiooni raviks mitte ainult Eestis vaid kogu maailmas.<\/p>\n<p><a style=\"background-color: #ffffff\" href=\"https:\/\/www.etis.ee\/portal\/portaal\/projektiAndmed.aspx?VID=7032f1c9-0f0d-47e0-8079-e5a0631ad43e&amp;TextBoxName=Kristi%20HUik&amp;PersonVID=52689&amp;lang=et&amp;FromUrl0=isikud.aspx&amp;FromUrl1=isikuProjektid.aspx\" target=\"_blank\" rel=\"noopener\">Infektsioon immuuns\u00fcsteemi h\u00e4irega isikutel \u2013 haiguse mehhanimidest kliinilise praktikani (2012-2014)<\/a><\/p>\n<p>Meie multidistsiplinaarse meeskonna eesm\u00e4rgiks on uurida m\u00f5nede infektsioonhaiguste patogeneesi omandatud immuunpuudulikkusega isikutel (HIV ja HIC infektsioon, kriitilises seisundis ja intensiivravi vajavad t\u00e4iskasvanud ja vasts\u00fcndinud) ja leida optimaalsemaid raviv\u00f5imalusi. Taotlus jaguneb kolmeks t\u00f6\u00f6paketiks. Esimeses hindame enamkasutatavate antibiootikumide farmakokineetikat- ja d\u00fcnaamikat leidmaks sobivamat ravimite manustamise re\u017eiimi. Teises t\u00f6\u00f6paketis otsime pol\u00fcmorfisme HIV ja HCV infektsiooniga seotud geenides ning kasutades s\u00fcsteemi bioloogia l\u00e4henemist kirjeldame nende geenidega seotud haiguse patogeneesi. L\u00f5ppeesm\u00e4rgiks on leida m\u00e4rklaudu uute ravimite ja vaktsiinide loomiseks. Kolmandas t\u00f6\u00f6paketis uurime kuidas seedetrakti puudulikkus m\u00f5jutab kriitiliste haigusseisundite kulgu ning p\u00fc\u00fcame leida ravimeetodeid selle m\u00f5jutamiseks. Taotluse l\u00f5pptulemuseks on pre- ja varastes kliinilistes uuringutes kogutud teadmiste siirdamine kliinilisse praktikasse.<\/p>\n<p><a style=\"background-color: #ffffff\" href=\"https:\/\/www.etis.ee\/portal\/portaal\/projektiAndmed.aspx?VID=9557e581-fcae-4d47-9db4-9019437e00ab&amp;TextBoxName=Radko%20Avi&amp;PersonVID=39445&amp;lang=et&amp;FromUrl0=isikud.aspx&amp;FromUrl1=isikuProjektid.aspx\" target=\"_blank\" rel=\"noopener\">Konserveerunud j\u00e4rjestuselementide detekteerimine eukar\u00fcootsetes genoomides v\u00f5rdleva genoomika abil\u00a0<\/a><\/p>\n","protected":false},"excerpt":{"rendered":"<p>K\u00e4imasolevad projektid: Infektsioonid langenud immuunsusega isikutel \u2013 eksperimendist kliinilisse praktikasse (2015-2020) ETIS L\u00f5ppenud projektid:Siirdeuuringud neuroimmunoloogiliste haiguste paremaks diagnostikaks ja raviks (2008 \u2013 2015) ETIS EuroCoord -European Network of HIV\/AIDS cohort studies to coordinate at European and International level clinical research &#8230;<\/p>\n","protected":false},"author":128,"featured_media":0,"parent":0,"menu_order":0,"comment_status":"closed","ping_status":"closed","template":"","meta":{"_acf_changed":false,"inline_featured_image":false,"footnotes":""},"class_list":["post-6","page","type-page","status-publish","hentry"],"acf":[],"_links":{"self":[{"href":"https:\/\/sisu.ut.ee\/hiv\/wp-json\/wp\/v2\/pages\/6","targetHints":{"allow":["GET"]}}],"collection":[{"href":"https:\/\/sisu.ut.ee\/hiv\/wp-json\/wp\/v2\/pages"}],"about":[{"href":"https:\/\/sisu.ut.ee\/hiv\/wp-json\/wp\/v2\/types\/page"}],"author":[{"embeddable":true,"href":"https:\/\/sisu.ut.ee\/hiv\/wp-json\/wp\/v2\/users\/128"}],"replies":[{"embeddable":true,"href":"https:\/\/sisu.ut.ee\/hiv\/wp-json\/wp\/v2\/comments?post=6"}],"version-history":[{"count":1,"href":"https:\/\/sisu.ut.ee\/hiv\/wp-json\/wp\/v2\/pages\/6\/revisions"}],"predecessor-version":[{"id":196,"href":"https:\/\/sisu.ut.ee\/hiv\/wp-json\/wp\/v2\/pages\/6\/revisions\/196"}],"wp:attachment":[{"href":"https:\/\/sisu.ut.ee\/hiv\/wp-json\/wp\/v2\/media?parent=6"}],"curies":[{"name":"wp","href":"https:\/\/api.w.org\/{rel}","templated":true}]}}