{"id":5,"date":"2024-04-04T03:43:28","date_gmt":"2024-04-04T00:43:28","guid":{"rendered":"https:\/\/sisu.ut.ee\/hiv\/uudised\/"},"modified":"2024-04-12T13:52:46","modified_gmt":"2024-04-12T10:52:46","slug":"uudised","status":"publish","type":"page","link":"https:\/\/sisu.ut.ee\/hiv\/","title":{"rendered":"Uudised"},"content":{"rendered":"<p>\n\t<strong><span style=\"font-size:14px\">Pilleriin Soodla \u201eNewly HIV infected people in Estonia: estimation of incidence and transmitted drug resistance\u201c<\/span><\/strong>\n<\/p>\n<div class=\"block block-system block-main block-system-main odd block-without-title\" id=\"block-system-main\">\n<div class=\"block-inner clearfix\">\n<div class=\"content clearfix\">\n<article class=\"node node-ut-event node-published node-not-promoted node-not-sticky author-admin odd clearfix\" id=\"node-ut-event-2429723\">\n<div class=\"content clearfix\">\n<div class=\"field field-name-body field-type-text-with-summary field-label-hidden\">\n<div class=\"field-items\">\n<div class=\"field-item even\">\n<p>\n\t\t\t\t\t\t\t\t\t<strong>22. oktoobril kell 14.00 kaitseb Pilleriin Soodla A. Linkbergi auditooriumis (Puusepa\u00a0 8) filosoofiadoktori kraadi (PhD (arstiteadus)) taotlemiseks esitatud v\u00e4itekirja \u201eNewly HIV infected people in Estonia: estimation of incidence and transmitted drug resistance\u201c (\u201eHIV esmasdiagnoosid Eestis: esmashaigestumise ja \u00fclekantud ravimresistentsuse hindamine\u201c).<\/strong>\n\t\t\t\t\t\t\t\t<\/p>\n<div>\n<div id=\"x_x_divtagdefaultwrapper\">\n<p>\n\t\t\t\t\t\t\t\t\t\t\t<strong>Juhendajad:<\/strong><br>professor Irja Lutsar (dr. med. (arstiteadus), T\u00dc bio- ja siirdemeditsiini instituut<br>infektsioonihaiguste dotsent Matti Maimets (knd (meditsiin), T\u00dc kliinilise meditsiini instituut\n\t\t\t\t\t\t\t\t\t\t<\/p>\n<p>\n\t\t\t\t\t\t\t\t\t\t\t<strong>Oponent:<\/strong><br>professor Cristina Mussini, Head of Department, Department of Infectious Diseases and Tropical Medicine, University of Modena and Reggio Emilia, Itaalia.\n\t\t\t\t\t\t\t\t\t\t<\/p>\n<p>\n\t\t\t\t\t\t\t\t\t\t\t<span class=\"file media-element file-os-files-link\" data-file_info=\"%7B%22fid%22:%2241083%22,%22view_mode%22:%22os_files_link%22,%22type%22:%22media%22%7D\"><a href=\"https:\/\/sisu.ut.ee\/wp-content\/uploads\/sites\/251\/pilleriin_soodla.pdf\">Kokkuv\u00f5te<\/a><\/span>\n\t\t\t\t\t\t\t\t\t\t<\/p>\n<\/div>\n<\/div>\n<\/div>\n<\/div>\n<\/div>\n<\/div>\n<\/article><\/div>\n<\/div>\n<\/div>\n<hr>\n<p>\n\t<strong>AHF koostoo E-HIV-ga<\/strong>\n<\/p>\n<p>\n\tAIDS HEALTHCARE FOUNDATION (AHF) panustas E-HIV j\u00e4tkamisse ajavahemikul 12.juuli 2018-12.juuli 2019. AHF toel arendati v\u00e4lja andmesisestajate t\u00f6\u00f6 mahu hindamise raport ja sisestati \u00fcle 100 uue patsiendi andmed, lisati andmeid rohkem kui 3000-le andmekogu patsiendile. Uue raporti alusel tehti sel ajavahemikul 71\u00a0490 sisestust.\n<\/p>\n<hr>\n<p>\n\t<strong>Ene-Ly J\u00f5geda kaitses doktorikraadi edukalt.<\/strong>\n<\/p>\n<p>\n\t<strong>11. juunil 2019<\/strong> kaitses Ene-Ly J\u00f5geda\u00a0edukalt filosoofiadoktori kraadi taotlemiseks esitatud v\u00e4itekirja <strong>\u201eThe influence of coinfections and host genetic factor on the susceptibility to HIV infection among people who inject drugs\u201c<\/strong>(\u201eKaasuvate infektsioonide ja inimese geneetilise faktori m\u00f5ju HIV-i nakatumisele s\u00fcstivate narkomaanide hulgas\u201c).\n<\/p>\n<p>\n\t<strong>Juhendajad:<\/strong><br>professor \u00a0Irja Lutsar\u00a0(dr. med.\u00a0(arstiteadus), T\u00dc bio- ja siirdemeditsiini instituut)<br>teadur Kristi Huik (PhD (arstiteadus), T\u00dc bio- ja siirdemeditsiini instituut).\n<\/p>\n<p>\n\t<strong>Oponent:<\/strong><br>professor Antonio Caruz (PhD), Department of Experimental Biology, University of Jaen, Hispaania.\n<\/p>\n<p>\n\t<a data-fid=\"39149\" href=\"https:\/\/sisu.ut.ee\/wp-content\/uploads\/sites\/251\/ene-ly_jogeda_doktorikraad_est.pdf\">Kokkuv\u00f5te<\/a>\n<\/p>\n<p>\n\t<img loading=\"lazy\" decoding=\"async\" width=\"2016\" height=\"1512\" class=\"alignnone wp-image-52\" style=\"width: 213px;height: 160px\" src=\"https:\/\/sisu.ut.ee\/wp-content\/uploads\/sites\/251\/jogeda_phd_koosviibimine.jpg\" title=\"jogeda_phd_koosviibimine.jpg\" alt=\"ene-ly j\u00f5geda l\u00f5petamine\" srcset=\"https:\/\/sisu.ut.ee\/wp-content\/uploads\/sites\/251\/jogeda_phd_koosviibimine.jpg 2016w, https:\/\/sisu.ut.ee\/wp-content\/uploads\/sites\/251\/jogeda_phd_koosviibimine-300x225.jpg 300w, https:\/\/sisu.ut.ee\/wp-content\/uploads\/sites\/251\/jogeda_phd_koosviibimine-1024x768.jpg 1024w, https:\/\/sisu.ut.ee\/wp-content\/uploads\/sites\/251\/jogeda_phd_koosviibimine-768x576.jpg 768w, https:\/\/sisu.ut.ee\/wp-content\/uploads\/sites\/251\/jogeda_phd_koosviibimine-1536x1152.jpg 1536w, https:\/\/sisu.ut.ee\/wp-content\/uploads\/sites\/251\/jogeda_phd_koosviibimine-1920x1440.jpg 1920w\" sizes=\"auto, (max-width: 2016px) 100vw, 2016px\"><\/p>\n","protected":false},"excerpt":{"rendered":"<p>Pilleriin Soodla \u201eNewly HIV infected people in Estonia: estimation of incidence and transmitted drug resistance\u201c 22. oktoobril kell 14.00 kaitseb Pilleriin Soodla A. Linkbergi auditooriumis (Puusepa\u00a0 8) filosoofiadoktori kraadi (PhD (arstiteadus)) taotlemiseks esitatud v\u00e4itekirja \u201eNewly HIV infected people in Estonia: &#8230;<\/p>\n","protected":false},"author":128,"featured_media":0,"parent":0,"menu_order":0,"comment_status":"closed","ping_status":"closed","template":"","meta":{"_acf_changed":false,"inline_featured_image":false,"footnotes":""},"class_list":["post-5","page","type-page","status-publish","hentry"],"acf":[],"_links":{"self":[{"href":"https:\/\/sisu.ut.ee\/hiv\/wp-json\/wp\/v2\/pages\/5","targetHints":{"allow":["GET"]}}],"collection":[{"href":"https:\/\/sisu.ut.ee\/hiv\/wp-json\/wp\/v2\/pages"}],"about":[{"href":"https:\/\/sisu.ut.ee\/hiv\/wp-json\/wp\/v2\/types\/page"}],"author":[{"embeddable":true,"href":"https:\/\/sisu.ut.ee\/hiv\/wp-json\/wp\/v2\/users\/128"}],"replies":[{"embeddable":true,"href":"https:\/\/sisu.ut.ee\/hiv\/wp-json\/wp\/v2\/comments?post=5"}],"version-history":[{"count":1,"href":"https:\/\/sisu.ut.ee\/hiv\/wp-json\/wp\/v2\/pages\/5\/revisions"}],"predecessor-version":[{"id":195,"href":"https:\/\/sisu.ut.ee\/hiv\/wp-json\/wp\/v2\/pages\/5\/revisions\/195"}],"wp:attachment":[{"href":"https:\/\/sisu.ut.ee\/hiv\/wp-json\/wp\/v2\/media?parent=5"}],"curies":[{"name":"wp","href":"https:\/\/api.w.org\/{rel}","templated":true}]}}