{"id":44,"date":"2024-04-04T03:43:29","date_gmt":"2024-04-04T00:43:29","guid":{"rendered":"https:\/\/sisu.ut.ee\/hiv\/collaborators\/"},"modified":"2024-04-12T13:37:50","modified_gmt":"2024-04-12T10:37:50","slug":"collaborators","status":"publish","type":"page","link":"https:\/\/sisu.ut.ee\/hiv\/collaborators\/?lang=en","title":{"rendered":"Collaborators"},"content":{"rendered":"<div><span style=\"font-size: small\"><strong>University<\/strong><strong>\u00a0of\u00a0Tartu<\/strong><\/span><\/div>\n<div><span style=\"font-size: small\">Marco Kirm, Anneli Uusk\u00fcla, Andres Merits, Kaja-Triin Laisaar, Reet Adamsoo, Dmitry Denisov, Ita Ilves, Tuuli Ilula, Kadri Kaljuvee<\/span><\/div>\n<div><span style=\"font-size: small\"><strong>\u00a0<\/strong><\/span><\/div>\n<div><span style=\"font-size: small\"><strong>Ministry of Social Affairs\u00a0<\/strong><\/span><\/div>\n<div><span style=\"font-size: small\">Ivi Normet, Anna-Liisa P\u00e4\u00e4sukene, Mari Asser<\/span><\/div>\n<div><span style=\"font-size: small\"><strong>\u00a0<\/strong><\/span><\/div>\n<div><span style=\"font-size: small\"><strong>Estonian Research Council\u00a0<\/strong><\/span><\/div>\n<div><span style=\"font-size: small\">Epp Tohver, Indrek K\u00f5re<\/span><\/div>\n<div><span style=\"font-size: small\"><strong>\u00a0<\/strong><\/span><\/div>\n<div><span style=\"font-size: small\"><strong>National Institute for Health Development\u00a0<\/strong><\/span><\/div>\n<div><span style=\"font-size: small\">Toomas Veidebaum, Kristi R\u00fc\u00fctel, Piret Viiklepp, Liis Lemsalu, Gleb Denissov, Margit M\u00e4gi<\/span><\/div>\n<div><span style=\"font-size: small\"><strong>\u00a0<\/strong><\/span><\/div>\n<div><span style=\"font-size: small\"><strong>Health Board\u00a0<\/strong><\/span><\/div>\n<div><span style=\"font-size: small\">Jevgenia Ep\u0161tein, Juta Varjas<\/span><\/div>\n<div><span style=\"font-size: small\"><strong>\u00a0<\/strong><\/span><\/div>\n<div><span style=\"font-size: small\"><strong>O\u00dc Quretec<\/strong><\/span><\/div>\n<div><span style=\"font-size: small\">Margus J\u00e4ger, Anti Alman, Margus N\u00f5mme, Aiko Adamson<\/span><\/div>\n<div><span style=\"font-size: small\"><strong>\u00a0<\/strong><\/span><\/div>\n<div><span style=\"font-size: small\"><strong>Estonian Society for Infectious Diseases\u00a0<\/strong><\/span><\/div>\n<div><span style=\"font-size: small\">Matti Maimets, Kai Zilmer, Irja Lutsar, Pilleriin Soodla, Kerstin Kase, Mait Altmets<\/span><\/div>\n<div><span style=\"font-size: small\"><strong>\u00a0<\/strong><\/span><\/div>\n<div><span style=\"font-size: small\"><strong>West<\/strong><strong>\u00a0Tallinn\u00a0Central\u00a0Hospital<\/strong><\/span><\/div>\n<div><span style=\"font-size: small\">Kai Zilmer, Kersti Kink, Kerstin Kase, Tiiu Aug, Helen M\u00fclle, Irina Kivi, Kristi Ott, Dagmar M\u00e4gi, Marika Raukas, Leelo Moosar, Anu Mill, Kristiine Pruudel, Nele Rasman, Albina Jossifova, Kaisa Kirs, Helen Uibopuu; Merike Karileet, Merike Meindok, Anne, Uus, Irina<\/span><\/div>\n<div><span style=\"font-size: small\">Sorokina, Irina Milasevit\u0161, Ljudmilla Ponomarenko, Egert N\u00e4rep\u00a0\u00a0<\/span><\/div>\n<div><span style=\"font-size: small\"><strong>\u00a0<\/strong><\/span><\/div>\n<div><span style=\"font-size: small\"><strong>East Viru\u00a0Central Hopsital<\/strong><\/span><\/div>\n<div><span style=\"font-size: small\">Jelena \u0160midt, Svetlana Semjonova, Natalia Nikitina, Juta Kogan, Anne Junolainen, Tatjana Fishkova, Marjana Golubnit\u0161ija<\/span><\/div>\n<div><span style=\"font-size: small\"><strong>\u00a0<\/strong><\/span><\/div>\n<div><span style=\"font-size: small\"><strong>Narva<\/strong><strong>\u00a0Hospital<\/strong><\/span><\/div>\n<div><span style=\"font-size: small\">Lilia Novikova, Vera Jegorova<\/span><\/div>\n<div><span style=\"font-size: small\"><strong>\u00a0<\/strong><\/span><\/div>\n<div><span style=\"font-size: small\"><strong>Tartu<\/strong><strong>\u00a0University\u00a0Hospital<\/strong><\/span><\/div>\n<div><span style=\"font-size: small\">Matti Maimets, K\u00fclliki Ainsalu, Rita Pihlak, Svetlana Pro\u0161kina, Kadri K\u00f5ivum\u00e4gi, K\u00fclli Miljukov<\/span><\/div>\n<div><span style=\"font-size: small\"><strong>\u00a0<\/strong><\/span><\/div>\n<div><span style=\"font-size: small\"><strong>Tallinn<\/strong><strong>\u00a0Prison\u00a0<\/strong><\/span><\/div>\n<div><span style=\"font-size: small\">Marika Raukas, Kristi Ott, Ingrid Murs<\/span><\/div>\n<div><span style=\"font-size: small\"><strong>\u00a0<\/strong><\/span><\/div>\n<div><span style=\"font-size: small\"><strong>Viru Prison\u00a0<\/strong><\/span><\/div>\n<div><span style=\"font-size: small\">Juta Kogan, Erika Tiinas, Olga Soom, Jelena Hrissanfova, Inga Asmer<\/span><\/div>\n<div><span style=\"font-size: small\"><strong>\u00a0<\/strong><\/span><\/div>\n<div><span style=\"font-size: small\"><strong>Murru Prison\u00a0<\/strong><\/span><\/div>\n<div><span style=\"font-size: small\">Marika Raukas, Margarita Sepp<\/span><\/div>\n<div><span style=\"font-size: small\"><strong>\u00a0<\/strong><\/span><\/div>\n<div><span style=\"font-size: small\"><strong>Tartu<\/strong><strong>\u00a0Prison\u00a0<\/strong><\/span><\/div>\n<div><span style=\"font-size: small\">Piret Kool, \u00dclle Valvar, Madli-Minna Kivisaar<\/span><\/div>\n<div><span style=\"font-size: small\">\u00a0<\/span><\/div>\n","protected":false},"excerpt":{"rendered":"<p>University\u00a0of\u00a0Tartu Marco Kirm, Anneli Uusk\u00fcla, Andres Merits, Kaja-Triin Laisaar, Reet Adamsoo, Dmitry Denisov, Ita Ilves, Tuuli Ilula, Kadri Kaljuvee \u00a0 Ministry of Social Affairs\u00a0 Ivi Normet, Anna-Liisa P\u00e4\u00e4sukene, Mari Asser \u00a0 Estonian Research Council\u00a0 Epp Tohver, Indrek K\u00f5re \u00a0 National &#8230;<\/p>\n","protected":false},"author":128,"featured_media":0,"parent":0,"menu_order":0,"comment_status":"closed","ping_status":"closed","template":"","meta":{"_acf_changed":false,"inline_featured_image":false,"footnotes":""},"class_list":["post-44","page","type-page","status-publish","hentry"],"acf":[],"_links":{"self":[{"href":"https:\/\/sisu.ut.ee\/hiv\/wp-json\/wp\/v2\/pages\/44","targetHints":{"allow":["GET"]}}],"collection":[{"href":"https:\/\/sisu.ut.ee\/hiv\/wp-json\/wp\/v2\/pages"}],"about":[{"href":"https:\/\/sisu.ut.ee\/hiv\/wp-json\/wp\/v2\/types\/page"}],"author":[{"embeddable":true,"href":"https:\/\/sisu.ut.ee\/hiv\/wp-json\/wp\/v2\/users\/128"}],"replies":[{"embeddable":true,"href":"https:\/\/sisu.ut.ee\/hiv\/wp-json\/wp\/v2\/comments?post=44"}],"version-history":[{"count":1,"href":"https:\/\/sisu.ut.ee\/hiv\/wp-json\/wp\/v2\/pages\/44\/revisions"}],"predecessor-version":[{"id":162,"href":"https:\/\/sisu.ut.ee\/hiv\/wp-json\/wp\/v2\/pages\/44\/revisions\/162"}],"wp:attachment":[{"href":"https:\/\/sisu.ut.ee\/hiv\/wp-json\/wp\/v2\/media?parent=44"}],"curies":[{"name":"wp","href":"https:\/\/api.w.org\/{rel}","templated":true}]}}