{"id":4,"date":"2024-04-04T03:43:28","date_gmt":"2024-04-04T00:43:28","guid":{"rendered":"https:\/\/sisu.ut.ee\/hiv\/2018-2\/"},"modified":"2024-04-12T13:55:53","modified_gmt":"2024-04-12T10:55:53","slug":"2018-2","status":"publish","type":"page","link":"https:\/\/sisu.ut.ee\/hiv\/2018-2\/","title":{"rendered":"2018"},"content":{"rendered":"<p>\n\t<strong>EUROPEAN MEETING on HIV &amp; HEPATITIS 2018<\/strong>\n<\/p>\n<p>\n\tMerit Pauskar esindas HIV gruppi konverentsil 17-th European Meeting on HIV &amp; Hepatitis, 30. mai \u2013 01. juuni 2018 Roomas, Itaalias posterettekandega.\u00a0 Konverentsil oli \u00fcle 300 osaleja kogu maailmast. Esitatud t\u00f6\u00f6dest valiti v\u00e4lja 108 k\u00f5rgekvaliteedilist abstrakti.\n<\/p>\n<p>\n\t<a data-fid=\"31703\" href=\"https:\/\/sisu.ut.ee\/wp-content\/uploads\/sites\/251\/merit_integrase_24.05.18_compatibility_mode.pdf\" target=\"_blank\" rel=\"noopener\">Poster<\/a>\n<\/p>\n<p>\n\t<img loading=\"lazy\" decoding=\"async\" height=\"160\" src=\"\/wp-content\/uploads\/sites\/251\/fullsizerender.jpg\" width=\"120\">\n<\/p>\n<hr>\n<p>\n\t<strong>ECCMID 2018<\/strong>\n<\/p>\n<p>\n\t27-04-2018\n<\/p>\n<p>\n\t21.-24.aprillil toimus 28. ECCMID, kus HIV gruppi esindasid Ene-Ly J\u00f5geda ja Pilleriin Soodla. 128 riigist oli kohal 12949 osalejat. Kongressil toimus \u00fcle 150 sessiooni. 116 riigist saabunud 5500 abstraktist esitati kongressil 3563 ettekannet suuliselt, e- v\u00f5i paberpostritena. Kuumad teemad foorumites olid antibakteriaalne resistentsus ja sepsis.\n<\/p>\n<p>\n\t<a href=\"\/wp-content\/uploads\/sites\/251\/eccmid2018_eposter_jogeda.pdf\" target=\"_blank\" rel=\"noopener\">Ene-Ly J\u00f5geda poster<\/a>\n<\/p>\n<p>\n\t\u00a0<\/p>\n","protected":false},"excerpt":{"rendered":"<p>EUROPEAN MEETING on HIV &amp; HEPATITIS 2018 Merit Pauskar esindas HIV gruppi konverentsil 17-th European Meeting on HIV &amp; Hepatitis, 30. mai \u2013 01. juuni 2018 Roomas, Itaalias posterettekandega.\u00a0 Konverentsil oli \u00fcle 300 osaleja kogu maailmast. Esitatud t\u00f6\u00f6dest valiti v\u00e4lja &#8230;<\/p>\n","protected":false},"author":128,"featured_media":0,"parent":0,"menu_order":0,"comment_status":"closed","ping_status":"closed","template":"","meta":{"_acf_changed":false,"inline_featured_image":false,"footnotes":""},"class_list":["post-4","page","type-page","status-publish","hentry"],"acf":[],"_links":{"self":[{"href":"https:\/\/sisu.ut.ee\/hiv\/wp-json\/wp\/v2\/pages\/4","targetHints":{"allow":["GET"]}}],"collection":[{"href":"https:\/\/sisu.ut.ee\/hiv\/wp-json\/wp\/v2\/pages"}],"about":[{"href":"https:\/\/sisu.ut.ee\/hiv\/wp-json\/wp\/v2\/types\/page"}],"author":[{"embeddable":true,"href":"https:\/\/sisu.ut.ee\/hiv\/wp-json\/wp\/v2\/users\/128"}],"replies":[{"embeddable":true,"href":"https:\/\/sisu.ut.ee\/hiv\/wp-json\/wp\/v2\/comments?post=4"}],"version-history":[{"count":1,"href":"https:\/\/sisu.ut.ee\/hiv\/wp-json\/wp\/v2\/pages\/4\/revisions"}],"predecessor-version":[{"id":194,"href":"https:\/\/sisu.ut.ee\/hiv\/wp-json\/wp\/v2\/pages\/4\/revisions\/194"}],"wp:attachment":[{"href":"https:\/\/sisu.ut.ee\/hiv\/wp-json\/wp\/v2\/media?parent=4"}],"curies":[{"name":"wp","href":"https:\/\/api.w.org\/{rel}","templated":true}]}}