{"id":23,"date":"2024-04-04T03:43:30","date_gmt":"2024-04-04T00:43:30","guid":{"rendered":"https:\/\/sisu.ut.ee\/hiv\/2016-2\/"},"modified":"2024-04-12T13:58:36","modified_gmt":"2024-04-12T10:58:36","slug":"2016-2","status":"publish","type":"page","link":"https:\/\/sisu.ut.ee\/hiv\/2016-2\/","title":{"rendered":"2016"},"content":{"rendered":"<p><span style=\"font-size: medium\"><strong>HIV ekspertide seminar\u00a0<\/strong><\/span><\/p>\n<p><span style=\"font-size: small\">06-12-2016<\/span><\/p>\n<p><span style=\"font-size: small\">22. novembril 2016 toimus Tallinnas Tervise Arengu Instituudi ja Tartu \u00dclikooli HIV ekspertide \u00fchisseminar. Seminaril tutvustati \u00fcksteisele toimuvaid ja kavandatavaid teadusuuringuid, kasutatavaid metoodikaid ning andmete kogumist. Osalesid esindajad Sotsiaalministeeriumist, Terviseametist, erinevatest TAI osakondadest ja T\u00dc instituutidest.\u00a0\u00a0J\u00e4rgmiseks \u00fclevaadete ja kokkuv\u00f5tete tegemiseks lepiti kokku kohtumine aasta p\u00e4rast.<\/span><\/p>\n<p><span style=\"font-size: small\">Kava:<\/span><\/p>\n<ol>\n<li><span style=\"font-size: small\">1.\u00a0\u00a0Prof Anneli Uusk\u00fcla, MD, Msc, PhD (T\u00dc peremeditsiini ja rahvatervise instituut)\u00a0<a href=\"https:\/\/sisu.ut.ee\/wp-content\/uploads\/sites\/251\/uuskula_22112016.pdf\">\u00a0\u00a0HIV valdkonna uuringud T\u00dc peremeditsiini ja rahvatervise instituudis<\/a>\u00a0\u00a0<\/span><\/li>\n<li><span style=\"font-size: small\">2.\u00a0\u00a0\u00a0Heli Rajasaar,\u00a0\u00a0MD (T\u00dc Bio-ja siirdemeditsiini instituut, mikrobioloogia osakond)\u00a0\u00a0\u00a0<a href=\"https:\/\/sisu.ut.ee\/wp-content\/uploads\/sites\/251\/rajasaar_22112016.pdf\">E-HIV andmed ja hetkeseis\u00a0<\/a>\u00a0<\/span><\/li>\n<li><span style=\"font-size: small\">3.\u00a0\u00a0\u00a0Radko Avi,\u00a0\u00a0\u00a0PhD (T\u00dc Bio-ja siirdemeditsiini instituut, mikrobioloogia osakond)\u00a0\u00a0<a href=\"https:\/\/sisu.ut.ee\/wp-content\/uploads\/sites\/251\/avi_22112016.pdf\">\u00a0Kuidas E-HIV andmeid anal\u00fc\u00fcsida? Olulisemad l\u00e4biviidavad ja tulevased uuringud\u00a0<\/a>\u00a0<\/span><\/li>\n<li><span style=\"font-size: small\"><\/span>4.\u00a0\u00a0\u00a0Liis Lemsalu, Msc, doktorant (TAI Nakkushaiguste ja uimastiseire keskus)\u00a0\u00a0Haigekassa uuring<\/li>\n<li><span style=\"font-size: small\">5.\u00a0\u00a0Kristi R\u00fc\u00fctel,\u00a0\u00a0PhD (TAI Nakkushaiguste ja uimastiseire keskus)\u00a0\u00a0Regulaarne seire ja hindamise s\u00fcsteem<\/span><\/li>\n<li><span style=\"font-size: small\">6.\u00a0\u00a0Arutelu<\/span><\/li>\n<\/ol>\n<hr>\n<p><span style=\"font-size: medium\"><strong>Eesti Lastearstide Seltsi XXI kongress 02.-04. juunil 2016<\/strong><\/span><\/p>\n<p><span style=\"font-size: small\">13-06-2016<\/span><\/p>\n<p><span style=\"font-size: small\">Eesti Lastearstide Seltsi kongressil Tallinnas 02.-04. juunil 2016 tutvustas Eesti HIV-positiivsete andmekogu (E-HIV)\u00a0\u00a0<a href=\"https:\/\/sisu.ut.ee\/wp-content\/uploads\/sites\/251\/heli_poster_els.pdf\">poster<\/a>. Postril olid kokkuv\u00f5tvalt E-HIV loomine, eesm\u00e4rgid, saavutatud tulemused.<\/span><\/p>\n<p><span style=\"font-size: small\"><a href=\"http:\/\/elselts.publicon.ee\/et\/programm\/\">Kongressi programm<\/a><\/span><\/p>\n","protected":false},"excerpt":{"rendered":"<p>HIV ekspertide seminar\u00a0 06-12-2016 22. novembril 2016 toimus Tallinnas Tervise Arengu Instituudi ja Tartu \u00dclikooli HIV ekspertide \u00fchisseminar. Seminaril tutvustati \u00fcksteisele toimuvaid ja kavandatavaid teadusuuringuid, kasutatavaid metoodikaid ning andmete kogumist. Osalesid esindajad Sotsiaalministeeriumist, Terviseametist, erinevatest TAI osakondadest ja T\u00dc instituutidest.\u00a0\u00a0J\u00e4rgmiseks &#8230;<\/p>\n","protected":false},"author":128,"featured_media":0,"parent":0,"menu_order":0,"comment_status":"closed","ping_status":"closed","template":"","meta":{"_acf_changed":false,"inline_featured_image":false,"footnotes":""},"class_list":["post-23","page","type-page","status-publish","hentry"],"acf":[],"_links":{"self":[{"href":"https:\/\/sisu.ut.ee\/hiv\/wp-json\/wp\/v2\/pages\/23","targetHints":{"allow":["GET"]}}],"collection":[{"href":"https:\/\/sisu.ut.ee\/hiv\/wp-json\/wp\/v2\/pages"}],"about":[{"href":"https:\/\/sisu.ut.ee\/hiv\/wp-json\/wp\/v2\/types\/page"}],"author":[{"embeddable":true,"href":"https:\/\/sisu.ut.ee\/hiv\/wp-json\/wp\/v2\/users\/128"}],"replies":[{"embeddable":true,"href":"https:\/\/sisu.ut.ee\/hiv\/wp-json\/wp\/v2\/comments?post=23"}],"version-history":[{"count":1,"href":"https:\/\/sisu.ut.ee\/hiv\/wp-json\/wp\/v2\/pages\/23\/revisions"}],"predecessor-version":[{"id":168,"href":"https:\/\/sisu.ut.ee\/hiv\/wp-json\/wp\/v2\/pages\/23\/revisions\/168"}],"wp:attachment":[{"href":"https:\/\/sisu.ut.ee\/hiv\/wp-json\/wp\/v2\/media?parent=23"}],"curies":[{"name":"wp","href":"https:\/\/api.w.org\/{rel}","templated":true}]}}