{"id":22,"date":"2024-04-04T03:43:30","date_gmt":"2024-04-04T00:43:30","guid":{"rendered":"https:\/\/sisu.ut.ee\/hiv\/hiv-ga-seoatud-asutused-ja-organisatsioonid\/"},"modified":"2024-04-12T14:09:28","modified_gmt":"2024-04-12T11:09:28","slug":"hiv-ga-seoatud-asutused-ja-organisatsioonid","status":"publish","type":"page","link":"https:\/\/sisu.ut.ee\/hiv\/hiv-ga-seoatud-asutused-ja-organisatsioonid\/","title":{"rendered":"HIV-ga seotud asutused ja organisatsioonid"},"content":{"rendered":"<p><span style=\"font-size: medium\"><strong>Eestis:<\/strong><\/span><\/p>\n<p><span style=\"font-size: small\"><a href=\"http:\/\/sm.ee\/et\" target=\"_blank\" rel=\"noopener\">Sotsiaalministeerium<\/a><\/span><\/p>\n<p><span style=\"font-size: small\"><a href=\"http:\/\/www.med.ut.ee\/et\" target=\"_blank\" rel=\"noopener\">Tartu \u00dclikool Arstiteaduskond<\/a><\/span><\/p>\n<p><span style=\"font-size: small\"><a href=\"http:\/\/biomedicum.ut.ee\/armb\/\" target=\"_blank\" rel=\"noopener\">Tartu \u00dclikooli mikrobioloogia instituut<\/a><\/span><\/p>\n<p><span style=\"font-size: small\"><a href=\"http:\/\/www.tai.ee\/\" target=\"_blank\" rel=\"noopener\">Tervise Arengu Instituut<\/a><\/span><\/p>\n<p><span style=\"font-size: small\"><a href=\"http:\/\/www.esid.ee\/cms\/\" target=\"_blank\" rel=\"noopener\">Eesti Infektsioonhaiguste Selts<\/a><\/span><\/p>\n<p><span style=\"font-size: small\"><a href=\"http:\/\/ehpv.ee\/\" target=\"_blank\" rel=\"noopener\">Eesti HIV-positiivsete v\u00f5rgustik<\/a><\/span><\/p>\n<hr>\n<p><span style=\"font-size: medium\"><strong>Maailmas:<\/strong><\/span><\/p>\n<p><span style=\"font-size: small\"><a href=\"http:\/\/www.unaids.org\/\" target=\"_blank\" rel=\"noopener\">Unaids<\/a><\/span><\/p>\n<p><span style=\"font-size: small\"><a href=\"http:\/\/www.who.int\/hiv\/en\/\" target=\"_blank\" rel=\"noopener\">WHO<\/a><\/span><\/p>\n","protected":false},"excerpt":{"rendered":"<p>Eestis: Sotsiaalministeerium Tartu \u00dclikool Arstiteaduskond Tartu \u00dclikooli mikrobioloogia instituut Tervise Arengu Instituut Eesti Infektsioonhaiguste Selts Eesti HIV-positiivsete v\u00f5rgustik Maailmas: Unaids WHO<\/p>\n","protected":false},"author":128,"featured_media":0,"parent":0,"menu_order":0,"comment_status":"closed","ping_status":"closed","template":"","meta":{"_acf_changed":false,"inline_featured_image":false,"footnotes":""},"class_list":["post-22","page","type-page","status-publish","hentry"],"acf":[],"_links":{"self":[{"href":"https:\/\/sisu.ut.ee\/hiv\/wp-json\/wp\/v2\/pages\/22","targetHints":{"allow":["GET"]}}],"collection":[{"href":"https:\/\/sisu.ut.ee\/hiv\/wp-json\/wp\/v2\/pages"}],"about":[{"href":"https:\/\/sisu.ut.ee\/hiv\/wp-json\/wp\/v2\/types\/page"}],"author":[{"embeddable":true,"href":"https:\/\/sisu.ut.ee\/hiv\/wp-json\/wp\/v2\/users\/128"}],"replies":[{"embeddable":true,"href":"https:\/\/sisu.ut.ee\/hiv\/wp-json\/wp\/v2\/comments?post=22"}],"version-history":[{"count":1,"href":"https:\/\/sisu.ut.ee\/hiv\/wp-json\/wp\/v2\/pages\/22\/revisions"}],"predecessor-version":[{"id":167,"href":"https:\/\/sisu.ut.ee\/hiv\/wp-json\/wp\/v2\/pages\/22\/revisions\/167"}],"wp:attachment":[{"href":"https:\/\/sisu.ut.ee\/hiv\/wp-json\/wp\/v2\/media?parent=22"}],"curies":[{"name":"wp","href":"https:\/\/api.w.org\/{rel}","templated":true}]}}