{"id":14,"date":"2024-04-04T03:43:29","date_gmt":"2024-04-04T00:43:29","guid":{"rendered":"https:\/\/sisu.ut.ee\/hiv\/koostoopartnerid\/"},"modified":"2024-04-12T14:14:48","modified_gmt":"2024-04-12T11:14:48","slug":"koostoopartnerid","status":"publish","type":"page","link":"https:\/\/sisu.ut.ee\/hiv\/koostoopartnerid\/","title":{"rendered":"Koost\u00f6\u00f6partnerid"},"content":{"rendered":"<div style=\"text-align: left\"><span style=\"font-size: small\"><strong>Tartu<\/strong><strong>\u00a0\u00dclikool<\/strong><\/span><\/div>\n<div style=\"text-align: left\"><span style=\"font-size: small\"><strong><\/strong><\/span><span style=\"font-size: small\">Marco Kirm, Anneli Uusk\u00fcla, Andres Merits, Kaja-Triin Laisaar, Reet Adamsoo, Dmitry Denisov, Ita Ilves, Tuuli Ilula, Kadri Kaljuvee<\/span><\/div>\n<div style=\"text-align: left\"><span style=\"font-size: small\">\u00a0<\/span><\/div>\n<div style=\"text-align: left\"><span style=\"font-size: small\"><strong>Sotsiaalministeerium<\/strong><\/span><\/div>\n<div style=\"text-align: left\"><span style=\"font-size: small\">Ivi Normet, Anna-Liisa P\u00e4\u00e4sukene, Mari Asser<\/span><\/div>\n<div style=\"text-align: left\"><span style=\"font-size: small\">\u00a0<\/span><\/div>\n<div style=\"text-align: left\"><span style=\"font-size: small\"><strong>Eesti Teadusagentuur<\/strong><\/span><\/div>\n<div style=\"text-align: left\"><span style=\"font-size: small\">Epp Tohver, Indrek K\u00f5re<\/span><\/div>\n<div style=\"text-align: left\"><span style=\"font-size: small\">\u00a0<\/span><\/div>\n<div style=\"text-align: left\"><span style=\"font-size: small\"><strong>Tervise Arengu Instituut<\/strong><\/span><\/div>\n<div style=\"text-align: left\"><span style=\"font-size: small\">Toomas Veidebaum, Kristi R\u00fc\u00fctel, Piret Viiklepp, Liis Lemsalu, Gleb Denissov, Margit M\u00e4gi<\/span><\/div>\n<div style=\"text-align: left\"><span style=\"font-size: small\">\u00a0<\/span><\/div>\n<div style=\"text-align: left\"><span style=\"font-size: small\"><strong>Terviseamet<\/strong><\/span><\/div>\n<div style=\"text-align: left\"><span style=\"font-size: small\">Jevgenia Ep\u0161tein, Juta Varjas<\/span><\/div>\n<div style=\"text-align: left\"><span style=\"font-size: small\">\u00a0<\/span><\/div>\n<div style=\"text-align: left\"><span style=\"font-size: small\"><strong>O\u00dc Quretec<\/strong><\/span><\/div>\n<div style=\"text-align: left\"><span style=\"font-size: small\">Margus J\u00e4ger, Anti Alman, Margus N\u00f5mme, Aiko Adamson<\/span><\/div>\n<div style=\"text-align: left\"><span style=\"font-size: small\">\u00a0<\/span><\/div>\n<div style=\"text-align: left\"><span style=\"font-size: small\"><strong>Eesti Infektsioonhaiguste Selts<\/strong><\/span><\/div>\n<div style=\"text-align: left\"><span style=\"font-size: small\">Matti Maimets, Kai Zilmer, Irja Lutsar, Pilleriin Soodla, Kerstin Kase, Mait Altmets<\/span><\/div>\n<div style=\"text-align: left\"><span style=\"font-size: small\">\u00a0<\/span><\/div>\n<div style=\"text-align: left\"><span style=\"font-size: small\"><strong>L\u00e4\u00e4ne-Tallinna Keskhaigla<\/strong><\/span><\/div>\n<div style=\"text-align: left\"><span style=\"font-size: small\">Kai Zilmer, Kersti Kink, Kerstin Kase, Tiiu Aug, Helen M\u00fclle, Irina Kivi, Kristi Ott, Dagmar M\u00e4gi, Marika Raukas, Leelo Moosar, Anu Mill, Kristiine Pruudel, Nele Rasman, Albina Jossifova, Kaisa Kirs, Helen Uibopuu; Merike Karileet, Merike Meindok, Anne, Uus, Irina Sorokina, Irina Milasevit\u0161, Ljudmilla Ponomarenko, Egert N\u00e4rep\u00a0<\/span><\/div>\n<div style=\"text-align: left\"><span style=\"font-size: small\">\u00a0<\/span><\/div>\n<div style=\"text-align: left\"><span style=\"font-size: small\"><strong>Ida-Viru Keskhaigla<\/strong><\/span><\/div>\n<div style=\"text-align: left\"><span style=\"font-size: small\">Jelena \u0160midt, Svetlana Semjonova, Natalia Nikitina, Juta Kogan; Anne Junolainen, Tatjana Fishkova, Marjana Golubnit\u0161ija<\/span><\/div>\n<div style=\"text-align: left\"><span style=\"font-size: small\">\u00a0<\/span><\/div>\n<div style=\"text-align: left\"><span style=\"font-size: small\"><strong>Narva Haigla<\/strong><\/span><\/div>\n<div style=\"text-align: left\"><span style=\"font-size: small\">Lilia Novikova, Vera Jegorova<\/span><\/div>\n<div style=\"text-align: left\"><span style=\"font-size: small\">\u00a0<\/span><\/div>\n<div style=\"text-align: left\"><span style=\"font-size: small\"><strong>Tartu<\/strong><strong>\u00a0\u00dclikooli Kliinikum<\/strong><\/span><\/div>\n<div style=\"text-align: left\"><span style=\"font-size: small\">Matti Maimets, K\u00fclliki Ainsalu, Rita Pihlak, Svetlana Pro\u0161kina, Kadri K\u00f5ivum\u00e4gi, K\u00fclli Miljukov<\/span><\/div>\n<div style=\"text-align: left\"><span style=\"font-size: small\">\u00a0<\/span><\/div>\n<div style=\"text-align: left\"><span style=\"font-size: small\"><strong>Tallinna vangla<\/strong><\/span><\/div>\n<div style=\"text-align: left\"><span style=\"font-size: small\">Marika Raukas, Kristi Ott, Ingrid Murs<\/span><\/div>\n<div style=\"text-align: left\"><span style=\"font-size: small\">\u00a0<\/span><\/div>\n<div style=\"text-align: left\"><span style=\"font-size: small\"><strong>Viru vangla<\/strong><\/span><\/div>\n<div style=\"text-align: left\"><span style=\"font-size: small\">Juta Kogan; Erika Tiinas, Olga Soom, Jelena Hrissanfova, Inga Asmer<\/span><\/div>\n<div style=\"text-align: left\"><span style=\"font-size: small\">\u00a0<\/span><\/div>\n<div style=\"text-align: left\"><span style=\"font-size: small\"><strong>Murru vangla<\/strong><\/span><\/div>\n<div style=\"text-align: left\"><span style=\"font-size: small\">Marika Raukas, Margarita Sepp<\/span><\/div>\n<div style=\"text-align: left\"><span style=\"font-size: small\">\u00a0<\/span><\/div>\n<div style=\"text-align: left\"><span style=\"font-size: small\"><strong>Tartu<\/strong><strong>\u00a0vangla<\/strong><\/span><\/div>\n<div style=\"text-align: left\"><span style=\"font-size: small\">Piret Kool, \u00dclle Valvar, Madli-Minna Kivisaar<\/span><\/div>\n<div style=\"text-align: left\"><span style=\"font-size: small\">\u00a0<\/span><\/div>\n","protected":false},"excerpt":{"rendered":"<p>Tartu\u00a0\u00dclikool Marco Kirm, Anneli Uusk\u00fcla, Andres Merits, Kaja-Triin Laisaar, Reet Adamsoo, Dmitry Denisov, Ita Ilves, Tuuli Ilula, Kadri Kaljuvee \u00a0 Sotsiaalministeerium Ivi Normet, Anna-Liisa P\u00e4\u00e4sukene, Mari Asser \u00a0 Eesti Teadusagentuur Epp Tohver, Indrek K\u00f5re \u00a0 Tervise Arengu Instituut Toomas Veidebaum, &#8230;<\/p>\n","protected":false},"author":128,"featured_media":0,"parent":0,"menu_order":0,"comment_status":"closed","ping_status":"closed","template":"","meta":{"_acf_changed":false,"inline_featured_image":false,"footnotes":""},"class_list":["post-14","page","type-page","status-publish","hentry"],"acf":[],"_links":{"self":[{"href":"https:\/\/sisu.ut.ee\/hiv\/wp-json\/wp\/v2\/pages\/14","targetHints":{"allow":["GET"]}}],"collection":[{"href":"https:\/\/sisu.ut.ee\/hiv\/wp-json\/wp\/v2\/pages"}],"about":[{"href":"https:\/\/sisu.ut.ee\/hiv\/wp-json\/wp\/v2\/types\/page"}],"author":[{"embeddable":true,"href":"https:\/\/sisu.ut.ee\/hiv\/wp-json\/wp\/v2\/users\/128"}],"replies":[{"embeddable":true,"href":"https:\/\/sisu.ut.ee\/hiv\/wp-json\/wp\/v2\/comments?post=14"}],"version-history":[{"count":1,"href":"https:\/\/sisu.ut.ee\/hiv\/wp-json\/wp\/v2\/pages\/14\/revisions"}],"predecessor-version":[{"id":185,"href":"https:\/\/sisu.ut.ee\/hiv\/wp-json\/wp\/v2\/pages\/14\/revisions\/185"}],"wp:attachment":[{"href":"https:\/\/sisu.ut.ee\/hiv\/wp-json\/wp\/v2\/media?parent=14"}],"curies":[{"name":"wp","href":"https:\/\/api.w.org\/{rel}","templated":true}]}}