{"id":13,"date":"2024-04-04T03:43:29","date_gmt":"2024-04-04T00:43:29","guid":{"rendered":"https:\/\/sisu.ut.ee\/hiv\/koostoo\/"},"modified":"2024-04-12T14:10:20","modified_gmt":"2024-04-12T11:10:20","slug":"koostoo","status":"publish","type":"page","link":"https:\/\/sisu.ut.ee\/hiv\/koostoo\/","title":{"rendered":"Koost\u00f6\u00f6"},"content":{"rendered":"<p><span style=\"font-size: medium\"><strong>Eestis:<\/strong><\/span><\/p>\n<p><a href=\"http:\/\/www.terviseamet.ee\/\" target=\"_blank\" rel=\"noopener\">Terviseamet<\/a><\/p>\n<p><a href=\"http:\/\/www.tai.ee\/\" target=\"_blank\" rel=\"noopener\">Tervise Arengu Instituut<\/a><\/p>\n<p><a href=\"http:\/\/www.tuit.ut.ee\/et\" target=\"_blank\" rel=\"noopener\">Tartu \u00dclikooli Tehnoloogiainstituut<\/a><\/p>\n<p><a href=\"http:\/\/www.arth.ut.ee\/et\" target=\"_blank\" rel=\"noopener\">Tartu \u00dclikooli Tervishoiu instituut<\/a><\/p>\n<p><a href=\"http:\/\/www.ehpv.ee\/\" target=\"_blank\" rel=\"noopener\">Eesti HIV-positiivsete V\u00f5rgustik<\/a><\/p>\n<p><a href=\"http:\/\/www.keskhaigla.ee\/\" target=\"_blank\" rel=\"noopener\">L\u00e4\u00e4ne-Tallinna Keskhaigla SA<\/a><\/p>\n<p><a href=\"http:\/\/www.narvahaigla.ee\/\" target=\"_blank\" rel=\"noopener\">Narva Haigla SA<\/a><\/p>\n<p><a href=\"http:\/\/www.ivkh.ee\/et\/\" target=\"_blank\" rel=\"noopener\">Ida-Viru Keskhaigla SA<\/a><\/p>\n<p><a href=\"http:\/\/www.ph.ee\/\" target=\"_blank\" rel=\"noopener\">P\u00e4rnu Haigla SA<\/a><\/p>\n<p><a href=\"http:\/\/www.kliinikum.ee\/\" target=\"_blank\" rel=\"noopener\">Tartu \u00dclikooli Kliinikum SA<\/a><\/p>\n<p><a href=\"http:\/\/www.vangla.ee\/\" target=\"_blank\" rel=\"noopener\">Vanglad<\/a><\/p>\n<hr>\n<p><strong><span style=\"font-size: medium\">Maailmas:<\/span><\/strong><\/p>\n<p><a style=\"background-color: #ffffff\" href=\"http:\/\/128.40.115.16\/cascade\/\" target=\"_blank\" rel=\"noopener\">CASCADE (Concentrated Action on SeroConversion to AIDS and Death in Europe)<\/a><\/p>\n<p><strong>Prof Dr Anne-Mieke Vandamme<\/strong><strong><br><\/strong>Katholieke Universiteit Leuven<br>Head of Division Clinical and Epidemiological Virology<br>AIDS Reference Laboratory<br>Rega Institute and University Hospitals:\u00a0<a href=\"http:\/\/www.rega.kuleuven.be\/cev\" target=\"_blank\" rel=\"noopener\">http:\/\/www.rega.kuleuven.be\/cev<\/a><\/p>\n<p><strong>Prof Dr Sunil K. Ahuja<\/strong><br>University of Texas Health Science Center at San Antonio<br>Department of Medicine (Infectious Diseases)\u00a0<\/p>\n<p><strong>Don C. Des Jarlais, PhD<\/strong><br>Director of Research Beth Israel Medical Center The Baron Edmond de Rothschild Chemical Dependency Institute,\u00a0New York, NY, USA.<\/p>\n","protected":false},"excerpt":{"rendered":"<p>Eestis: Terviseamet Tervise Arengu Instituut Tartu \u00dclikooli Tehnoloogiainstituut Tartu \u00dclikooli Tervishoiu instituut Eesti HIV-positiivsete V\u00f5rgustik L\u00e4\u00e4ne-Tallinna Keskhaigla SA Narva Haigla SA Ida-Viru Keskhaigla SA P\u00e4rnu Haigla SA Tartu \u00dclikooli Kliinikum SA Vanglad Maailmas: CASCADE (Concentrated Action on SeroConversion to AIDS &#8230;<\/p>\n","protected":false},"author":128,"featured_media":0,"parent":0,"menu_order":0,"comment_status":"closed","ping_status":"closed","template":"","meta":{"_acf_changed":false,"inline_featured_image":false,"footnotes":""},"class_list":["post-13","page","type-page","status-publish","hentry"],"acf":[],"_links":{"self":[{"href":"https:\/\/sisu.ut.ee\/hiv\/wp-json\/wp\/v2\/pages\/13","targetHints":{"allow":["GET"]}}],"collection":[{"href":"https:\/\/sisu.ut.ee\/hiv\/wp-json\/wp\/v2\/pages"}],"about":[{"href":"https:\/\/sisu.ut.ee\/hiv\/wp-json\/wp\/v2\/types\/page"}],"author":[{"embeddable":true,"href":"https:\/\/sisu.ut.ee\/hiv\/wp-json\/wp\/v2\/users\/128"}],"replies":[{"embeddable":true,"href":"https:\/\/sisu.ut.ee\/hiv\/wp-json\/wp\/v2\/comments?post=13"}],"version-history":[{"count":1,"href":"https:\/\/sisu.ut.ee\/hiv\/wp-json\/wp\/v2\/pages\/13\/revisions"}],"predecessor-version":[{"id":184,"href":"https:\/\/sisu.ut.ee\/hiv\/wp-json\/wp\/v2\/pages\/13\/revisions\/184"}],"wp:attachment":[{"href":"https:\/\/sisu.ut.ee\/hiv\/wp-json\/wp\/v2\/media?parent=13"}],"curies":[{"name":"wp","href":"https:\/\/api.w.org\/{rel}","templated":true}]}}