{"id":10,"date":"2024-04-04T03:43:29","date_gmt":"2024-04-04T00:43:29","guid":{"rendered":"https:\/\/sisu.ut.ee\/hiv\/noukogu\/"},"modified":"2024-04-04T03:43:48","modified_gmt":"2024-04-04T00:43:48","slug":"noukogu","status":"publish","type":"page","link":"https:\/\/sisu.ut.ee\/hiv\/noukogu\/","title":{"rendered":"N\u00f5ukogu"},"content":{"rendered":"<p><span style=\"font-size: small\">E-HIV tegevust korraldab noukogu.<\/span><\/p>\n<p><span style=\"font-size: small\">N\u00f5ukogu esimees \u2013 Irja Lutsar, professor, T\u00dc mikrobioloogia instituudi juhataja, Eesti Infektsioonhaiguste Seltsi juhatuse liige<\/span><\/p>\n<p><span style=\"font-size: small\">N\u00f5ukogu aseesimees \u2013 Kai Zilmer, MD, L\u00e4\u00e4ne-Tallinna Keskhaigla nakkuskliiniku juhataja, Eesti Infektsioonhaiguste Seltsi juhatuse liige<\/span><\/p>\n\n<p><span style=\"font-size: small\">N\u00f5ukogu liikmed:<\/span><\/p>\n<p><span style=\"font-size: small\">Matti Maimets, dotsent, T\u00dc nakkusosakonna juhataja<\/span><\/p>\n<p><span style=\"font-size: small\">Kersti Kink, MD, L\u00e4\u00e4ne-Tallinna Keskhaigla nakkuskliiniku ambulatoorse osakonna juhataja<\/span><\/p>\n<p><span style=\"font-size: small\">Svetlana Semjonova, MD, Ida-Viru Keskhaigla infektsioonhaiguste osakonna infektsionist<\/span><\/p>\n<p><span style=\"font-size: small\">Kaisa Kirs, MD, L\u00e4\u00e4ne-Tallinna Keskhaigla diagnostikakliiniku mikrobioloogia osakonna vastutav arst<\/span><\/p>\n<p><span style=\"font-size: small\">\u00a0<\/span><\/p>\n","protected":false},"excerpt":{"rendered":"<p>E-HIV tegevust korraldab noukogu. N\u00f5ukogu esimees \u2013 Irja Lutsar, professor, T\u00dc mikrobioloogia instituudi juhataja, Eesti Infektsioonhaiguste Seltsi juhatuse liige N\u00f5ukogu aseesimees \u2013 Kai Zilmer, MD, L\u00e4\u00e4ne-Tallinna Keskhaigla nakkuskliiniku juhataja, Eesti Infektsioonhaiguste Seltsi juhatuse liige N\u00f5ukogu liikmed: Matti Maimets, dotsent, T\u00dc &#8230;<\/p>\n","protected":false},"author":128,"featured_media":0,"parent":0,"menu_order":0,"comment_status":"closed","ping_status":"closed","template":"","meta":{"_acf_changed":false,"inline_featured_image":false,"footnotes":""},"class_list":["post-10","page","type-page","status-publish","hentry"],"acf":[],"_links":{"self":[{"href":"https:\/\/sisu.ut.ee\/hiv\/wp-json\/wp\/v2\/pages\/10","targetHints":{"allow":["GET"]}}],"collection":[{"href":"https:\/\/sisu.ut.ee\/hiv\/wp-json\/wp\/v2\/pages"}],"about":[{"href":"https:\/\/sisu.ut.ee\/hiv\/wp-json\/wp\/v2\/types\/page"}],"author":[{"embeddable":true,"href":"https:\/\/sisu.ut.ee\/hiv\/wp-json\/wp\/v2\/users\/128"}],"replies":[{"embeddable":true,"href":"https:\/\/sisu.ut.ee\/hiv\/wp-json\/wp\/v2\/comments?post=10"}],"version-history":[{"count":1,"href":"https:\/\/sisu.ut.ee\/hiv\/wp-json\/wp\/v2\/pages\/10\/revisions"}],"predecessor-version":[{"id":181,"href":"https:\/\/sisu.ut.ee\/hiv\/wp-json\/wp\/v2\/pages\/10\/revisions\/181"}],"wp:attachment":[{"href":"https:\/\/sisu.ut.ee\/hiv\/wp-json\/wp\/v2\/media?parent=10"}],"curies":[{"name":"wp","href":"https:\/\/api.w.org\/{rel}","templated":true}]}}