{"id":8,"date":"2024-04-04T02:24:21","date_gmt":"2024-04-03T23:24:21","guid":{"rendered":"https:\/\/sisu.ut.ee\/hitechdevices\/superhapped-ja-alused\/"},"modified":"2024-04-04T02:24:36","modified_gmt":"2024-04-03T23:24:36","slug":"superhapped-ja-alused","status":"publish","type":"page","link":"https:\/\/sisu.ut.ee\/hitechdevices\/superhapped-ja-alused\/","title":{"rendered":"Superhapped ja -alused"},"content":{"rendered":"<p><strong>Superhapete ja superaluste keemia ja selle k\u00f5rgtehnoloogilised rakendused<\/strong><\/p>\n<p><em>Grupijuht: <strong>Ivo Leito<\/strong>, Tartu \u00dclikooli keemia instituut<\/em><\/p>\n<p>Eesm\u00e4rgiks on m\u00e4rkimisv\u00e4\u00e4rne arenguh\u00fcpe superhapete ja superaluste keemias.<\/p>\n<p>Olulisimad kavandatud tegevused:<\/p>\n<p>Uute superhapete\/superaluste disain, s\u00fcntees ja happelisuse\/aluselisuse m\u00f5\u00f5tmine, mis viib rea uute superhapete\/superaluste loomiseni, happelisuse\/aluselisuse p\u00f5hjuste s\u00fcgavama m\u00f5istmise ja superhapete\/superaluste tugevuste seniste \u201ckasvupiiride\u201d murdmiseni;<\/p>\n<p>Laiendame gaasifaasilised superhappelisuse ja superaluselisuse skaalad ning seome need omavahel, misl\u00e4bi osutub esmakordselt v\u00f5imalikuks \u00fchendatud eksperimentaalse gaasifaasilise happelisuse-aluselisuse skaala koostamine;<\/p>\n<p>Absoluutse pH skaala (pHabs) kontseptsioon realiseeritakse eksperimentaalselt, misl\u00e4bi osutub esmakordselt v\u00f5imalikuks mistahes keskkondade (sh superhapete\/superaluste) happelisuste vahetu v\u00f5rdlemine;<\/p>\n<p>\u00dclitugevate karboraanhapete H(CB11H12) derivaatide saamiseks luuakse efektiivne s\u00fcnteesitee ja seel\u00e4bi avanevad v\u00f5imalused nende ainete k\u00f5rgtehnoloogilisteks rakendusteks.<\/p>\n","protected":false},"excerpt":{"rendered":"<p>Superhapete ja superaluste keemia ja selle k\u00f5rgtehnoloogilised rakendused Grupijuht: Ivo Leito, Tartu \u00dclikooli keemia instituut Eesm\u00e4rgiks on m\u00e4rkimisv\u00e4\u00e4rne arenguh\u00fcpe superhapete ja superaluste keemias. Olulisimad kavandatud tegevused: Uute superhapete\/superaluste disain, s\u00fcntees ja happelisuse\/aluselisuse m\u00f5\u00f5tmine, mis viib rea uute superhapete\/superaluste loomiseni, happelisuse\/aluselisuse &#8230;<\/p>\n","protected":false},"author":84,"featured_media":0,"parent":0,"menu_order":0,"comment_status":"closed","ping_status":"closed","template":"","meta":{"_acf_changed":false,"inline_featured_image":false,"footnotes":""},"class_list":["post-8","page","type-page","status-publish","hentry"],"acf":[],"_links":{"self":[{"href":"https:\/\/sisu.ut.ee\/hitechdevices\/wp-json\/wp\/v2\/pages\/8","targetHints":{"allow":["GET"]}}],"collection":[{"href":"https:\/\/sisu.ut.ee\/hitechdevices\/wp-json\/wp\/v2\/pages"}],"about":[{"href":"https:\/\/sisu.ut.ee\/hitechdevices\/wp-json\/wp\/v2\/types\/page"}],"author":[{"embeddable":true,"href":"https:\/\/sisu.ut.ee\/hitechdevices\/wp-json\/wp\/v2\/users\/84"}],"replies":[{"embeddable":true,"href":"https:\/\/sisu.ut.ee\/hitechdevices\/wp-json\/wp\/v2\/comments?post=8"}],"version-history":[{"count":1,"href":"https:\/\/sisu.ut.ee\/hitechdevices\/wp-json\/wp\/v2\/pages\/8\/revisions"}],"predecessor-version":[{"id":142,"href":"https:\/\/sisu.ut.ee\/hitechdevices\/wp-json\/wp\/v2\/pages\/8\/revisions\/142"}],"wp:attachment":[{"href":"https:\/\/sisu.ut.ee\/hitechdevices\/wp-json\/wp\/v2\/media?parent=8"}],"curies":[{"name":"wp","href":"https:\/\/api.w.org\/{rel}","templated":true}]}}