{"id":6,"date":"2024-04-04T02:24:20","date_gmt":"2024-04-03T23:24:20","guid":{"rendered":"https:\/\/sisu.ut.ee\/hitechdevices\/kilestruktuurid\/"},"modified":"2024-04-04T02:24:36","modified_gmt":"2024-04-03T23:24:36","slug":"kilestruktuurid","status":"publish","type":"page","link":"https:\/\/sisu.ut.ee\/hitechdevices\/kilestruktuurid\/","title":{"rendered":"Kilestruktuurid"},"content":{"rendered":"<p><strong>Kilestruktuurid nanoelektroonika rakendusteks ja funktsionaalseteks pinnakateteks<\/strong><\/p>\n<p><em>Grupi juht: <strong>V\u00e4ino Sammelselg,<\/strong> Tartu \u00dclikooli f\u00fc\u00fcsika instituut<\/em><\/p>\n<p>Uurimist\u00f6\u00f6 eesm\u00e4rgiks on t\u00e4iustada olemasolevaid ja arendada v\u00e4lja uusi tehnoloogilisi meetodeid, mis lubaksid valmistada \u00fcli\u00f5hukesi kihte ja nano-osakesi sisaldavaid tahkisestruktuure rakendamiseks<\/p>\n<ul>\n<li>j\u00e4rgmise p\u00f5lvkonna muutm\u00e4lude kondensaatorstruktuurides,<\/li>\n<li>takistuse muutusel p\u00f5hinevates m\u00e4lustruktuurides (memristorides),<\/li>\n<li>laengute l\u00f5ksustamisel p\u00f5hinevates v\u00e4lkm\u00e4ludes,<\/li>\n<li>laengukandjate suure liikuvusega materjalidel p\u00f5hinevate v\u00e4ljatransistoride paisuahelates,<\/li>\n<li>spintroonikaseadistes ja<\/li>\n<li>funktsionaalsetes pinnakatetes, sh. difusiooni t\u00f5kestavates, passiveerivates, korrosioonivastastes, bios\u00f5bralikes jt sarnastes kihtides.<\/li>\n<\/ul>\n<p>Seejuures kasutatakse mitmesuguseid materjalitehnoloogiaid, ka selliseid, mis lubavad valmistada grafeeni ja nano-osakesi, kuid peamiseks meetodiks \u00fcli\u00f5hukesi tahkisekihte sisaldavate struktuuride valmistamisel on kavandatud siiski aatomkihtsadestamine, mis v\u00f5imaldab kontrollida materjalide s\u00fcnteesi \u00fcksiku aatomkihi tasemel.<\/p>\n","protected":false},"excerpt":{"rendered":"<p>Kilestruktuurid nanoelektroonika rakendusteks ja funktsionaalseteks pinnakateteks Grupi juht: V\u00e4ino Sammelselg, Tartu \u00dclikooli f\u00fc\u00fcsika instituut Uurimist\u00f6\u00f6 eesm\u00e4rgiks on t\u00e4iustada olemasolevaid ja arendada v\u00e4lja uusi tehnoloogilisi meetodeid, mis lubaksid valmistada \u00fcli\u00f5hukesi kihte ja nano-osakesi sisaldavaid tahkisestruktuure rakendamiseks j\u00e4rgmise p\u00f5lvkonna muutm\u00e4lude kondensaatorstruktuurides, takistuse &#8230;<\/p>\n","protected":false},"author":84,"featured_media":0,"parent":0,"menu_order":0,"comment_status":"closed","ping_status":"closed","template":"","meta":{"_acf_changed":false,"inline_featured_image":false,"footnotes":""},"class_list":["post-6","page","type-page","status-publish","hentry"],"acf":[],"_links":{"self":[{"href":"https:\/\/sisu.ut.ee\/hitechdevices\/wp-json\/wp\/v2\/pages\/6","targetHints":{"allow":["GET"]}}],"collection":[{"href":"https:\/\/sisu.ut.ee\/hitechdevices\/wp-json\/wp\/v2\/pages"}],"about":[{"href":"https:\/\/sisu.ut.ee\/hitechdevices\/wp-json\/wp\/v2\/types\/page"}],"author":[{"embeddable":true,"href":"https:\/\/sisu.ut.ee\/hitechdevices\/wp-json\/wp\/v2\/users\/84"}],"replies":[{"embeddable":true,"href":"https:\/\/sisu.ut.ee\/hitechdevices\/wp-json\/wp\/v2\/comments?post=6"}],"version-history":[{"count":1,"href":"https:\/\/sisu.ut.ee\/hitechdevices\/wp-json\/wp\/v2\/pages\/6\/revisions"}],"predecessor-version":[{"id":144,"href":"https:\/\/sisu.ut.ee\/hitechdevices\/wp-json\/wp\/v2\/pages\/6\/revisions\/144"}],"wp:attachment":[{"href":"https:\/\/sisu.ut.ee\/hitechdevices\/wp-json\/wp\/v2\/media?parent=6"}],"curies":[{"name":"wp","href":"https:\/\/api.w.org\/{rel}","templated":true}]}}