{"id":5,"date":"2024-04-04T02:24:20","date_gmt":"2024-04-03T23:24:20","guid":{"rendered":"https:\/\/sisu.ut.ee\/hitechdevices\/luminestsentmaterjalid\/"},"modified":"2024-04-04T02:24:36","modified_gmt":"2024-04-03T23:24:36","slug":"luminestsentmaterjalid","status":"publish","type":"page","link":"https:\/\/sisu.ut.ee\/hitechdevices\/luminestsentmaterjalid\/","title":{"rendered":"Luminestsentmaterjalid"},"content":{"rendered":"<p><em>Grupi juht: <strong>Mikhail Brik<\/strong>, Tartu \u00dclikooli f\u00fc\u00fcsika instituut<\/em><\/p>\n<p>Luminestsentsmaterjalid on saanud igap\u00e4evaelu lahutamatuks osaks. Neid v\u00f5ib leida lampides, valgusfoorides, arvutiekraanides, mobiiltelefonides, kaubaetikettidel jne. Neid kasutatakse meditsiinis, lennujaamade turvas\u00fcsteemides ja mujal. Luminestsentsmaterjalide arendus ka kasutamine on viimasel ajal plahvatuslikult laienenud seoses tehnoloogilistele rakendustele esitatavatele \u00fcha k\u00f5rgematele n\u00f5uetele nii optikas, fotoonikas, biomeditsiinis markeritena, aga ka energia muundamisel ja salvestamisel .<\/p>\n","protected":false},"excerpt":{"rendered":"<p>Grupi juht: Mikhail Brik, Tartu \u00dclikooli f\u00fc\u00fcsika instituut Luminestsentsmaterjalid on saanud igap\u00e4evaelu lahutamatuks osaks. Neid v\u00f5ib leida lampides, valgusfoorides, arvutiekraanides, mobiiltelefonides, kaubaetikettidel jne. Neid kasutatakse meditsiinis, lennujaamade turvas\u00fcsteemides ja mujal. Luminestsentsmaterjalide arendus ka kasutamine on viimasel ajal plahvatuslikult laienenud seoses &#8230;<\/p>\n","protected":false},"author":84,"featured_media":0,"parent":0,"menu_order":0,"comment_status":"closed","ping_status":"closed","template":"","meta":{"_acf_changed":false,"inline_featured_image":false,"footnotes":""},"class_list":["post-5","page","type-page","status-publish","hentry"],"acf":[],"_links":{"self":[{"href":"https:\/\/sisu.ut.ee\/hitechdevices\/wp-json\/wp\/v2\/pages\/5","targetHints":{"allow":["GET"]}}],"collection":[{"href":"https:\/\/sisu.ut.ee\/hitechdevices\/wp-json\/wp\/v2\/pages"}],"about":[{"href":"https:\/\/sisu.ut.ee\/hitechdevices\/wp-json\/wp\/v2\/types\/page"}],"author":[{"embeddable":true,"href":"https:\/\/sisu.ut.ee\/hitechdevices\/wp-json\/wp\/v2\/users\/84"}],"replies":[{"embeddable":true,"href":"https:\/\/sisu.ut.ee\/hitechdevices\/wp-json\/wp\/v2\/comments?post=5"}],"version-history":[{"count":1,"href":"https:\/\/sisu.ut.ee\/hitechdevices\/wp-json\/wp\/v2\/pages\/5\/revisions"}],"predecessor-version":[{"id":145,"href":"https:\/\/sisu.ut.ee\/hitechdevices\/wp-json\/wp\/v2\/pages\/5\/revisions\/145"}],"wp:attachment":[{"href":"https:\/\/sisu.ut.ee\/hitechdevices\/wp-json\/wp\/v2\/media?parent=5"}],"curies":[{"name":"wp","href":"https:\/\/api.w.org\/{rel}","templated":true}]}}