{"id":37,"date":"2024-04-04T02:24:23","date_gmt":"2024-04-03T23:24:23","guid":{"rendered":"https:\/\/sisu.ut.ee\/hitechdevices\/interaktsioonimehhanismid\/"},"modified":"2024-04-04T02:24:36","modified_gmt":"2024-04-03T23:24:36","slug":"interaktsioonimehhanismid","status":"publish","type":"page","link":"https:\/\/sisu.ut.ee\/hitechdevices\/interaktsioonimehhanismid\/","title":{"rendered":"Interaktsioonimehhanismid"},"content":{"rendered":"<p>\n\t<strong>Struktuuritundlikud interaktsioonimehhanismid funktsionaalsetes materjalides nanoskaalas<\/strong>\n<\/p>\n<p>\n\t<em>Grupi juht: <strong>Vambola Kisand<\/strong>, Tartu \u00dclikooli f\u00fc\u00fcsika instituut<\/em>\n<\/p>\n<p>\n\tNanotehnoloogia kasulikkus s\u00f5ltub suurel m\u00e4\u00e4ral nanostruktuuride geomeetriaga m\u00e4\u00e4ratud funktsionaalsusest. Nanotehnoloogia v\u00f5imaluste rakendamisel on v\u00f5imalik edu saavutada vaid \u00fchtaegu kasvatades v\u00f5imet m\u00f5ista ning ennustada nanoobjektide erip\u00e4raste omaduste kujunemist nende kasvufaasis ning struktuuri ja f\u00fc\u00fcsiliste omaduste kujunemise seoseid. Meie uurimist\u00f6\u00f6 struktuuri m\u00f5just nanoobjektide funktsionaalsusele keskendub ennek\u00f5ike tehnoloogiliselt olulistele s\u00fcsinikup\u00f5histele, oksiidsetele, ning m\u00f5nedele valitud komposiitnanostruktuuriobjektidele. Me sobitame algup\u00e4raselt objektivalmistuse t\u00e4psust, k\u00f5rglahutusega mikroanal\u00fc\u00fcsi, nanomehhaanilise manipulatsiooni ning s\u00fcnktrotronallikatel tehtava spektroskoopia l\u00e4bi pinnaolekute, -defektide ning -struktuuri tuvastamise, leidmaks seel\u00e4bi uudseid \u00fchendeid ja valmistusviise parima funktsionaalsuse saavutamiseks ka \u00fcksiku nanostruktuuri tasandil.<\/p>\n","protected":false},"excerpt":{"rendered":"<p>Struktuuritundlikud interaktsioonimehhanismid funktsionaalsetes materjalides nanoskaalas Grupi juht: Vambola Kisand, Tartu \u00dclikooli f\u00fc\u00fcsika instituut Nanotehnoloogia kasulikkus s\u00f5ltub suurel m\u00e4\u00e4ral nanostruktuuride geomeetriaga m\u00e4\u00e4ratud funktsionaalsusest. Nanotehnoloogia v\u00f5imaluste rakendamisel on v\u00f5imalik edu saavutada vaid \u00fchtaegu kasvatades v\u00f5imet m\u00f5ista ning ennustada nanoobjektide erip\u00e4raste omaduste kujunemist &#8230;<\/p>\n","protected":false},"author":84,"featured_media":0,"parent":0,"menu_order":0,"comment_status":"closed","ping_status":"closed","template":"","meta":{"_acf_changed":false,"inline_featured_image":false,"footnotes":""},"class_list":["post-37","page","type-page","status-publish","hentry"],"acf":[],"_links":{"self":[{"href":"https:\/\/sisu.ut.ee\/hitechdevices\/wp-json\/wp\/v2\/pages\/37","targetHints":{"allow":["GET"]}}],"collection":[{"href":"https:\/\/sisu.ut.ee\/hitechdevices\/wp-json\/wp\/v2\/pages"}],"about":[{"href":"https:\/\/sisu.ut.ee\/hitechdevices\/wp-json\/wp\/v2\/types\/page"}],"author":[{"embeddable":true,"href":"https:\/\/sisu.ut.ee\/hitechdevices\/wp-json\/wp\/v2\/users\/84"}],"replies":[{"embeddable":true,"href":"https:\/\/sisu.ut.ee\/hitechdevices\/wp-json\/wp\/v2\/comments?post=37"}],"version-history":[{"count":1,"href":"https:\/\/sisu.ut.ee\/hitechdevices\/wp-json\/wp\/v2\/pages\/37\/revisions"}],"predecessor-version":[{"id":113,"href":"https:\/\/sisu.ut.ee\/hitechdevices\/wp-json\/wp\/v2\/pages\/37\/revisions\/113"}],"wp:attachment":[{"href":"https:\/\/sisu.ut.ee\/hitechdevices\/wp-json\/wp\/v2\/media?parent=37"}],"curies":[{"name":"wp","href":"https:\/\/api.w.org\/{rel}","templated":true}]}}