{"id":3,"date":"2024-04-04T02:24:20","date_gmt":"2024-04-03T23:24:20","guid":{"rendered":"https:\/\/sisu.ut.ee\/hitechdevices\/vaata-videoid\/"},"modified":"2024-04-04T02:24:36","modified_gmt":"2024-04-03T23:24:36","slug":"vaata-videoid","status":"publish","type":"page","link":"https:\/\/sisu.ut.ee\/hitechdevices\/vaata-videoid\/","title":{"rendered":"Vaata tutvustavaid teadusvideoid"},"content":{"rendered":"<p>\n\tP\u00fc\u00fcame anda v\u00f5imalikult lihtsalt \u00fclevaateid sellest, millega tegeleme, ning selgitusi uurimisobjektide kohta.\n<\/p>\n<p>\n\t<a data-url=\"https:\/\/sisu.ut.ee\/wp-content\/uploads\/sites\/166\/tkt141_piret.mp4\" href=\"https:\/\/sisu.ut.ee\/wp-content\/uploads\/sites\/166\/tkt141_piret.mp4\" target=\"_blank\" title=\"Mida annab skaneeriv tunnelelektronmikroskoopia\" rel=\"noopener\">Mida annab skaneeriv elektronmikroskoopia<\/a>\n<\/p>\n<p>\n\t<a data-url=\"https:\/\/owncloud.ut.ee\/owncloud\/s\/qMYfiDHyM7ACMLA\" href=\"https:\/\/owncloud.ut.ee\/owncloud\/s\/qMYfiDHyM7ACMLA\" target=\"_blank\" title=\"Ioonvedelikud ja arvutiteadus\" rel=\"noopener\">Ioonvedelikud ja arvutiteadus<\/a>\n<\/p>\n<p>\n\t<a data-url=\"https:\/\/owncloud.ut.ee\/owncloud\/s\/sXR4KgNkc2QTpdx\" href=\"https:\/\/owncloud.ut.ee\/owncloud\/s\/sXR4KgNkc2QTpdx\" target=\"_blank\" title=\"Veidi juttu k\u00fctuseelementidest ja plaatinast\" rel=\"noopener\">Veidi juttu k\u00fctuseelementidest ja plaatinast<\/a>\n<\/p>\n<p>\n\t<a data-url=\"https:\/\/owncloud.ut.ee\/owncloud\/s\/SrRQK2AmGtEMXk8\" href=\"https:\/\/owncloud.ut.ee\/owncloud\/s\/SrRQK2AmGtEMXk8\" target=\"_blank\" title=\"\" rel=\"noopener\">Vesinikutehnoloogiad aastal 2022<\/a><\/p>\n","protected":false},"excerpt":{"rendered":"<p>P\u00fc\u00fcame anda v\u00f5imalikult lihtsalt \u00fclevaateid sellest, millega tegeleme, ning selgitusi uurimisobjektide kohta. Mida annab skaneeriv elektronmikroskoopia Ioonvedelikud ja arvutiteadus Veidi juttu k\u00fctuseelementidest ja plaatinast Vesinikutehnoloogiad aastal 2022<\/p>\n","protected":false},"author":84,"featured_media":0,"parent":0,"menu_order":0,"comment_status":"closed","ping_status":"closed","template":"","meta":{"_acf_changed":false,"inline_featured_image":false,"footnotes":""},"class_list":["post-3","page","type-page","status-publish","hentry"],"acf":[],"_links":{"self":[{"href":"https:\/\/sisu.ut.ee\/hitechdevices\/wp-json\/wp\/v2\/pages\/3","targetHints":{"allow":["GET"]}}],"collection":[{"href":"https:\/\/sisu.ut.ee\/hitechdevices\/wp-json\/wp\/v2\/pages"}],"about":[{"href":"https:\/\/sisu.ut.ee\/hitechdevices\/wp-json\/wp\/v2\/types\/page"}],"author":[{"embeddable":true,"href":"https:\/\/sisu.ut.ee\/hitechdevices\/wp-json\/wp\/v2\/users\/84"}],"replies":[{"embeddable":true,"href":"https:\/\/sisu.ut.ee\/hitechdevices\/wp-json\/wp\/v2\/comments?post=3"}],"version-history":[{"count":1,"href":"https:\/\/sisu.ut.ee\/hitechdevices\/wp-json\/wp\/v2\/pages\/3\/revisions"}],"predecessor-version":[{"id":147,"href":"https:\/\/sisu.ut.ee\/hitechdevices\/wp-json\/wp\/v2\/pages\/3\/revisions\/147"}],"wp:attachment":[{"href":"https:\/\/sisu.ut.ee\/hitechdevices\/wp-json\/wp\/v2\/media?parent=3"}],"curies":[{"name":"wp","href":"https:\/\/api.w.org\/{rel}","templated":true}]}}