{"id":281,"date":"2025-03-20T16:45:23","date_gmt":"2025-03-20T14:45:23","guid":{"rendered":"https:\/\/sisu.ut.ee\/hitechdevices\/?page_id=281"},"modified":"2025-03-25T10:47:18","modified_gmt":"2025-03-25T08:47:18","slug":"publikatsioonid-tk210u1","status":"publish","type":"page","link":"https:\/\/sisu.ut.ee\/hitechdevices\/publikatsioonid-tk210u1\/","title":{"rendered":"Kaitstud doktorit\u00f6\u00f6d ja publikatsioonid"},"content":{"rendered":"<h2 class=\"wp-block-heading\">Doktorit\u00f6\u00f6d<\/h2>\n\n\n\n<ul class=\"wp-block-list\">\n<li><strong>Heigo Ers<\/strong>, 2024, (juh) Piret Pikma; Enn Lust; Vladislav Ivani\u0161t\u0161ev, <a href=\"https:\/\/dspace.ut.ee\/items\/73b2d0b4-8507-44e5-b958-1e929e46882c\">Adsorption and Structuring Processes at Single Crystal Electrode \u2013 Ionic Liquid Interface \u2013 Insights from Simulations and in situ Studies<\/a> (Adsorptsioon ja elektrilise kaksikkihi struktuur mudelelektrood \u2013 ioonvedelik piirpindadel). <\/li>\n\n\n\n<li><strong>Huy Qu\u00ed Vinh Nguyen<\/strong>, 2024, (juh) Jaak Nerut; Enn Lust; Heili Kasuk, <a href=\"https:\/\/dspace.ut.ee\/items\/ac29a05e-bf78-45c9-bf4e-7b96b6d01bf6\">Development of Carbon Supported Pt-CeO2 Catalysts for Proton Exchange Membrane Fuel Cells<\/a> (S\u00fcsinikule sadestatud Pt-CeO2 katal\u00fcsaatorite v\u00e4ljat\u00f6\u00f6tamine prootonvahetusmembraan k\u00fctuseelementidele).<\/li>\n\n\n\n<li><strong>Silvester J\u00fcrjo<\/strong>, 2024, (juh) Enn Lust; Ove Oll, <a href=\"https:\/\/dspace.ut.ee\/items\/2a755681-a71e-4534-9930-0298efbf9145\">Separation of Rare Earth Elements from Estonian Phosphorite Ore Using Liquid Extraction Followed by Electrochemical Reduction<\/a> (Haruldaste muldmetallide eraldamine fosforiidimaagist kasutades vedelikekstraktsiooni meetodit ning sellele j\u00e4rgnevat elektrokeemilist redutseerimist).<\/li>\n<\/ul>\n\n\n\n<h2 class=\"wp-block-heading\">Artiklid<\/h2>\n\n\n\n<h4 class=\"wp-block-heading\">2025<\/h4>\n\n\n\n<ul class=\"wp-block-list\">\n<li>Eskusson, Jaanus; Lust, Enn; J\u00e4nes, Alar (2025). Zn-ion capacitors based on solutions of different electrolytes. Electrochimica Acta, 521, 145916. DOI: <a href=\"https:\/\/www.sciencedirect.com\/science\/article\/pii\/S0013468625002798\">10.1016\/j.electacta.2025.145916<\/a>, <mark style=\"background-color:rgba(0, 0, 0, 0)\" class=\"has-inline-color has-green-color\">full text access<\/mark>.<\/li>\n\n\n\n<li>Kapdos, \u00c1.; Ujv\u00e1ri, M.; Kov\u00e1cs, N.; Szak\u00e1ly, Z.; Busai, \u00c1.; S\u00f3lyom, P.; Grozovski, V.; Moreno-Garc\u00eda, P.; Broekmann, P.; Vesztergom, S. (2025). Modelling the chronopotentiometric response of constant current hydrogen evolution from dilute solutions of strong acids. Journal of Catalysis, 442. DOI: <a href=\"https:\/\/www.sciencedirect.com\/science\/article\/pii\/S0021951724005852?via%3Dihub\">10.1016\/j.jcat.2024.115872<\/a>, <mark style=\"background-color:rgba(0, 0, 0, 0)\" class=\"has-inline-color has-green-color\">open access<\/mark>.<\/li>\n\n\n\n<li>Koppel, Miriam; Palm, Rasmus; Harmas, Riinu; Telling, Mark T. F.; Le, Manh Duc; Guidi, Tatiana; Tuul, Kenneth; Paalo, Maarja; Lust, Enn (2025). Restricted Dynamics and Para-Ortho Conversion of H2 Adsorbed in Micro- and Mesoporous Carbide-Derived Carbon: A Quasi- and Inelastic Neutron Scattering Study. The Journal of Physical Chemistry C, 129 (9), 4789\u22124799. DOI: <a href=\"https:\/\/pubs.acs.org\/doi\/10.1021\/acs.jpcc.4c08582\">10.1021\/acs.jpcc.4c08582<\/a>, <mark style=\"background-color:rgba(0, 0, 0, 0)\" class=\"has-inline-color has-green-color\">open access<\/mark>.<\/li>\n<\/ul>\n\n\n\n<h4 class=\"wp-block-heading\">2024<\/h4>\n\n\n\n<ul class=\"wp-block-list\">\n<li>Bulgarin, Hanna; Thomberg, Thomas; Lust, Andres; Nerut, Jaak; Koppel, Miriam; Romann, Tavo; Palm, Rasmus; Mansson, Martin; Vana, Marko; Junninen, Heikki; K\u00fclaviir, Marian; Paiste, P\u00e4\u00e4rn; Kirsim\u00e4e, Kalle; Punapart, Marite; Viru, Liane; Merits, Andres; Lust, Enn (2024). Enhanced and copper concentration dependent virucidal effect against SARS-CoV-2 of electrospun poly(vinylidene difluoride) filter materials. iScience, 27 (6), ARTN 109835. DOI: <a href=\"https:\/\/www.sciencedirect.com\/science\/article\/pii\/S2589004224010575\">10.1016\/j.isci.2024.109835<\/a>, <mark style=\"background-color:rgba(0, 0, 0, 0)\" class=\"has-inline-color has-green-color\">open access<\/mark>.<\/li>\n\n\n\n<li>Ers, Heigo; Siinor, Liis; Pikma, Piret (2024). Maintaining the order: 4,4\u2019-bipyridine self-assembled layers on the Bi(111) | ionic liquid interface. Electrochimica Acta, 144081. DOI: <a href=\"https:\/\/www.sciencedirect.com\/science\/article\/pii\/S0013468624003232\">10.1016\/j.electacta.2024.144081<\/a>, <mark style=\"background-color:rgba(0, 0, 0, 0)\" class=\"has-inline-color has-green-color\">full text access<\/mark>.<\/li>\n\n\n\n<li>Goloviznina, K.; Fleischhaker, J.; Binninger, T.; Rotenberg, B.; Ers, H.; Ivanistsev, V.; Meissner, R.; Serva, A.; Salanne, M. (2024). Accounting for the Quantum Capacitance of Graphite in Constant Potential Molecular Dynamics Simulations. Advanced Materials. DOI: <a href=\"https:\/\/advanced.onlinelibrary.wiley.com\/doi\/full\/10.1002\/adma.202405230\">10.1002\/adma.202405230<\/a>, <mark style=\"background-color:rgba(0, 0, 0, 0)\" class=\"has-inline-color has-green-color\">open access<\/mark>.<\/li>\n\n\n\n<li>H\u00e4rmas, Meelis; Olgo, Annabel; Adamson, Anu; Koppel, Miriam; J\u00e4nes, Alar (2024). Optimizing Synthesis Temperature for Lignin-Derived Hard Carbon Anode for High Cycling Capacity in Sodium-Ion Batteries. Journal of The Electrochemical Society, 171 (2), 020539. DOI: <a href=\"https:\/\/iopscience.iop.org\/article\/10.1149\/1945-7111\/ad28d7\">10.1149\/1945-7111\/ad28d7<\/a>, <mark style=\"background-color:rgba(0, 0, 0, 0)\" class=\"has-inline-color has-green-color\">open access<\/mark>.<\/li>\n\n\n\n<li>Kalder, Laura; Olgo, Annabel; L\u00fchrs, Jonas; Romann, Tavo; H\u00e4rmas, Riinu; Aruv\u00e4li, Jaan; Partovi-Azar, Pouya; Petzold, Albrecht; Lust, Enn; H\u00e4rk, Eneli (2024). Empirical correlation of quantified hard carbon structural parameters with electrochemical properties for sodium-ion batteries using a combined WAXS and SANS analysis. Energy Storage Materials, 67, 103272. DOI: <a href=\"https:\/\/www.sciencedirect.com\/science\/article\/pii\/S2405829724000990\">10.1016\/j.ensm.2024.103272<\/a>, <mark style=\"background-color:rgba(0, 0, 0, 0)\" class=\"has-inline-color has-green-color\">open access<\/mark>.<\/li>\n\n\n\n<li>Karu, K.; Nerut, E.R.; Tao, X.; Kislenko, S.A.; Pohako-Esko, K.; Voroshylova, I.V.; Ivani\u0161t\u0161ev, V.B. (2024). Ionic liquid\u2013electrode interface: Classification of ions, saturation of layers, and structure-determined potentials. Electrochimica Acta, 503. DOI: <a href=\"https:\/\/www.sciencedirect.com\/science\/article\/pii\/S0013468624010697\">10.1016\/j.electacta.2024.144829<\/a>, <mark style=\"background-color:rgba(0, 0, 0, 0)\" class=\"has-inline-color has-green-color\">open access<\/mark>.<\/li>\n\n\n\n<li>Kasuk, Karl-Ander; Nerut, Jaak; Grozovski, Vitali; Lust, Enn; Kucernak, Anthony (2024). Design and Impact: Navigating the Electrochemical Characterization Methods for Supported Catalysts. ACS Catalysis, 14, 11949\u221211966. DOI: <a href=\"https:\/\/pubs.acs.org\/doi\/full\/10.1021\/acscatal.4c03271\">10.1021\/acscatal.4c03271<\/a>, <mark style=\"background-color:rgba(0, 0, 0, 0)\" class=\"has-inline-color has-green-color\">open access<\/mark>.<\/li>\n\n\n\n<li>Koppel, Miriam; Palm, Rasmus; Harmas, Riinu; Telling, Mark; Le, Manh Duc; Guidi, Tatiana; Tuul, Kenneth; Paalo, Maarja; Kalder, Laura; Jagiello, Jacek; Romann, Tavo; Aruvali, Jaan; Mansson, Martin; Lust, Enn (2024). Disentangling the self-diffusional dynamics of H2 adsorbed in micro- and mesoporous carbide-derived carbon by wide temporal range quasi-elastic neutron scattering. Carbon, 219, ARTN 118799. DOI: <a href=\"https:\/\/www.sciencedirect.com\/science\/article\/pii\/S0008622324000162\">10.1016\/j.carbon.2024.118799<\/a>, <mark style=\"background-color:rgba(0, 0, 0, 0)\" class=\"has-inline-color has-green-color\">open access<\/mark>.<\/li>\n\n\n\n<li>Nguyen, Huy Qu\u00ed Vinh; Nerut, Jaak; Kasuk, Heili; Thomberg, Thomas; Romann, Tavo; Aruv\u00e4li, Jaan; K\u00fclaviir, Marian; Paaver, Peeter; Kochovski, Zdravko; H\u00e4rk, Eneli; Lust, Enn (2024). Influence of Chromium Carbide-Derived Carbon Support and Ceria Nanocrystals on Pt\u2013CeO2\/C Catalysts for Fuel Cell Applications. ECS Advances, 3 (2), 024505. DOI: <a href=\"https:\/\/iopscience.iop.org\/article\/10.1149\/2754-2734\/ad456c\">10.1149\/2754-2734\/ad456c<\/a>, <mark style=\"background-color:rgba(0, 0, 0, 0)\" class=\"has-inline-color has-green-color\">open access<\/mark>.<\/li>\n\n\n\n<li>Palm, Rasmus; Baena Moncada, Ang\u00e9lica Mar\u00eda; Gon\u00e7alves, Josu\u00e9 M. (2024). From medium- to high-entropy hydroxides for hybrid supercapacitors: A review. Journal of Materials Chemistry A, 12 (43), 29402\u221229431. DOI: <a href=\"https:\/\/pubs.rsc.org\/en\/content\/articlelanding\/2024\/ta\/d4ta05625f\">10.1039\/d4ta05625f<\/a>, <mark style=\"background-color:rgba(0, 0, 0, 0)\" class=\"has-inline-color has-green-color\">open access<\/mark>.<\/li>\n\n\n\n<li>Siinor, Liis; Ers, Heigo; Pikma, Piret (2024). Another Piece of the Ionic Liquid\u2019s Puzzle: Adsorption of Cl\u2013 Ions. The Journal of Physical Chemistry C, 128, 6, 2722\u22122729. DOI: <a href=\"https:\/\/pubs.acs.org\/doi\/10.1021\/acs.jpcc.3c07991\">10.1021\/acs.jpcc.3c07991<\/a>, <mark style=\"background-color:rgba(0, 0, 0, 0)\" class=\"has-inline-color has-green-color\">open access<\/mark>.<\/li>\n\n\n\n<li>Tuul, Kenneth; Maher, Sasha Martin; Floras, Claire; Black, William; Taskovic, Tina; Chisholm, Sam; Clarke, Alison; Lust, Enn; Dahn, J. R. (2024). Exceptional Performance of Li-ion Battery Cells with Liquid Electrolyte at 100 \u00b0C. Journal of The Electrochemical Society, 171 (4), 040510. DOI: <a href=\"https:\/\/iopscience.iop.org\/article\/10.1149\/1945-7111\/ad36e7\">10.1149\/1945-7111\/ad36e7<\/a>, <mark style=\"background-color:rgba(0, 0, 0, 0)\" class=\"has-inline-color has-green-color\">open access<\/mark>.<\/li>\n\n\n\n<li>Cepitis, Ritums; Kosimov, Akmal; Ivani\u0161t\u0161ev, Vladislav; Kongi, Nadezda (2024). Bifunctional Electrocatalysts \u2013 Design Strategies from Theoretical and Computational Studies. In: Multi-functional Electrocatalysts. (357\u2212374). Royal Society of Chemistry. DOI: <a href=\"https:\/\/books.rsc.org\/books\/edited-volume\/2219\/chapter-abstract\/8118324\/Bifunctional-Electrocatalysts-Design-Strategies\">10.1039\/9781837674497-00357<\/a>, <mark style=\"background-color:rgba(0, 0, 0, 0)\" class=\"has-inline-color has-red-color\">book chapter<\/mark>.<\/li>\n\n\n\n<li>Cepitis, Ritums; Ivani\u0161t\u0161ev, Vladislav; Rossmeisl, Jan; Kongi, Nadezda (2024). Bypassing the scaling relations in oxygen electrocatalysis with geometry-adaptive catalysts. Catalysis Science &amp; Technology. DOI: <a href=\"https:\/\/pubs.rsc.org\/en\/content\/articlelanding\/2024\/cy\/d4cy00036f\">10.1039\/D4CY00036F<\/a>, <mark style=\"background-color:rgba(0, 0, 0, 0)\" class=\"has-inline-color has-green-color\">open access<\/mark>. <\/li>\n\n\n\n<li>Leslie, Kate; Harlow, Jessie; Rathore, Divya; Tuul, Kenneth; Metzger, Michael (2024). Correlating Mn Dissolution and Capacity Fade in LiMn0.8Fe0.2PO4\/Graphite Cells During Cycling and Storage at Elevated Temperature. Journal of The Electrochemical Society, 171 (4), 040520. DOI: <a href=\"https:\/\/iopscience.iop.org\/article\/10.1149\/1945-7111\/ad3b77\">10.1149\/1945-7111\/ad3b77<\/a>, <mark style=\"background-color:rgba(0, 0, 0, 0)\" class=\"has-inline-color has-green-color\">open access<\/mark>.<\/li>\n<\/ul>\n","protected":false},"excerpt":{"rendered":"<p>Doktorit\u00f6\u00f6d Artiklid 2025 2024<\/p>\n","protected":false},"author":84,"featured_media":0,"parent":0,"menu_order":0,"comment_status":"closed","ping_status":"closed","template":"","meta":{"_acf_changed":false,"inline_featured_image":false,"footnotes":""},"class_list":["post-281","page","type-page","status-publish","hentry"],"acf":[],"_links":{"self":[{"href":"https:\/\/sisu.ut.ee\/hitechdevices\/wp-json\/wp\/v2\/pages\/281","targetHints":{"allow":["GET"]}}],"collection":[{"href":"https:\/\/sisu.ut.ee\/hitechdevices\/wp-json\/wp\/v2\/pages"}],"about":[{"href":"https:\/\/sisu.ut.ee\/hitechdevices\/wp-json\/wp\/v2\/types\/page"}],"author":[{"embeddable":true,"href":"https:\/\/sisu.ut.ee\/hitechdevices\/wp-json\/wp\/v2\/users\/84"}],"replies":[{"embeddable":true,"href":"https:\/\/sisu.ut.ee\/hitechdevices\/wp-json\/wp\/v2\/comments?post=281"}],"version-history":[{"count":6,"href":"https:\/\/sisu.ut.ee\/hitechdevices\/wp-json\/wp\/v2\/pages\/281\/revisions"}],"predecessor-version":[{"id":294,"href":"https:\/\/sisu.ut.ee\/hitechdevices\/wp-json\/wp\/v2\/pages\/281\/revisions\/294"}],"wp:attachment":[{"href":"https:\/\/sisu.ut.ee\/hitechdevices\/wp-json\/wp\/v2\/media?parent=281"}],"curies":[{"name":"wp","href":"https:\/\/api.w.org\/{rel}","templated":true}]}}