{"id":27,"date":"2024-04-04T02:24:22","date_gmt":"2024-04-03T23:24:22","guid":{"rendered":"https:\/\/sisu.ut.ee\/hitechdevices\/avaleht\/"},"modified":"2025-03-24T14:46:00","modified_gmt":"2025-03-24T12:46:00","slug":"tk141","status":"publish","type":"page","link":"https:\/\/sisu.ut.ee\/hitechdevices\/tk141\/","title":{"rendered":"Eelmine TK 141"},"content":{"rendered":"<figure class=\"wp-block-image size-large is-resized\"><img loading=\"lazy\" decoding=\"async\" width=\"1024\" height=\"593\" src=\"https:\/\/sisu.ut.ee\/wp-content\/uploads\/sites\/166\/el_regionaalarengu_fond_horisontaalne-scaled-1-1024x593.jpg\" alt=\"\" class=\"wp-image-307\" style=\"width:512px;height:auto\" srcset=\"https:\/\/sisu.ut.ee\/wp-content\/uploads\/sites\/166\/el_regionaalarengu_fond_horisontaalne-scaled-1-1024x593.jpg 1024w, https:\/\/sisu.ut.ee\/wp-content\/uploads\/sites\/166\/el_regionaalarengu_fond_horisontaalne-scaled-1-300x174.jpg 300w, https:\/\/sisu.ut.ee\/wp-content\/uploads\/sites\/166\/el_regionaalarengu_fond_horisontaalne-scaled-1-768x445.jpg 768w, https:\/\/sisu.ut.ee\/wp-content\/uploads\/sites\/166\/el_regionaalarengu_fond_horisontaalne-scaled-1-1536x889.jpg 1536w, https:\/\/sisu.ut.ee\/wp-content\/uploads\/sites\/166\/el_regionaalarengu_fond_horisontaalne-scaled-1-2048x1186.jpg 2048w, https:\/\/sisu.ut.ee\/wp-content\/uploads\/sites\/166\/el_regionaalarengu_fond_horisontaalne-scaled-1-1920x1112.jpg 1920w\" sizes=\"auto, (max-width: 1024px) 100vw, 1024px\"><\/figure>\n\n\n\n<h2 class=\"wp-block-heading\">Uudsete materjalide ja energia salvestamise muundamise seadmete tippkeskus<\/h2>\n\n\n\n<figure class=\"wp-block-image size-full is-resized\"><img loading=\"lazy\" decoding=\"async\" width=\"184\" height=\"109\" src=\"https:\/\/sisu.ut.ee\/wp-content\/uploads\/sites\/166\/ut_ja_ttu_logod.png\" alt=\"\" class=\"wp-image-63\" style=\"width:225px;height:auto\"><\/figure>\n\n\n<p><span id=\"z7AQu6\" class=\"z-label\">Eesti teaduse tippkeskuse \u201cUudsed materjalid ja k\u00f5rgtehnoloogilised seadmed energia salvestamise ja muundamise s\u00fcsteemidele\u201d tegevus on suunatud funktsionaalsete materjalide arendamisele keskkonnas\u00f5braliku ja j\u00e4tkusuutliku energiatehnoloogia, sensoorika ja nanoelektroonika tarbeks. Tippkeskuse tegevust toetab Euroopa Liidu Regionaalarengu Fond.<\/span><\/p>\n<p><span id=\"z7AQu6\" class=\"z-label\">Projekti kogumaksumus: 4738306,32 eurot<\/span><br><span class=\"z-label\">sh toetus: 4501391 eurot<br>Number <span class=\"z-label\">struktuuritoetuse riiklikus registris: <span class=\"z-label\"> 2014-2020.4.01.15-0011<\/span><br>Tunnus ETIS-es: TK 141<\/span><\/span><\/p>\n<p><span id=\"z7AQu6\" class=\"z-label\">Tippkeskuse toogrupid arendavad koost\u00f6\u00f6s kompleksselt laia spektrit energiaallikaid, -salvesteid ja \u2013muundureid, disainivad ja s\u00fcnteesivad selleks vajalikke materjale ja koostisosi ning uurivad nende f\u00fc\u00fcsikalisi, keemilisi ja tehnoloogilisi omadusi, koostavad ja testivad energiaallikate laboratoorseid ning v\u00e4ikeseeria protot\u00fc\u00fcpe. \u00dcldisemaks eesm\u00e4rgiks on arendada innovaatilise \u00fchiskonna tarbeks k\u00f5rgtehnoloogiliste materjalide ja seadmete alast oskusteavet ning valmistada ette kaadrit innovatiivse energia- ja materjalitehnoloogia alal.<\/span><\/p>\n<p><strong><a title=\"Vaata videoid\" href=\"https:\/\/sisu.ut.ee\/hitechdevices\/vaata-videoid\" target=\"_blank\" rel=\"noopener\">Vaata tutvustavaid teadusvideoid<\/a>\u00a0\u201cTeadusest lihtsalt\u201d<\/strong><\/p>\n<p><strong>Tippkeskuse teadust\u00f6\u00f6ga seotud artiklitele palun lisada t\u00e4nuavaldus:<\/strong><\/p>\n<p>This work was supported by the EU through the European Regional Development Fund under project TK141 (2014-2020.4.01.15-0011)<\/p>","protected":false},"excerpt":{"rendered":"<p>Uudsete materjalide ja energia salvestamise muundamise seadmete tippkeskus Eesti teaduse tippkeskuse \u201cUudsed materjalid ja k\u00f5rgtehnoloogilised seadmed energia salvestamise ja muundamise s\u00fcsteemidele\u201d tegevus on suunatud funktsionaalsete materjalide arendamisele keskkonnas\u00f5braliku ja j\u00e4tkusuutliku energiatehnoloogia, sensoorika ja nanoelektroonika tarbeks. Tippkeskuse tegevust toetab Euroopa Liidu &#8230;<\/p>\n","protected":false},"author":84,"featured_media":0,"parent":0,"menu_order":0,"comment_status":"closed","ping_status":"closed","template":"","meta":{"_acf_changed":false,"inline_featured_image":false,"footnotes":""},"class_list":["post-27","page","type-page","status-publish","hentry"],"acf":[],"_links":{"self":[{"href":"https:\/\/sisu.ut.ee\/hitechdevices\/wp-json\/wp\/v2\/pages\/27","targetHints":{"allow":["GET"]}}],"collection":[{"href":"https:\/\/sisu.ut.ee\/hitechdevices\/wp-json\/wp\/v2\/pages"}],"about":[{"href":"https:\/\/sisu.ut.ee\/hitechdevices\/wp-json\/wp\/v2\/types\/page"}],"author":[{"embeddable":true,"href":"https:\/\/sisu.ut.ee\/hitechdevices\/wp-json\/wp\/v2\/users\/84"}],"replies":[{"embeddable":true,"href":"https:\/\/sisu.ut.ee\/hitechdevices\/wp-json\/wp\/v2\/comments?post=27"}],"version-history":[{"count":9,"href":"https:\/\/sisu.ut.ee\/hitechdevices\/wp-json\/wp\/v2\/pages\/27\/revisions"}],"predecessor-version":[{"id":311,"href":"https:\/\/sisu.ut.ee\/hitechdevices\/wp-json\/wp\/v2\/pages\/27\/revisions\/311"}],"wp:attachment":[{"href":"https:\/\/sisu.ut.ee\/hitechdevices\/wp-json\/wp\/v2\/media?parent=27"}],"curies":[{"name":"wp","href":"https:\/\/api.w.org\/{rel}","templated":true}]}}