{"id":246,"date":"2025-03-20T11:35:43","date_gmt":"2025-03-20T09:35:43","guid":{"rendered":"https:\/\/sisu.ut.ee\/hitechdevices\/?page_id=246"},"modified":"2025-03-25T10:52:23","modified_gmt":"2025-03-25T08:52:23","slug":"uudsed-meetodid-ja-materjalid","status":"publish","type":"page","link":"https:\/\/sisu.ut.ee\/hitechdevices\/uudsed-meetodid-ja-materjalid\/","title":{"rendered":"Uudsed meetodid ja materjalid"},"content":{"rendered":"<figure class=\"wp-block-image size-large\"><img decoding=\"async\" src=\"https:\/\/sisu.ut.ee\/wp-content\/uploads\/sites\/166\/4x-Image-by-photoangel-on-Freepik-scaled.jpg\" alt=\"\"><\/figure>\n\n\n\n<h2 class=\"wp-block-heading\">Keskendume j\u00e4rgmistele valdkondadele:<\/h2>\n\n\n\n<ul class=\"wp-block-list\">\n<li>Uudsete operando elektrokeemiliste s\u00fcnkrtotron- neutron- ja m\u00fc\u00fconmeetodite arendamine elektrokeemiliste s\u00fcsteemide ja nende materjalide omaduste uurimiseks reaalsetes t\u00f6\u00f6tingimustes.<\/li>\n\n\n\n<li>Vesinikku adsorbeerivate materjalide \u00fcldiseloomustus.<\/li>\n\n\n\n<li>V\u00e4ikese plaatinasisaldusega v\u00f5i plaatinavabade katal\u00fcsaatorite arendus madalatemperatuuriliste k\u00fctuseelementide ja elektrol\u00fc\u00fcserite tarbeks.<\/li>\n\n\n\n<li>K\u00f5rge entroopiaga sulamite uurimine ja elektrokeemilised rakendused.<\/li>\n\n\n\n<li>Na-ioon- ja Zn-ioonpateriede arendamine.<\/li>\n\n\n\n<li>Ioonsete vedelike disainimine elektrol\u00fc\u00fctideks.<\/li>\n\n\n\n<li>Haruldaste muldmetallide ekstrakstioonimeetodite v\u00e4ljat\u00f6\u00f6tamine je elektrokeemilise puhastamise juurutamine.<\/li>\n\n\n\n<li>Eriomadustega membraani- ja filtermaterjalide arendamine.<\/li>\n<\/ul>\n\n\n\n<p>Kontakt: <a href=\"https:\/\/www.etis.ee\/CV\/Enn_Lust\/est\/\">Enn Lust<\/a><\/p>\n\n\n\n<p><a href=\"https:\/\/www.etis.ee\/Portal\/Projects\/Display\/1c1ce197-9f3d-4f30-b68e-8433c45987a2\">P\u00f5hit\u00e4itjad ja t\u00e4itjad (ETISes)<\/a><\/p>\n\n\n\n<p><a href=\"https:\/\/sisu.ut.ee\/hitechdevices\/publikatsioonid-tk210u1\/\">Kaitstud doktorit\u00f6\u00f6d ja publikatsioonid<\/a><\/p>\n\n\n\n<p><\/p>\n","protected":false},"excerpt":{"rendered":"<p>Keskendume j\u00e4rgmistele valdkondadele: Kontakt: Enn Lust P\u00f5hit\u00e4itjad ja t\u00e4itjad (ETISes) Kaitstud doktorit\u00f6\u00f6d ja publikatsioonid<\/p>\n","protected":false},"author":84,"featured_media":0,"parent":0,"menu_order":0,"comment_status":"closed","ping_status":"closed","template":"","meta":{"_acf_changed":false,"inline_featured_image":false,"footnotes":""},"class_list":["post-246","page","type-page","status-publish","hentry"],"acf":[],"_links":{"self":[{"href":"https:\/\/sisu.ut.ee\/hitechdevices\/wp-json\/wp\/v2\/pages\/246","targetHints":{"allow":["GET"]}}],"collection":[{"href":"https:\/\/sisu.ut.ee\/hitechdevices\/wp-json\/wp\/v2\/pages"}],"about":[{"href":"https:\/\/sisu.ut.ee\/hitechdevices\/wp-json\/wp\/v2\/types\/page"}],"author":[{"embeddable":true,"href":"https:\/\/sisu.ut.ee\/hitechdevices\/wp-json\/wp\/v2\/users\/84"}],"replies":[{"embeddable":true,"href":"https:\/\/sisu.ut.ee\/hitechdevices\/wp-json\/wp\/v2\/comments?post=246"}],"version-history":[{"count":10,"href":"https:\/\/sisu.ut.ee\/hitechdevices\/wp-json\/wp\/v2\/pages\/246\/revisions"}],"predecessor-version":[{"id":380,"href":"https:\/\/sisu.ut.ee\/hitechdevices\/wp-json\/wp\/v2\/pages\/246\/revisions\/380"}],"wp:attachment":[{"href":"https:\/\/sisu.ut.ee\/hitechdevices\/wp-json\/wp\/v2\/media?parent=246"}],"curies":[{"name":"wp","href":"https:\/\/api.w.org\/{rel}","templated":true}]}}