{"id":182,"date":"2025-03-14T17:13:30","date_gmt":"2025-03-14T15:13:30","guid":{"rendered":"https:\/\/sisu.ut.ee\/hitechdevices\/?page_id=182"},"modified":"2026-04-07T10:38:17","modified_gmt":"2026-04-07T07:38:17","slug":"esinemised-ja-artiklid","status":"publish","type":"page","link":"https:\/\/sisu.ut.ee\/hitechdevices\/esinemised-ja-artiklid\/","title":{"rendered":"Esinemised ja populaarteaduslikud artiklid"},"content":{"rendered":"<h2 class=\"wp-block-heading\">2026<\/h2>\n\n\n\n<p><strong>Kaido Tammeveski<\/strong>, Intervjuu: <a href=\"https:\/\/www.loodusajakiri.ee\/intervjuu-kaido-tammeveski-kui-kogu-maailma-autod-panna-toole-kutuseelemendiga-siis-jaab-vaarismetallidest-puudu\/\">Kui kogu maailma autod panna t\u00f6\u00f6le k\u00fctuseelemendiga, siis j\u00e4\u00e4b v\u00e4\u00e4rismetallidest puudu<\/a>, Horisont, 02.04.2026<\/p>\n\n\n\n<h2 class=\"wp-block-heading\">2025<\/h2>\n\n\n\n<p><strong>Maarja Grossberg-Kuusk<\/strong>, intervjuu Margus Maidlale ,,<a href=\"https:\/\/www.sirp.ee\/ei-saa-me-ilma-paikeseta\/\">Ei saa me ilma p\u00e4ikeseta<\/a>\u201c, Sirp, 07.02.2025<\/p>\n\n\n\n<p><strong>Taavi Raadik<\/strong>, <a href=\"https:\/\/teadus.postimees.ee\/8196384\/eesti-teadlased-sillutavad-teed-kuul-paikeseenergia-tootmiseks\">Eesti teadlased sillutavad teed Kuul p\u00e4ikeseenergia tootmiseks<\/a>, Postimees, 20.02.2025<\/p>\n\n\n\n<p><strong>Meelis H\u00e4rmas, Karl-Ander Kasuk,<\/strong> <a href=\"https:\/\/chem.ut.ee\/et\/uudis\/euroopa-akutoostuse-katsumused-ja-tulevikusuunad\">Euroopa akut\u00f6\u00f6stuse katsumused ja tulevikusuunad<\/a>, arutelu akuekspert Anu Adamsoniga, Tartu \u00dclikooli keemia instituudi taskuh\u00e4\u00e4lingus us \u201eTuleviku energeetika \u2013 energeetika tulevik\u201c, 03.03.2025<\/p>\n\n\n\n<p>Arutelu\u00f5htu <a href=\"https:\/\/kestlikuarengukeskus.ut.ee\/et\/uudis\/unistuste-energiasusteem-hajutatud-kogukondlik-ja-nutikas\">\u201cMilline on Eesti unistuste energias\u00fcsteem\u201d<\/a>, UTTV, 06.03. 2025<\/p>\n\n\n\n<p><strong>Karl-Ander Kasuk ja Ove Oll <\/strong>arutelu koos H2Electro kaasasutaja Silver Sepaga, \u201c<a href=\"https:\/\/chem.ut.ee\/et\/uudis\/vesinikutehnoloogia-olulisus-taastuvenergeetikas-ja-teaduse-aristamises\">Vesinikutehnoloogia olulisus taastuvenergeetikas ja teaduse \u00e4ristamises<\/a>\u201c, Tartu \u00dclikooli keemia instituudi taskuh\u00e4\u00e4lingus \u201eTuleviku energeetika \u2013 energeetika tulevik\u201c, 16.03.2025<\/p>\n\n\n\n<p><strong>Meelis H\u00e4rmas<\/strong>, <a href=\"https:\/\/kuku.pleier.ee\/podcast\/kuue-samba-taga\/190646\">Tuulegeneraatorid ja tervis. Veebikoolitused<\/a>, Kuku, 18.03.2025<\/p>\n\n\n\n<p><strong>Enn Lust<\/strong>, Haruldased muldmetallid fosforiidis, 28.03.2025, <a href=\"https:\/\/geoloogia.ut.ee\/et\/uudis\/konverents-eesti-fosforiidi-tulevik\">konverents \u201cEesti fosforiidi tulevik<\/a>\u201c, <a href=\"https:\/\/www.youtube.com\/live\/XycAfeYQrvc\">konverentsi video<\/a><\/p>\n\n\n\n<p><strong>Enn Lust<\/strong>, <a href=\"https:\/\/arvamus.postimees.ee\/8219388\/enn-lust-tuule-ja-paikeseenergia-tootmise-ja-salvestamise-isearasustest\">Tuule- ja p\u00e4ikeseenergia tootmise ja salvestamise ise\u00e4rasustest<\/a>, Postimees, 28.03.2025<\/p>\n\n\n\n<p><strong>Maarja Grossberg-Kuusk<\/strong>, <strong>Kristi Timmo<\/strong>, \u201e<a href=\"https:\/\/www.delfi.ee\/artikkel\/120372237\/kuidas-saada-rohelise-energia-eksperdiks-oppides-taltechi-uues-magistriprogrammis\">Kuidas saada rohelise energia eksperdiks? \u00d5ppides TalTechi uues magistriprogrammis!<\/a>\u201c, Delfi, 23.03.2025<\/p>\n\n\n\n<p><strong>Maarja Grossberg-Kuusk<\/strong>, <a href=\"https:\/\/arileht.delfi.ee\/artikkel\/120372392\/maarja-grossberg-kuusk-elu-akadeemilisel-rajal-ja-teekond-tippteadusesse\">Elu akadeemilisel rajal ja teekond tippteadusesse<\/a>, \u00c4rileht, Delfi, 28.04.2025<\/p>\n\n\n\n<p><strong>Meelis H\u00e4rmas<\/strong>: <a href=\"https:\/\/vikerraadio.err.ee\/1609701254\/meelis-harmas-tuugenite-tiivikulabade-matmine-on-kehv-variant-on-paremaid\">Tuugenite tiivikulabade matmine on kehv variant, on paremaid<\/a>, Vikerraadio.err.ee, 22.05.2025<\/p>\n\n\n\n<p><strong>Meelis H\u00e4rmas<\/strong>, <a href=\"https:\/\/chem.ut.ee\/et\/uudis\/teadus-pakub-lahendusi-taastuvenergiaseadmete-jaatmete-kestlikuks-kaitlemiseks\">Teadus pakub lahendusi taastuvenergiaseadmete j\u00e4\u00e4tmete kestlikuks k\u00e4itlemiseks<\/a>, T\u00dc uudised, 22.05.2025.<\/p>\n\n\n\n<p><strong>Maarja Grossberg-Kuusk<\/strong>, <a href=\"https:\/\/arvamus.postimees.ee\/8276259\/maarja-grossberg-kuusk-eesti-teadlased-loovad-tuleviku-paikesepaneeli\">Teadlase pilguga: \u201eEesti teadlased loovad tuleviku p\u00e4ikesepaneeli\u201c<\/a>, Postimees, 27.06.2025<\/p>\n\n\n\n<p><strong>Maarja Grossberg-Kuusk<\/strong>, <a href=\"https:\/\/arvamus.postimees.ee\/8340108\/maarja-grossberg-kuusk-kui-palju-paikeseenergeetikale-eestis-veel-ruumi-on\">Kui palju p\u00e4ikeseenergeetikale Eestis veel ruumi on?<\/a>, Postimees, 10.10.2025<\/p>\n\n\n\n<p><strong>Maarja Grossberg-Kuusk<\/strong>, <a href=\"https:\/\/zontatallinn.ee\/konverentsi-programm\/\">peaettekanne \u201cNaised \u2013 v\u00f5imalused ja v\u00e4ljakutsed\u201d<\/a>, ZONTA International heategevuslikul konverents \u201cMa olen ju naine\u201d, 17.10.2025<\/p>\n\n\n\n<p><strong>Alar J\u00e4nes<\/strong>, <a href=\"https:\/\/novaator.err.ee\/1609843350\/neutronkiirgus-paljastas-naatriumioonaku-vananemise-pohjused\">Neutronkiirgus paljastas naatriumioonaku vananemise p\u00f5hjused<\/a>, Novaator, ERR, 31.10.2025<\/p>\n\n\n\n<p><strong>Rutha J\u00e4ger<\/strong>, Eneli Monerjan, Antonia R\u00f6tger, <a href=\"https:\/\/www.helmholtz-berlin.de\/pubbin\/news_seite?nid=31906&amp;sprache=de&amp;seitenid=1\">Neue Katalysatormaterialien auf Basis von Torf f\u00fcr Brennstoffzellen<\/a>, HZB, 25.11.2025<\/p>\n\n\n\n<p><strong>Rutha J\u00e4ger, Eneli H\u00e4rk<\/strong>, <a href=\"https:\/\/novaator.err.ee\/1609868220\/turba-sobivus-kutuseelementi-tuleneb-nanotasandi-struktuurist\">Turba sobivus k\u00fctuseelementi tuleneb nanotasandi struktuurist<\/a>, Novaator, ERR, 26.11.2025<\/p>\n\n\n\n<h2 class=\"wp-block-heading\">2024<\/h2>\n\n\n\n<p><strong>Maarja Grossberg-Kuusk<\/strong>, <a href=\"https:\/\/teadus.postimees.ee\/7961698\/sammhaaval-uha-paremate-paikesepatareide-poole\">Sammhaaval \u00fcha paremate p\u00e4ikesepatareide poole<\/a>, Postimees, 16.02.2024 <\/p>\n\n\n\n<p><strong>Alar J\u00e4nes<\/strong>, <a href=\"https:\/\/etvpluss.err.ee\/1609254185\/aktualnaja-kamera\">Superkondensaatorid<\/a>, ETV+ venekeelse Aktuaalne kaamera, 28.02.2024 (alates 20:40 \u2013 21:40)<\/p>\n\n\n\n<p><strong>Enn Lust<\/strong>, <a href=\"https:\/\/kuku.pleier.ee\/podcast\/tartu-linnatund\/173084\">Vesinikutehnoloogiast ning taastuvenergia uuringutest<\/a>, Kuku Raadio, 22.02.2024 (alates 8:40)<\/p>\n\n\n\n<p><strong>Maarja Grossberg-Kuusk<\/strong>, <a href=\"https:\/\/toostusest.ee\/uudis\/2024\/03\/15\/teadlane-dilemma-ees-kas-teha-teadust-voi-siseneda-arimaailma\/\">Teadlane dilemma ees \u2013 kas teha teadust v\u00f5i siseneda \u00e4rimaailma<\/a>, T\u00f6\u00f6stusest, 15.03.2024<\/p>\n\n\n\n<p><strong>Maarja Grossberg-Kuusk<\/strong>: <a href=\"https:\/\/podcastid.ee\/taltech-podcast\/taltech-taskus-maarja-grossberg-kuusk-teadusel-on-votmeroll-meie-uhiskonna-jatkusuutlikus-arengus\/\">teadusel on v\u00f5tmeroll meie \u00fchiskonna j\u00e4tkusuutlikus arengus<\/a>, TalTech Taskus, 27.02.2024<\/p>\n\n\n\n<p><strong>Ove Oll<\/strong>, <a href=\"https:\/\/botany.ut.ee\/et\/sisu\/seminar-ove-oll\">Hydrogen and CO2 free energy technology<\/a>, T\u00dc botaanika osakonna seminar, 7.03.2024<\/p>\n\n\n\n<p><a href=\"https:\/\/chem.ut.ee\/en\/content\/university-tartu-researchers-developing-new-methods-extract-rare-earth-metals\">University of Tartu researchers developing new methods to extract rare earth metals<\/a>, Research in Estonia, 12.03.2024<\/p>\n\n\n\n<p><strong>Maarja Grossberg-Kuusk<\/strong>, \u201c<a href=\"https:\/\/arileht.delfi.ee\/artikkel\/120286818\/roheliste-energiatehnoloogiate-spetsialiste-ootab-ees-lai-toopold\">Roheliste energiatehnoloogiate spetsialiste ootab ees lai t\u00f6\u00f6p\u00f5ld<\/a>\u201c, \u00c4rileht, 22.04.2024<\/p>\n\n\n\n<p><strong>Alar J\u00e4nes<\/strong>, <a href=\"https:\/\/novaator.err.ee\/1609367849\/kuidas-rahuldada-inimkonna-kasvavat-energiavajadust\">Kuidas rahuldada inimkonna kasvavat energiavajadust?<\/a>, Novaator, ERR, 11.06.2024<\/p>\n\n\n\n<p><strong>Maarja Grossberg-Kuusk<\/strong>, <a href=\"https:\/\/ehitusleht.ee\/mis-saab-paikesepaneelidest-ja-akudest-parast-kasutusaja-loppu\/\">Mis saab p\u00e4ikesepaneelidest ja akudest p\u00e4rast kasutusaja l\u00f5ppu?<\/a> Ehitusleht, 25.06.2024<\/p>\n\n\n\n<p><strong>Enn Lust<\/strong>, <a href=\"https:\/\/tehnika.postimees.ee\/8083309\/arvamus-vesinik-on-siiski-ainus-susinikuvaba-kutus-ja-see-on-peamine-miks-seda-vaja\">ARVAMUS: Vesinik on siiski ainus s\u00fcsinikuvaba k\u00fctus ja see on peamine, miks seda vaja<\/a>, Tehnika.Postimees.ee, 24.08.2024<\/p>\n\n\n\n<p><strong>Ove Oll<\/strong>, <a href=\"https:\/\/teadus.postimees.ee\/8087909\/arvamus-teadmatus-vesinikuenergeetikast-paneb-raakima-lobajutte\">Teadmatus vesinikuenergeetikast paneb r\u00e4\u00e4kima lobajutte<\/a>, Postimees, 1.09.2024<\/p>\n\n\n\n<p><strong>Ove Oll<\/strong>, <a href=\"https:\/\/arvamus.postimees.ee\/8087997\/ove-oll-fossiilkutustest-on-saanud-inimkonna-stockholmi-sundroom\">Fossiilk\u00fctustest on saanud inimkonna Stockholmi s\u00fcndroom<\/a>, Postimees, 1.09.2025<\/p>\n\n\n\n<p><strong>Jaak Nerut<\/strong>, <a href=\"https:\/\/uttv.ee\/naita?id=35821\">Vesinikup\u00f5hine tulevik. Elektrokeemia t\u00e4htsus kliimaeesm\u00e4rkide saavutamisel<\/a>, inauguratsiooniloeng 24.09.2024<\/p>\n\n\n\n<p><a href=\"https:\/\/haridus.postimees.ee\/8101789\/jaak-nerut-raagib-inauguratsiooniloengul-inauguratsiooniloengul-vesiniku-rollist-kliimaeesmarkide-saavutamisel\"><strong>Jaak Nerut<\/strong> r\u00e4\u00e4gib inauguratsiooniloengul vesiniku rollist kliimaeesm\u00e4rkide saavutamisel<\/a>, Postimees, 24.09.2024<\/p>\n\n\n\n<p><strong>Gunnar Nurk<\/strong>, <a href=\"https:\/\/uttv.ee\/naita?id=36004\">K\u00f5rgtemperatuurse elektrokeemia v\u00f5imalused energiaprobleemide lahendamisel<\/a>, inauguratsiooniloeng, 16.10.2024<\/p>\n\n\n\n<p><strong>Meelis H\u00e4rmas<\/strong>, <a href=\"https:\/\/keskkonnaportaal.ee\/et\/teemad\/taastuvenergia\/mis-saab-paikesepaneelidest-ja-tuulikutest-parast-kasutuse-loppu\">Mis saab p\u00e4ikesepaneelidest ja tuulikutest p\u00e4rast kasutuse l\u00f5ppu<\/a>, Energeetika, Keskkonnaportaal, 23.10.2024<\/p>\n\n\n\n<p><strong>Maarja Grossberg-Kuusk<\/strong>, <a href=\"https:\/\/www.sirp.ee\/ringmajanduse-voimalustest-paikeseenergeetikas\/\">Ringmajanduse v\u00f5imalustest p\u00e4ikeseenergeetikas<\/a>\u201c, Sirp, 22.11.2024<\/p>\n\n\n\n<hr class=\"wp-block-separator has-alpha-channel-opacity\">\n\n\n\n<p><a href=\"https:\/\/sisu.ut.ee\/hitechdevices\/teavitus\/\">Vaata ka eelmise TK meediakajastusi<\/a><\/p>\n\n\n\n<p><\/p>\n","protected":false},"excerpt":{"rendered":"<p>2026 Kaido Tammeveski, Intervjuu: Kui kogu maailma autod panna t\u00f6\u00f6le k\u00fctuseelemendiga, siis j\u00e4\u00e4b v\u00e4\u00e4rismetallidest puudu, Horisont, 02.04.2026 2025 Maarja Grossberg-Kuusk, intervjuu Margus Maidlale ,,Ei saa me ilma p\u00e4ikeseta\u201c, Sirp, 07.02.2025 Taavi Raadik, Eesti teadlased sillutavad teed Kuul p\u00e4ikeseenergia tootmiseks, Postimees, &#8230;<\/p>\n","protected":false},"author":84,"featured_media":0,"parent":0,"menu_order":0,"comment_status":"closed","ping_status":"closed","template":"","meta":{"_acf_changed":false,"inline_featured_image":false,"footnotes":""},"class_list":["post-182","page","type-page","status-publish","hentry"],"acf":[],"_links":{"self":[{"href":"https:\/\/sisu.ut.ee\/hitechdevices\/wp-json\/wp\/v2\/pages\/182","targetHints":{"allow":["GET"]}}],"collection":[{"href":"https:\/\/sisu.ut.ee\/hitechdevices\/wp-json\/wp\/v2\/pages"}],"about":[{"href":"https:\/\/sisu.ut.ee\/hitechdevices\/wp-json\/wp\/v2\/types\/page"}],"author":[{"embeddable":true,"href":"https:\/\/sisu.ut.ee\/hitechdevices\/wp-json\/wp\/v2\/users\/84"}],"replies":[{"embeddable":true,"href":"https:\/\/sisu.ut.ee\/hitechdevices\/wp-json\/wp\/v2\/comments?post=182"}],"version-history":[{"count":23,"href":"https:\/\/sisu.ut.ee\/hitechdevices\/wp-json\/wp\/v2\/pages\/182\/revisions"}],"predecessor-version":[{"id":410,"href":"https:\/\/sisu.ut.ee\/hitechdevices\/wp-json\/wp\/v2\/pages\/182\/revisions\/410"}],"wp:attachment":[{"href":"https:\/\/sisu.ut.ee\/hitechdevices\/wp-json\/wp\/v2\/media?parent=182"}],"curies":[{"name":"wp","href":"https:\/\/api.w.org\/{rel}","templated":true}]}}