{"id":166,"date":"2025-03-13T16:06:46","date_gmt":"2025-03-13T14:06:46","guid":{"rendered":"https:\/\/sisu.ut.ee\/hitechdevices\/?page_id=166"},"modified":"2025-03-20T16:02:47","modified_gmt":"2025-03-20T14:02:47","slug":"toogrupid-2","status":"publish","type":"page","link":"https:\/\/sisu.ut.ee\/hitechdevices\/toogrupid-2\/","title":{"rendered":"T\u00f6\u00f6\u00fchmade p\u00f5hitegevused"},"content":{"rendered":"<h3 class=\"wp-block-heading\"><a href=\"https:\/\/sisu.ut.ee\/hitechdevices\/uudsed-meetodid-ja-materjalid\/\" data-type=\"page\" data-id=\"246\">Uudsed meetodid ja rakendused<\/a><\/h3>\n\n\n\n<p>Juht: Enn Lust (UT)<br>Grupi tunnus: TK210U1<br><a href=\"https:\/\/www.etis.ee\/Portal\/Projects\/Display\/1c1ce197-9f3d-4f30-b68e-8433c45987a2\">Viide ETISes<\/a><\/p>\n\n\n\n<h3 class=\"wp-block-heading\"><a href=\"https:\/\/chem.ut.ee\/et\/sisu\/fuusikalise-keemia-oppetool\">SOFC, SOEL, H<sup>+<\/sup> ja segajuhtivusega materjalid<\/a><\/h3>\n\n\n\n<p>Juht: Gunnar Nurk (UT)<br>Grupi tunnus: TK210U2<br><a href=\"https:\/\/www.etis.ee\/Portal\/Projects\/Display\/b0e51bbc-8b20-46b0-82fc-7c2c5e56a623\">Viide ETISes<\/a><\/p>\n\n\n\n<h3 class=\"wp-block-heading\"><a href=\"https:\/\/chem.ut.ee\/et\/sisu\/analuutilise-keemia-oppetool\">Uued \u00fclitugevad happed ja alused ja uued ioonvedelikud<\/a><\/h3>\n\n\n\n<p>Juht: Ivo Leito (UT)<br>Grupi tunnus: TK210U3<br><a href=\"https:\/\/www.etis.ee\/Portal\/Projects\/Display\/a83aae7a-70a3-411a-8b56-677ea478b2af\">Viide ETISes<\/a><\/p>\n\n\n\n<h3 class=\"wp-block-heading\"><a href=\"https:\/\/chem.ut.ee\/et\/sisu\/kolloid-ja-keskkonnakeemia-oppetool\">Katal\u00fcsaatorid madaltemperatuursetesse seadmetesse ja aluselistesse k\u00fctuseelementidesse<\/a><\/h3>\n\n\n\n<p>Juht: Kaido Tammeveski (UT)<br>Grupi tunnus: TK210U4<br><a href=\"https:\/\/www.etis.ee\/Portal\/Projects\/Display\/cdee7e80-c994-44ea-be98-4cf3ebd148c6\">Viide ETISes<\/a><\/p>\n\n\n\n<h3 class=\"wp-block-heading\"><a href=\"https:\/\/fi.ut.ee\/et\/sisu\/ioonkristallide-fuusika-labor\">Uudsete f\u00fc\u00fcsikaliste meetodite arendamine energiaefektiivsetesse valgusallikatesse ja meditsiini rakendusteks<\/a><\/h3>\n\n\n\n<p>Juht: Marco Kirm (UT)<br>Grupi tunnus: TK210U5<br><a href=\"https:\/\/www.etis.ee\/Portal\/Projects\/Display\/b1ae5447-86cb-48c1-b706-871fe9a8a3ce\">Viide ETISes<\/a><\/p>\n\n\n\n<h3 class=\"wp-block-heading\"><a href=\"https:\/\/taltech.ee\/materjali-ja-keskkonnatehnoloogia-instituut\/laborid-ja-teenused\/paikeseenergeetika-materjalide-labor\">Innovatiivsed tehnoloogiad ja materjalid painutatavatesse p\u00e4ikeseelementidesse<\/a><\/h3>\n\n\n\n<p>Juht: Maarja Grossberg-Kuusk (TTU)<br>Grupi tunnus: TK210U7<br><a href=\"https:\/\/www.etis.ee\/Portal\/Projects\/Display\/af850459-822d-47bc-b29b-cfc20992a1f0\">Viide ETISes<\/a><\/p>\n\n\n\n<h3 class=\"wp-block-heading\"><a href=\"https:\/\/taltech.ee\/materjali-ja-keskkonnatehnoloogia-instituut\/laborid-ja-teenused\/ohukesekileliste-energiamaterjalide-teaduslabor\">Uudsed madal-dimensionaalsed van der\u00a0Waalsi\u00a0 pooljuhid p\u00e4ikeseelementidesse<\/a><\/h3>\n\n\n\n<p>Juht: Ilona Oja Acik (TTU)<br>Grupi tunnus: TK210U8<br><a href=\"https:\/\/www.etis.ee\/Portal\/Projects\/Display\/e63bf598-2dc0-4f6e-9dfe-ccdb4b15342b\">Viide ETISes<\/a><\/p>\n\n\n\n<h3 class=\"wp-block-heading\"><a href=\"https:\/\/tymri.ut.ee\/et\/sisu\/mikroobide-ja-materjalide-vastasmojude-uurimisgrupp\">Biodegradatsiooni ja bioturvalisuse anal\u00fc\u00fcs<\/a><\/h3>\n\n\n\n<p>Juht: Angela Ivask (UT)<br>Grupi tunnus: TK210U6<br><a href=\"https:\/\/www.etis.ee\/Portal\/Projects\/Display\/e00a47e8-f2ee-4ed5-911e-47ac185ae865\">Viide ETISes<\/a><\/p>\n\n\n\n<h3 class=\"wp-block-heading\">\u00dchised valdkonnad<\/h3>\n\n\n\n<ul class=\"wp-block-list\">\n<li>Demokeskuse koostamine ja funktsioneerimise<strong>\u00a0 <\/strong>anal\u00fc\u00fcs,\u00a0 pikemaaegne testimine<\/li>\n\n\n\n<li>Materjalide ja seadeldiste \u00fcmbert\u00f6\u00f6tlemislahenduste v\u00e4ljat\u00f6\u00f6tamine, teavitust\u00f6\u00f6 ja rakendused<\/li>\n\n\n\n<li>Projekti j\u00e4rgne seadmete TRL taseme t\u00f5stmine ja koost\u00f6\u00f6lepingud t\u00f6\u00f6stusega<\/li>\n<\/ul>\n","protected":false},"excerpt":{"rendered":"<p>Uudsed meetodid ja rakendused Juht: Enn Lust (UT)Grupi tunnus: TK210U1Viide ETISes SOFC, SOEL, H+ ja segajuhtivusega materjalid Juht: Gunnar Nurk (UT)Grupi tunnus: TK210U2Viide ETISes Uued \u00fclitugevad happed ja alused ja uued ioonvedelikud Juht: Ivo Leito (UT)Grupi tunnus: TK210U3Viide ETISes Katal\u00fcsaatorid &#8230;<\/p>\n","protected":false},"author":84,"featured_media":0,"parent":0,"menu_order":0,"comment_status":"closed","ping_status":"closed","template":"","meta":{"_acf_changed":false,"inline_featured_image":false,"footnotes":""},"class_list":["post-166","page","type-page","status-publish","hentry"],"acf":[],"_links":{"self":[{"href":"https:\/\/sisu.ut.ee\/hitechdevices\/wp-json\/wp\/v2\/pages\/166","targetHints":{"allow":["GET"]}}],"collection":[{"href":"https:\/\/sisu.ut.ee\/hitechdevices\/wp-json\/wp\/v2\/pages"}],"about":[{"href":"https:\/\/sisu.ut.ee\/hitechdevices\/wp-json\/wp\/v2\/types\/page"}],"author":[{"embeddable":true,"href":"https:\/\/sisu.ut.ee\/hitechdevices\/wp-json\/wp\/v2\/users\/84"}],"replies":[{"embeddable":true,"href":"https:\/\/sisu.ut.ee\/hitechdevices\/wp-json\/wp\/v2\/comments?post=166"}],"version-history":[{"count":13,"href":"https:\/\/sisu.ut.ee\/hitechdevices\/wp-json\/wp\/v2\/pages\/166\/revisions"}],"predecessor-version":[{"id":280,"href":"https:\/\/sisu.ut.ee\/hitechdevices\/wp-json\/wp\/v2\/pages\/166\/revisions\/280"}],"wp:attachment":[{"href":"https:\/\/sisu.ut.ee\/hitechdevices\/wp-json\/wp\/v2\/media?parent=166"}],"curies":[{"name":"wp","href":"https:\/\/api.w.org\/{rel}","templated":true}]}}