{"id":159,"date":"2025-03-13T15:59:18","date_gmt":"2025-03-13T13:59:18","guid":{"rendered":"https:\/\/sisu.ut.ee\/hitechdevices\/?page_id=159"},"modified":"2025-03-20T18:45:07","modified_gmt":"2025-03-20T16:45:07","slug":"avaleht-2","status":"publish","type":"page","link":"https:\/\/sisu.ut.ee\/hitechdevices\/","title":{"rendered":"Tippkeskusest"},"content":{"rendered":"<hr class=\"wp-block-separator has-alpha-channel-opacity\">\n\n\n\n<ul class=\"wp-block-list\">\n<li>J\u00e4tkusuutliku rohevesiniku ja energiatehnoloogia tippkeskus\u00a0GREENTECH \u00fchendab maailmatasemel rohelise s\u00e4\u00e4stva energiatehnoloogia Eesti uurimisr\u00fchmad Tartu \u00dclikoolist ja Tallinna Tehnika\u00fclikoolist \u00dcRO, EL ja Eesti kliimaeesm\u00e4rkide saavutamiseks ja ringmajanduse k\u00e4ivitamiseks.<\/li>\n\n\n\n<li>GREENTECH keskendub uudsete suure energiatihedusega k\u00fctuseelementide, elektrol\u00fc\u00fcserite, akude, superkondensaatorite, \u00f5hukesekihiliste vesinikusalvestite, t\u00f5husate valguskiirgurite ning keskkonnas\u00f5bralike ja kulut\u00f5husate hoonetesse integreeritavate \u00f5hukesekihiliste fotoelementide arendamisele.<\/li>\n\n\n\n<li>T\u00e4iustatud vesiniku- ja energia tootmise ja salvestamise seadmed integreeritakse demokeskusesse, katsetatakse ja laiendatakse tootmisse koost\u00f6\u00f6s ettev\u00f5tetega.<\/li>\n\n\n\n<li>Meie konkurentsieeliseks on uudsed arvutuslikud ja tipptasemel operando-elektrokeemilised s\u00fcnkrotron- ja neutronkiirep\u00f5hised meetodid seadmete ja materjalide uuringuks reaalsetes tingimustes.<\/li>\n\n\n\n<li>GREENTECH koolitab BSc, MSc ja PhD \u00fcli\u00f5pilasi, teadus- ja arendustegevuse eksperte, aga ka poliitikuid.<\/li>\n<\/ul>\n\n\n\n<hr class=\"wp-block-separator has-alpha-channel-opacity\">\n\n\n\n<h2 class=\"wp-block-heading has-text-align-center\">Partnerid<\/h2>\n\n\n\n<hr class=\"wp-block-separator has-alpha-channel-opacity\">\n\n\n\n<figure class=\"wp-block-image size-large is-resized\"><img loading=\"lazy\" decoding=\"async\" width=\"1024\" height=\"330\" src=\"https:\/\/sisu.ut.ee\/wp-content\/uploads\/sites\/166\/UT-ja-TALTECH-1024x330.jpg\" alt=\"\" class=\"wp-image-261\" style=\"width:1041px;height:auto\" srcset=\"https:\/\/sisu.ut.ee\/wp-content\/uploads\/sites\/166\/UT-ja-TALTECH-1024x330.jpg 1024w, https:\/\/sisu.ut.ee\/wp-content\/uploads\/sites\/166\/UT-ja-TALTECH-300x97.jpg 300w, https:\/\/sisu.ut.ee\/wp-content\/uploads\/sites\/166\/UT-ja-TALTECH-768x248.jpg 768w, https:\/\/sisu.ut.ee\/wp-content\/uploads\/sites\/166\/UT-ja-TALTECH-1536x495.jpg 1536w, https:\/\/sisu.ut.ee\/wp-content\/uploads\/sites\/166\/UT-ja-TALTECH.jpg 1725w\" sizes=\"auto, (max-width: 1024px) 100vw, 1024px\"><\/figure>\n\n\n\n<hr class=\"wp-block-separator has-alpha-channel-opacity\">\n\n\n\n<h2 class=\"wp-block-heading has-text-align-center\">\u00dcldandmed<\/h2>\n\n\n\n<hr class=\"wp-block-separator has-alpha-channel-opacity\">\n\n\n\n<p class=\"has-text-align-center\">Kestus: 01.01.2024\u201331.12.2030<br>Rahastamine: 6 999 500 EUR (<a href=\"https:\/\/www.hm.ee\/uudised\/haridus-ja-teadusminister-kinnitas-eesti-teaduse-tippkeskused-jargmiseks-seitsmeks-aastaks\">Haridus- ja Teadusministeerium<\/a>)<br>Vastutav t\u00e4itja: Enn Lust (enn.lust(at)ut.ee)<\/p>\n\n\n\n<p class=\"has-text-align-center\"><strong>Projektile viitamine:<\/strong><br>This work\/article\/research\/doctoral thesis was supported by the Estonian Ministry of Education and Research (TK210)<\/p>\n\n\n\n<hr class=\"wp-block-separator has-alpha-channel-opacity\">\n","protected":false},"excerpt":{"rendered":"<p>Partnerid \u00dcldandmed Kestus: 01.01.2024\u201331.12.2030Rahastamine: 6 999 500 EUR (Haridus- ja Teadusministeerium)Vastutav t\u00e4itja: Enn Lust (enn.lust(at)ut.ee) Projektile viitamine:This work\/article\/research\/doctoral thesis was supported by the Estonian Ministry of Education and Research (TK210)<\/p>\n","protected":false},"author":84,"featured_media":0,"parent":0,"menu_order":0,"comment_status":"closed","ping_status":"closed","template":"","meta":{"_acf_changed":false,"inline_featured_image":false,"footnotes":""},"class_list":["post-159","page","type-page","status-publish","hentry"],"acf":[],"_links":{"self":[{"href":"https:\/\/sisu.ut.ee\/hitechdevices\/wp-json\/wp\/v2\/pages\/159","targetHints":{"allow":["GET"]}}],"collection":[{"href":"https:\/\/sisu.ut.ee\/hitechdevices\/wp-json\/wp\/v2\/pages"}],"about":[{"href":"https:\/\/sisu.ut.ee\/hitechdevices\/wp-json\/wp\/v2\/types\/page"}],"author":[{"embeddable":true,"href":"https:\/\/sisu.ut.ee\/hitechdevices\/wp-json\/wp\/v2\/users\/84"}],"replies":[{"embeddable":true,"href":"https:\/\/sisu.ut.ee\/hitechdevices\/wp-json\/wp\/v2\/comments?post=159"}],"version-history":[{"count":30,"href":"https:\/\/sisu.ut.ee\/hitechdevices\/wp-json\/wp\/v2\/pages\/159\/revisions"}],"predecessor-version":[{"id":297,"href":"https:\/\/sisu.ut.ee\/hitechdevices\/wp-json\/wp\/v2\/pages\/159\/revisions\/297"}],"wp:attachment":[{"href":"https:\/\/sisu.ut.ee\/hitechdevices\/wp-json\/wp\/v2\/media?parent=159"}],"curies":[{"name":"wp","href":"https:\/\/api.w.org\/{rel}","templated":true}]}}