{"id":12,"date":"2024-04-04T02:24:21","date_gmt":"2024-04-03T23:24:21","guid":{"rendered":"https:\/\/sisu.ut.ee\/hitechdevices\/fotovoltseadised\/"},"modified":"2024-04-04T02:24:36","modified_gmt":"2024-04-03T23:24:36","slug":"fotovoltseadised","status":"publish","type":"page","link":"https:\/\/sisu.ut.ee\/hitechdevices\/fotovoltseadised\/","title":{"rendered":"Fotovoltseadiste materjalid"},"content":{"rendered":"<p><strong>\u00d5hukesed kiled ja nanomaterjalid keemilistel vedeliksadestusmeetoditel uue p\u00f5lvkonna fotovoltseadistele<\/strong><\/p>\n<p><em>Grupi juht: Malle Krunks, Tallinna Tehnika\u00fclikooli materjaliteaduse instituut<\/em><\/p>\n<p>Uurimisgrupi uurimisvaldkonnaks on keemiliste sadestusmeetodite kasutamine \u00f5hukeste tahkete pooljuht- ja dielektriliste materjalide kilede, nanostruktuursete kihtide ja metallide nanoosakeste valmistamiseks ning nende kombinatsioonidel p\u00f5hinevate seadiste, sh p\u00e4ikesepatareide tootmiseks. Materjalide valmistamiseks kasutatakse lihtsaid, masstootmisesse kergesti rakendatavaid keemilisi meetodeid nagu keemiline pihustusp\u00fcrol\u00fc\u00fcs, keemiline sadestamine lahusest, elektrokeemiline sadestamine ja sool-geel tehnoloogia, mida vajadusel t\u00e4iendatakse f\u00fc\u00fcsikaliste meetoditega.\u00a0 Materjale uuritakse nende kasutamiseks p\u00e4ikesepatareides, elektroonika ja optoelektroonika seadistes, k\u00fctuseelementides, energiasalvestites, sensorites, aga samuti multifunktsionaalsete katetena nagu optilised, isepuhastuvad ja fotokatal\u00fc\u00fctilised pinnad. Grupi uurimistemaatika ulatub materjalide valmistamisest kuni seadisteni ja h\u00f5lmab materjalide s\u00fcnteesi keemiliste aspektide v\u00e4ljaselgitamist, n\u00f5utud omadustega \u00f5hukeste kilede ja nanostruktuuride kasvatamist ning materjalide rakendamist seadistes. \u00a0Uurimisgrupp omab kompetentsi nii materjalide kui seadiste f\u00fc\u00fcsikaliste omaduste iseloomustamisel.<\/p>\n<p><img loading=\"lazy\" decoding=\"async\" width=\"480\" height=\"321\" class=\"alignnone wp-image-44\" src=\"https:\/\/sisu.ut.ee\/wp-content\/uploads\/sites\/166\/malle_krunksi_grupp.jpg\" title=\"malle_krunksi_grupp.jpg\" alt=\"malle_krunksi_grupp.jpg\" srcset=\"https:\/\/sisu.ut.ee\/wp-content\/uploads\/sites\/166\/malle_krunksi_grupp.jpg 480w, https:\/\/sisu.ut.ee\/wp-content\/uploads\/sites\/166\/malle_krunksi_grupp-300x201.jpg 300w\" sizes=\"auto, (max-width: 480px) 100vw, 480px\"><\/p>\n","protected":false},"excerpt":{"rendered":"<p>\u00d5hukesed kiled ja nanomaterjalid keemilistel vedeliksadestusmeetoditel uue p\u00f5lvkonna fotovoltseadistele Grupi juht: Malle Krunks, Tallinna Tehnika\u00fclikooli materjaliteaduse instituut Uurimisgrupi uurimisvaldkonnaks on keemiliste sadestusmeetodite kasutamine \u00f5hukeste tahkete pooljuht- ja dielektriliste materjalide kilede, nanostruktuursete kihtide ja metallide nanoosakeste valmistamiseks ning nende kombinatsioonidel p\u00f5hinevate &#8230;<\/p>\n","protected":false},"author":84,"featured_media":0,"parent":0,"menu_order":0,"comment_status":"closed","ping_status":"closed","template":"","meta":{"_acf_changed":false,"inline_featured_image":false,"footnotes":""},"class_list":["post-12","page","type-page","status-publish","hentry"],"acf":[],"_links":{"self":[{"href":"https:\/\/sisu.ut.ee\/hitechdevices\/wp-json\/wp\/v2\/pages\/12","targetHints":{"allow":["GET"]}}],"collection":[{"href":"https:\/\/sisu.ut.ee\/hitechdevices\/wp-json\/wp\/v2\/pages"}],"about":[{"href":"https:\/\/sisu.ut.ee\/hitechdevices\/wp-json\/wp\/v2\/types\/page"}],"author":[{"embeddable":true,"href":"https:\/\/sisu.ut.ee\/hitechdevices\/wp-json\/wp\/v2\/users\/84"}],"replies":[{"embeddable":true,"href":"https:\/\/sisu.ut.ee\/hitechdevices\/wp-json\/wp\/v2\/comments?post=12"}],"version-history":[{"count":1,"href":"https:\/\/sisu.ut.ee\/hitechdevices\/wp-json\/wp\/v2\/pages\/12\/revisions"}],"predecessor-version":[{"id":138,"href":"https:\/\/sisu.ut.ee\/hitechdevices\/wp-json\/wp\/v2\/pages\/12\/revisions\/138"}],"wp:attachment":[{"href":"https:\/\/sisu.ut.ee\/hitechdevices\/wp-json\/wp\/v2\/media?parent=12"}],"curies":[{"name":"wp","href":"https:\/\/api.w.org\/{rel}","templated":true}]}}