{"id":10,"date":"2024-04-04T02:24:21","date_gmt":"2024-04-03T23:24:21","guid":{"rendered":"https:\/\/sisu.ut.ee\/hitechdevices\/protsessid-nanosusteemides\/"},"modified":"2024-04-04T02:24:36","modified_gmt":"2024-04-03T23:24:36","slug":"protsessid-nanosusteemides","status":"publish","type":"page","link":"https:\/\/sisu.ut.ee\/hitechdevices\/protsessid-nanosusteemides\/","title":{"rendered":"Protsessid nanos\u00fcsteemides"},"content":{"rendered":"<p><strong>Mikroheterogeensetes ja nanom\u00f5\u00f5tmetes s\u00fcsteemides toimuvate protsesside uurimine ning vastavad tehnoloogilised rakendused<\/strong><\/p>\n<p><em>Grupi juht: Kaido Tammeveski (Kaido.Tammeveski(at)ut.ee), Tartu \u00dclikooli keemia instituut<\/em><\/p>\n<p><em><\/em>Peamised uurimisteemad:<\/p>\n<ul>\n<li>uudsete katoodimaterjalide v\u00e4ljat\u00f6\u00f6tamine madalatemperatuuriliste k\u00fctuseelementide jaoks<\/li>\n<li>hapniku redutseerumine l\u00e4mmastikuga dopeeritud s\u00fcsiniknanomaterjalidel jt mittev\u00e4\u00e4rismetall-katal\u00fcsaatoritel<\/li>\n<li>hapniku elektrokeemilise redutseerumise uurimine nanostruktuursetel metallelektroodidel<\/li>\n<li>s\u00fcsiniknanotorudele ja grafeenile seondatud metalli nanoosakeste elektrokatal\u00fc\u00fctiliste omaduste uurimine<\/li>\n<li>keemiliselt modifitseeritud elektroodide elektrokatal\u00fc\u00fctiliste omaduste uurimine hapniku redutseerumisel<\/li>\n<\/ul>\n<p>\u00a0K\u00fctuseelemendid, mis t\u00f6\u00f6tavad madalamal temperatuuril kui 100 \u00baC, on osutunud v\u00e4ga atraktiivseks energia muundamise tehnoloogiaks mitmes valdkonnas (sh autotranspordis). Tegemist on keskkonnas\u00f5braliku seadmega, sest vesiniku kasutamisel k\u00fctusena on k\u00fctuseelemendis toimuvate protsesside ainsaks saaduseks vesi. Hapniku redutseerumise elektrokatal\u00fc\u00fcsi uurimine pakub eelk\u00f5ige huvi seoses madalatemperatuuriliste k\u00fctuseelementide v\u00e4ljat\u00f6\u00f6tamisega. Hapniku elektrokeemiline redutseerumine toimub k\u00fctuseelemendi katoodil ning enamasti on katal\u00fcsaatormaterjalina kasutusel plaatina ja Pt sulamid. Pt k\u00f5rge hind ning piiratud k\u00e4ttesaadavus on p\u00f5hilised tegurid, mis piiravad k\u00fctuseelementide laiemat rakendust. Seet\u00f5ttu oleme viimastel aastatel intensiivselt tegelenud selliste elektrokatal\u00fcsaatorite uuringutega, mis oleksid alternatiiviks kallihinnalisele plaatinale. P\u00f5hilisteks n\u00f5ueteks uudsetele ja oluliselt odavamatele katoodimaterjalidele on k\u00f5rge elektrokatal\u00fc\u00fctiline aktiivsus ja stabiilsus nende pikaaegsel kasutamisel k\u00fctuseelemendi tingimustes. P\u00f5hit\u00e4helepanu oleme p\u00f6\u00f6ranud hapniku redutseerumise kineetika uurimisele nendel katal\u00fcsaatormaterjalidel. Tippkeskuse raames keskendume p\u00f5hiliselt hapniku elektrokeemilise redutseerumise uurimisele mitmesugustel katal\u00fcsaatoritel, eesm\u00e4rgiga v\u00e4lja t\u00f6\u00f6tada uudseid katoodimaterjale madalatemperatuurilistele k\u00fctuseelementidele.<\/p>\n<p>\u00a02010-2015 on t\u00f6\u00f6r\u00fchmas kaitstud neli doktorit\u00f6\u00f6d ja ilmunud on 50 teaduspublikatsiooni.<\/p>\n","protected":false},"excerpt":{"rendered":"<p>Mikroheterogeensetes ja nanom\u00f5\u00f5tmetes s\u00fcsteemides toimuvate protsesside uurimine ning vastavad tehnoloogilised rakendused Grupi juht: Kaido Tammeveski (Kaido.Tammeveski(at)ut.ee), Tartu \u00dclikooli keemia instituut Peamised uurimisteemad: uudsete katoodimaterjalide v\u00e4ljat\u00f6\u00f6tamine madalatemperatuuriliste k\u00fctuseelementide jaoks hapniku redutseerumine l\u00e4mmastikuga dopeeritud s\u00fcsiniknanomaterjalidel jt mittev\u00e4\u00e4rismetall-katal\u00fcsaatoritel hapniku elektrokeemilise redutseerumise uurimine nanostruktuursetel &#8230;<\/p>\n","protected":false},"author":84,"featured_media":0,"parent":0,"menu_order":0,"comment_status":"closed","ping_status":"closed","template":"","meta":{"_acf_changed":false,"inline_featured_image":false,"footnotes":""},"class_list":["post-10","page","type-page","status-publish","hentry"],"acf":[],"_links":{"self":[{"href":"https:\/\/sisu.ut.ee\/hitechdevices\/wp-json\/wp\/v2\/pages\/10","targetHints":{"allow":["GET"]}}],"collection":[{"href":"https:\/\/sisu.ut.ee\/hitechdevices\/wp-json\/wp\/v2\/pages"}],"about":[{"href":"https:\/\/sisu.ut.ee\/hitechdevices\/wp-json\/wp\/v2\/types\/page"}],"author":[{"embeddable":true,"href":"https:\/\/sisu.ut.ee\/hitechdevices\/wp-json\/wp\/v2\/users\/84"}],"replies":[{"embeddable":true,"href":"https:\/\/sisu.ut.ee\/hitechdevices\/wp-json\/wp\/v2\/comments?post=10"}],"version-history":[{"count":1,"href":"https:\/\/sisu.ut.ee\/hitechdevices\/wp-json\/wp\/v2\/pages\/10\/revisions"}],"predecessor-version":[{"id":140,"href":"https:\/\/sisu.ut.ee\/hitechdevices\/wp-json\/wp\/v2\/pages\/10\/revisions\/140"}],"wp:attachment":[{"href":"https:\/\/sisu.ut.ee\/hitechdevices\/wp-json\/wp\/v2\/media?parent=10"}],"curies":[{"name":"wp","href":"https:\/\/api.w.org\/{rel}","templated":true}]}}