{"id":9,"date":"2024-04-03T23:08:25","date_gmt":"2024-04-03T20:08:25","guid":{"rendered":"https:\/\/sisu.ut.ee\/histoloogia\/kogumistorukesed-ja-juhad\/"},"modified":"2024-04-08T10:13:21","modified_gmt":"2024-04-08T07:13:21","slug":"kogumistorukesed-ja-juhad","status":"publish","type":"page","link":"https:\/\/sisu.ut.ee\/histoloogia\/kogumistorukesed-ja-juhad\/","title":{"rendered":"Kogumistorukesed ja juhad"},"content":{"rendered":"<p>Kogumistorukesed j\u00e4rgnevad distaalsetele tuubulitele. Kogumistorukesed on algusosas v\u00e4ikese diameetriga, kogumistorukeste \u00fchinemisel nende l\u00e4bim\u00f5\u00f5t suureneb. Kogumistorukese seina vooderdavad kaks rakuliiki: heledad rakud (enamik) ja tumedad e kiilrakud. Suuremates kogumisjuhades muutuvad heledad rakud k\u00f5rgemateks (isegi prismaatiliseks) ja samas kiilrakkude arv v\u00e4heneb. Kogumistorukesed ja -juhad on olulised uriini l\u00f5plikul kontsentreerimisel (koos s\u00e4sis olevate sirgveresoontega).<\/p>\n\n\n\n<figure class=\"wp-block-image aligncenter\"><img loading=\"lazy\" decoding=\"async\" width=\"500\" height=\"373\" src=\"https:\/\/sisu.ut.ee\/wp-content\/uploads\/sites\/12\/juha1.png\" alt=\"juha1.png\" class=\"wp-image-18\" title=\"juha1.png\" srcset=\"https:\/\/sisu.ut.ee\/wp-content\/uploads\/sites\/12\/juha1.png 500w, https:\/\/sisu.ut.ee\/wp-content\/uploads\/sites\/12\/juha1-300x224.png 300w\" sizes=\"auto, (max-width: 500px) 100vw, 500px\"><\/figure>\n\n\n\n<p class=\"has-text-align-center\">Kogumistorukesed ristil\u00f5ikes. van Gieson.<\/p>\n\n\n\n<figure class=\"wp-block-image aligncenter\"><img loading=\"lazy\" decoding=\"async\" width=\"500\" height=\"371\" src=\"https:\/\/sisu.ut.ee\/wp-content\/uploads\/sites\/12\/juha2.png\" alt=\"juha2.png\" class=\"wp-image-19\" title=\"juha2.png\" srcset=\"https:\/\/sisu.ut.ee\/wp-content\/uploads\/sites\/12\/juha2.png 500w, https:\/\/sisu.ut.ee\/wp-content\/uploads\/sites\/12\/juha2-300x223.png 300w\" sizes=\"auto, (max-width: 500px) 100vw, 500px\"><\/figure>\n\n\n\n<p class=\"has-text-align-center\">Kogumistorukesed pikil\u00f5ikes. H&amp;E<\/p>\n\n\n\n<figure class=\"wp-block-image aligncenter\"><img loading=\"lazy\" decoding=\"async\" width=\"500\" height=\"397\" src=\"https:\/\/sisu.ut.ee\/wp-content\/uploads\/sites\/12\/juha3.png\" alt=\"juha3.png\" class=\"wp-image-20\" title=\"juha3.png\" srcset=\"https:\/\/sisu.ut.ee\/wp-content\/uploads\/sites\/12\/juha3.png 500w, https:\/\/sisu.ut.ee\/wp-content\/uploads\/sites\/12\/juha3-300x238.png 300w\" sizes=\"auto, (max-width: 500px) 100vw, 500px\"><\/figure>\n\n\n\n<p class=\"has-text-align-center\">Kogumistorukese heledad ja tumedad rakud. TEM 6200x<\/p>\n\n\n\n<h6 class=\"wp-block-heading\">J\u00e4ta meelde!\u00a0\nRakud on kuubulised, rakupiirid h\u00e4sti eristatavad. Tuum paikneb tsentraalselt.<\/h6>\n","protected":false},"excerpt":{"rendered":"<p>Kogumistorukesed j\u00e4rgnevad distaalsetele tuubulitele. Kogumistorukesed on algusosas v\u00e4ikese diameetriga, kogumistorukeste \u00fchinemisel nende l\u00e4bim\u00f5\u00f5t suureneb. Kogumistorukese seina vooderdavad kaks rakuliiki: heledad rakud (enamik) ja tumedad e kiilrakud. Suuremates kogumisjuhades muutuvad heledad rakud k\u00f5rgemateks (isegi prismaatiliseks) ja samas kiilrakkude arv v\u00e4heneb. Kogumistorukesed &#8230;<\/p>\n","protected":false},"author":10,"featured_media":0,"parent":0,"menu_order":0,"comment_status":"closed","ping_status":"closed","template":"","meta":{"_acf_changed":false,"inline_featured_image":false,"footnotes":""},"class_list":["post-9","page","type-page","status-publish","hentry"],"acf":[],"_links":{"self":[{"href":"https:\/\/sisu.ut.ee\/histoloogia\/wp-json\/wp\/v2\/pages\/9","targetHints":{"allow":["GET"]}}],"collection":[{"href":"https:\/\/sisu.ut.ee\/histoloogia\/wp-json\/wp\/v2\/pages"}],"about":[{"href":"https:\/\/sisu.ut.ee\/histoloogia\/wp-json\/wp\/v2\/types\/page"}],"author":[{"embeddable":true,"href":"https:\/\/sisu.ut.ee\/histoloogia\/wp-json\/wp\/v2\/users\/10"}],"replies":[{"embeddable":true,"href":"https:\/\/sisu.ut.ee\/histoloogia\/wp-json\/wp\/v2\/comments?post=9"}],"version-history":[{"count":3,"href":"https:\/\/sisu.ut.ee\/histoloogia\/wp-json\/wp\/v2\/pages\/9\/revisions"}],"predecessor-version":[{"id":79,"href":"https:\/\/sisu.ut.ee\/histoloogia\/wp-json\/wp\/v2\/pages\/9\/revisions\/79"}],"wp:attachment":[{"href":"https:\/\/sisu.ut.ee\/histoloogia\/wp-json\/wp\/v2\/media?parent=9"}],"curies":[{"name":"wp","href":"https:\/\/api.w.org\/{rel}","templated":true}]}}