{"id":8,"date":"2024-04-03T23:08:25","date_gmt":"2024-04-03T20:08:25","guid":{"rendered":"https:\/\/sisu.ut.ee\/histoloogia\/distaalsed-tuubulid\/"},"modified":"2024-04-08T10:11:56","modified_gmt":"2024-04-08T07:11:56","slug":"distaalsed-tuubulid","status":"publish","type":"page","link":"https:\/\/sisu.ut.ee\/histoloogia\/distaalsed-tuubulid\/","title":{"rendered":"Distaalsed tuubulid"},"content":{"rendered":"<p>Distaalsed tuubulid on v\u00e4iksema diameetriga (20-50 \u00b5m) kui proksimaalsed, tuubulis on rohkem madalamaid rakke. Basaalne jutilisus on n\u00f5rgemalt v\u00e4ljendunud, rakkude apikaalsel osal v\u00f5ib olla v\u00e4hesel arvul mikrohatte. Epiteelirakkude tuumad on tihedad ja \u00fcmarad, rakkude ts\u00fctoplasmas paiknevad h\u00e4sti arenenud organellid. Distaalsetes tuubulites toimub Na+ vahetus K+ vastu aldosterooni kontrolli all.<\/p>\n\n\n\n<figure class=\"wp-block-image aligncenter\"><img loading=\"lazy\" decoding=\"async\" width=\"500\" height=\"401\" src=\"https:\/\/sisu.ut.ee\/wp-content\/uploads\/sites\/12\/tuubul3.png\" alt=\"tuubul3.png\" class=\"wp-image-17\" title=\"tuubul3.png\" srcset=\"https:\/\/sisu.ut.ee\/wp-content\/uploads\/sites\/12\/tuubul3.png 500w, https:\/\/sisu.ut.ee\/wp-content\/uploads\/sites\/12\/tuubul3-300x241.png 300w\" sizes=\"auto, (max-width: 500px) 100vw, 500px\"><\/figure>\n\n\n\n<p class=\"has-text-align-center\">Distaalse tuubuli fragment. TEM 6200x<\/p>\n\n\n\n<h6 class=\"wp-block-heading\">J\u00e4ta meelde!\u00a0\nDistaalsed tuubulid on v\u00e4iksema diameetriga, rakud on madalamad.<\/h6>\n","protected":false},"excerpt":{"rendered":"<p>Distaalsed tuubulid on v\u00e4iksema diameetriga (20-50 \u00b5m) kui proksimaalsed, tuubulis on rohkem madalamaid rakke. Basaalne jutilisus on n\u00f5rgemalt v\u00e4ljendunud, rakkude apikaalsel osal v\u00f5ib olla v\u00e4hesel arvul mikrohatte. Epiteelirakkude tuumad on tihedad ja \u00fcmarad, rakkude ts\u00fctoplasmas paiknevad h\u00e4sti arenenud organellid. Distaalsetes &#8230;<\/p>\n","protected":false},"author":10,"featured_media":0,"parent":0,"menu_order":0,"comment_status":"closed","ping_status":"closed","template":"","meta":{"_acf_changed":false,"inline_featured_image":false,"footnotes":""},"class_list":["post-8","page","type-page","status-publish","hentry"],"acf":[],"_links":{"self":[{"href":"https:\/\/sisu.ut.ee\/histoloogia\/wp-json\/wp\/v2\/pages\/8","targetHints":{"allow":["GET"]}}],"collection":[{"href":"https:\/\/sisu.ut.ee\/histoloogia\/wp-json\/wp\/v2\/pages"}],"about":[{"href":"https:\/\/sisu.ut.ee\/histoloogia\/wp-json\/wp\/v2\/types\/page"}],"author":[{"embeddable":true,"href":"https:\/\/sisu.ut.ee\/histoloogia\/wp-json\/wp\/v2\/users\/10"}],"replies":[{"embeddable":true,"href":"https:\/\/sisu.ut.ee\/histoloogia\/wp-json\/wp\/v2\/comments?post=8"}],"version-history":[{"count":2,"href":"https:\/\/sisu.ut.ee\/histoloogia\/wp-json\/wp\/v2\/pages\/8\/revisions"}],"predecessor-version":[{"id":77,"href":"https:\/\/sisu.ut.ee\/histoloogia\/wp-json\/wp\/v2\/pages\/8\/revisions\/77"}],"wp:attachment":[{"href":"https:\/\/sisu.ut.ee\/histoloogia\/wp-json\/wp\/v2\/media?parent=8"}],"curies":[{"name":"wp","href":"https:\/\/api.w.org\/{rel}","templated":true}]}}