{"id":3,"date":"2024-04-03T23:08:25","date_gmt":"2024-04-03T20:08:25","guid":{"rendered":"https:\/\/sisu.ut.ee\/histoloogia\/avaleht-15\/"},"modified":"2024-04-08T10:27:19","modified_gmt":"2024-04-08T07:27:19","slug":"avaleht-15","status":"publish","type":"page","link":"https:\/\/sisu.ut.ee\/histoloogia\/","title":{"rendered":"Avaleht"},"content":{"rendered":"<p class=\"has-text-align-left\"><strong>Marina Aunapuu,\u00a0histoloogia dotsent ja vanemteadur ja Andres Arend,\u00a0histoloogia ja embr\u00fcoloogia professor<br>Tartu \u00dclikool,\u00a0arstiteaduskond, anatoomia instituut, 2013<\/strong><\/p>\n\n\n\n<p>\u00d5piobjekt on iseseisvat \u00f5ppimist toetav materjal, mida saab kasutada inimese eritusorganite (neerude, kusep\u00f5ie, kusejuha)\u00a0morfoloogilist ehitust k\u00e4sitleva osa \u00f5ppimisel. Tuletame meelde ja t\u00e4iendame teadmisi eritusorganite ehitusest, \u00f5pime tundma organite spetsiifilisi struktuure. Selleks kulub ligikaudu 4 tundi.<\/p>\n\n\n\n<p>\u00d5piobjekti j\u00e4rgi \u00f5ppinud \u00fcli\u00f5pilane:<\/p>\n\n\n\n<ul class=\"wp-block-list\">\n<li><span data-mce-mark=\"1\">m\u00f5istab organite histoloogilise ehituse p\u00f5hiprintsiipe;<\/span><\/li>\n\n\n\n<li><span data-mce-mark=\"1\">suudab n\u00e4ha seoseid eritusorganite ehituse ja funktsiooni vahel.<\/span><\/li>\n<\/ul>\n\n\n\n<p>\u00d5piobjektist leiate illustreeritud \u00f5ppematerjalid lisamaterjalina praktikumide jaoks ning testi enda teadmiste kontrolliks ja kinnistamiseks.<\/p>\n\n\n\n<p>Kasutatud kirjandus:<\/p>\n\n\n\n<ul class=\"wp-block-list\">\n<li><span style=\"line-height: 1.6em;\">Arend A, Aunapuu M, Hussar P, Hussar \u00dc, Roosaar P. Histoloogia praktikum. Tartu, 2006<\/span><\/li>\n\n\n\n<li><span style=\"line-height: 1.6em;\">Arend \u00dc, Hussar \u00dc, K\u00e4rner J, K\u00fcbar H, P\u00f5ldvere K. Histoloogia praktikum. Tallinn, Valgus 1983.<\/span><\/li>\n\n\n\n<li><span style=\"line-height: 1.6em;\">Tehver J. Koduloomade histoloogia. Tallinn, Valgus 1979.<\/span><\/li>\n\n\n\n<li><span style=\"line-height: 1.6em;\">Ross M.H, Romrell L.J, Kaye G.I. Histology. A text and atlas. Williams&amp;Wilkins 1995, USA.<\/span><\/li>\n<\/ul>\n\n\n\n<p><span style=\"line-height: 1.6em;\"><span style=\"line-height: 1.6em;\"><span style=\"line-height: 1.6em;\">Fotode autor: Marina Aunapuu<\/span><\/span><\/span><\/p>\n\n\n\n<p class=\"has-extra-small-font-size\">K\u00e4esolev \u00f5piobjekt on autorikaitse all vastavalt Eesti Vabariigi autori\u00f5iguse seadusele. \u00d5piobjekti varalised \u00f5igused kuuluvad Tartu \u00dclikoolile. \u00d5piobjekti on lubatud reprodutseerida, levitada ja avalikult esitada ainult \u00f5piotstarbel kui tervikut, va refereerimine ja tsiteerimine motiveeritud mahus. \u00d5piobjekti ei ole lubatud kasutada kommertseesm\u00e4rgil. \u00d5piobjekti igakordsel kasutamisel on kasutaja kohustatud viitama \u00f5piobjekti autorile. \u00d5piobjekti pole lubatud muuta ega t\u00e4iendada.<\/p>\n\n\n\n<figure class=\"wp-block-image aligncenter size-full\"><img loading=\"lazy\" decoding=\"async\" width=\"185\" height=\"102\" src=\"https:\/\/sisu.ut.ee\/wp-content\/uploads\/sites\/12\/esf185.jpg\" alt=\"\" class=\"wp-image-28\"><\/figure>\n","protected":false},"excerpt":{"rendered":"<p>Marina Aunapuu,\u00a0histoloogia dotsent ja vanemteadur ja Andres Arend,\u00a0histoloogia ja embr\u00fcoloogia professorTartu \u00dclikool,\u00a0arstiteaduskond, anatoomia instituut, 2013 \u00d5piobjekt on iseseisvat \u00f5ppimist toetav materjal, mida saab kasutada inimese eritusorganite (neerude, kusep\u00f5ie, kusejuha)\u00a0morfoloogilist ehitust k\u00e4sitleva osa \u00f5ppimisel. Tuletame meelde ja t\u00e4iendame teadmisi eritusorganite ehitusest, &#8230;<\/p>\n","protected":false},"author":10,"featured_media":0,"parent":0,"menu_order":0,"comment_status":"closed","ping_status":"closed","template":"","meta":{"_acf_changed":false,"inline_featured_image":false,"footnotes":""},"class_list":["post-3","page","type-page","status-publish","hentry"],"acf":[],"_links":{"self":[{"href":"https:\/\/sisu.ut.ee\/histoloogia\/wp-json\/wp\/v2\/pages\/3","targetHints":{"allow":["GET"]}}],"collection":[{"href":"https:\/\/sisu.ut.ee\/histoloogia\/wp-json\/wp\/v2\/pages"}],"about":[{"href":"https:\/\/sisu.ut.ee\/histoloogia\/wp-json\/wp\/v2\/types\/page"}],"author":[{"embeddable":true,"href":"https:\/\/sisu.ut.ee\/histoloogia\/wp-json\/wp\/v2\/users\/10"}],"replies":[{"embeddable":true,"href":"https:\/\/sisu.ut.ee\/histoloogia\/wp-json\/wp\/v2\/comments?post=3"}],"version-history":[{"count":5,"href":"https:\/\/sisu.ut.ee\/histoloogia\/wp-json\/wp\/v2\/pages\/3\/revisions"}],"predecessor-version":[{"id":87,"href":"https:\/\/sisu.ut.ee\/histoloogia\/wp-json\/wp\/v2\/pages\/3\/revisions\/87"}],"wp:attachment":[{"href":"https:\/\/sisu.ut.ee\/histoloogia\/wp-json\/wp\/v2\/media?parent=3"}],"curies":[{"name":"wp","href":"https:\/\/api.w.org\/{rel}","templated":true}]}}