{"id":729,"date":"2026-04-21T16:37:19","date_gmt":"2026-04-21T13:37:19","guid":{"rendered":"https:\/\/sisu.ut.ee\/hik\/?page_id=729"},"modified":"2026-04-21T16:37:19","modified_gmt":"2026-04-21T13:37:19","slug":"areng-kognitiivsed-protsessid","status":"publish","type":"page","link":"https:\/\/sisu.ut.ee\/hik\/areng-kognitiivsed-protsessid\/","title":{"rendered":"Areng, kognitiivsed protsessid"},"content":{"rendered":"<form role=\"search\" method=\"get\" action=\"https:\/\/sisu.ut.ee\/hik\/\" class=\"wp-block-search__button-outside wp-block-search__text-button wp-block-search\"><label class=\"wp-block-search__label\" for=\"wp-block-search__input-1\">Sisesta otsis\u00f5na v\u00f5i vali vasakust men\u00fc\u00fcst<\/label><div class=\"wp-block-search__inside-wrapper\" style=\"width: 50%\"><input class=\"wp-block-search__input\" id=\"wp-block-search__input-1\" placeholder=\"\" value=\"\" type=\"search\" name=\"s\" required><button aria-label=\"Search\" class=\"wp-block-search__button wp-element-button\" type=\"submit\">Search<\/button><\/div><\/form>\n\n<div class=\"posts-list-block my-4\">\n\t\t\t<h2 class=\"section-title h3\">Areng, kognitiivsed protsessid<\/h2>\n\t\t\t\t\t\t\t<p>Postitusi ei leitud<\/p>\n\t\t\t<\/div>\n\n\n\n<p><\/p>\n","protected":false},"excerpt":{"rendered":"","protected":false},"author":830,"featured_media":0,"parent":0,"menu_order":0,"comment_status":"closed","ping_status":"closed","template":"","meta":{"_acf_changed":false,"inline_featured_image":false,"footnotes":""},"class_list":["post-729","page","type-page","status-publish","hentry"],"acf":[],"_links":{"self":[{"href":"https:\/\/sisu.ut.ee\/hik\/wp-json\/wp\/v2\/pages\/729","targetHints":{"allow":["GET"]}}],"collection":[{"href":"https:\/\/sisu.ut.ee\/hik\/wp-json\/wp\/v2\/pages"}],"about":[{"href":"https:\/\/sisu.ut.ee\/hik\/wp-json\/wp\/v2\/types\/page"}],"author":[{"embeddable":true,"href":"https:\/\/sisu.ut.ee\/hik\/wp-json\/wp\/v2\/users\/830"}],"replies":[{"embeddable":true,"href":"https:\/\/sisu.ut.ee\/hik\/wp-json\/wp\/v2\/comments?post=729"}],"version-history":[{"count":3,"href":"https:\/\/sisu.ut.ee\/hik\/wp-json\/wp\/v2\/pages\/729\/revisions"}],"predecessor-version":[{"id":732,"href":"https:\/\/sisu.ut.ee\/hik\/wp-json\/wp\/v2\/pages\/729\/revisions\/732"}],"wp:attachment":[{"href":"https:\/\/sisu.ut.ee\/hik\/wp-json\/wp\/v2\/media?parent=729"}],"curies":[{"name":"wp","href":"https:\/\/api.w.org\/{rel}","templated":true}]}}