{"id":723,"date":"2026-04-21T16:33:49","date_gmt":"2026-04-21T13:33:49","guid":{"rendered":"https:\/\/sisu.ut.ee\/hik\/?page_id=723"},"modified":"2026-04-21T16:33:50","modified_gmt":"2026-04-21T13:33:50","slug":"enesetohusus-toimetulek","status":"publish","type":"page","link":"https:\/\/sisu.ut.ee\/hik\/enesetohusus-toimetulek\/","title":{"rendered":"Eneset\u00f5husus, toimetulek"},"content":{"rendered":"<form role=\"search\" method=\"get\" action=\"https:\/\/sisu.ut.ee\/hik\/\" class=\"wp-block-search__button-outside wp-block-search__text-button wp-block-search\"><label class=\"wp-block-search__label\" for=\"wp-block-search__input-1\">Sisesta otsis\u00f5na v\u00f5i vali vasakust men\u00fc\u00fcst<\/label><div class=\"wp-block-search__inside-wrapper\" style=\"width: 50%\"><input class=\"wp-block-search__input\" id=\"wp-block-search__input-1\" placeholder=\"\" value=\"\" type=\"search\" name=\"s\" required><button aria-label=\"Otsi\" class=\"wp-block-search__button wp-element-button\" type=\"submit\">Otsi<\/button><\/div><\/form>\n\n<div class=\"posts-list-block my-4\">\n\t\t\t<h2 class=\"section-title h3\">Eneset\u00f5husus, toimetulek<\/h2>\n\t\t\t\t\t\t\t<p>Postitusi ei leitud<\/p>\n\t\t\t<\/div>\n","protected":false},"excerpt":{"rendered":"","protected":false},"author":830,"featured_media":0,"parent":0,"menu_order":0,"comment_status":"closed","ping_status":"closed","template":"","meta":{"_acf_changed":false,"inline_featured_image":false,"footnotes":""},"class_list":["post-723","page","type-page","status-publish","hentry"],"acf":[],"_links":{"self":[{"href":"https:\/\/sisu.ut.ee\/hik\/wp-json\/wp\/v2\/pages\/723","targetHints":{"allow":["GET"]}}],"collection":[{"href":"https:\/\/sisu.ut.ee\/hik\/wp-json\/wp\/v2\/pages"}],"about":[{"href":"https:\/\/sisu.ut.ee\/hik\/wp-json\/wp\/v2\/types\/page"}],"author":[{"embeddable":true,"href":"https:\/\/sisu.ut.ee\/hik\/wp-json\/wp\/v2\/users\/830"}],"replies":[{"embeddable":true,"href":"https:\/\/sisu.ut.ee\/hik\/wp-json\/wp\/v2\/comments?post=723"}],"version-history":[{"count":3,"href":"https:\/\/sisu.ut.ee\/hik\/wp-json\/wp\/v2\/pages\/723\/revisions"}],"predecessor-version":[{"id":727,"href":"https:\/\/sisu.ut.ee\/hik\/wp-json\/wp\/v2\/pages\/723\/revisions\/727"}],"wp:attachment":[{"href":"https:\/\/sisu.ut.ee\/hik\/wp-json\/wp\/v2\/media?parent=723"}],"curies":[{"name":"wp","href":"https:\/\/api.w.org\/{rel}","templated":true}]}}