{"id":70,"date":"2025-04-16T16:44:04","date_gmt":"2025-04-16T13:44:04","guid":{"rendered":"https:\/\/sisu.ut.ee\/hik\/?page_id=70"},"modified":"2025-08-22T16:21:52","modified_gmt":"2025-08-22T13:21:52","slug":"vaime-tervis","status":"publish","type":"page","link":"https:\/\/sisu.ut.ee\/hik\/vaime-tervis\/","title":{"rendered":"Vaimne tervis"},"content":{"rendered":"<form role=\"search\" method=\"get\" action=\"https:\/\/sisu.ut.ee\/hik\/\" class=\"wp-block-search__button-outside wp-block-search__text-button wp-block-search\"><label class=\"wp-block-search__label\" for=\"wp-block-search__input-1\">Sisesta otsis\u00f5na v\u00f5i vali vasakust men\u00fc\u00fcst<\/label><div class=\"wp-block-search__inside-wrapper\" style=\"width: 50%\"><input class=\"wp-block-search__input\" id=\"wp-block-search__input-1\" placeholder=\"\" value=\"\" type=\"search\" name=\"s\" required><button aria-label=\"Search\" class=\"wp-block-search__button wp-element-button\" type=\"submit\">Search<\/button><\/div><\/form>\n\n<div class=\"posts-list-block my-4\">\n\t\t\t<h2 class=\"section-title h3\">Vaimne tervis<\/h2>\n\t\t\t\t\t\t\t\t\t\t\t\t\t\t\t<article class=\"post-650 post type-post status-publish format-standard hentry category-hindamisinstrumendid category-kliiniline-praktika category-taiskasvanud category-vaimne-tervis\">\n  <a href=\"https:\/\/sisu.ut.ee\/hik\/situatsioonilise-agressiooni-dunaamiline-hindamine-dasaiv_ee\/\" class=\"article-card--list d-flex flex-row text-black pb-1 mb-1 border-bottom\">\n    <div class=\"w-25 flex-shrink-0\">\n              <img loading=\"lazy\" decoding=\"async\" src=\"https:\/\/sisu.ut.ee\/wp-content\/themes\/tu\/public\/images\/default-placeholder.69fd84.svg\" class=\"img-fluid article-card__img\" alt=\"Vaikimisi pilt\" width=\"150\" height=\"150\">\n          <\/div>\n    <div class=\"d-flex flex-column w-100 ms-2\">\n      <h3 class=\"h5 text-sm mb-1\">Situatsioonilise agressiooni d\u00fcnaamiline hindamine (DASA:IV_EE)<\/h3>\n      <time class=\"post-date d-block mt-auto text-end text-xs w-100\" datetime=\"2026-04-21T14:37:23+00:00\">\n        21.04.2026\n      <\/time>\n    <\/div>\n  <\/a>\n<\/article>\n\t\t\t\t\t\t\t\t\t\t\t<article class=\"post-590 post type-post status-publish format-standard hentry category-hindamisinstrumendid category-kliiniline-praktika category-soltuvus category-taiskasvanud category-teadusuuringud category-tervisekaitumine-ja-elustiil category-vaimne-tervis\">\n  <a href=\"https:\/\/sisu.ut.ee\/hik\/kliiniline-opioidivoorutuse-hindamise-skaala\/\" class=\"article-card--list d-flex flex-row text-black pb-1 mb-1 border-bottom\">\n    <div class=\"w-25 flex-shrink-0\">\n              <img loading=\"lazy\" decoding=\"async\" src=\"https:\/\/sisu.ut.ee\/wp-content\/themes\/tu\/public\/images\/default-placeholder.69fd84.svg\" class=\"img-fluid article-card__img\" alt=\"Vaikimisi pilt\" width=\"150\" height=\"150\">\n          <\/div>\n    <div class=\"d-flex flex-column w-100 ms-2\">\n      <h3 class=\"h5 text-sm mb-1\">Kliiniline opioidiv\u00f5\u00f5rutuse hindamise skaala (COWS_EE)<\/h3>\n      <time class=\"post-date d-block mt-auto text-end text-xs w-100\" datetime=\"2026-04-15T14:21:23+00:00\">\n        15.04.2026\n      <\/time>\n    <\/div>\n  <\/a>\n<\/article>\n\t\t\t\t\t\t\t\t\t\t\t<article class=\"post-585 post type-post status-publish format-standard hentry category-emotsionaalne-heaolu category-enesehindamine category-hindamisinstrumendid category-kliiniline-praktika category-rahvatervishoiu-seire category-taiskasvanud category-teadusuuringud category-vaimne-tervis\">\n  <a href=\"https:\/\/sisu.ut.ee\/hik\/585-2\/\" class=\"article-card--list d-flex flex-row text-black pb-1 mb-1 border-bottom\">\n    <div class=\"w-25 flex-shrink-0\">\n              <img loading=\"lazy\" decoding=\"async\" src=\"https:\/\/sisu.ut.ee\/wp-content\/themes\/tu\/public\/images\/default-placeholder.69fd84.svg\" class=\"img-fluid article-card__img\" alt=\"Vaikimisi pilt\" width=\"150\" height=\"150\">\n          <\/div>\n    <div class=\"d-flex flex-column w-100 ms-2\">\n      <h3 class=\"h5 text-sm mb-1\">Tervisek\u00fcsimustik-2 (PHQ-2_EE)<\/h3>\n      <time class=\"post-date d-block mt-auto text-end text-xs w-100\" datetime=\"2026-04-15T14:03:07+00:00\">\n        15.04.2026\n      <\/time>\n    <\/div>\n  <\/a>\n<\/article>\n\t\t\t\t\t\t\t\t\t\t\t<article class=\"post-518 post type-post status-publish format-standard hentry category-enesehindamine category-isiksus-kaitumine category-taiskasvanud category-teadusuuringud category-vaimne-tervis\">\n  <a href=\"https:\/\/sisu.ut.ee\/hik\/sailenotkuse-luhiskaala-brs\/\" class=\"article-card--list d-flex flex-row text-black pb-1 mb-1 border-bottom\">\n    <div class=\"w-25 flex-shrink-0\">\n              <img loading=\"lazy\" decoding=\"async\" src=\"https:\/\/sisu.ut.ee\/wp-content\/themes\/tu\/public\/images\/default-placeholder.69fd84.svg\" class=\"img-fluid article-card__img\" alt=\"Vaikimisi pilt\" width=\"150\" height=\"150\">\n          <\/div>\n    <div class=\"d-flex flex-column w-100 ms-2\">\n      <h3 class=\"h5 text-sm mb-1\">S\u00e4ilen\u00f5tkuse l\u00fchiskaala (BRS)<\/h3>\n      <time class=\"post-date d-block mt-auto text-end text-xs w-100\" datetime=\"2025-08-25T08:10:06+00:00\">\n        25.08.2025\n      <\/time>\n    <\/div>\n  <\/a>\n<\/article>\n\t\t\t\t\t\t\t\t\t\t\t<article class=\"post-445 post type-post status-publish format-standard hentry category-emotsionaalne-heaolu category-enesehindamine category-hindamisinstrumendid category-kliiniline-praktika category-noorukid category-taiskasvanud category-teadusuuringud category-vaimne-tervis\">\n  <a href=\"https:\/\/sisu.ut.ee\/hik\/emotsiaalse-enesetunde-kusimustik-eek-2\/\" class=\"article-card--list d-flex flex-row text-black pb-1 mb-1 border-bottom\">\n    <div class=\"w-25 flex-shrink-0\">\n              <img loading=\"lazy\" decoding=\"async\" src=\"https:\/\/sisu.ut.ee\/wp-content\/themes\/tu\/public\/images\/default-placeholder.69fd84.svg\" class=\"img-fluid article-card__img\" alt=\"Vaikimisi pilt\" width=\"150\" height=\"150\">\n          <\/div>\n    <div class=\"d-flex flex-column w-100 ms-2\">\n      <h3 class=\"h5 text-sm mb-1\">Emotsiaalse enesetunde k\u00fcsimustik (EEK-2)<\/h3>\n      <time class=\"post-date d-block mt-auto text-end text-xs w-100\" datetime=\"2025-08-22T10:37:03+00:00\">\n        22.08.2025\n      <\/time>\n    <\/div>\n  <\/a>\n<\/article>\n\t\t\t\t\t\t\t\t\t\t\t<article class=\"post-303 post type-post status-publish format-standard hentry category-enesehindamine category-kliiniline-praktika category-noorukid category-rahvatervishoiu-seire category-tervisekaitumine-ja-elustiil category-vaimne-tervis\">\n  <a href=\"https:\/\/sisu.ut.ee\/hik\/s2bi_ee-uimastite-tarvitamise-soeltest-noorukitele\/\" class=\"article-card--list d-flex flex-row text-black pb-1 mb-1 border-bottom\">\n    <div class=\"w-25 flex-shrink-0\">\n              <img loading=\"lazy\" decoding=\"async\" src=\"https:\/\/sisu.ut.ee\/wp-content\/themes\/tu\/public\/images\/default-placeholder.69fd84.svg\" class=\"img-fluid article-card__img\" alt=\"Vaikimisi pilt\" width=\"150\" height=\"150\">\n          <\/div>\n    <div class=\"d-flex flex-column w-100 ms-2\">\n      <h3 class=\"h5 text-sm mb-1\">Uimastite tarvitamise s\u00f5eltest noorukitele (S2BI_EE)<\/h3>\n      <time class=\"post-date d-block mt-auto text-end text-xs w-100\" datetime=\"2025-05-20T16:57:53+00:00\">\n        20.05.2025\n      <\/time>\n    <\/div>\n  <\/a>\n<\/article>\n\t\t\t\t\t\t\t\t\t<\/div>\n","protected":false},"excerpt":{"rendered":"","protected":false},"author":280,"featured_media":0,"parent":0,"menu_order":0,"comment_status":"closed","ping_status":"closed","template":"","meta":{"_acf_changed":false,"inline_featured_image":false,"footnotes":""},"class_list":["post-70","page","type-page","status-publish","hentry"],"acf":[],"_links":{"self":[{"href":"https:\/\/sisu.ut.ee\/hik\/wp-json\/wp\/v2\/pages\/70","targetHints":{"allow":["GET"]}}],"collection":[{"href":"https:\/\/sisu.ut.ee\/hik\/wp-json\/wp\/v2\/pages"}],"about":[{"href":"https:\/\/sisu.ut.ee\/hik\/wp-json\/wp\/v2\/types\/page"}],"author":[{"embeddable":true,"href":"https:\/\/sisu.ut.ee\/hik\/wp-json\/wp\/v2\/users\/280"}],"replies":[{"embeddable":true,"href":"https:\/\/sisu.ut.ee\/hik\/wp-json\/wp\/v2\/comments?post=70"}],"version-history":[{"count":29,"href":"https:\/\/sisu.ut.ee\/hik\/wp-json\/wp\/v2\/pages\/70\/revisions"}],"predecessor-version":[{"id":479,"href":"https:\/\/sisu.ut.ee\/hik\/wp-json\/wp\/v2\/pages\/70\/revisions\/479"}],"wp:attachment":[{"href":"https:\/\/sisu.ut.ee\/hik\/wp-json\/wp\/v2\/media?parent=70"}],"curies":[{"name":"wp","href":"https:\/\/api.w.org\/{rel}","templated":true}]}}