{"id":658,"date":"2026-04-16T11:06:47","date_gmt":"2026-04-16T08:06:47","guid":{"rendered":"https:\/\/sisu.ut.ee\/hik\/?page_id=658"},"modified":"2026-04-17T12:14:52","modified_gmt":"2026-04-17T09:14:52","slug":"koolitused","status":"publish","type":"page","link":"https:\/\/sisu.ut.ee\/hik\/koolitused\/","title":{"rendered":"Koolitused"},"content":{"rendered":"<p><\/p>\n\n\n\n<p>Kompetentsikeskuse ava\u00fcritus \u201cTervise ja heaolu hindamine inimesest s\u00fcsteemini\u201d<\/p>\n\n\n\n<h2 class=\"wp-block-heading\">Kompetentsikeskuse ava\u00fcritus \u201c<a href=\"https:\/\/hik.ut.ee\">Tervise ja heaolu hindamine inimesest s\u00fcsteemini<\/a>\u201c<\/h2>\n\n\n\n<h6 class=\"wp-block-heading\">Kompetentsikeskuse ava\u00fcrituse ettekanded on kasutatavad sissejuhatusena teemadesse.<\/h6>\n\n\n\n<p>Ava\u00fcritusele on oodatud k\u00f5ik, kelle t\u00f6\u00f6s on vaja tervise ja heaolu hindamisvahendeid kasutada v\u00f5i tulemusi t\u00f5lgendada. Esimene sessioon keskendub t\u00f5endusp\u00f5histele hindamisvahenditele igap\u00e4evapraktikas ja teisel sessioonil arutleme, millest tervishoiuteenuste kvaliteet koosneb ja kuidas seda hinnata?<\/p>\n\n\n\n<ul class=\"wp-block-list\">\n<li><strong>Aeg<\/strong>: 12. mai 2026 kell 12.00 \u2013 17.00<\/li>\n\n\n\n<li><strong>Koht<\/strong>: Tartu \u00dclikooli biomeedikumi auditoorium 1006 (Tartu, Ravila 19)<\/li>\n\n\n\n<li><strong>Registreerumine kuni 5. maini<\/strong>\u00a0(k.a.) \u2013\u00a0<a href=\"https:\/\/survey.ut.ee\/HIKyritus\">registreerumisvorm<\/a><\/li>\n\n\n\n<li><strong>Kontakt<\/strong>: hik@ut.ee<\/li>\n<\/ul>\n\n\n\n<p><\/p>\n","protected":false},"excerpt":{"rendered":"<p>Kompetentsikeskuse ava\u00fcritus \u201cTervise ja heaolu hindamine inimesest s\u00fcsteemini\u201d Kompetentsikeskuse ava\u00fcritus \u201cTervise ja heaolu hindamine inimesest s\u00fcsteemini\u201c Kompetentsikeskuse ava\u00fcrituse ettekanded on kasutatavad sissejuhatusena teemadesse. Ava\u00fcritusele on oodatud k\u00f5ik, kelle t\u00f6\u00f6s on vaja tervise ja heaolu hindamisvahendeid kasutada v\u00f5i tulemusi t\u00f5lgendada. Esimene &#8230;<\/p>\n","protected":false},"author":830,"featured_media":0,"parent":0,"menu_order":0,"comment_status":"closed","ping_status":"closed","template":"","meta":{"_acf_changed":false,"inline_featured_image":false,"footnotes":""},"class_list":["post-658","page","type-page","status-publish","hentry"],"acf":[],"_links":{"self":[{"href":"https:\/\/sisu.ut.ee\/hik\/wp-json\/wp\/v2\/pages\/658","targetHints":{"allow":["GET"]}}],"collection":[{"href":"https:\/\/sisu.ut.ee\/hik\/wp-json\/wp\/v2\/pages"}],"about":[{"href":"https:\/\/sisu.ut.ee\/hik\/wp-json\/wp\/v2\/types\/page"}],"author":[{"embeddable":true,"href":"https:\/\/sisu.ut.ee\/hik\/wp-json\/wp\/v2\/users\/830"}],"replies":[{"embeddable":true,"href":"https:\/\/sisu.ut.ee\/hik\/wp-json\/wp\/v2\/comments?post=658"}],"version-history":[{"count":2,"href":"https:\/\/sisu.ut.ee\/hik\/wp-json\/wp\/v2\/pages\/658\/revisions"}],"predecessor-version":[{"id":714,"href":"https:\/\/sisu.ut.ee\/hik\/wp-json\/wp\/v2\/pages\/658\/revisions\/714"}],"wp:attachment":[{"href":"https:\/\/sisu.ut.ee\/hik\/wp-json\/wp\/v2\/media?parent=658"}],"curies":[{"name":"wp","href":"https:\/\/api.w.org\/{rel}","templated":true}]}}