{"id":469,"date":"2025-08-22T16:04:38","date_gmt":"2025-08-22T13:04:38","guid":{"rendered":"https:\/\/sisu.ut.ee\/hik\/?page_id=469"},"modified":"2026-04-15T17:50:54","modified_gmt":"2026-04-15T14:50:54","slug":"elukvaliteet","status":"publish","type":"page","link":"https:\/\/sisu.ut.ee\/hik\/elukvaliteet\/","title":{"rendered":"Elukvaliteet"},"content":{"rendered":"<form role=\"search\" method=\"get\" action=\"https:\/\/sisu.ut.ee\/hik\/\" class=\"wp-block-search__button-outside wp-block-search__text-button wp-block-search\"><label class=\"wp-block-search__label\" for=\"wp-block-search__input-1\">Sisesta otsis\u00f5na v\u00f5i vali vasakust men\u00fc\u00fcst<\/label><div class=\"wp-block-search__inside-wrapper\" style=\"width: 50%\"><input class=\"wp-block-search__input\" id=\"wp-block-search__input-1\" placeholder=\"\" value=\"\" type=\"search\" name=\"s\" required><button aria-label=\"Otsi\" class=\"wp-block-search__button wp-element-button\" type=\"submit\">Otsi<\/button><\/div><\/form>\n\n<div class=\"posts-list-block my-4\">\n\t\t\t<h2 class=\"section-title h3\">Elukvaliteet<\/h2>\n\t\t\t\t\t\t\t\t\t\t\t\t\t\t\t<article class=\"post-786 post type-post status-publish format-standard hentry category-eakad category-elukvaliteet category-enesehindamine category-fuusiline-tervis category-hindamisinstrumendid category-kliiniline-praktika category-taiskasvanud category-toimimine-rfk category-valu\">\n  <a href=\"https:\/\/sisu.ut.ee\/hik\/oxfordi-polvevalu-hindamise-kusimustik-oks_ee\/\" class=\"article-card--list d-flex flex-row text-black pb-1 mb-1 border-bottom\">\n    <div class=\"w-25 flex-shrink-0\">\n              <img loading=\"lazy\" decoding=\"async\" src=\"https:\/\/sisu.ut.ee\/wp-content\/themes\/tu\/public\/images\/default-placeholder.69fd84.svg\" class=\"img-fluid article-card__img\" alt=\"Vaikimisi pilt\" width=\"150\" height=\"150\">\n          <\/div>\n    <div class=\"d-flex flex-column w-100 ms-2\">\n      <h3 class=\"h5 text-sm mb-1\">Oxfordi p\u00f5lvevalu hindamise k\u00fcsimustik (OKS_EE)<\/h3>\n      <time class=\"post-date d-block mt-auto text-end text-xs w-100\" datetime=\"2026-04-24T14:39:27+00:00\">\n        24.04.2026\n      <\/time>\n    <\/div>\n  <\/a>\n<\/article>\n\t\t\t\t\t\t\t\t\t<\/div>\n","protected":false},"excerpt":{"rendered":"","protected":false},"author":830,"featured_media":0,"parent":0,"menu_order":0,"comment_status":"closed","ping_status":"closed","template":"","meta":{"_acf_changed":false,"inline_featured_image":false,"footnotes":""},"class_list":["post-469","page","type-page","status-publish","hentry"],"acf":[],"_links":{"self":[{"href":"https:\/\/sisu.ut.ee\/hik\/wp-json\/wp\/v2\/pages\/469","targetHints":{"allow":["GET"]}}],"collection":[{"href":"https:\/\/sisu.ut.ee\/hik\/wp-json\/wp\/v2\/pages"}],"about":[{"href":"https:\/\/sisu.ut.ee\/hik\/wp-json\/wp\/v2\/types\/page"}],"author":[{"embeddable":true,"href":"https:\/\/sisu.ut.ee\/hik\/wp-json\/wp\/v2\/users\/830"}],"replies":[{"embeddable":true,"href":"https:\/\/sisu.ut.ee\/hik\/wp-json\/wp\/v2\/comments?post=469"}],"version-history":[{"count":3,"href":"https:\/\/sisu.ut.ee\/hik\/wp-json\/wp\/v2\/pages\/469\/revisions"}],"predecessor-version":[{"id":602,"href":"https:\/\/sisu.ut.ee\/hik\/wp-json\/wp\/v2\/pages\/469\/revisions\/602"}],"wp:attachment":[{"href":"https:\/\/sisu.ut.ee\/hik\/wp-json\/wp\/v2\/media?parent=469"}],"curies":[{"name":"wp","href":"https:\/\/api.w.org\/{rel}","templated":true}]}}