{"id":2,"date":"2025-04-16T12:05:07","date_gmt":"2025-04-16T12:05:07","guid":{"rendered":"https:\/\/sisu.ut.ee\/hik\/?page_id=2"},"modified":"2026-04-17T12:07:59","modified_gmt":"2026-04-17T09:07:59","slug":"sample-page","status":"publish","type":"page","link":"https:\/\/sisu.ut.ee\/hik\/","title":{"rendered":"Avaleht"},"content":{"rendered":"<p><strong>Tervise ja heaolu hindamisvahendite kompetentsikeskus <\/strong>on Tartu \u00dclikooli konsortsium, mille eesm\u00e4rk on ps\u00fchholoogia, kliinilise meditsiini, peremeditsiini ja rahvatervishoiu eksperditeadmisi \u00fchendades edendada tervise ja heaolu hindamise kvaliteeti ja t\u00f6\u00f6tada v\u00e4lja hindamisvahendite kasutamise standardid Eestis.<\/p>\n\n\n\n<p>Kompetentsikeskuse moodustavad:<\/p>\n\n\n\n<ul class=\"wp-block-list\">\n<li>sotsiaalteaduste valdkonna ps\u00fchholoogia instituut,<\/li>\n\n\n\n<li>meditsiiniteaduste valdkonna kliinilise meditsiini instituut, <\/li>\n\n\n\n<li>meditsiiniteaduste valdkonna peremeditsiini ja rahvatervishoiu instituut.<\/li>\n<\/ul>\n\n\n\n<p><\/p>\n\n\n\n<h4 class=\"wp-block-heading\">Kompetentsikeskuse ava\u00fcritus \u201cTervise ja heaolu hindamine inimesest s\u00fcsteemini\u201d<\/h4>\n\n\n\n<p>Ava\u00fcritusele on oodatud k\u00f5ik, kelle t\u00f6\u00f6s on vaja tervise ja heaolu hindamisvahendeid kasutada v\u00f5i tulemusi t\u00f5lgendada. Esimene sessioon keskendub t\u00f5endusp\u00f5histele hindamisvahenditele igap\u00e4evapraktikas ja teisel sessioonil arutleme, millest tervishoiuteenuste kvaliteet koosneb ja kuidas seda hinnata?<\/p>\n\n\n\n<ul class=\"wp-block-list\">\n<li><strong>Aeg<\/strong>: 12. mai 2026 kell 12.00 \u2013 17.00<\/li>\n\n\n\n<li><strong>Koht<\/strong>: Tartu \u00dclikooli biomeedikumi auditoorium 1006 (Tartu, Ravila 19)<\/li>\n\n\n\n<li><strong>Registreerumine kuni 5. maini<\/strong> (k.a.) \u2013 <a href=\"https:\/\/survey.ut.ee\/HIKyritus\">registreerumisvorm<\/a><\/li>\n\n\n\n<li><strong>Kontakt<\/strong>: hik@ut.ee<\/li>\n<\/ul>\n\n\n<div class=\"accordion-block mb-3\">\n\t\t<div class=\"accordion \" id=\"accordion-accordion-69f53e59de16f\">\n\t\t\t\t\t\t\t<div class=\"accordion-item accordion-item--white\">\n\t\t\t\t\t<h2 class=\"accordion-header\" id=\"accordion-69f53e59de16f-heading-1\">\n\t\t\t\t\t\t<button class=\"accordion-button collapsed\" type=\"button\" data-bs-toggle=\"collapse\" data-bs-target=\"#accordion-69f53e59de16f-collapse-1\" aria-expanded=\"true\" aria-controls=\"accordion-69f53e59de16f-collapse-1\">\n\t\t\t\t\t\t\tAva\u00fcrituse ettekanded ja ajakava\n\t\t\t\t\t\t<\/button>\n\t\t\t\t\t<\/h2>\n\t\t\t\t\t<div id=\"accordion-69f53e59de16f-collapse-1\" class=\"accordion-collapse collapse \" aria-labelledby=\"accordion-69f53e59de16f-heading-1\">\n\t\t\t\t\t\t<div class=\"accordion-body\">\n\t\t\t\t\t\t\t<table class=\"table table-hover\" style=\"width: 100%;\">\n<tbody>\n<tr>\n<th style=\"width: 12.7741%;\">Aeg<\/th>\n<th style=\"width: 86.654%;\">Sisu<\/th>\n<\/tr>\n<tr>\n<td style=\"width: 12.7741%; white-space: nowrap;\">12.00 \u2013 12.30<\/td>\n<td style=\"width: 86.654%;\"><strong>Kogunemine ja l\u00f5una<\/strong><\/td>\n<\/tr>\n<tr>\n<td style=\"width: 12.7741%; white-space: nowrap;\">12.30 \u2013 12.40<\/td>\n<td style=\"width: 86.654%;\"><strong>Avas\u00f5nad<\/strong> \u2013 T\u00f5nu Esko, arendusprorektor, Tartu \u00dclikool<\/td>\n<\/tr>\n<tr>\n<td style=\"width: 12.7741%; white-space: nowrap;\">12.40 \u2013 14.10<\/td>\n<td style=\"width: 86.654%;\"><strong>I sessioon:<\/strong> <strong>T\u00f5endusp\u00f5hised hindamisvahendid igap\u00e4evapraktikas.<\/strong> Moderaator: Kaja\u2011Triin Laisaar, t\u00f5endusp\u00f5hise praktika kaasprofessor, peremeditsiini ja rahvatervishoiu instituut, Tartu \u00dclikool<\/td>\n<\/tr>\n<tr>\n<td style=\"width: 12.7741%; white-space: nowrap;\">12.40 \u2013 13.05<\/td>\n<td style=\"width: 86.654%;\"><strong>T\u00f5endusp\u00f5hine hindamine \u2013 kellele ja milleks?<\/strong> \u2013 Kirsti Akkermann, kliinilise ps\u00fchholoogia professor, ps\u00fchholoogia instituut, tervise ja heaolu hindamisvahendite kompetentsikeskus, Tartu \u00dclikool<\/td>\n<\/tr>\n<tr>\n<td style=\"width: 12.7741%; white-space: nowrap;\">13.05 \u2013 13.30<\/td>\n<td style=\"width: 86.654%;\"><strong>Kuidas arendada t\u00f6\u00f6riista, mis m\u00f5istab oma kasutajat?<\/strong> \u2013 Liina Haring, ps\u00fchhiaatria kaasprofessor, kliinilise meditsiini instituut, tervise ja heaolu hindamisvahendite kompetentsikeskus, Tartu \u00dclikool; SA T\u00dcK ps\u00fchhiaatria kliinik<\/td>\n<\/tr>\n<tr>\n<td style=\"width: 12.7741%; white-space: nowrap;\">13.30 \u2013 13.50<\/td>\n<td style=\"width: 86.654%;\"><strong>Kasutada v\u00f5i mitte \u2013 hindamisinstrumendid arsti igap\u00e4evat\u00f6\u00f6s<\/strong> \u2013 Annelii J\u00fcrgenson, taastus- ja palliatiivravi kliiniku juhataja, PERH<\/td>\n<\/tr>\n<tr>\n<td style=\"width: 12.7741%; white-space: nowrap;\">13.50 \u2013 14.10<\/td>\n<td style=\"width: 86.654%;\"><strong>Kliinik kui patsient \u2013 organisatsiooni tervise hindamisest<\/strong> \u2013 Kaja P\u00f5lluste, sisehaiguste kaasprofessor, kliinilise meditsiini instituut, tervise ja heaolu hindamisvahendite kompetentsikeskus, Tartu \u00dclikool<\/td>\n<\/tr>\n<tr>\n<td style=\"width: 12.7741%; white-space: nowrap;\">14.10 \u2013 14.40<\/td>\n<td style=\"width: 86.654%;\"><strong>Kohvipaus<\/strong><\/td>\n<\/tr>\n<tr>\n<td style=\"width: 12.7741%; white-space: nowrap;\">14.40 \u2013 16.00<\/td>\n<td style=\"width: 86.654%;\"><strong>II sessioon<\/strong>: <strong>Tervishoiu kvaliteet inimese ja s\u00fcsteemi vaates.<\/strong> Moderaator: Taavi Lai, tervise ja heaolu hindamisvahendite kompetentsikeskus, Tartu \u00dclikool<\/td>\n<\/tr>\n<tr>\n<td style=\"width: 12.7741%; white-space: nowrap;\">14.40 \u2013 15.00<\/td>\n<td style=\"width: 86.654%;\"><strong>Millest tervishoiuteenuste kvaliteet koosneb ja kuidas seda hinnata?<\/strong> \u2013 Maria Suurna, tervishoiu kvaliteedipoliitika juht, Sotsiaalministeerium<\/td>\n<\/tr>\n<tr>\n<td style=\"width: 12.7741%; white-space: nowrap;\">15.00 \u2013 15.20<\/td>\n<td style=\"width: 86.654%;\"><strong>Elukvaliteedi hindamine ja tervishoiu kvaliteet<\/strong> \u2013 Taavi Lai, tervise ja heaolu hindamisvahendite kompetentsikeskus, Tartu \u00dclikool<\/td>\n<\/tr>\n<tr>\n<td style=\"width: 12.7741%; white-space: nowrap;\">15.20 \u2013 15.40<\/td>\n<td style=\"width: 86.654%;\"><strong>Tervise ja heaolu hindamine rahvastiku tasandil<\/strong> \u2013 Rainer Reile, epidemioloogia ja biostatistika osakonna juhataja, Tervise Arengu Instituut; tervise ja heaolu hindamisvahendite kompetentsikeskus, Tartu \u00dclikool<\/td>\n<\/tr>\n<tr>\n<td style=\"width: 12.7741%; white-space: nowrap;\">15.40 \u2013 16.00<\/td>\n<td style=\"width: 86.654%;\"><strong>Mis on patsiendile tegelikult oluline?<\/strong> \u2013 patsiendi kogemus tervise ja heaolu hindamisel \u2013 Elen Kirt, Eesti Insuldipatsientide Selts<\/td>\n<\/tr>\n<tr>\n<td style=\"width: 12.7741%; white-space: nowrap;\">16.00 \u2013 16.45<\/td>\n<td style=\"width: 86.654%;\"><strong>Paneeldiskussioon<\/strong>: Tasakaalu leidmine \u2013 kuidas rakendada hindamisvahendeid nii, et see toetaks arsti, patsienti ja s\u00fcsteemi?<\/td>\n<\/tr>\n<tr>\n<td style=\"width: 12.7741%; white-space: nowrap;\">16.45 \u2013 17.00<\/td>\n<td style=\"width: 86.654%;\">L\u00f5pus\u00f5nad<\/td>\n<\/tr>\n<\/tbody>\n<\/table>\n\n\t\t\t\t\t\t<\/div>\n\t\t\t\t\t<\/div>\n\t\t\t\t<\/div>\n\t\t\t\t\t<\/div>\n\t<\/div>\n","protected":false},"excerpt":{"rendered":"<p>Tervise ja heaolu hindamisvahendite kompetentsikeskus on Tartu \u00dclikooli konsortsium, mille eesm\u00e4rk on ps\u00fchholoogia, kliinilise meditsiini, peremeditsiini ja rahvatervishoiu eksperditeadmisi \u00fchendades edendada tervise ja heaolu hindamise kvaliteeti ja t\u00f6\u00f6tada v\u00e4lja hindamisvahendite kasutamise standardid Eestis. Kompetentsikeskuse moodustavad: Kompetentsikeskuse ava\u00fcritus \u201cTervise ja heaolu &#8230;<\/p>\n","protected":false},"author":830,"featured_media":21,"parent":0,"menu_order":0,"comment_status":"closed","ping_status":"open","template":"","meta":{"_acf_changed":false,"inline_featured_image":false,"footnotes":""},"class_list":["post-2","page","type-page","status-publish","has-post-thumbnail","hentry"],"acf":[],"_links":{"self":[{"href":"https:\/\/sisu.ut.ee\/hik\/wp-json\/wp\/v2\/pages\/2","targetHints":{"allow":["GET"]}}],"collection":[{"href":"https:\/\/sisu.ut.ee\/hik\/wp-json\/wp\/v2\/pages"}],"about":[{"href":"https:\/\/sisu.ut.ee\/hik\/wp-json\/wp\/v2\/types\/page"}],"author":[{"embeddable":true,"href":"https:\/\/sisu.ut.ee\/hik\/wp-json\/wp\/v2\/users\/830"}],"replies":[{"embeddable":true,"href":"https:\/\/sisu.ut.ee\/hik\/wp-json\/wp\/v2\/comments?post=2"}],"version-history":[{"count":30,"href":"https:\/\/sisu.ut.ee\/hik\/wp-json\/wp\/v2\/pages\/2\/revisions"}],"predecessor-version":[{"id":712,"href":"https:\/\/sisu.ut.ee\/hik\/wp-json\/wp\/v2\/pages\/2\/revisions\/712"}],"wp:featuredmedia":[{"embeddable":true,"href":"https:\/\/sisu.ut.ee\/hik\/wp-json\/wp\/v2\/media\/21"}],"wp:attachment":[{"href":"https:\/\/sisu.ut.ee\/hik\/wp-json\/wp\/v2\/media?parent=2"}],"curies":[{"name":"wp","href":"https:\/\/api.w.org\/{rel}","templated":true}]}}