{"id":92,"date":"2025-02-21T14:27:41","date_gmt":"2025-02-21T12:27:41","guid":{"rendered":"https:\/\/sisu.ut.ee\/heimatrevisited\/?page_id=92"},"modified":"2026-04-02T10:34:16","modified_gmt":"2026-04-02T07:34:16","slug":"meeskond","status":"publish","type":"page","link":"https:\/\/sisu.ut.ee\/heimatrevisited\/meeskond\/","title":{"rendered":"Meeskond"},"content":{"rendered":"<div style=\"height:56px\" aria-hidden=\"true\" class=\"wp-block-spacer\"><\/div>\n\n\n\n<h2 class=\"wp-block-heading has-text-align-center\"><strong>Meeskond<\/strong><\/h2>\n\n\n\n<p><\/p>\n\n\n\n<div class=\"wp-block-columns is-layout-flex wp-container-core-columns-is-layout-9d6595d7 wp-block-columns-is-layout-flex\">\n<div class=\"wp-block-column is-layout-flow wp-block-column-is-layout-flow\" style=\"flex-basis:19%\">\n<figure class=\"wp-block-image size-full is-resized is-style-rounded\"><img loading=\"lazy\" decoding=\"async\" width=\"248\" height=\"372\" src=\"https:\/\/sisu.ut.ee\/wp-content\/uploads\/sites\/797\/Reet-Bender-edited-2.jpg\" alt=\"\" class=\"wp-image-168\" style=\"width:195px;height:auto\" srcset=\"https:\/\/sisu.ut.ee\/wp-content\/uploads\/sites\/797\/Reet-Bender-edited-2.jpg 248w, https:\/\/sisu.ut.ee\/wp-content\/uploads\/sites\/797\/Reet-Bender-edited-2-200x300.jpg 200w\" sizes=\"auto, (max-width: 248px) 100vw, 248px\"><\/figure>\n<\/div>\n\n\n\n<div class=\"wp-block-column is-layout-flow wp-block-column-is-layout-flow\" style=\"flex-basis:66.66%\">\n<p class=\"has-large-font-size\"><strong>Reet Bender (PhD saksa keel ja kirjandus)<\/strong><\/p>\n\n\n\n<p class=\"has-regular-font-size\">\u201cBaltisaksa elluj\u00e4\u00e4miskunstid \u2013 baltisakslaste lapsep\u00f5lvekogemused ja kodumaa (taas)loomine\u201d vastutav t\u00e4itja  <br>Baltisaksa uuringute keskuse juht<br>Germanistika professor (Tartu \u00dclikooli maailma keelte ja kultuuride instituut)<br>Germanistika osakonna juhataja<\/p>\n\n\n\n<p class=\"has-regular-font-size\"><strong>Valik artikleid<\/strong><br><a href=\"https:\/\/www.folklore.ee\/tagused\/nr89\/bender.pdf\">Bender, Reet (2024). Levkoi, Waschnik, h\u00e4rra Krokus ja teised. Baltisaksa laste m\u00e4ngu- ja kasvamismaailmad. M\u00e4etagused, 89, 51\u221276. DOI: 10.7592\/MT2024.89.bender.<\/a><\/p>\n\n\n\n<p class=\"has-regular-font-size\"><a href=\"https:\/\/www.tandfonline.com\/doi\/abs\/10.1080\/01629778.2023.2237969\">Bender, Reet (2023). \u201cSchanno bleibt trei:\u201d Schanno von Dinakant as the last hero of Half- German poetry. Journal of Baltic Studies, 54 (4), 821\u2212834. DOI: 10.1080\/01629778.2023.2237969.<\/a><\/p>\n\n\n\n<p class=\"has-regular-font-size\"><a href=\"https:\/\/www.academia.edu\/106100006\/Deutschbaltische_Erinnerungsorte_am_Beispiel_des_Kartenspiels_Baltisches_Heimatquartett_von_Otto_Pirang\">Bender, Reet (2022). Deutschbaltische Erinnerungsorte am Beispiel des Kartenspiels \u201eBaltisches Heimatquartett\u201c von Otto Pirang. Jahrbuch des baltischen Deutschtums, 69 (Deutsch-Baltisches Jahrbuch 2021 Jahrbuch des baltischen Deutschtums Neue Folge ).<\/a><\/p>\n\n\n\n<p class=\"has-regular-font-size\"><a href=\"http:\/\/oes.ut.ee\/wp-content\/uploads\/2018_03_Bender.pdf\">Bender, Reet (2019). Baltisaksa lastem\u00e4ngudes ja liisulugemissalmidest Alfred Sch\u00f6nfeldti s\u00f5naraamatuarhiivi n\u00e4itel. \u00d5petatud Eesti Seltsi aastaraamat \/ Annales Litterarum Societatis Esthonicae, 2018, 71\u2212117.<\/a><\/p>\n\n\n\n<p class=\"has-regular-font-size\"><a href=\"http:\/\/oes.ut.ee\/wp-content\/uploads\/2017_3_Bender_1.pdf\">Bender, Reet (2018). M\u00e4ng ja m\u00e4lu: baltisaksa m\u00e4lupaigad Otto von Pirangi kaardim\u00e4ngus \u201cBaltisches Heimatquartett\u201d. \u00d5petatud Eesti Seltsi aastaraamat \/ Annales Litterarum Societatis Esthonicae, 2017, 44\u221281.<\/a><br><br><strong><a href=\"https:\/\/www.etis.ee\/CV\/Reet_Bender\" data-type=\"link\" data-id=\"https:\/\/www.etis.ee\/CV\/Reet_Bender\">ETIS<\/a><\/strong><\/p>\n<\/div>\n<\/div>\n\n\n\n<p class=\"has-large-font-size\"><\/p>\n\n\n\n<div class=\"wp-block-columns is-layout-flex wp-container-core-columns-is-layout-9d6595d7 wp-block-columns-is-layout-flex\">\n<div class=\"wp-block-column is-layout-flow wp-block-column-is-layout-flow\" style=\"flex-basis:19%\">\n<figure class=\"wp-block-image size-full is-resized is-style-rounded\"><img loading=\"lazy\" decoding=\"async\" width=\"270\" height=\"405\" src=\"https:\/\/sisu.ut.ee\/wp-content\/uploads\/sites\/797\/DSC01710_DxO-edited-1.jpg\" alt=\"\" class=\"wp-image-165\" style=\"width:195px\" srcset=\"https:\/\/sisu.ut.ee\/wp-content\/uploads\/sites\/797\/DSC01710_DxO-edited-1.jpg 270w, https:\/\/sisu.ut.ee\/wp-content\/uploads\/sites\/797\/DSC01710_DxO-edited-1-200x300.jpg 200w\" sizes=\"auto, (max-width: 270px) 100vw, 270px\"><\/figure>\n<\/div>\n\n\n\n<div class=\"wp-block-column is-layout-flow wp-block-column-is-layout-flow\" style=\"flex-basis:66.66%\">\n<p class=\"has-large-font-size\"><strong>Olev Liivik (PhD ajalugu)<\/strong><\/p>\n\n\n\n<p class=\"has-regular-font-size\">Arhiivinduse kaasprofessor (Tartu \u00dclikooli ajaloo ja arheoloogia instituut)<\/p>\n\n\n\n<p class=\"has-regular-font-size\"><strong>Valik artikleid<\/strong><br>Liivik, Olev; Tark, Triin (2016). Aus der Sowjetunion in das Deutsche Reich: \u00dcber die Nachumsiedlung aus Estland im Jahre 1941. Zeitschrift f\u00fcr Ostmitteleuropa-Forschung, 3, 407\u2212427.<\/p>\n\n\n\n<p><strong><a href=\"https:\/\/www.etis.ee\/CV\/Olev_Liivik\/est\" data-type=\"link\" data-id=\"https:\/\/www.etis.ee\/CV\/Olev_Liivik\/est\">ETIS<\/a><\/strong><\/p>\n\n\n\n<p class=\"has-regular-font-size\"><\/p>\n<\/div>\n<\/div>\n\n\n\n<div class=\"wp-block-columns is-layout-flex wp-container-core-columns-is-layout-9d6595d7 wp-block-columns-is-layout-flex\">\n<div class=\"wp-block-column is-layout-flow wp-block-column-is-layout-flow\" style=\"flex-basis:19%\">\n<figure class=\"wp-block-image size-large is-resized is-style-rounded\"><img loading=\"lazy\" decoding=\"async\" width=\"1364\" height=\"2048\" src=\"https:\/\/sisu.ut.ee\/wp-content\/uploads\/sites\/797\/Ester-Bardone_portree-edited.jpg\" alt=\"\" class=\"wp-image-163\" style=\"width:195px;height:auto\" srcset=\"https:\/\/sisu.ut.ee\/wp-content\/uploads\/sites\/797\/Ester-Bardone_portree-edited.jpg 1364w, https:\/\/sisu.ut.ee\/wp-content\/uploads\/sites\/797\/Ester-Bardone_portree-edited-200x300.jpg 200w, https:\/\/sisu.ut.ee\/wp-content\/uploads\/sites\/797\/Ester-Bardone_portree-edited-682x1024.jpg 682w, https:\/\/sisu.ut.ee\/wp-content\/uploads\/sites\/797\/Ester-Bardone_portree-edited-768x1153.jpg 768w, https:\/\/sisu.ut.ee\/wp-content\/uploads\/sites\/797\/Ester-Bardone_portree-edited-1023x1536.jpg 1023w\" sizes=\"auto, (max-width: 1364px) 100vw, 1364px\"><\/figure>\n<\/div>\n\n\n\n<div class=\"wp-block-column is-layout-flow wp-block-column-is-layout-flow\" style=\"flex-basis:66.66%\">\n<p class=\"has-large-font-size\"><strong>Ester Bardone (PhD etnoloogia)<\/strong><\/p>\n\n\n\n<p class=\"has-regular-font-size\">Etnoloogia lektor (Tartu \u00dclikooli kultuuriteaduste instituut)<\/p>\n\n\n\n<p><strong>Valik artikleid<\/strong><br>Kannike, Anu; Bardone, Ester (2026). Eesti pagulaste toidukultuur Saksamaa ja Rootsi p\u00f5genikelaagrites. Eesti Rahva Muuseumi aastaraamat, 67, 133\u2013163.<\/p>\n\n\n\n<p><strong><a href=\"https:\/\/www.etis.ee\/CV\/Ester_Bardone\/\" data-type=\"link\" data-id=\"https:\/\/www.etis.ee\/CV\/Ester_Bardone\/\">ETIS<\/a><\/strong><\/p>\n\n\n\n<p class=\"has-regular-font-size\"><\/p>\n<\/div>\n<\/div>\n\n\n\n<p><\/p>\n\n\n\n<div class=\"wp-block-columns is-layout-flex wp-container-core-columns-is-layout-9d6595d7 wp-block-columns-is-layout-flex\">\n<div class=\"wp-block-column is-layout-flow wp-block-column-is-layout-flow\" style=\"flex-basis:19%\">\n<figure class=\"wp-block-image size-large is-resized is-style-rounded\"><img loading=\"lazy\" decoding=\"async\" width=\"796\" height=\"1194\" src=\"https:\/\/sisu.ut.ee\/wp-content\/uploads\/sites\/797\/Anu-Kannike-pilt-edited.jpg\" alt=\"\" class=\"wp-image-183\" style=\"width:195px\" srcset=\"https:\/\/sisu.ut.ee\/wp-content\/uploads\/sites\/797\/Anu-Kannike-pilt-edited.jpg 796w, https:\/\/sisu.ut.ee\/wp-content\/uploads\/sites\/797\/Anu-Kannike-pilt-edited-200x300.jpg 200w, https:\/\/sisu.ut.ee\/wp-content\/uploads\/sites\/797\/Anu-Kannike-pilt-edited-683x1024.jpg 683w, https:\/\/sisu.ut.ee\/wp-content\/uploads\/sites\/797\/Anu-Kannike-pilt-edited-768x1152.jpg 768w\" sizes=\"auto, (max-width: 796px) 100vw, 796px\"><\/figure>\n<\/div>\n\n\n\n<div class=\"wp-block-column is-layout-flow wp-block-column-is-layout-flow\" style=\"flex-basis:66.66%\">\n<p class=\"has-large-font-size\"><strong>Anu Kannike (PhD etnoloogia)<\/strong><\/p>\n\n\n\n<p class=\"has-regular-font-size\">Vanemteadur (Eesti Rahva Muuseum)<\/p>\n\n\n\n<p><strong>Valik artikleid<\/strong><br>Kannike, Anu; Bardone, Ester (2026). Eesti pagulaste toidukultuur Saksamaa ja Rootsi p\u00f5genikelaagrites. Eesti Rahva Muuseumi aastaraamat, 67, 133\u2013163.<\/p>\n\n\n\n<p class=\"has-regular-font-size\"><a href=\"https:\/\/www.etis.ee\/CV\/Anu_Kannike\/est\" data-type=\"link\" data-id=\"https:\/\/www.etis.ee\/CV\/Anu_Kannike\/est\"><strong>ETIS<\/strong><\/a><\/p>\n\n\n\n<p><\/p>\n<\/div>\n<\/div>\n\n\n\n<p><\/p>\n\n\n\n<div class=\"wp-block-columns is-layout-flex wp-container-core-columns-is-layout-9d6595d7 wp-block-columns-is-layout-flex\">\n<div class=\"wp-block-column is-layout-flow wp-block-column-is-layout-flow\" style=\"flex-basis:19%\">\n<figure class=\"wp-block-image size-large is-resized is-style-rounded\"><img loading=\"lazy\" decoding=\"async\" width=\"844\" height=\"1266\" src=\"https:\/\/sisu.ut.ee\/wp-content\/uploads\/sites\/797\/Kadi-Kahar-Peterson_HR-edited.jpg\" alt=\"\" class=\"wp-image-161\" style=\"width:195px\" srcset=\"https:\/\/sisu.ut.ee\/wp-content\/uploads\/sites\/797\/Kadi-Kahar-Peterson_HR-edited.jpg 844w, https:\/\/sisu.ut.ee\/wp-content\/uploads\/sites\/797\/Kadi-Kahar-Peterson_HR-edited-200x300.jpg 200w, https:\/\/sisu.ut.ee\/wp-content\/uploads\/sites\/797\/Kadi-Kahar-Peterson_HR-edited-683x1024.jpg 683w, https:\/\/sisu.ut.ee\/wp-content\/uploads\/sites\/797\/Kadi-Kahar-Peterson_HR-edited-768x1152.jpg 768w\" sizes=\"auto, (max-width: 844px) 100vw, 844px\"><\/figure>\n<\/div>\n\n\n\n<div class=\"wp-block-column is-layout-flow wp-block-column-is-layout-flow\" style=\"flex-basis:66.66%\">\n<p class=\"has-large-font-size\"><strong>Kadi K\u00e4h\u00e4r-Peterson (PhD ajalugu)<\/strong><\/p>\n\n\n\n<p class=\"has-regular-font-size\">Baltisaksa uuringute keskuse koordinaator<br>baltisaksa kultuuri teadur (Tartu \u00dclikooli maailma keelte ja kultuuride instituut)<\/p>\n\n\n\n<p class=\"has-regular-font-size\"><strong><a href=\"https:\/\/www.etis.ee\/CV\/Kadi_K%C3%A4h%C3%A4r-Peterson\/\" data-type=\"link\" data-id=\"https:\/\/www.etis.ee\/CV\/Kadi_K\u00e4h\u00e4r-Peterson\/\">ETIS<\/a><\/strong><\/p>\n<\/div>\n<\/div>\n\n\n\n<div class=\"wp-block-columns is-layout-flex wp-container-core-columns-is-layout-9d6595d7 wp-block-columns-is-layout-flex\">\n<div class=\"wp-block-column is-layout-flow wp-block-column-is-layout-flow\" style=\"flex-basis:19%\">\n<figure class=\"wp-block-image size-large is-resized is-style-rounded\"><img loading=\"lazy\" decoding=\"async\" width=\"853\" height=\"1280\" src=\"https:\/\/sisu.ut.ee\/wp-content\/uploads\/sites\/797\/Heidi-Rajamae-Volmer-pilt-edited.jpeg\" alt=\"\" class=\"wp-image-162\" style=\"width:195px\" srcset=\"https:\/\/sisu.ut.ee\/wp-content\/uploads\/sites\/797\/Heidi-Rajamae-Volmer-pilt-edited.jpeg 853w, https:\/\/sisu.ut.ee\/wp-content\/uploads\/sites\/797\/Heidi-Rajamae-Volmer-pilt-edited-200x300.jpeg 200w, https:\/\/sisu.ut.ee\/wp-content\/uploads\/sites\/797\/Heidi-Rajamae-Volmer-pilt-edited-682x1024.jpeg 682w, https:\/\/sisu.ut.ee\/wp-content\/uploads\/sites\/797\/Heidi-Rajamae-Volmer-pilt-edited-768x1152.jpeg 768w\" sizes=\"auto, (max-width: 853px) 100vw, 853px\"><\/figure>\n<\/div>\n\n\n\n<div class=\"wp-block-column is-layout-flow wp-block-column-is-layout-flow\" style=\"flex-basis:66.66%\">\n<p class=\"has-large-font-size\"><strong>Heidi Rajam\u00e4e-Volmer <\/strong><\/p>\n\n\n\n<p class=\"has-regular-font-size\">Saksa keele ja kirjanduse nooremteadur (Tartu \u00dclikooli maailma keelte ja kultuuride instituut)<\/p>\n\n\n\n<p><strong><a href=\"https:\/\/www.etis.ee\/CV\/Heidi_Rajam%C3%A4e-Volmer\" data-type=\"link\" data-id=\"https:\/\/www.etis.ee\/CV\/Heidi_Rajam\u00e4e-Volmer\">ETIS<\/a><\/strong><\/p>\n<\/div>\n<\/div>\n\n\n\n<p><\/p>\n\n\n\n<div class=\"wp-block-columns is-layout-flex wp-container-core-columns-is-layout-9d6595d7 wp-block-columns-is-layout-flex\">\n<div class=\"wp-block-column is-layout-flow wp-block-column-is-layout-flow\" style=\"flex-basis:19%\">\n<figure class=\"wp-block-image size-large is-resized is-style-rounded\"><img loading=\"lazy\" decoding=\"async\" width=\"844\" height=\"1266\" src=\"https:\/\/sisu.ut.ee\/wp-content\/uploads\/sites\/797\/Lili-Kangsepp-Puun-4-edited.jpg\" alt=\"\" class=\"wp-image-532\" style=\"width:195px\" srcset=\"https:\/\/sisu.ut.ee\/wp-content\/uploads\/sites\/797\/Lili-Kangsepp-Puun-4-edited.jpg 844w, https:\/\/sisu.ut.ee\/wp-content\/uploads\/sites\/797\/Lili-Kangsepp-Puun-4-edited-200x300.jpg 200w, https:\/\/sisu.ut.ee\/wp-content\/uploads\/sites\/797\/Lili-Kangsepp-Puun-4-edited-683x1024.jpg 683w, https:\/\/sisu.ut.ee\/wp-content\/uploads\/sites\/797\/Lili-Kangsepp-Puun-4-edited-768x1152.jpg 768w\" sizes=\"auto, (max-width: 844px) 100vw, 844px\"><\/figure>\n<\/div>\n\n\n\n<div class=\"wp-block-column is-layout-flow wp-block-column-is-layout-flow\" style=\"flex-basis:66.66%\">\n<p class=\"has-large-font-size\"><strong>Lili K\u00e4ngsepp-Puun<\/strong><\/p>\n\n\n\n<p class=\"has-regular-font-size\">Saksa keele \u00f5petaja (Tartu \u00dclikooli maailma keelte ja kultuuride instituut)<\/p>\n\n\n\n<p class=\"has-regular-font-size\"><\/p>\n<\/div>\n<\/div>\n\n\n\n<p class=\"has-text-align-center has-regular-font-size\"><strong>Projektis osalevad \u00fcli\u00f5pilased: Anna Elisabeth Benno, Emma Aleksandra Jaanson, Lisette Kaasiku, Jaagup Randi, Silvi Rohesalu<\/strong><\/p>\n\n\n\n<div style=\"height:100px\" aria-hidden=\"true\" class=\"wp-block-spacer\"><\/div>\n\n\n\n<h2 class=\"wp-block-heading has-text-align-center\">Koost\u00f6\u00f6partnerid<\/h2>\n\n\n\n<p><\/p>\n\n\n\n<p class=\"has-text-align-center\"><a href=\"https:\/\/www.erm.ee\/\" data-type=\"link\" data-id=\"https:\/\/www.erm.ee\/\">Eesti Rahva Muuseum<\/a><\/p>\n\n\n\n<p class=\"has-text-align-center\"><a href=\"https:\/\/muuseum.tartu.ee\/\" data-type=\"link\" data-id=\"https:\/\/muuseum.tartu.ee\/\">Tartu Linnajaloo Muuseumid<\/a><\/p>\n\n\n\n<p class=\"has-text-align-center\"><a href=\"https:\/\/www.mm.ee\/et\" data-type=\"link\" data-id=\"https:\/\/www.mm.ee\/et\">Tartu M\u00e4nguasjamuuseum<\/a><\/p>\n\n\n\n<p class=\"has-text-align-center\"><a href=\"https:\/\/baltisaksaselts.ee\/\" data-type=\"link\" data-id=\"https:\/\/baltisaksaselts.ee\/\">Baltisaksa Kultuuri Selts Eestis<\/a><\/p>\n\n\n\n<p class=\"has-text-align-center\"><a href=\"https:\/\/www.deutsch-balten.com\/\" data-type=\"link\" data-id=\"https:\/\/www.deutsch-balten.com\/\">Deutschbaltische Gesellschaft <\/a><\/p>\n\n\n\n<p class=\"has-text-align-center\"><a href=\"https:\/\/www.db-kulturwerk.de\/carl-schirren-gesellschaft-e-v\" data-type=\"link\" data-id=\"https:\/\/www.db-kulturwerk.de\/carl-schirren-gesellschaft-e-v\">Deutsch-Baltisches Kulturwerk\/Carl-Schirren-Gesellschaft\/Carl-Schirren-Archiv <\/a><\/p>\n\n\n\n<p class=\"has-text-align-center\"><a href=\"https:\/\/www.ostpreussisches-landesmuseum.de\/\">Ostpreussisches Landesmuseum mit Deutschbaltischer Abteilung <\/a><\/p>\n\n\n\n<p class=\"has-text-align-center\"><a href=\"https:\/\/www.herder-institut.de\/en\/welcome\/\" data-type=\"link\" data-id=\"https:\/\/www.herder-institut.de\/en\/welcome\/\">Herder-Instituut <\/a><\/p>\n\n\n\n<p class=\"has-text-align-center\"><a href=\"http:\/\/domus-rigensis.eu\/\">Domus Rigensis<\/a><\/p>\n\n\n\n<p><\/p>\n","protected":false},"excerpt":{"rendered":"<p>Meeskond Reet Bender (PhD saksa keel ja kirjandus) \u201cBaltisaksa elluj\u00e4\u00e4miskunstid \u2013 baltisakslaste lapsep\u00f5lvekogemused ja kodumaa (taas)loomine\u201d vastutav t\u00e4itja Baltisaksa uuringute keskuse juhtGermanistika professor (Tartu \u00dclikooli maailma keelte ja kultuuride instituut)Germanistika osakonna juhataja Valik artikleidBender, Reet (2024). Levkoi, Waschnik, h\u00e4rra Krokus &#8230;<\/p>\n","protected":false},"author":99,"featured_media":0,"parent":0,"menu_order":0,"comment_status":"closed","ping_status":"closed","template":"","meta":{"_acf_changed":false,"inline_featured_image":false,"footnotes":""},"class_list":["post-92","page","type-page","status-publish","hentry"],"acf":[],"_links":{"self":[{"href":"https:\/\/sisu.ut.ee\/heimatrevisited\/wp-json\/wp\/v2\/pages\/92","targetHints":{"allow":["GET"]}}],"collection":[{"href":"https:\/\/sisu.ut.ee\/heimatrevisited\/wp-json\/wp\/v2\/pages"}],"about":[{"href":"https:\/\/sisu.ut.ee\/heimatrevisited\/wp-json\/wp\/v2\/types\/page"}],"author":[{"embeddable":true,"href":"https:\/\/sisu.ut.ee\/heimatrevisited\/wp-json\/wp\/v2\/users\/99"}],"replies":[{"embeddable":true,"href":"https:\/\/sisu.ut.ee\/heimatrevisited\/wp-json\/wp\/v2\/comments?post=92"}],"version-history":[{"count":29,"href":"https:\/\/sisu.ut.ee\/heimatrevisited\/wp-json\/wp\/v2\/pages\/92\/revisions"}],"predecessor-version":[{"id":736,"href":"https:\/\/sisu.ut.ee\/heimatrevisited\/wp-json\/wp\/v2\/pages\/92\/revisions\/736"}],"wp:attachment":[{"href":"https:\/\/sisu.ut.ee\/heimatrevisited\/wp-json\/wp\/v2\/media?parent=92"}],"curies":[{"name":"wp","href":"https:\/\/api.w.org\/{rel}","templated":true}]}}