{"id":500,"date":"2025-10-15T14:56:50","date_gmt":"2025-10-15T11:56:50","guid":{"rendered":"https:\/\/sisu.ut.ee\/heimatrevisited\/?page_id=500"},"modified":"2025-12-03T09:46:45","modified_gmt":"2025-12-03T07:46:45","slug":"konverents-2025","status":"publish","type":"page","link":"https:\/\/sisu.ut.ee\/heimatrevisited\/konverents-2025\/","title":{"rendered":"Konverents 2025"},"content":{"rendered":"<p><\/p>\n\n\n\n<h2 class=\"wp-block-heading has-text-align-center\">Konverents <br>\u201e<em><strong>Heimat Revisited II.<\/strong><\/em><strong>\u00a0Baltisakslased p\u00e4rast Teist maailmas\u00f5da: <\/strong><br><strong>kodumaa, kohtumised, kodakondsus ja kokakunst\u201c<\/strong><\/h2>\n\n\n\n<p class=\"has-text-align-center has-large-font-size\"><strong><strong>28. november 2025<\/strong><\/strong><br>Tartu \u00dclikool<br>Lossi 3 fuajeeauditoorium<\/p>\n\n\n\n<p><\/p>\n\n\n\n<p class=\"has-text-align-center\"><\/p>\n\n\n\n<div class=\"wp-block-columns is-layout-flex wp-container-core-columns-is-layout-9d6595d7 wp-block-columns-is-layout-flex\">\n<div class=\"wp-block-column is-layout-flow wp-block-column-is-layout-flow\">\n<div class=\"wp-block-columns is-layout-flex wp-container-core-columns-is-layout-9d6595d7 wp-block-columns-is-layout-flex\">\n<div class=\"wp-block-column is-layout-flow wp-block-column-is-layout-flow\" style=\"flex-basis:20%\"><\/div>\n\n\n\n<div class=\"wp-block-column is-layout-flow wp-block-column-is-layout-flow\" style=\"flex-basis:60%\">\n<div class=\"wp-block-columns is-layout-flex wp-container-core-columns-is-layout-9d6595d7 wp-block-columns-is-layout-flex\">\n<div class=\"wp-block-column is-layout-flow wp-block-column-is-layout-flow\">\n<p class=\"has-text-align-left\">11:00 Tervitus<\/p>\n\n\n\n<p><em>I blokk, modereerib Reet Bender<\/em><\/p>\n\n\n\n<p>11:05 \u201311:45\u00a0<strong>Andreas Hansen<\/strong>\u00a0\u201eZwischen dem wahren, sch\u00f6nen und dem neuen, zweiten Leben \u2013 75 Jahre Deutsch-Baltische Gesellschaft\u201d<br>11:45\u201312:15\u00a0<strong>Olev Liivik<\/strong>\u00a0\u201eKahe kodumaa vahel: repatrieerimisest NSV Liitu ja Saksamaale s\u00f5jaj\u00e4rgsetel aastak\u00fcmnetel\u201d<br>12:15\u201312:45\u00a0<strong>David Feest<\/strong>\u00a0\u201eKavandatud kohtumised: L\u00e4\u00e4ne turistid N\u00f5ukogude Eestis baltisakslaste n\u00e4itel\u201d<\/p>\n\n\n\n<p><em>II blokk, modereerib Olev Liivik<\/em><\/p>\n\n\n\n<p>14:00\u201314:30\u00a0<strong>Lili K\u00e4ngsepp-Puun<\/strong>\u00a0\u201eKohtumisi Kanada baltisakslastega\u201d<br>14:30\u201315:00\u00a0<strong>Anu Kannike, Ester Bardone, Reet Bender<\/strong>\u00a0\u201eLahkumise ja kohalej\u00f5udmise vahepeal: kodumaa maitsete taasloomine paguluses 1945-1950\u2033<\/p>\n\n\n\n<p><em>III blokk, modereerib Marju Luts-Sootak<\/em><\/p>\n\n\n\n<p>15:15\u201315:45 Videointervjuu\u00a0Tartu \u00dclikooli audoktori <strong>Gert von Pistohlkorsiga<\/strong>, salvestatud juunis 2025. Sissejuhatus\u00a0<strong>Marju Luts-Sootakilt<\/strong><br>15:45\u201316:15\u00a0<strong>Sirje Kivim\u00e4e<\/strong>\u00a0\u201eAsutamise aegu: Baltisaksa Kultuuri Selts Eestis ja Tallinna Saksa Kultuuri Instituut\u201d<br>16:15\u201317:00 samal teemal j\u00e4tkuna vestlus- ja meenutustering\u00a0<strong>J\u00fcri Kivim\u00e4e, Maaja Silm, Urmas Oolup\u00a0<\/strong>ja<strong>\u00a0Sirje Kivim\u00e4e<\/strong><\/p>\n<\/div>\n<\/div>\n\n\n\n<p>\u00dcritus toimub eesti ja saksa keeles.<\/p>\n\n\n\n<p class=\"has-text-align-left\"><strong>Korraldajad<\/strong><\/p>\n\n\n\n<p>Reet Bender<br>germanistika professor<br><a href=\"mailto:reet.bender@ut.ee\">reet.bender@ut.ee<\/a><\/p>\n\n\n\n<p class=\"has-text-align-left\">Olev Liivik<br>arhiivinduse kaasprofessor<br><a href=\"mailto:olev.liivik@ut.ee\">olev.liivik@ut.ee<\/a><\/p>\n\n\n\n<p class=\"has-text-align-left\">Marju Luts-Sootak<br>\u00f5iguse ajaloo professor<br><a href=\"mailto:marju.luts-sootak@ut.ee\">marju.luts-sootak@ut.ee<\/a><\/p>\n\n\n\n<p>Konverents toimub Tartu \u00dclikooli germanistika osakonnas Kultuuriministeeriumi finantseeritava projekti\u00a0<strong>\u201eBaltisaksa elluj\u00e4\u00e4miskunstid \u2013 baltisakslaste lapsep\u00f5lvekogemused ja kodumaa (taas)loomine\u201d<\/strong>\u00a0(KUM-TA58) raames ja toel ning koost\u00f6\u00f6s\u00a0j\u00e4rgmiste asutuste ja organisatsioonidega:\u00a0Eesti Rahva Muuseum,\u00a0Baltisaksa Kultuuri Selts Eestis,\u00a0Deutsch-Baltische\u00a0Gesellschaft\u00a0(Darmstadt),\u00a0Nordost-Institut, Institut f\u00fcr Kultur und Geschichte der Deutschen in Nordosteuropa (L\u00fcneburg).<\/p>\n\n\n\n<figure class=\"wp-block-gallery has-nested-images columns-default is-cropped wp-block-gallery-1 is-layout-flex wp-block-gallery-is-layout-flex\">\n<figure class=\"wp-block-image size-large\"><img loading=\"lazy\" decoding=\"async\" width=\"1024\" height=\"683\" data-id=\"628\" src=\"https:\/\/sisu.ut.ee\/wp-content\/uploads\/sites\/797\/UT251128AT0015-1-1024x683.jpg\" alt=\"\" class=\"wp-image-628\" srcset=\"https:\/\/sisu.ut.ee\/wp-content\/uploads\/sites\/797\/UT251128AT0015-1-1024x683.jpg 1024w, https:\/\/sisu.ut.ee\/wp-content\/uploads\/sites\/797\/UT251128AT0015-1-300x200.jpg 300w, https:\/\/sisu.ut.ee\/wp-content\/uploads\/sites\/797\/UT251128AT0015-1-768x512.jpg 768w, https:\/\/sisu.ut.ee\/wp-content\/uploads\/sites\/797\/UT251128AT0015-1-1536x1024.jpg 1536w, https:\/\/sisu.ut.ee\/wp-content\/uploads\/sites\/797\/UT251128AT0015-1-2048x1366.jpg 2048w, https:\/\/sisu.ut.ee\/wp-content\/uploads\/sites\/797\/UT251128AT0015-1-1920x1281.jpg 1920w\" sizes=\"auto, (max-width: 1024px) 100vw, 1024px\"><\/figure>\n\n\n\n<figure class=\"wp-block-image size-large\"><img loading=\"lazy\" decoding=\"async\" width=\"1024\" height=\"683\" data-id=\"629\" src=\"https:\/\/sisu.ut.ee\/wp-content\/uploads\/sites\/797\/UT251128AT0081-1-1024x683.jpg\" alt=\"\" class=\"wp-image-629\" srcset=\"https:\/\/sisu.ut.ee\/wp-content\/uploads\/sites\/797\/UT251128AT0081-1-1024x683.jpg 1024w, https:\/\/sisu.ut.ee\/wp-content\/uploads\/sites\/797\/UT251128AT0081-1-300x200.jpg 300w, https:\/\/sisu.ut.ee\/wp-content\/uploads\/sites\/797\/UT251128AT0081-1-768x512.jpg 768w, https:\/\/sisu.ut.ee\/wp-content\/uploads\/sites\/797\/UT251128AT0081-1-1536x1024.jpg 1536w, https:\/\/sisu.ut.ee\/wp-content\/uploads\/sites\/797\/UT251128AT0081-1-2048x1366.jpg 2048w, https:\/\/sisu.ut.ee\/wp-content\/uploads\/sites\/797\/UT251128AT0081-1-1920x1281.jpg 1920w\" sizes=\"auto, (max-width: 1024px) 100vw, 1024px\"><\/figure>\n\n\n\n<figure class=\"wp-block-image size-large\"><img loading=\"lazy\" decoding=\"async\" width=\"1024\" height=\"683\" data-id=\"615\" src=\"https:\/\/sisu.ut.ee\/wp-content\/uploads\/sites\/797\/UT251128AT0253-1-1024x683.jpg\" alt=\"\" class=\"wp-image-615\" srcset=\"https:\/\/sisu.ut.ee\/wp-content\/uploads\/sites\/797\/UT251128AT0253-1-1024x683.jpg 1024w, https:\/\/sisu.ut.ee\/wp-content\/uploads\/sites\/797\/UT251128AT0253-1-300x200.jpg 300w, https:\/\/sisu.ut.ee\/wp-content\/uploads\/sites\/797\/UT251128AT0253-1-768x512.jpg 768w, https:\/\/sisu.ut.ee\/wp-content\/uploads\/sites\/797\/UT251128AT0253-1-1536x1024.jpg 1536w, https:\/\/sisu.ut.ee\/wp-content\/uploads\/sites\/797\/UT251128AT0253-1-2048x1366.jpg 2048w, https:\/\/sisu.ut.ee\/wp-content\/uploads\/sites\/797\/UT251128AT0253-1-1920x1281.jpg 1920w\" sizes=\"auto, (max-width: 1024px) 100vw, 1024px\"><\/figure>\n\n\n\n<figure class=\"wp-block-image size-large\"><img loading=\"lazy\" decoding=\"async\" width=\"1024\" height=\"683\" data-id=\"624\" src=\"https:\/\/sisu.ut.ee\/wp-content\/uploads\/sites\/797\/UT251128AT0280-1-1024x683.jpg\" alt=\"\" class=\"wp-image-624\" srcset=\"https:\/\/sisu.ut.ee\/wp-content\/uploads\/sites\/797\/UT251128AT0280-1-1024x683.jpg 1024w, https:\/\/sisu.ut.ee\/wp-content\/uploads\/sites\/797\/UT251128AT0280-1-300x200.jpg 300w, https:\/\/sisu.ut.ee\/wp-content\/uploads\/sites\/797\/UT251128AT0280-1-768x512.jpg 768w, https:\/\/sisu.ut.ee\/wp-content\/uploads\/sites\/797\/UT251128AT0280-1-1536x1024.jpg 1536w, https:\/\/sisu.ut.ee\/wp-content\/uploads\/sites\/797\/UT251128AT0280-1-2048x1366.jpg 2048w, https:\/\/sisu.ut.ee\/wp-content\/uploads\/sites\/797\/UT251128AT0280-1-1920x1281.jpg 1920w\" sizes=\"auto, (max-width: 1024px) 100vw, 1024px\"><\/figure>\n\n\n\n<figure class=\"wp-block-image size-large\"><img loading=\"lazy\" decoding=\"async\" width=\"1024\" height=\"683\" data-id=\"617\" src=\"https:\/\/sisu.ut.ee\/wp-content\/uploads\/sites\/797\/UT251128AT0371-1-1024x683.jpg\" alt=\"\" class=\"wp-image-617\" srcset=\"https:\/\/sisu.ut.ee\/wp-content\/uploads\/sites\/797\/UT251128AT0371-1-1024x683.jpg 1024w, https:\/\/sisu.ut.ee\/wp-content\/uploads\/sites\/797\/UT251128AT0371-1-300x200.jpg 300w, https:\/\/sisu.ut.ee\/wp-content\/uploads\/sites\/797\/UT251128AT0371-1-768x512.jpg 768w, https:\/\/sisu.ut.ee\/wp-content\/uploads\/sites\/797\/UT251128AT0371-1-1536x1024.jpg 1536w, https:\/\/sisu.ut.ee\/wp-content\/uploads\/sites\/797\/UT251128AT0371-1-2048x1366.jpg 2048w, https:\/\/sisu.ut.ee\/wp-content\/uploads\/sites\/797\/UT251128AT0371-1-1920x1281.jpg 1920w\" sizes=\"auto, (max-width: 1024px) 100vw, 1024px\"><\/figure>\n\n\n\n<figure class=\"wp-block-image size-large\"><img loading=\"lazy\" decoding=\"async\" width=\"1024\" height=\"683\" data-id=\"627\" src=\"https:\/\/sisu.ut.ee\/wp-content\/uploads\/sites\/797\/UT251128AT0459-1-1024x683.jpg\" alt=\"\" class=\"wp-image-627\" srcset=\"https:\/\/sisu.ut.ee\/wp-content\/uploads\/sites\/797\/UT251128AT0459-1-1024x683.jpg 1024w, https:\/\/sisu.ut.ee\/wp-content\/uploads\/sites\/797\/UT251128AT0459-1-300x200.jpg 300w, https:\/\/sisu.ut.ee\/wp-content\/uploads\/sites\/797\/UT251128AT0459-1-768x512.jpg 768w, https:\/\/sisu.ut.ee\/wp-content\/uploads\/sites\/797\/UT251128AT0459-1-1536x1024.jpg 1536w, https:\/\/sisu.ut.ee\/wp-content\/uploads\/sites\/797\/UT251128AT0459-1-2048x1366.jpg 2048w, https:\/\/sisu.ut.ee\/wp-content\/uploads\/sites\/797\/UT251128AT0459-1-1920x1281.jpg 1920w\" sizes=\"auto, (max-width: 1024px) 100vw, 1024px\"><\/figure>\n\n\n\n<figure class=\"wp-block-image size-large\"><img loading=\"lazy\" decoding=\"async\" width=\"1024\" height=\"683\" data-id=\"621\" src=\"https:\/\/sisu.ut.ee\/wp-content\/uploads\/sites\/797\/UT251128AT0510-1-1024x683.jpg\" alt=\"\" class=\"wp-image-621\" srcset=\"https:\/\/sisu.ut.ee\/wp-content\/uploads\/sites\/797\/UT251128AT0510-1-1024x683.jpg 1024w, https:\/\/sisu.ut.ee\/wp-content\/uploads\/sites\/797\/UT251128AT0510-1-300x200.jpg 300w, https:\/\/sisu.ut.ee\/wp-content\/uploads\/sites\/797\/UT251128AT0510-1-768x512.jpg 768w, https:\/\/sisu.ut.ee\/wp-content\/uploads\/sites\/797\/UT251128AT0510-1-1536x1024.jpg 1536w, https:\/\/sisu.ut.ee\/wp-content\/uploads\/sites\/797\/UT251128AT0510-1-2048x1366.jpg 2048w, https:\/\/sisu.ut.ee\/wp-content\/uploads\/sites\/797\/UT251128AT0510-1-1920x1281.jpg 1920w\" sizes=\"auto, (max-width: 1024px) 100vw, 1024px\"><\/figure>\n\n\n\n<figure class=\"wp-block-image size-large\"><img loading=\"lazy\" decoding=\"async\" width=\"1024\" height=\"683\" data-id=\"619\" src=\"https:\/\/sisu.ut.ee\/wp-content\/uploads\/sites\/797\/UT251128AT0661-1-1024x683.jpg\" alt=\"\" class=\"wp-image-619\" srcset=\"https:\/\/sisu.ut.ee\/wp-content\/uploads\/sites\/797\/UT251128AT0661-1-1024x683.jpg 1024w, https:\/\/sisu.ut.ee\/wp-content\/uploads\/sites\/797\/UT251128AT0661-1-300x200.jpg 300w, https:\/\/sisu.ut.ee\/wp-content\/uploads\/sites\/797\/UT251128AT0661-1-768x512.jpg 768w, https:\/\/sisu.ut.ee\/wp-content\/uploads\/sites\/797\/UT251128AT0661-1-1536x1024.jpg 1536w, https:\/\/sisu.ut.ee\/wp-content\/uploads\/sites\/797\/UT251128AT0661-1-2048x1366.jpg 2048w, https:\/\/sisu.ut.ee\/wp-content\/uploads\/sites\/797\/UT251128AT0661-1-1920x1281.jpg 1920w\" sizes=\"auto, (max-width: 1024px) 100vw, 1024px\"><\/figure>\n\n\n\n<figure class=\"wp-block-image size-large\"><img loading=\"lazy\" decoding=\"async\" width=\"1024\" height=\"683\" data-id=\"623\" src=\"https:\/\/sisu.ut.ee\/wp-content\/uploads\/sites\/797\/UT251128AT0766-1-1024x683.jpg\" alt=\"\" class=\"wp-image-623\" srcset=\"https:\/\/sisu.ut.ee\/wp-content\/uploads\/sites\/797\/UT251128AT0766-1-1024x683.jpg 1024w, https:\/\/sisu.ut.ee\/wp-content\/uploads\/sites\/797\/UT251128AT0766-1-300x200.jpg 300w, https:\/\/sisu.ut.ee\/wp-content\/uploads\/sites\/797\/UT251128AT0766-1-768x512.jpg 768w, https:\/\/sisu.ut.ee\/wp-content\/uploads\/sites\/797\/UT251128AT0766-1-1536x1024.jpg 1536w, https:\/\/sisu.ut.ee\/wp-content\/uploads\/sites\/797\/UT251128AT0766-1-2048x1366.jpg 2048w, https:\/\/sisu.ut.ee\/wp-content\/uploads\/sites\/797\/UT251128AT0766-1-1920x1281.jpg 1920w\" sizes=\"auto, (max-width: 1024px) 100vw, 1024px\"><\/figure>\n<\/figure>\n\n\n\n<p>Fotod: Andres Tennus<\/p>\n\n\n\n<p><em>Heimat Revisited I toimus novembris 2024. P\u00e4evakava ja m\u00f5ned \u00fclesv\u00f5tted on \u00fcleval\u00a0<a href=\"https:\/\/heimatrevisited.ut.ee\/konverents-22-november-2024\/\">siin<\/a>. Reet Benderi, Olev Liiviku ja Marju Luts-Sootaki \u00fclevaade konverentsist ilmus ajalookultuuri ajakirja <a href=\"https:\/\/tuna.ra.ee\/konverents-sojajargsest-baltisakslusest-lk-141-146\/\">Tuna 2025. aasta esimeses numbris<\/a>.<\/em><\/p>\n<\/div>\n\n\n\n<div class=\"wp-block-column is-layout-flow wp-block-column-is-layout-flow\" style=\"flex-basis:20%\"><\/div>\n<\/div>\n\n\n\n<p class=\"has-text-align-left\"><\/p>\n<\/div>\n<\/div>\n","protected":false},"excerpt":{"rendered":"<p>Konverents \u201eHeimat Revisited II.\u00a0Baltisakslased p\u00e4rast Teist maailmas\u00f5da: kodumaa, kohtumised, kodakondsus ja kokakunst\u201c 28. november 2025Tartu \u00dclikoolLossi 3 fuajeeauditoorium 11:00 Tervitus I blokk, modereerib Reet Bender 11:05 \u201311:45\u00a0Andreas Hansen\u00a0\u201eZwischen dem wahren, sch\u00f6nen und dem neuen, zweiten Leben \u2013 75 Jahre Deutsch-Baltische &#8230;<\/p>\n","protected":false},"author":99,"featured_media":0,"parent":0,"menu_order":0,"comment_status":"closed","ping_status":"closed","template":"","meta":{"_acf_changed":false,"inline_featured_image":false,"footnotes":""},"class_list":["post-500","page","type-page","status-publish","hentry"],"acf":[],"_links":{"self":[{"href":"https:\/\/sisu.ut.ee\/heimatrevisited\/wp-json\/wp\/v2\/pages\/500","targetHints":{"allow":["GET"]}}],"collection":[{"href":"https:\/\/sisu.ut.ee\/heimatrevisited\/wp-json\/wp\/v2\/pages"}],"about":[{"href":"https:\/\/sisu.ut.ee\/heimatrevisited\/wp-json\/wp\/v2\/types\/page"}],"author":[{"embeddable":true,"href":"https:\/\/sisu.ut.ee\/heimatrevisited\/wp-json\/wp\/v2\/users\/99"}],"replies":[{"embeddable":true,"href":"https:\/\/sisu.ut.ee\/heimatrevisited\/wp-json\/wp\/v2\/comments?post=500"}],"version-history":[{"count":14,"href":"https:\/\/sisu.ut.ee\/heimatrevisited\/wp-json\/wp\/v2\/pages\/500\/revisions"}],"predecessor-version":[{"id":633,"href":"https:\/\/sisu.ut.ee\/heimatrevisited\/wp-json\/wp\/v2\/pages\/500\/revisions\/633"}],"wp:attachment":[{"href":"https:\/\/sisu.ut.ee\/heimatrevisited\/wp-json\/wp\/v2\/media?parent=500"}],"curies":[{"name":"wp","href":"https:\/\/api.w.org\/{rel}","templated":true}]}}