{"id":23,"date":"2024-10-18T16:39:06","date_gmt":"2024-10-18T13:39:06","guid":{"rendered":"https:\/\/sisu.ut.ee\/heimatrevisited\/?page_id=23"},"modified":"2025-02-21T16:02:17","modified_gmt":"2025-02-21T14:02:17","slug":"konverents-22-november-2024","status":"publish","type":"page","link":"https:\/\/sisu.ut.ee\/heimatrevisited\/konverents-22-november-2024\/","title":{"rendered":"Konverents 22. novembril 2024"},"content":{"rendered":"<div style=\"height:60px\" aria-hidden=\"true\" class=\"wp-block-spacer\"><\/div>\n\n\n\n<h2 class=\"wp-block-heading has-text-align-center\">Konverents <br>\u201e<em>Heimat Revisited<\/em>\u00a0I. Baltisakslased p\u00e4rast Teist maailmas\u00f5da: <br>kokkupuuted, kohtumised ja (elu)keerdk\u00e4igud\u201c<\/h2>\n\n\n\n<p class=\"has-text-align-center has-large-font-size\"><strong>22. novembril 2024<\/strong><br>Tartus Lossi 3 fuajeeauditooriumis<\/p>\n\n\n\n<p><\/p>\n\n\n\n<p class=\"has-text-align-center\"><\/p>\n\n\n\n<div class=\"wp-block-columns is-layout-flex wp-container-core-columns-is-layout-9d6595d7 wp-block-columns-is-layout-flex\">\n<div class=\"wp-block-column is-layout-flow wp-block-column-is-layout-flow\" style=\"flex-basis:400px\">\n<figure class=\"wp-block-image size-full is-resized\"><img loading=\"lazy\" decoding=\"async\" width=\"7158\" height=\"10063\" src=\"https:\/\/sisu.ut.ee\/wp-content\/uploads\/sites\/797\/Heimat-revisited_konverents_plakat_A3_3b.jpg\" alt=\"\" class=\"wp-image-146\" style=\"width:332px;height:auto\"><\/figure>\n<\/div>\n\n\n\n<div class=\"wp-block-column is-layout-flow wp-block-column-is-layout-flow\">\n<p><\/p>\n\n\n\n<p class=\"has-text-align-left\">11.00-11.15 avas\u00f5nad<br>11.15\u201311.45 <strong>Manfred von Boetticher<\/strong> \u201eDeutschbalten als Br\u00fccke zwischen dem Baltikum und Deutschland\u201c<br>11.45\u201312.15 <strong>Olev Liivik<\/strong> \u201eBaltisaksa Umsiedlerid repatriantidena N\u00f5ukogude Eestis\u201d<br>12.15\u201312.45 <strong>Tiit Rosenberg<\/strong> \u201eEesti ajaloolaste kontaktidest baltisaksa ajaloolastega n\u00f5ukogude ajal ja p\u00e4rast\u201c<br>\u00a0<br>12.45-14.00 L\u00f5una<br>\u00a0<br>14.00-14.30\u00a0<strong>Reet Bender<\/strong> \u201eBaltisakslaste kodumaa-reisikirjad K\u00fclma s\u00f5ja ajal\u201c<br>14.30\u201315.00\u00a0<strong>Lili K\u00e4ngsepp-Puun<\/strong> \u201eM\u00e4lestuspilte koost\u00f6\u00f6st baltisaksa reisigruppidega\u201c<\/p>\n\n\n\n<p class=\"has-text-align-left\">15.00-15.30 Sirutuspaus<\/p>\n\n\n\n<p class=\"has-text-align-left\">15.30\u201316.00\u00a0<strong>Martha Marie Sillaj\u00f5e<\/strong> \u201eBaltisakslus Baden-W\u00fcrttembergi liidumaa n\u00e4itel p\u00e4rast II maailmas\u00f5da\u201d<br>16.00\u201316.30 <strong>Marju Luts-Sootak<\/strong> \u201e\u201eBaltisches Recht\u201d (1962\u20131974) baltisakslaste ja Balti riikide pagulaste kohtumiskohana\u201d<br>16.30 L\u00f5puarutelu<\/p>\n<\/div>\n<\/div>\n\n\n\n<div style=\"height:16px\" aria-hidden=\"true\" class=\"wp-block-spacer\"><\/div>\n\n\n\n<p class=\"has-text-align-center\"><strong>Korraldajad:<\/strong><\/p>\n\n\n\n<p class=\"has-text-align-center\">Olev Liivik<br>Arhiivinduse kaasprofessor<br><a href=\"mailto:olev.liivik@ut.ee\">olev.liivik@ut.ee<\/a><\/p>\n\n\n\n<p class=\"has-text-align-center\">Reet Bender<br>Germanistika professor<br><a href=\"mailto:reet.bender@ut.ee\">reet.bender@ut.ee<\/a><\/p>\n\n\n\n<p class=\"has-text-align-center\">Marju Luts-Sootak<br>\u00d5iguse ajaloo professor<br><a href=\"mailto:marju.luts-sootak@ut.ee\">marju.luts-sootak@ut.ee<\/a><\/p>\n\n\n\n<div style=\"height:100px\" aria-hidden=\"true\" class=\"wp-block-spacer\"><\/div>\n\n\n\n<p><\/p>\n\n\n\n<figure class=\"wp-block-image aligncenter size-full is-resized\"><img decoding=\"async\" src=\"https:\/\/sisu.ut.ee\/wp-content\/uploads\/sites\/685\/UT-2.png\" alt=\"\" class=\"wp-image-33\" style=\"width:319px;height:auto\"><\/figure>\n\n\n\n<figure class=\"wp-block-image aligncenter size-medium is-resized\"><img loading=\"lazy\" decoding=\"async\" width=\"300\" height=\"202\" src=\"https:\/\/sisu.ut.ee\/wp-content\/uploads\/sites\/797\/saksa-logo-300x202.png\" alt=\"\" class=\"wp-image-57\" style=\"width:253px;height:auto\" srcset=\"https:\/\/sisu.ut.ee\/wp-content\/uploads\/sites\/797\/saksa-logo-300x202.png 300w, https:\/\/sisu.ut.ee\/wp-content\/uploads\/sites\/797\/saksa-logo-1024x688.png 1024w, https:\/\/sisu.ut.ee\/wp-content\/uploads\/sites\/797\/saksa-logo-768x516.png 768w, https:\/\/sisu.ut.ee\/wp-content\/uploads\/sites\/797\/saksa-logo-1536x1032.png 1536w, https:\/\/sisu.ut.ee\/wp-content\/uploads\/sites\/797\/saksa-logo-1920x1290.png 1920w, https:\/\/sisu.ut.ee\/wp-content\/uploads\/sites\/797\/saksa-logo.png 2000w\" sizes=\"auto, (max-width: 300px) 100vw, 300px\"><\/figure>\n\n\n\n<figure class=\"wp-block-gallery has-nested-images columns-default is-cropped wp-block-gallery-1 is-layout-flex wp-block-gallery-is-layout-flex\">\n<figure class=\"wp-block-image size-large\"><img loading=\"lazy\" decoding=\"async\" width=\"1024\" height=\"683\" data-id=\"90\" src=\"https:\/\/sisu.ut.ee\/wp-content\/uploads\/sites\/797\/UT241122AT339-1024x683.jpg\" alt=\"\" class=\"wp-image-90\" srcset=\"https:\/\/sisu.ut.ee\/wp-content\/uploads\/sites\/797\/UT241122AT339-1024x683.jpg 1024w, https:\/\/sisu.ut.ee\/wp-content\/uploads\/sites\/797\/UT241122AT339-300x200.jpg 300w, https:\/\/sisu.ut.ee\/wp-content\/uploads\/sites\/797\/UT241122AT339-768x512.jpg 768w, https:\/\/sisu.ut.ee\/wp-content\/uploads\/sites\/797\/UT241122AT339-1536x1025.jpg 1536w, https:\/\/sisu.ut.ee\/wp-content\/uploads\/sites\/797\/UT241122AT339-2048x1366.jpg 2048w, https:\/\/sisu.ut.ee\/wp-content\/uploads\/sites\/797\/UT241122AT339-1920x1281.jpg 1920w\" sizes=\"auto, (max-width: 1024px) 100vw, 1024px\"><\/figure>\n\n\n\n<figure class=\"wp-block-image size-large\"><img loading=\"lazy\" decoding=\"async\" width=\"1024\" height=\"683\" data-id=\"88\" src=\"https:\/\/sisu.ut.ee\/wp-content\/uploads\/sites\/797\/UT241122AT369-1024x683.jpg\" alt=\"\" class=\"wp-image-88\" srcset=\"https:\/\/sisu.ut.ee\/wp-content\/uploads\/sites\/797\/UT241122AT369-1024x683.jpg 1024w, https:\/\/sisu.ut.ee\/wp-content\/uploads\/sites\/797\/UT241122AT369-300x200.jpg 300w, https:\/\/sisu.ut.ee\/wp-content\/uploads\/sites\/797\/UT241122AT369-768x512.jpg 768w, https:\/\/sisu.ut.ee\/wp-content\/uploads\/sites\/797\/UT241122AT369-1536x1025.jpg 1536w, https:\/\/sisu.ut.ee\/wp-content\/uploads\/sites\/797\/UT241122AT369-2048x1366.jpg 2048w, https:\/\/sisu.ut.ee\/wp-content\/uploads\/sites\/797\/UT241122AT369-1920x1281.jpg 1920w\" sizes=\"auto, (max-width: 1024px) 100vw, 1024px\"><\/figure>\n\n\n\n<figure class=\"wp-block-image size-large\"><img loading=\"lazy\" decoding=\"async\" width=\"1024\" height=\"683\" data-id=\"83\" src=\"https:\/\/sisu.ut.ee\/wp-content\/uploads\/sites\/797\/UT241122AT246-1024x683.jpg\" alt=\"\" class=\"wp-image-83\" srcset=\"https:\/\/sisu.ut.ee\/wp-content\/uploads\/sites\/797\/UT241122AT246-1024x683.jpg 1024w, https:\/\/sisu.ut.ee\/wp-content\/uploads\/sites\/797\/UT241122AT246-300x200.jpg 300w, https:\/\/sisu.ut.ee\/wp-content\/uploads\/sites\/797\/UT241122AT246-768x512.jpg 768w, https:\/\/sisu.ut.ee\/wp-content\/uploads\/sites\/797\/UT241122AT246-1536x1025.jpg 1536w, https:\/\/sisu.ut.ee\/wp-content\/uploads\/sites\/797\/UT241122AT246-2048x1366.jpg 2048w, https:\/\/sisu.ut.ee\/wp-content\/uploads\/sites\/797\/UT241122AT246-1920x1281.jpg 1920w\" sizes=\"auto, (max-width: 1024px) 100vw, 1024px\"><\/figure>\n\n\n\n<figure class=\"wp-block-image size-medium is-style-default\"><img loading=\"lazy\" decoding=\"async\" width=\"300\" height=\"200\" data-id=\"82\" src=\"https:\/\/sisu.ut.ee\/wp-content\/uploads\/sites\/797\/UT241122AT093-300x200.jpg\" alt=\"\" class=\"wp-image-82\" srcset=\"https:\/\/sisu.ut.ee\/wp-content\/uploads\/sites\/797\/UT241122AT093-300x200.jpg 300w, https:\/\/sisu.ut.ee\/wp-content\/uploads\/sites\/797\/UT241122AT093-1024x683.jpg 1024w, https:\/\/sisu.ut.ee\/wp-content\/uploads\/sites\/797\/UT241122AT093-768x512.jpg 768w, https:\/\/sisu.ut.ee\/wp-content\/uploads\/sites\/797\/UT241122AT093-1536x1025.jpg 1536w, https:\/\/sisu.ut.ee\/wp-content\/uploads\/sites\/797\/UT241122AT093-2048x1366.jpg 2048w, https:\/\/sisu.ut.ee\/wp-content\/uploads\/sites\/797\/UT241122AT093-1920x1281.jpg 1920w\" sizes=\"auto, (max-width: 300px) 100vw, 300px\"><\/figure>\n\n\n\n<figure class=\"wp-block-image size-large\"><img loading=\"lazy\" decoding=\"async\" width=\"1024\" height=\"683\" data-id=\"89\" src=\"https:\/\/sisu.ut.ee\/wp-content\/uploads\/sites\/797\/UT241122AT054-1024x683.jpg\" alt=\"\" class=\"wp-image-89\" srcset=\"https:\/\/sisu.ut.ee\/wp-content\/uploads\/sites\/797\/UT241122AT054-1024x683.jpg 1024w, https:\/\/sisu.ut.ee\/wp-content\/uploads\/sites\/797\/UT241122AT054-300x200.jpg 300w, https:\/\/sisu.ut.ee\/wp-content\/uploads\/sites\/797\/UT241122AT054-768x512.jpg 768w, https:\/\/sisu.ut.ee\/wp-content\/uploads\/sites\/797\/UT241122AT054-1536x1025.jpg 1536w, https:\/\/sisu.ut.ee\/wp-content\/uploads\/sites\/797\/UT241122AT054-2048x1366.jpg 2048w, https:\/\/sisu.ut.ee\/wp-content\/uploads\/sites\/797\/UT241122AT054-1920x1281.jpg 1920w\" sizes=\"auto, (max-width: 1024px) 100vw, 1024px\"><\/figure>\n\n\n\n<figure class=\"wp-block-image size-large\"><img loading=\"lazy\" decoding=\"async\" width=\"1024\" height=\"683\" data-id=\"86\" src=\"https:\/\/sisu.ut.ee\/wp-content\/uploads\/sites\/797\/UT241122AT204-1024x683.jpg\" alt=\"\" class=\"wp-image-86\" srcset=\"https:\/\/sisu.ut.ee\/wp-content\/uploads\/sites\/797\/UT241122AT204-1024x683.jpg 1024w, https:\/\/sisu.ut.ee\/wp-content\/uploads\/sites\/797\/UT241122AT204-300x200.jpg 300w, https:\/\/sisu.ut.ee\/wp-content\/uploads\/sites\/797\/UT241122AT204-768x512.jpg 768w, https:\/\/sisu.ut.ee\/wp-content\/uploads\/sites\/797\/UT241122AT204-1536x1025.jpg 1536w, https:\/\/sisu.ut.ee\/wp-content\/uploads\/sites\/797\/UT241122AT204-2048x1366.jpg 2048w, https:\/\/sisu.ut.ee\/wp-content\/uploads\/sites\/797\/UT241122AT204-1920x1281.jpg 1920w\" sizes=\"auto, (max-width: 1024px) 100vw, 1024px\"><\/figure>\n<\/figure>\n","protected":false},"excerpt":{"rendered":"<p>Konverents \u201eHeimat Revisited\u00a0I. Baltisakslased p\u00e4rast Teist maailmas\u00f5da: kokkupuuted, kohtumised ja (elu)keerdk\u00e4igud\u201c 22. novembril 2024Tartus Lossi 3 fuajeeauditooriumis 11.00-11.15 avas\u00f5nad11.15\u201311.45 Manfred von Boetticher \u201eDeutschbalten als Br\u00fccke zwischen dem Baltikum und Deutschland\u201c11.45\u201312.15 Olev Liivik \u201eBaltisaksa Umsiedlerid repatriantidena N\u00f5ukogude Eestis\u201d12.15\u201312.45 Tiit Rosenberg \u201eEesti &#8230;<\/p>\n","protected":false},"author":99,"featured_media":0,"parent":0,"menu_order":0,"comment_status":"closed","ping_status":"closed","template":"","meta":{"_acf_changed":false,"inline_featured_image":false,"footnotes":""},"class_list":["post-23","page","type-page","status-publish","hentry"],"acf":[],"_links":{"self":[{"href":"https:\/\/sisu.ut.ee\/heimatrevisited\/wp-json\/wp\/v2\/pages\/23","targetHints":{"allow":["GET"]}}],"collection":[{"href":"https:\/\/sisu.ut.ee\/heimatrevisited\/wp-json\/wp\/v2\/pages"}],"about":[{"href":"https:\/\/sisu.ut.ee\/heimatrevisited\/wp-json\/wp\/v2\/types\/page"}],"author":[{"embeddable":true,"href":"https:\/\/sisu.ut.ee\/heimatrevisited\/wp-json\/wp\/v2\/users\/99"}],"replies":[{"embeddable":true,"href":"https:\/\/sisu.ut.ee\/heimatrevisited\/wp-json\/wp\/v2\/comments?post=23"}],"version-history":[{"count":23,"href":"https:\/\/sisu.ut.ee\/heimatrevisited\/wp-json\/wp\/v2\/pages\/23\/revisions"}],"predecessor-version":[{"id":147,"href":"https:\/\/sisu.ut.ee\/heimatrevisited\/wp-json\/wp\/v2\/pages\/23\/revisions\/147"}],"wp:attachment":[{"href":"https:\/\/sisu.ut.ee\/heimatrevisited\/wp-json\/wp\/v2\/media?parent=23"}],"curies":[{"name":"wp","href":"https:\/\/api.w.org\/{rel}","templated":true}]}}