{"id":497,"date":"2025-10-15T14:56:50","date_gmt":"2025-10-15T11:56:50","guid":{"rendered":"https:\/\/sisu.ut.ee\/heimatrevisited\/?page_id=497"},"modified":"2025-12-03T09:48:04","modified_gmt":"2025-12-03T07:48:04","slug":"konverents-2025","status":"publish","type":"page","link":"https:\/\/sisu.ut.ee\/heimatrevisited\/de\/konverents-2025\/","title":{"rendered":"Konferenz 2025"},"content":{"rendered":"<h3 class=\"wp-block-heading has-text-align-center\" id=\"block-b43e4d49-1d9a-4f21-ac50-5676ab0ef128\">Tagung<strong>\u00a0<\/strong><br><strong>\u201eHeimat Revisited II. Baltisakslased p\u00e4rast Teist maailmas\u00f5da: <\/strong><br><strong>kodumaa, kohtumised, kodakondsus ja kokakunst\u201c <\/strong><br><br><strong>\u201eHeimat Revisited II. Deutschbalten nach dem Zweiten Weltkrieg: <\/strong><br><strong>Heimat, Begegnungen, Staatsangeh\u00f6rigkeit und Kochkunst\u201c<\/strong><\/h3>\n\n\n\n<p><\/p>\n\n\n\n<p class=\"has-text-align-center\"><strong>28.11.2025<\/strong><br>Universit\u00e4t Tartu<br>Lossi 3\u00a0Foyer<\/p>\n\n\n\n<div class=\"wp-block-columns is-layout-flex wp-container-core-columns-is-layout-9d6595d7 wp-block-columns-is-layout-flex\">\n<div class=\"wp-block-column is-layout-flow wp-block-column-is-layout-flow\" style=\"flex-basis:20%\"><\/div>\n\n\n\n<div class=\"wp-block-column is-layout-flow wp-block-column-is-layout-flow\" style=\"flex-basis:60%\">\n<p>11:00 Gru\u03b2worte<\/p>\n\n\n\n<p><em>Block I, Moderation: Reet Bender<\/em><br><br>11:05\u201311:45\u00a0<strong>Andreas Hansen<\/strong>\u00a0\u201eZwischen dem wahren, sch\u00f6nen und dem neuen, zweiten Leben \u2013 75 Jahre Deutsch-Baltische Gesellschaft\u201c<br>11:45\u201312:15\u00a0<strong>Olev Liivik<\/strong>\u00a0\u201eKahe kodumaa vahel: repatrieerimisest NSV Liitu ja Saksamaale s\u00f5jaj\u00e4rgsetel aastak\u00fcmnetel\u201c \/ \u201eZwischen zwei Heimaten: \u00dcber die Repatriierung in die Sowjetunion und nach Deutschland in den Nachkriegsjahrzehnten\u201c<br>12:15\u201312:45\u00a0<strong>David Feest<\/strong>\u00a0\u201eKavandatud kohtumised: L\u00e4\u00e4ne turistid N\u00f5ukogude Eestis baltisakslaste n\u00e4itel\u201c \/\u00a0\u201eGeplante Begegnungen: Westliche Touristen im sowjetischen Estland am Beispiel der Deutschbalten\u201c<\/p>\n\n\n\n<p><em>Block II, Moderation: Olev Liivik<\/em><\/p>\n\n\n\n<p>14:00\u201314:30\u00a0<strong>Anu Kannike, Ester Bardone, Reet Bender<\/strong>\u00a0\u201eLahkumise ja kohalej\u00f5udmise vahepeal: kodumaa maitsete taasloomine paguluses 1945-1950\u2033\u00a0\/\u00a0\u201eZwischen Abschied und Ankunft: Die Wiedererschaffung der Geschm\u00e4cker der heimatlichen K\u00fcche im Exil 1945\u20131950\u2033<br>14:30\u201315:00\u00a0<strong>Lili K\u00e4ngsepp-Puun<\/strong>\u00a0\u201eKohtumisi Kanada baltisakslastega\u201c \/ \u201eBegegnungen mit Deutschbalten in Kanada\u201c<\/p>\n\n\n\n<p><em>Block III, Moderation: Marju Luts-Sootak<\/em><\/p>\n\n\n\n<p>15:15\u201315:45 Video-Interview mit\u00a0Dr. h.c. der Universit\u00e4t Tartu <strong>Gert von Pistohlkors<\/strong>, aufgenommen im Juni 2025. Einf\u00fchrung von\u00a0<strong>Marju Luts-Sootak<\/strong><br>15:45\u201316:15\u00a0<strong>Sirje Kivim\u00e4e<\/strong><em>\u00a0<\/em>\u201eAsutamise aegu: Baltisaksa Kultuuri Selts Eestis ja Tallinna Saksa Kultuuri Instituut\u201c \/ \u201eGr\u00fcnderzeiten: Gesellschaft f\u00fcr deutschbaltische Kultur in Estland und Deutsches Kulturinstitut Tallinn\u201c<br>16:15\u201317:00 anschlie\u00dfende Erinnerungsrunde mit\u00a0<strong>J\u00fcri Kivim\u00e4e, Maaja Silm, Urmas Oolup\u00a0<\/strong>und\u00a0<strong>Sirje Kivim\u00e4e<\/strong><\/p>\n\n\n\n<p>Die Veranstaltung findet in estnischer und deutscher Sprache statt.<\/p>\n\n\n\n<p><strong>Organisiert von<\/strong><br><br>Prof. Dr. Reet Bender<br>Professorin f\u00fcr Germanistik<br><a href=\"mailto:reet.bender@ut.ee\">reet.bender@ut.ee<\/a>\u00a0<\/p>\n\n\n\n<p>Dr. Olev Liivik<br>Assoziierter Professor f\u00fcr Archivwesen<br><a href=\"mailto:olev.liivik@ut.ee\">olev.liivik@ut.ee<\/a><\/p>\n\n\n\n<p>Prof. Dr. Marju Luts-Sootak<br>Professorin f\u00fcr Rechtsgeschichte<br><a href=\"mailto:marju.luts-sootak@ut.ee\">marju.luts-sootak@ut.ee<\/a><\/p>\n\n\n\n<p>Die Konferenz findet im Rahmen und mit Unterst\u00fctzung des vom estnischen Kultusministeriums finanzierten Forschungsprojekts\u00a0<em>\u201eHeimat Revisited. Baltische \u00dcberlebensk\u00fcnste \u2013 deutschbaltiesch Kindheitserfahrungen und Heimatrekonstruktionen\u201c <\/em>(KUM-TA58) unter mitwirkung des Estnischen Nationalmuseums, der Gesellschaft f\u00fcr deutschbaltische Kultur in Estland, der Deutsch-Baltische\u00a0Gesellschaft\u00a0(Darmstadt), des Nordost-Instituts, Institut f\u00fcr Kultur und Geschichte der Deutschen in Nordosteuropa (L\u00fcneburg) statt.<\/p>\n\n\n\n<figure class=\"wp-block-gallery has-nested-images columns-default is-cropped wp-block-gallery-1 is-layout-flex wp-block-gallery-is-layout-flex\">\n<figure class=\"wp-block-image size-large\"><img loading=\"lazy\" decoding=\"async\" width=\"1024\" height=\"683\" data-id=\"644\" src=\"https:\/\/sisu.ut.ee\/wp-content\/uploads\/sites\/797\/UT251128AT0015-2-1024x683.jpg\" alt=\"\" class=\"wp-image-644\" srcset=\"https:\/\/sisu.ut.ee\/wp-content\/uploads\/sites\/797\/UT251128AT0015-2-1024x683.jpg 1024w, https:\/\/sisu.ut.ee\/wp-content\/uploads\/sites\/797\/UT251128AT0015-2-300x200.jpg 300w, https:\/\/sisu.ut.ee\/wp-content\/uploads\/sites\/797\/UT251128AT0015-2-768x512.jpg 768w, https:\/\/sisu.ut.ee\/wp-content\/uploads\/sites\/797\/UT251128AT0015-2-1536x1024.jpg 1536w, https:\/\/sisu.ut.ee\/wp-content\/uploads\/sites\/797\/UT251128AT0015-2-2048x1366.jpg 2048w, https:\/\/sisu.ut.ee\/wp-content\/uploads\/sites\/797\/UT251128AT0015-2-1920x1281.jpg 1920w\" sizes=\"auto, (max-width: 1024px) 100vw, 1024px\"><\/figure>\n\n\n\n<figure class=\"wp-block-image size-large\"><img loading=\"lazy\" decoding=\"async\" width=\"1024\" height=\"683\" data-id=\"640\" src=\"https:\/\/sisu.ut.ee\/wp-content\/uploads\/sites\/797\/UT251128AT0081-2-1024x683.jpg\" alt=\"\" class=\"wp-image-640\" srcset=\"https:\/\/sisu.ut.ee\/wp-content\/uploads\/sites\/797\/UT251128AT0081-2-1024x683.jpg 1024w, https:\/\/sisu.ut.ee\/wp-content\/uploads\/sites\/797\/UT251128AT0081-2-300x200.jpg 300w, https:\/\/sisu.ut.ee\/wp-content\/uploads\/sites\/797\/UT251128AT0081-2-768x512.jpg 768w, https:\/\/sisu.ut.ee\/wp-content\/uploads\/sites\/797\/UT251128AT0081-2-1536x1024.jpg 1536w, https:\/\/sisu.ut.ee\/wp-content\/uploads\/sites\/797\/UT251128AT0081-2-2048x1366.jpg 2048w, https:\/\/sisu.ut.ee\/wp-content\/uploads\/sites\/797\/UT251128AT0081-2-1920x1281.jpg 1920w\" sizes=\"auto, (max-width: 1024px) 100vw, 1024px\"><\/figure>\n\n\n\n<figure class=\"wp-block-image size-large\"><img loading=\"lazy\" decoding=\"async\" width=\"1024\" height=\"683\" data-id=\"634\" src=\"https:\/\/sisu.ut.ee\/wp-content\/uploads\/sites\/797\/UT251128AT0253-2-1024x683.jpg\" alt=\"\" class=\"wp-image-634\" srcset=\"https:\/\/sisu.ut.ee\/wp-content\/uploads\/sites\/797\/UT251128AT0253-2-1024x683.jpg 1024w, https:\/\/sisu.ut.ee\/wp-content\/uploads\/sites\/797\/UT251128AT0253-2-300x200.jpg 300w, https:\/\/sisu.ut.ee\/wp-content\/uploads\/sites\/797\/UT251128AT0253-2-768x512.jpg 768w, https:\/\/sisu.ut.ee\/wp-content\/uploads\/sites\/797\/UT251128AT0253-2-1536x1024.jpg 1536w, https:\/\/sisu.ut.ee\/wp-content\/uploads\/sites\/797\/UT251128AT0253-2-2048x1366.jpg 2048w, https:\/\/sisu.ut.ee\/wp-content\/uploads\/sites\/797\/UT251128AT0253-2-1920x1281.jpg 1920w\" sizes=\"auto, (max-width: 1024px) 100vw, 1024px\"><\/figure>\n\n\n\n<figure class=\"wp-block-image size-large\"><img loading=\"lazy\" decoding=\"async\" width=\"1024\" height=\"683\" data-id=\"638\" src=\"https:\/\/sisu.ut.ee\/wp-content\/uploads\/sites\/797\/UT251128AT0280-2-1024x683.jpg\" alt=\"\" class=\"wp-image-638\" srcset=\"https:\/\/sisu.ut.ee\/wp-content\/uploads\/sites\/797\/UT251128AT0280-2-1024x683.jpg 1024w, https:\/\/sisu.ut.ee\/wp-content\/uploads\/sites\/797\/UT251128AT0280-2-300x200.jpg 300w, https:\/\/sisu.ut.ee\/wp-content\/uploads\/sites\/797\/UT251128AT0280-2-768x512.jpg 768w, https:\/\/sisu.ut.ee\/wp-content\/uploads\/sites\/797\/UT251128AT0280-2-1536x1024.jpg 1536w, https:\/\/sisu.ut.ee\/wp-content\/uploads\/sites\/797\/UT251128AT0280-2-2048x1366.jpg 2048w, https:\/\/sisu.ut.ee\/wp-content\/uploads\/sites\/797\/UT251128AT0280-2-1920x1281.jpg 1920w\" sizes=\"auto, (max-width: 1024px) 100vw, 1024px\"><\/figure>\n\n\n\n<figure class=\"wp-block-image size-large\"><img loading=\"lazy\" decoding=\"async\" width=\"1024\" height=\"683\" data-id=\"636\" src=\"https:\/\/sisu.ut.ee\/wp-content\/uploads\/sites\/797\/UT251128AT0371-2-1024x683.jpg\" alt=\"\" class=\"wp-image-636\" srcset=\"https:\/\/sisu.ut.ee\/wp-content\/uploads\/sites\/797\/UT251128AT0371-2-1024x683.jpg 1024w, https:\/\/sisu.ut.ee\/wp-content\/uploads\/sites\/797\/UT251128AT0371-2-300x200.jpg 300w, https:\/\/sisu.ut.ee\/wp-content\/uploads\/sites\/797\/UT251128AT0371-2-768x512.jpg 768w, https:\/\/sisu.ut.ee\/wp-content\/uploads\/sites\/797\/UT251128AT0371-2-1536x1024.jpg 1536w, https:\/\/sisu.ut.ee\/wp-content\/uploads\/sites\/797\/UT251128AT0371-2-2048x1366.jpg 2048w, https:\/\/sisu.ut.ee\/wp-content\/uploads\/sites\/797\/UT251128AT0371-2-1920x1281.jpg 1920w\" sizes=\"auto, (max-width: 1024px) 100vw, 1024px\"><\/figure>\n\n\n\n<figure class=\"wp-block-image size-large\"><img loading=\"lazy\" decoding=\"async\" width=\"1024\" height=\"683\" data-id=\"642\" src=\"https:\/\/sisu.ut.ee\/wp-content\/uploads\/sites\/797\/UT251128AT0459-2-1024x683.jpg\" alt=\"\" class=\"wp-image-642\" srcset=\"https:\/\/sisu.ut.ee\/wp-content\/uploads\/sites\/797\/UT251128AT0459-2-1024x683.jpg 1024w, https:\/\/sisu.ut.ee\/wp-content\/uploads\/sites\/797\/UT251128AT0459-2-300x200.jpg 300w, https:\/\/sisu.ut.ee\/wp-content\/uploads\/sites\/797\/UT251128AT0459-2-768x512.jpg 768w, https:\/\/sisu.ut.ee\/wp-content\/uploads\/sites\/797\/UT251128AT0459-2-1536x1024.jpg 1536w, https:\/\/sisu.ut.ee\/wp-content\/uploads\/sites\/797\/UT251128AT0459-2-2048x1366.jpg 2048w, https:\/\/sisu.ut.ee\/wp-content\/uploads\/sites\/797\/UT251128AT0459-2-1920x1281.jpg 1920w\" sizes=\"auto, (max-width: 1024px) 100vw, 1024px\"><\/figure>\n\n\n\n<figure class=\"wp-block-image size-large\"><img loading=\"lazy\" decoding=\"async\" width=\"1024\" height=\"683\" data-id=\"646\" src=\"https:\/\/sisu.ut.ee\/wp-content\/uploads\/sites\/797\/UT251128AT0510-2-1024x683.jpg\" alt=\"\" class=\"wp-image-646\" srcset=\"https:\/\/sisu.ut.ee\/wp-content\/uploads\/sites\/797\/UT251128AT0510-2-1024x683.jpg 1024w, https:\/\/sisu.ut.ee\/wp-content\/uploads\/sites\/797\/UT251128AT0510-2-300x200.jpg 300w, https:\/\/sisu.ut.ee\/wp-content\/uploads\/sites\/797\/UT251128AT0510-2-768x512.jpg 768w, https:\/\/sisu.ut.ee\/wp-content\/uploads\/sites\/797\/UT251128AT0510-2-1536x1024.jpg 1536w, https:\/\/sisu.ut.ee\/wp-content\/uploads\/sites\/797\/UT251128AT0510-2-2048x1366.jpg 2048w, https:\/\/sisu.ut.ee\/wp-content\/uploads\/sites\/797\/UT251128AT0510-2-1920x1281.jpg 1920w\" sizes=\"auto, (max-width: 1024px) 100vw, 1024px\"><\/figure>\n\n\n\n<figure class=\"wp-block-image size-large\"><img loading=\"lazy\" decoding=\"async\" width=\"1024\" height=\"683\" data-id=\"648\" src=\"https:\/\/sisu.ut.ee\/wp-content\/uploads\/sites\/797\/UT251128AT0661-2-1024x683.jpg\" alt=\"\" class=\"wp-image-648\" srcset=\"https:\/\/sisu.ut.ee\/wp-content\/uploads\/sites\/797\/UT251128AT0661-2-1024x683.jpg 1024w, https:\/\/sisu.ut.ee\/wp-content\/uploads\/sites\/797\/UT251128AT0661-2-300x200.jpg 300w, https:\/\/sisu.ut.ee\/wp-content\/uploads\/sites\/797\/UT251128AT0661-2-768x512.jpg 768w, https:\/\/sisu.ut.ee\/wp-content\/uploads\/sites\/797\/UT251128AT0661-2-1536x1024.jpg 1536w, https:\/\/sisu.ut.ee\/wp-content\/uploads\/sites\/797\/UT251128AT0661-2-2048x1366.jpg 2048w, https:\/\/sisu.ut.ee\/wp-content\/uploads\/sites\/797\/UT251128AT0661-2-1920x1281.jpg 1920w\" sizes=\"auto, (max-width: 1024px) 100vw, 1024px\"><\/figure>\n\n\n\n<figure class=\"wp-block-image size-large\"><img loading=\"lazy\" decoding=\"async\" width=\"1024\" height=\"683\" data-id=\"650\" src=\"https:\/\/sisu.ut.ee\/wp-content\/uploads\/sites\/797\/UT251128AT0766-2-1024x683.jpg\" alt=\"\" class=\"wp-image-650\" srcset=\"https:\/\/sisu.ut.ee\/wp-content\/uploads\/sites\/797\/UT251128AT0766-2-1024x683.jpg 1024w, https:\/\/sisu.ut.ee\/wp-content\/uploads\/sites\/797\/UT251128AT0766-2-300x200.jpg 300w, https:\/\/sisu.ut.ee\/wp-content\/uploads\/sites\/797\/UT251128AT0766-2-768x512.jpg 768w, https:\/\/sisu.ut.ee\/wp-content\/uploads\/sites\/797\/UT251128AT0766-2-1536x1024.jpg 1536w, https:\/\/sisu.ut.ee\/wp-content\/uploads\/sites\/797\/UT251128AT0766-2-2048x1366.jpg 2048w, https:\/\/sisu.ut.ee\/wp-content\/uploads\/sites\/797\/UT251128AT0766-2-1920x1281.jpg 1920w\" sizes=\"auto, (max-width: 1024px) 100vw, 1024px\"><\/figure>\n<\/figure>\n\n\n\n<p>Fotos: Andres Tennus<\/p>\n\n\n\n<p><em>Am 22. November 2024 fand als Projektvorbereitung an der Universit\u00e4t Tartu die Konferenz<strong>\u00a0\u201eHeimat Revisited I\u201d<\/strong>\u00a0statt. Das Programm und einige Aufnahmen sind\u00a0<a href=\"https:\/\/heimatrevisited.ut.ee\/konverents-22-november-2024\/\">hier\u00a0<\/a> verf\u00fcgbar.\u00a0In der\u00a0<a href=\"https:\/\/tuna.ra.ee\/konverents-sojajargsest-baltisakslusest-lk-141-146\/\">ersten Nummer des Jahres 2025<\/a>\u00a0der estnischen Zeitschrift f\u00fcr Geschichtswissenschaft und -kultur\u00a0<strong>Tuna<\/strong>\u00a0sind ein Beitrag von Reet Bender, Olev Liivik und Marju Luts-Sootak \u00fcber die Konferenz zu finden.<\/em><\/p>\n<\/div>\n\n\n\n<div class=\"wp-block-column is-layout-flow wp-block-column-is-layout-flow\" style=\"flex-basis:20%\"><\/div>\n<\/div>\n\n\n\n<p><\/p>\n","protected":false},"excerpt":{"rendered":"<p>Tagung\u00a0\u201eHeimat Revisited II. Baltisakslased p\u00e4rast Teist maailmas\u00f5da: kodumaa, kohtumised, kodakondsus ja kokakunst\u201c \u201eHeimat Revisited II. Deutschbalten nach dem Zweiten Weltkrieg: Heimat, Begegnungen, Staatsangeh\u00f6rigkeit und Kochkunst\u201c 28.11.2025Universit\u00e4t TartuLossi 3\u00a0Foyer 11:00 Gru\u03b2worte Block I, Moderation: Reet Bender 11:05\u201311:45\u00a0Andreas Hansen\u00a0\u201eZwischen dem wahren, sch\u00f6nen &#8230;<\/p>\n","protected":false},"author":99,"featured_media":0,"parent":0,"menu_order":0,"comment_status":"closed","ping_status":"closed","template":"","meta":{"_acf_changed":false,"inline_featured_image":false,"footnotes":""},"class_list":["post-497","page","type-page","status-publish","hentry"],"acf":[],"_links":{"self":[{"href":"https:\/\/sisu.ut.ee\/heimatrevisited\/de\/wp-json\/wp\/v2\/pages\/497","targetHints":{"allow":["GET"]}}],"collection":[{"href":"https:\/\/sisu.ut.ee\/heimatrevisited\/de\/wp-json\/wp\/v2\/pages"}],"about":[{"href":"https:\/\/sisu.ut.ee\/heimatrevisited\/de\/wp-json\/wp\/v2\/types\/page"}],"author":[{"embeddable":true,"href":"https:\/\/sisu.ut.ee\/heimatrevisited\/de\/wp-json\/wp\/v2\/users\/99"}],"replies":[{"embeddable":true,"href":"https:\/\/sisu.ut.ee\/heimatrevisited\/de\/wp-json\/wp\/v2\/comments?post=497"}],"version-history":[{"count":12,"href":"https:\/\/sisu.ut.ee\/heimatrevisited\/de\/wp-json\/wp\/v2\/pages\/497\/revisions"}],"predecessor-version":[{"id":654,"href":"https:\/\/sisu.ut.ee\/heimatrevisited\/de\/wp-json\/wp\/v2\/pages\/497\/revisions\/654"}],"wp:attachment":[{"href":"https:\/\/sisu.ut.ee\/heimatrevisited\/de\/wp-json\/wp\/v2\/media?parent=497"}],"curies":[{"name":"wp","href":"https:\/\/api.w.org\/{rel}","templated":true}]}}