{"id":336,"date":"2025-02-21T14:27:41","date_gmt":"2025-02-21T12:27:41","guid":{"rendered":"https:\/\/sisu.ut.ee\/heimatrevisited\/meeskond\/"},"modified":"2026-04-02T10:34:53","modified_gmt":"2026-04-02T07:34:53","slug":"meeskond","status":"publish","type":"page","link":"https:\/\/sisu.ut.ee\/heimatrevisited\/de\/meeskond\/","title":{"rendered":"Team"},"content":{"rendered":"<h2 class=\"wp-block-heading has-text-align-center\"><strong>Team\u00a0<\/strong><\/h2>\n\n\n\n<p><\/p>\n\n\n\n<div class=\"wp-block-columns is-layout-flex wp-container-core-columns-is-layout-9d6595d7 wp-block-columns-is-layout-flex\">\n<div class=\"wp-block-column is-layout-flow wp-block-column-is-layout-flow\" style=\"flex-basis:19%\">\n<figure class=\"wp-block-image size-full is-resized is-style-rounded\"><img loading=\"lazy\" decoding=\"async\" width=\"248\" height=\"372\" src=\"https:\/\/sisu.ut.ee\/wp-content\/uploads\/sites\/797\/Reet-Bender-edited-2.jpg\" alt=\"\" class=\"wp-image-168\" style=\"width:195px;height:auto\" srcset=\"https:\/\/sisu.ut.ee\/wp-content\/uploads\/sites\/797\/Reet-Bender-edited-2.jpg 248w, https:\/\/sisu.ut.ee\/wp-content\/uploads\/sites\/797\/Reet-Bender-edited-2-200x300.jpg 200w\" sizes=\"auto, (max-width: 248px) 100vw, 248px\"><\/figure>\n<\/div>\n\n\n\n<div class=\"wp-block-column is-layout-flow wp-block-column-is-layout-flow\" style=\"flex-basis:66.66%\">\n<p class=\"has-large-font-size\"><strong>Prof. Dr. Reet Bender (PhD in Germanistik)\u00a0<\/strong><\/p>\n\n\n\n<p class=\"has-regular-font-size\">Leiterin des Projekts \u201eHeimat Revisited. Baltische \u00dcberlebensk\u00fcnste \u2013 deutschbaltische Kindheitserfahrungen und Heimatrekonstruktionen\u201c<br>Professorin f\u00fcr Germanistik \u2013 Institut f\u00fcr Fremdsprachen und Kulturen, Universit\u00e4t Tartu<br>Leiterin des Zentrums f\u00fcr Deutschbaltische Forschungen<br>Leiterin der Abteilung f\u00fcr Germanistik Ausgew\u00e4hlte Publikationen<\/p>\n\n\n\n<p class=\"has-regular-font-size\"><strong>Ausgew\u00e4hlte Publikationen:<\/strong><br><a href=\"https:\/\/www.folklore.ee\/tagused\/nr89\/bender.pdf\">Bender, Reet (2024). Levkoi, Waschnik, h\u00e4rra Krokus ja teised. Baltisaksa laste m\u00e4ngu- ja kasvamismaailmad. M\u00e4etagused, 89, 51\u221276. DOI: 10.7592\/MT2024.89.bender.<\/a><\/p>\n\n\n\n<p class=\"has-regular-font-size\"><a href=\"https:\/\/www.tandfonline.com\/doi\/abs\/10.1080\/01629778.2023.2237969\">Bender, Reet (2023). \u201eSchanno bleibt trei:\u201c Schanno von Dinakant as the last hero of Half- German poetry. Journal of Baltic Studies, 54 (4), 821\u2212834. DOI: 10.1080\/01629778.2023.2237969.<\/a><\/p>\n\n\n\n<p class=\"has-regular-font-size\"><a href=\"https:\/\/www.academia.edu\/106100006\/Deutschbaltische_Erinnerungsorte_am_Beispiel_des_Kartenspiels_Baltisches_Heimatquartett_von_Otto_Pirang\">Bender, Reet (2022). Deutschbaltische Erinnerungsorte am Beispiel des Kartenspiels \u201eBaltisches Heimatquartett\u201c von Otto Pirang. Jahrbuch des baltischen Deutschtums, 69 (Deutsch-Baltisches Jahrbuch 2021 Jahrbuch des baltischen Deutschtums Neue Folge ).<\/a><\/p>\n\n\n\n<p class=\"has-regular-font-size\"><a href=\"http:\/\/oes.ut.ee\/wp-content\/uploads\/2018_03_Bender.pdf\">Bender, Reet (2019). Baltisaksa lastem\u00e4ngudes ja liisulugemissalmidest Alfred Sch\u00f6nfeldti s\u00f5naraamatuarhiivi n\u00e4itel. \u00d5petatud Eesti Seltsi aastaraamat \/ Annales Litterarum Societatis Esthonicae, 2018, 71\u2212117.<\/a><\/p>\n\n\n\n<p class=\"has-regular-font-size\"><a href=\"http:\/\/oes.ut.ee\/wp-content\/uploads\/2017_3_Bender_1.pdf\">Bender, Reet (2018). M\u00e4ng ja m\u00e4lu: baltisaksa m\u00e4lupaigad Otto von Pirangi kaardim\u00e4ngus \u201eBaltisches Heimatquartett\u201c. \u00d5petatud Eesti Seltsi aastaraamat \/ Annales Litterarum Societatis Esthonicae, 2017, 44\u221281.<\/a><br><br><strong><a href=\"https:\/\/www.etis.ee\/CV\/Reet_Bender\" data-type=\"link\" data-id=\"https:\/\/www.etis.ee\/CV\/Reet_Bender\">CV in ETIS (Estnisches Wissenschaftsinformationssystem)<\/a><\/strong><\/p>\n<\/div>\n<\/div>\n\n\n\n<p class=\"has-large-font-size\"><\/p>\n\n\n\n<div class=\"wp-block-columns is-layout-flex wp-container-core-columns-is-layout-9d6595d7 wp-block-columns-is-layout-flex\">\n<div class=\"wp-block-column is-layout-flow wp-block-column-is-layout-flow\" style=\"flex-basis:19%\">\n<figure class=\"wp-block-image size-full is-resized is-style-rounded\"><img loading=\"lazy\" decoding=\"async\" width=\"270\" height=\"405\" src=\"https:\/\/sisu.ut.ee\/wp-content\/uploads\/sites\/797\/DSC01710_DxO-edited-1.jpg\" alt=\"\" class=\"wp-image-165\" style=\"width:195px\" srcset=\"https:\/\/sisu.ut.ee\/wp-content\/uploads\/sites\/797\/DSC01710_DxO-edited-1.jpg 270w, https:\/\/sisu.ut.ee\/wp-content\/uploads\/sites\/797\/DSC01710_DxO-edited-1-200x300.jpg 200w\" sizes=\"auto, (max-width: 270px) 100vw, 270px\"><\/figure>\n<\/div>\n\n\n\n<div class=\"wp-block-column is-layout-flow wp-block-column-is-layout-flow\" style=\"flex-basis:66.66%\">\n<p class=\"has-large-font-size\"><strong>Assoz. Prof. Dr. Olev Liivik (PhD in Geschichte)\u00a0<\/strong><\/p>\n\n\n\n<p class=\"has-regular-font-size\">Assoziierter Professor f\u00fcr Archivwesen \u2013 Institut f\u00fcr Geschichte und Arch\u00e4ologie, Universit\u00e4t Tartu\u00a0<\/p>\n\n\n\n<p class=\"has-regular-font-size\"><strong>Ausgew\u00e4hlte Publikationen:<\/strong><br>Liivik, Olev; Tark, Triin (2016). Aus der Sowjetunion in das Deutsche Reich: \u00dcber die Nachumsiedlung aus Estland im Jahre 1941. Zeitschrift f\u00fcr Ostmitteleuropa-Forschung, 3, 407\u2212427.<\/p>\n\n\n\n<p><strong><a href=\"https:\/\/www.etis.ee\/CV\/Olev_Liivik\/est\" data-type=\"link\" data-id=\"https:\/\/www.etis.ee\/CV\/Olev_Liivik\/est\">CV in ETIS (Estnisches Wissenschaftsinformationssystem)<\/a><\/strong><\/p>\n\n\n\n<p class=\"has-regular-font-size\"><\/p>\n<\/div>\n<\/div>\n\n\n\n<div class=\"wp-block-columns is-layout-flex wp-container-core-columns-is-layout-9d6595d7 wp-block-columns-is-layout-flex\">\n<div class=\"wp-block-column is-layout-flow wp-block-column-is-layout-flow\" style=\"flex-basis:19%\">\n<figure class=\"wp-block-image size-large is-resized is-style-rounded\"><img loading=\"lazy\" decoding=\"async\" width=\"1364\" height=\"2048\" src=\"https:\/\/sisu.ut.ee\/wp-content\/uploads\/sites\/797\/Ester-Bardone_portree-edited.jpg\" alt=\"\" class=\"wp-image-163\" style=\"width:195px;height:auto\" srcset=\"https:\/\/sisu.ut.ee\/wp-content\/uploads\/sites\/797\/Ester-Bardone_portree-edited.jpg 1364w, https:\/\/sisu.ut.ee\/wp-content\/uploads\/sites\/797\/Ester-Bardone_portree-edited-200x300.jpg 200w, https:\/\/sisu.ut.ee\/wp-content\/uploads\/sites\/797\/Ester-Bardone_portree-edited-682x1024.jpg 682w, https:\/\/sisu.ut.ee\/wp-content\/uploads\/sites\/797\/Ester-Bardone_portree-edited-768x1153.jpg 768w, https:\/\/sisu.ut.ee\/wp-content\/uploads\/sites\/797\/Ester-Bardone_portree-edited-1023x1536.jpg 1023w\" sizes=\"auto, (max-width: 1364px) 100vw, 1364px\"><\/figure>\n<\/div>\n\n\n\n<div class=\"wp-block-column is-layout-flow wp-block-column-is-layout-flow\" style=\"flex-basis:66.66%\">\n<p class=\"has-large-font-size\"><strong>Dr. Ester Bardone (PhD in Ethnologie)\u00a0<\/strong><\/p>\n\n\n\n<p class=\"has-regular-font-size\">Lektorin f\u00fcr Ethnologie \u2013 Institut f\u00fcr Kulturwissenschaften, Universit\u00e4t Tartu<\/p>\n\n\n\n<p><strong><strong>Ausgew\u00e4hlte Publikationen:<\/strong><\/strong><br>Kannike, Anu; Bardone, Ester (2026). Eesti pagulaste toidukultuur Saksamaa ja Rootsi p\u00f5genikelaagrites. Eesti Rahva Muuseumi aastaraamat, 67, 133\u2013163.<\/p>\n\n\n\n<p><strong><a href=\"https:\/\/www.etis.ee\/CV\/Ester_Bardone\/\" data-type=\"link\" data-id=\"https:\/\/www.etis.ee\/CV\/Ester_Bardone\/\">CV in ETIS (Estnisches Wissenschaftsinformationssystem) <\/a><\/strong><\/p>\n\n\n\n<p class=\"has-regular-font-size\"><\/p>\n<\/div>\n<\/div>\n\n\n\n<p><\/p>\n\n\n\n<div class=\"wp-block-columns is-layout-flex wp-container-core-columns-is-layout-9d6595d7 wp-block-columns-is-layout-flex\">\n<div class=\"wp-block-column is-layout-flow wp-block-column-is-layout-flow\" style=\"flex-basis:19%\">\n<figure class=\"wp-block-image size-large is-resized is-style-rounded\"><img loading=\"lazy\" decoding=\"async\" width=\"796\" height=\"1194\" src=\"https:\/\/sisu.ut.ee\/wp-content\/uploads\/sites\/797\/Anu-Kannike-pilt-edited.jpg\" alt=\"\" class=\"wp-image-183\" style=\"width:195px\" srcset=\"https:\/\/sisu.ut.ee\/wp-content\/uploads\/sites\/797\/Anu-Kannike-pilt-edited.jpg 796w, https:\/\/sisu.ut.ee\/wp-content\/uploads\/sites\/797\/Anu-Kannike-pilt-edited-200x300.jpg 200w, https:\/\/sisu.ut.ee\/wp-content\/uploads\/sites\/797\/Anu-Kannike-pilt-edited-683x1024.jpg 683w, https:\/\/sisu.ut.ee\/wp-content\/uploads\/sites\/797\/Anu-Kannike-pilt-edited-768x1152.jpg 768w\" sizes=\"auto, (max-width: 796px) 100vw, 796px\"><\/figure>\n<\/div>\n\n\n\n<div class=\"wp-block-column is-layout-flow wp-block-column-is-layout-flow\" style=\"flex-basis:66.66%\">\n<p class=\"has-large-font-size\"><strong>Dr. Anu Kannike (PhD in Ethnologie)\u00a0<\/strong><\/p>\n\n\n\n<p class=\"has-regular-font-size\">Wissenschaftliche Mitarbeiterin \u2013 Estnisches Nationalmuseum\u00a0<\/p>\n\n\n\n<p><strong><strong>Ausgew\u00e4hlte Publikationen:<\/strong><\/strong><br>Kannike, Anu; Bardone, Ester (2026). Eesti pagulaste toidukultuur Saksamaa ja Rootsi p\u00f5genikelaagrites. Eesti Rahva Muuseumi aastaraamat, 67, 133\u2013163.<\/p>\n\n\n\n<p class=\"has-regular-font-size\"><a href=\"https:\/\/www.etis.ee\/CV\/Anu_Kannike\/est\" data-type=\"link\" data-id=\"https:\/\/www.etis.ee\/CV\/Anu_Kannike\/est\"><strong>CV in ETIS (Estnisches Wissenschaftsinformationssystem)<\/strong><\/a><\/p>\n\n\n\n<p><\/p>\n<\/div>\n<\/div>\n\n\n\n<p><\/p>\n\n\n\n<div class=\"wp-block-columns is-layout-flex wp-container-core-columns-is-layout-9d6595d7 wp-block-columns-is-layout-flex\">\n<div class=\"wp-block-column is-layout-flow wp-block-column-is-layout-flow\" style=\"flex-basis:19%\">\n<figure class=\"wp-block-image size-large is-resized is-style-rounded\"><img loading=\"lazy\" decoding=\"async\" width=\"844\" height=\"1266\" src=\"https:\/\/sisu.ut.ee\/wp-content\/uploads\/sites\/797\/Kadi-Kahar-Peterson_HR-edited.jpg\" alt=\"\" class=\"wp-image-161\" style=\"width:195px\" srcset=\"https:\/\/sisu.ut.ee\/wp-content\/uploads\/sites\/797\/Kadi-Kahar-Peterson_HR-edited.jpg 844w, https:\/\/sisu.ut.ee\/wp-content\/uploads\/sites\/797\/Kadi-Kahar-Peterson_HR-edited-200x300.jpg 200w, https:\/\/sisu.ut.ee\/wp-content\/uploads\/sites\/797\/Kadi-Kahar-Peterson_HR-edited-683x1024.jpg 683w, https:\/\/sisu.ut.ee\/wp-content\/uploads\/sites\/797\/Kadi-Kahar-Peterson_HR-edited-768x1152.jpg 768w\" sizes=\"auto, (max-width: 844px) 100vw, 844px\"><\/figure>\n<\/div>\n\n\n\n<div class=\"wp-block-column is-layout-flow wp-block-column-is-layout-flow\" style=\"flex-basis:66.66%\">\n<p class=\"has-large-font-size\"><strong>Dr. Kadi K\u00e4h\u00e4r-Peterson (PhD in Geschichte)\u00a0<\/strong><\/p>\n\n\n\n<p class=\"has-regular-font-size\">Koordinatorin des Zentrums f\u00fcr Deutschbaltische Forschungen<br>Wissenschaftliche Mitarbeiterin \u2013 Institut f\u00fcr Fremdsprachen und Kulturen, Universit\u00e4t Tartu<\/p>\n\n\n\n<p class=\"has-regular-font-size\"><strong><a href=\"https:\/\/www.etis.ee\/CV\/Kadi_K%C3%A4h%C3%A4r-Peterson\/\" data-type=\"link\" data-id=\"https:\/\/www.etis.ee\/CV\/Kadi_K\u00e4h\u00e4r-Peterson\/\">CV in ETIS (Estnisches Wissenschaftsinformationssystem)<\/a><\/strong><\/p>\n<\/div>\n<\/div>\n\n\n\n<div class=\"wp-block-columns is-layout-flex wp-container-core-columns-is-layout-9d6595d7 wp-block-columns-is-layout-flex\">\n<div class=\"wp-block-column is-layout-flow wp-block-column-is-layout-flow\" style=\"flex-basis:19%\">\n<figure class=\"wp-block-image size-large is-resized is-style-rounded\"><img loading=\"lazy\" decoding=\"async\" width=\"853\" height=\"1280\" src=\"https:\/\/sisu.ut.ee\/wp-content\/uploads\/sites\/797\/Heidi-Rajamae-Volmer-pilt-edited.jpeg\" alt=\"\" class=\"wp-image-162\" style=\"width:195px\" srcset=\"https:\/\/sisu.ut.ee\/wp-content\/uploads\/sites\/797\/Heidi-Rajamae-Volmer-pilt-edited.jpeg 853w, https:\/\/sisu.ut.ee\/wp-content\/uploads\/sites\/797\/Heidi-Rajamae-Volmer-pilt-edited-200x300.jpeg 200w, https:\/\/sisu.ut.ee\/wp-content\/uploads\/sites\/797\/Heidi-Rajamae-Volmer-pilt-edited-682x1024.jpeg 682w, https:\/\/sisu.ut.ee\/wp-content\/uploads\/sites\/797\/Heidi-Rajamae-Volmer-pilt-edited-768x1152.jpeg 768w\" sizes=\"auto, (max-width: 853px) 100vw, 853px\"><\/figure>\n<\/div>\n\n\n\n<div class=\"wp-block-column is-layout-flow wp-block-column-is-layout-flow\" style=\"flex-basis:66.66%\">\n<p class=\"has-large-font-size\"><strong>Heidi Rajam\u00e4e-Volmer (MA in Fremdsprachendidaktik und Germanistik)\u00a0<\/strong><\/p>\n\n\n\n<p class=\"has-regular-font-size\">Doktorandin f\u00fcr Germanistik, Institut f\u00fcr Fremdsprachen und Kulturen, Universit\u00e4t Tartu\u00a0<\/p>\n\n\n\n<p><strong><a href=\"https:\/\/www.etis.ee\/CV\/Heidi_Rajam%C3%A4e-Volmer\" data-type=\"link\" data-id=\"https:\/\/www.etis.ee\/CV\/Heidi_Rajam\u00e4e-Volmer\">CV in ETIS (Estnisches Wissenschaftsinformationssystem)<\/a><\/strong><\/p>\n<\/div>\n<\/div>\n\n\n\n<p><\/p>\n\n\n\n<div class=\"wp-block-columns is-layout-flex wp-container-core-columns-is-layout-9d6595d7 wp-block-columns-is-layout-flex\">\n<div class=\"wp-block-column is-layout-flow wp-block-column-is-layout-flow\" style=\"flex-basis:19%\">\n<figure class=\"wp-block-image size-large is-resized is-style-rounded\"><img loading=\"lazy\" decoding=\"async\" width=\"844\" height=\"1266\" src=\"https:\/\/sisu.ut.ee\/wp-content\/uploads\/sites\/797\/Lili-Kangsepp-Puun-4-edited.jpg\" alt=\"\" class=\"wp-image-532\" style=\"width:195px\" srcset=\"https:\/\/sisu.ut.ee\/wp-content\/uploads\/sites\/797\/Lili-Kangsepp-Puun-4-edited.jpg 844w, https:\/\/sisu.ut.ee\/wp-content\/uploads\/sites\/797\/Lili-Kangsepp-Puun-4-edited-200x300.jpg 200w, https:\/\/sisu.ut.ee\/wp-content\/uploads\/sites\/797\/Lili-Kangsepp-Puun-4-edited-683x1024.jpg 683w, https:\/\/sisu.ut.ee\/wp-content\/uploads\/sites\/797\/Lili-Kangsepp-Puun-4-edited-768x1152.jpg 768w\" sizes=\"auto, (max-width: 844px) 100vw, 844px\"><\/figure>\n<\/div>\n\n\n\n<div class=\"wp-block-column is-layout-flow wp-block-column-is-layout-flow\" style=\"flex-basis:66.66%\">\n<p class=\"has-large-font-size\"><strong>Lili K\u00e4ngsepp-Puun<\/strong><\/p>\n\n\n\n<p class=\"has-regular-font-size\">Deutschlehrerin, Institut f\u00fcr Fremdsprachen und Kulturen, Universit\u00e4t Tartu\u00a0<\/p>\n\n\n\n<p class=\"has-regular-font-size\"><\/p>\n<\/div>\n<\/div>\n\n\n\n<p class=\"has-text-align-center has-regular-font-size\"><strong>Am Projekt beteiligte Studierende: <strong>Anna Elisabeth Benno, Emma Aleksandra Jaanson, Lisette Kaasiku, Jaagup Randi, Silvi Rohesalu<\/strong><\/strong><\/p>\n\n\n\n<div style=\"height:100px\" aria-hidden=\"true\" class=\"wp-block-spacer\"><\/div>\n\n\n\n<h2 class=\"wp-block-heading has-text-align-center\"><strong>Kooperationspartner<\/strong><\/h2>\n\n\n\n<p><\/p>\n\n\n\n<p class=\"has-text-align-center\"><a href=\"https:\/\/www.erm.ee\/\" data-type=\"link\" data-id=\"https:\/\/www.erm.ee\/\">Estnisches Nationalmuseum (Eesti Rahva Muuseum)<\/a><a href=\"https:\/\/www.erm.ee\/\" data-type=\"link\" data-id=\"https:\/\/www.erm.ee\/\"><\/a><\/p>\n\n\n\n<p class=\"has-text-align-center\"><a href=\"https:\/\/muuseum.tartu.ee\/\" data-type=\"link\" data-id=\"https:\/\/muuseum.tartu.ee\/\">Stadtmuseum Tartu (Tartu Linnajaloo Muuseumid)<\/a><a href=\"https:\/\/muuseum.tartu.ee\/\" data-type=\"link\" data-id=\"https:\/\/muuseum.tartu.ee\/\"><\/a><\/p>\n\n\n\n<p class=\"has-text-align-center\"><a href=\"https:\/\/www.mm.ee\/et\" data-type=\"link\" data-id=\"https:\/\/www.mm.ee\/et\">Spielzeugmuseum Tartu (Tartu M\u00e4nguasjamuuseum)<\/a><\/p>\n\n\n\n<p class=\"has-text-align-center\"><a href=\"https:\/\/baltisaksaselts.ee\/\" data-type=\"link\" data-id=\"https:\/\/baltisaksaselts.ee\/\">Gesellschaft f\u00fcr deutschbaltische Kultur in Estland (Baltisaksa Kultuuri Selts Eestis)<\/a><a href=\"https:\/\/baltisaksaselts.ee\/\" data-type=\"link\" data-id=\"https:\/\/baltisaksaselts.ee\/\"><\/a><\/p>\n\n\n\n<p class=\"has-text-align-center\"><a href=\"https:\/\/www.deutsch-balten.com\/\" data-type=\"link\" data-id=\"https:\/\/www.deutsch-balten.com\/\">Deutschbaltische Gesellschaft <\/a><\/p>\n\n\n\n<p class=\"has-text-align-center\"><a href=\"https:\/\/www.db-kulturwerk.de\/carl-schirren-gesellschaft-e-v\" data-type=\"link\" data-id=\"https:\/\/www.db-kulturwerk.de\/carl-schirren-gesellschaft-e-v\">Deutsch-Baltisches Kulturwerk\/Carl-Schirren-Gesellschaft\/Carl-Schirren-Archiv <\/a><\/p>\n\n\n\n<p class=\"has-text-align-center\"><a href=\"https:\/\/www.ostpreussisches-landesmuseum.de\/\">Ostpreussisches Landesmuseum mit Deutschbaltischer Abteilung <\/a><\/p>\n\n\n\n<p class=\"has-text-align-center\"><a href=\"https:\/\/www.herder-institut.de\/en\/welcome\/\" data-type=\"link\" data-id=\"https:\/\/www.herder-institut.de\/en\/welcome\/\">Herder-Instituut <\/a><\/p>\n\n\n\n<p class=\"has-text-align-center\"><a href=\"http:\/\/domus-rigensis.eu\/\">Domus Rigensis<\/a><\/p>\n\n\n\n<p><\/p>\n","protected":false},"excerpt":{"rendered":"<p>Team\u00a0 Prof. Dr. Reet Bender (PhD in Germanistik)\u00a0 Leiterin des Projekts \u201eHeimat Revisited. Baltische \u00dcberlebensk\u00fcnste \u2013 deutschbaltische Kindheitserfahrungen und Heimatrekonstruktionen\u201cProfessorin f\u00fcr Germanistik \u2013 Institut f\u00fcr Fremdsprachen und Kulturen, Universit\u00e4t TartuLeiterin des Zentrums f\u00fcr Deutschbaltische ForschungenLeiterin der Abteilung f\u00fcr Germanistik Ausgew\u00e4hlte &#8230;<\/p>\n","protected":false},"author":99,"featured_media":0,"parent":0,"menu_order":0,"comment_status":"closed","ping_status":"closed","template":"","meta":{"_acf_changed":false,"inline_featured_image":false,"footnotes":""},"class_list":["post-336","page","type-page","status-publish","hentry"],"acf":[],"_links":{"self":[{"href":"https:\/\/sisu.ut.ee\/heimatrevisited\/de\/wp-json\/wp\/v2\/pages\/336","targetHints":{"allow":["GET"]}}],"collection":[{"href":"https:\/\/sisu.ut.ee\/heimatrevisited\/de\/wp-json\/wp\/v2\/pages"}],"about":[{"href":"https:\/\/sisu.ut.ee\/heimatrevisited\/de\/wp-json\/wp\/v2\/types\/page"}],"author":[{"embeddable":true,"href":"https:\/\/sisu.ut.ee\/heimatrevisited\/de\/wp-json\/wp\/v2\/users\/99"}],"replies":[{"embeddable":true,"href":"https:\/\/sisu.ut.ee\/heimatrevisited\/de\/wp-json\/wp\/v2\/comments?post=336"}],"version-history":[{"count":14,"href":"https:\/\/sisu.ut.ee\/heimatrevisited\/de\/wp-json\/wp\/v2\/pages\/336\/revisions"}],"predecessor-version":[{"id":737,"href":"https:\/\/sisu.ut.ee\/heimatrevisited\/de\/wp-json\/wp\/v2\/pages\/336\/revisions\/737"}],"wp:attachment":[{"href":"https:\/\/sisu.ut.ee\/heimatrevisited\/de\/wp-json\/wp\/v2\/media?parent=336"}],"curies":[{"name":"wp","href":"https:\/\/api.w.org\/{rel}","templated":true}]}}